{"id":44194,"date":"2026-05-13T19:15:58","date_gmt":"2026-05-14T00:15:58","guid":{"rendered":"https:\/\/adfairways.net\/?page_id=44194"},"modified":"2026-05-13T19:32:30","modified_gmt":"2026-05-14T00:32:30","slug":"charla-piloto-comercial-san-jose-costa-rica-junio-2026","status":"publish","type":"page","link":"https:\/\/adfairways.net\/es\/charla-piloto-comercial-san-jose-costa-rica-junio-2026\/","title":{"rendered":"Charla Virtual: C\u00f3mo ser Piloto Comercial en EE.UU. desde San Jos\u00e9, Costa Rica"},"content":{"rendered":"\t\t<div data-elementor-type=\"wp-post\" data-elementor-id=\"44194\" class=\"elementor elementor-44194\" data-elementor-post-type=\"page\">\n\t\t\t\t\t\t<section class=\"elementor-section elementor-top-section elementor-element elementor-element-e67ddd3 elementor-section-boxed elementor-section-height-default elementor-section-height-default\" data-id=\"e67ddd3\" data-element_type=\"section\" data-e-type=\"section\">\n\t\t\t\t\t\t<div class=\"elementor-container elementor-column-gap-default\">\n\t\t\t\t\t<div class=\"elementor-column elementor-col-100 elementor-top-column elementor-element elementor-element-f8523be top column-style-top\" data-id=\"f8523be\" data-element_type=\"column\" data-e-type=\"column\">\n\t\t\t<div class=\"elementor-widget-wrap elementor-element-populated\">\n\t\t\t\t\t\t<div class=\"elementor-element elementor-element-dd956f3 elementor-widget elementor-widget-heading\" data-id=\"dd956f3\" data-element_type=\"widget\" data-e-type=\"widget\" data-widget_type=\"heading.default\">\n\t\t\t\t<div class=\"elementor-widget-container\">\n\t\t\t\t\t<h2 class=\"elementor-heading-title elementor-size-default\">Tu futuro en la aviaci\u00f3n comienza en Miami. Obt\u00e9n tu Licencia FAA con ADF Flight School.<\/h2>\t\t\t\t<\/div>\n\t\t\t\t<\/div>\n\t\t\t\t<div class=\"elementor-element elementor-element-347ffc0 elementor-widget elementor-widget-text-editor\" data-id=\"347ffc0\" data-element_type=\"widget\" data-e-type=\"widget\" data-widget_type=\"text-editor.default\">\n\t\t\t\t<div class=\"elementor-widget-container\">\n\t\t\t\t\t\t\t\t\t<p style=\"text-align: center;\"><strong>\u00bfListo para despegar desde el Aeropuerto Juan Santamar\u00eda hacia una carrera global?<\/strong><\/p><p><b data-path-to-node=\"8\" data-index-in-node=\"97\">ADF Flight School<\/b> invita a todos los futuros aviadores de San Jos\u00e9 y alrededores a una sesi\u00f3n informativa exclusiva. Descubre c\u00f3mo formarte en Miami bajo los est\u00e1ndares de la <b data-path-to-node=\"8\" data-index-in-node=\"272\">FAA<\/b>, la certificaci\u00f3n m\u00e1s prestigiosa de la industria.<\/p>\t\t\t\t\t\t\t\t<\/div>\n\t\t\t\t<\/div>\n\t\t\t\t\t<\/div>\n\t\t<\/div>\n\t\t\t\t\t<\/div>\n\t\t<\/section>\n\t\t\t\t<section class=\"elementor-section elementor-top-section elementor-element elementor-element-256f0f1 elementor-section-boxed elementor-section-height-default elementor-section-height-default\" data-id=\"256f0f1\" data-element_type=\"section\" data-e-type=\"section\">\n\t\t\t\t\t\t<div class=\"elementor-container elementor-column-gap-default\">\n\t\t\t\t\t<div class=\"elementor-column elementor-col-100 elementor-top-column elementor-element elementor-element-819b8c2 top column-style-top\" data-id=\"819b8c2\" data-element_type=\"column\" data-e-type=\"column\">\n\t\t\t<div class=\"elementor-widget-wrap elementor-element-populated\">\n\t\t\t\t\t\t<div class=\"elementor-element elementor-element-664ae18 elementor-widget elementor-widget-image\" data-id=\"664ae18\" data-element_type=\"widget\" data-e-type=\"widget\" data-widget_type=\"image.default\">\n\t\t\t\t<div class=\"elementor-widget-container\">\n\t\t\t\t\t\t\t\t\t\t\t\t\t\t\t<img fetchpriority=\"high\" decoding=\"async\" width=\"1680\" height=\"561\" src=\"https:\/\/adfairways.net\/wp-content\/uploads\/2026\/05\/San-Jose-Costa-Rica-1680x561-1.jpg\" class=\"attachment-full size-full wp-image-44201\" alt=\"\" srcset=\"https:\/\/adfairways.net\/wp-content\/uploads\/2026\/05\/San-Jose-Costa-Rica-1680x561-1.jpg 1680w, https:\/\/adfairways.net\/wp-content\/uploads\/2026\/05\/San-Jose-Costa-Rica-1680x561-1-1024x342.jpg 1024w, https:\/\/adfairways.net\/wp-content\/uploads\/2026\/05\/San-Jose-Costa-Rica-1680x561-1-768x256.jpg 768w, https:\/\/adfairways.net\/wp-content\/uploads\/2026\/05\/San-Jose-Costa-Rica-1680x561-1-1320x441.jpg 1320w\" sizes=\"(max-width: 1680px) 100vw, 1680px\" \/>\t\t\t\t\t\t\t\t\t\t\t\t\t\t\t<\/div>\n\t\t\t\t<\/div>\n\t\t\t\t<div class=\"elementor-element elementor-element-ee626b3 elementor-widget elementor-widget-heading\" data-id=\"ee626b3\" data-element_type=\"widget\" data-e-type=\"widget\" data-widget_type=\"heading.default\">\n\t\t\t\t<div class=\"elementor-widget-container\">\n\t\t\t\t\t<h2 class=\"elementor-heading-title elementor-size-default\">\ud83d\udeeb\u00bfPor qu\u00e9 asistir a esta sesi\u00f3n desde Costa Rica?\u2708\ufe0f<\/h2>\t\t\t\t<\/div>\n\t\t\t\t<\/div>\n\t\t\t\t<div class=\"elementor-element elementor-element-da352f4 elementor-widget elementor-widget-text-editor\" data-id=\"da352f4\" data-element_type=\"widget\" data-e-type=\"widget\" data-widget_type=\"text-editor.default\">\n\t\t\t\t<div class=\"elementor-widget-container\">\n\t\t\t\t\t\t\t\t\t<p data-path-to-node=\"12\">En esta sesi\u00f3n de una hora, desglosaremos todo el proceso necesario para que te conviertas en piloto comercial:<\/p><ol><li style=\"list-style-type: none;\"><ol start=\"1\" data-path-to-node=\"13\"><li><p data-path-to-node=\"13,0,0\"><b data-path-to-node=\"13,0,0\" data-index-in-node=\"0\">El Camino hacia la Licencia FAA:<\/b> Por qu\u00e9 la certificaci\u00f3n de EE.UU. es la m\u00e1s valorada por las aerol\u00edneas globales y c\u00f3mo te abre puertas en todo el mundo.<\/p><\/li><li><p data-path-to-node=\"13,1,0\"><b data-path-to-node=\"13,1,0\" data-index-in-node=\"0\">Proceso de Convalidaci\u00f3n en Costa Rica:<\/b> Te explicaremos c\u00f3mo, al terminar tu formaci\u00f3n en Miami, puedes convalidar tus horas y licencias ante la <b data-path-to-node=\"13,1,0\" data-index-in-node=\"145\">DGAC (Direcci\u00f3n General de Aviaci\u00f3n Civil)<\/b> para trabajar en aerol\u00edneas locales como Volaris o Avianca.<\/p><\/li><li><p data-path-to-node=\"13,2,0\"><b data-path-to-node=\"13,2,0\" data-index-in-node=\"0\">Gesti\u00f3n de Visa de Estudiante (M-1):<\/b> Pasos detallados para obtener tu soporte de visa y poder vivir y estudiar legalmente en los Estados Unidos.<\/p><\/li><li><p data-path-to-node=\"13,3,0\"><b data-path-to-node=\"13,3,0\" data-index-in-node=\"0\">Presupuesto y Tiempos de Formaci\u00f3n:<\/b> Transparencia total en los costos de los cursos, desde Piloto Privado hasta Instructor de Vuelo, y c\u00f3mo completar tu carrera en solo 12 a 18 meses.<\/p><\/li><li><p data-path-to-node=\"13,4,0\"><b data-path-to-node=\"13,4,0\" data-index-in-node=\"0\">Oportunidades Laborales:<\/b> An\u00e1lisis de la demanda actual de pilotos y los salarios competitivos a nivel internacional.<\/p><\/li><\/ol><\/li><\/ol>\t\t\t\t\t\t\t\t<\/div>\n\t\t\t\t<\/div>\n\t\t\t\t\t<\/div>\n\t\t<\/div>\n\t\t\t\t\t<\/div>\n\t\t<\/section>\n\t\t\t\t<section class=\"elementor-section elementor-top-section elementor-element elementor-element-eaffbe7 elementor-section-boxed elementor-section-height-default elementor-section-height-default\" data-id=\"eaffbe7\" data-element_type=\"section\" data-e-type=\"section\">\n\t\t\t\t\t\t<div class=\"elementor-container elementor-column-gap-default\">\n\t\t\t\t\t<div class=\"elementor-column elementor-col-50 elementor-top-column elementor-element elementor-element-a654b6f top column-style-top\" data-id=\"a654b6f\" data-element_type=\"column\" data-e-type=\"column\">\n\t\t\t<div class=\"elementor-widget-wrap elementor-element-populated\">\n\t\t\t\t\t\t<div class=\"elementor-element elementor-element-666287e elementor-widget elementor-widget-heading\" data-id=\"666287e\" data-element_type=\"widget\" data-e-type=\"widget\" data-widget_type=\"heading.default\">\n\t\t\t\t<div class=\"elementor-widget-container\">\n\t\t\t\t\t<h4 class=\"elementor-heading-title elementor-size-default\">\u00bfPor qu\u00e9 elegir ADF Flight School en Miami?<\/h4>\t\t\t\t<\/div>\n\t\t\t\t<\/div>\n\t\t\t\t<div class=\"elementor-element elementor-element-774be0f elementor-widget elementor-widget-text-editor\" data-id=\"774be0f\" data-element_type=\"widget\" data-e-type=\"widget\" data-widget_type=\"text-editor.default\">\n\t\t\t\t<div class=\"elementor-widget-container\">\n\t\t\t\t\t\t\t\t\t<p data-path-to-node=\"16\">Nuestra academia no es solo un centro de entrenamiento; es tu base de operaciones para el \u00e9xito:<\/p><ul><li data-path-to-node=\"17,0,0\"><b data-path-to-node=\"17,0,0\" data-index-in-node=\"0\">Ubicaci\u00f3n Estrat\u00e9gica:<\/b> Entrena en el Aeropuerto de Kendall-Tamiami, un entorno de aviaci\u00f3n activa en una de las ciudades m\u00e1s importantes del mundo para la aviaci\u00f3n.<\/li><li data-path-to-node=\"17,1,0\"><b data-path-to-node=\"17,1,0\" data-index-in-node=\"0\">Instalaciones de Vanguardia:<\/b> Contamos con una flota moderna de aeronaves (Cessna, Piper, Beechcraft) y simuladores certificados de \u00faltima generaci\u00f3n.<\/li><li data-path-to-node=\"17,2,0\"><b data-path-to-node=\"17,2,0\" data-index-in-node=\"0\">Experiencia Internacional:<\/b> Hemos graduado a miles de estudiantes de todo el mundo, entendiendo perfectamente las necesidades de los alumnos latinos.<\/li><li data-path-to-node=\"17,3,0\"><b data-path-to-node=\"17,3,0\" data-index-in-node=\"0\">Asistencia en Alojamiento:<\/b> Te ayudamos a encontrar opciones de vivienda seguras y cercanas a la academia para que tu \u00fanica preocupaci\u00f3n sea volar.<\/li><\/ul>\t\t\t\t\t\t\t\t<\/div>\n\t\t\t\t<\/div>\n\t\t\t\t\t<\/div>\n\t\t<\/div>\n\t\t\t\t<div class=\"elementor-column elementor-col-50 elementor-top-column elementor-element elementor-element-56142a9 top column-style-top\" data-id=\"56142a9\" data-element_type=\"column\" data-e-type=\"column\">\n\t\t\t<div class=\"elementor-widget-wrap elementor-element-populated\">\n\t\t\t\t\t\t<div class=\"elementor-element elementor-element-4bf9694 elementor-widget elementor-widget-text-editor\" data-id=\"4bf9694\" data-element_type=\"widget\" data-e-type=\"widget\" data-widget_type=\"text-editor.default\">\n\t\t\t\t<div class=\"elementor-widget-container\">\n\t\t\t\t\t\t\t\t\t<p><img decoding=\"async\" draggable=\"false\" role=\"img\" class=\"emoji\" alt=\"\ud83d\udc49\" src=\"https:\/\/s.w.org\/images\/core\/emoji\/17.0.2\/svg\/1f449.svg\"> <b>Aclara tus dudas sin compromiso<\/b><\/p>\t\t\t\t\t\t\t\t<\/div>\n\t\t\t\t<\/div>\n\t\t\t\t<div class=\"elementor-element elementor-element-9882e89 elementor-widget elementor-widget-heading\" data-id=\"9882e89\" data-element_type=\"widget\" data-e-type=\"widget\" data-widget_type=\"heading.default\">\n\t\t\t\t<div class=\"elementor-widget-container\">\n\t\t\t\t\t<h2 class=\"elementor-heading-title elementor-size-default\">\ud83d\udcdd  Reserve su cupo<\/h2>\t\t\t\t<\/div>\n\t\t\t\t<\/div>\n\t\t\t\t<div class=\"elementor-element elementor-element-756d7ce elementor-widget elementor-widget-html\" data-id=\"756d7ce\" data-element_type=\"widget\" data-e-type=\"widget\" data-widget_type=\"html.default\">\n\t\t\t\t<div class=\"elementor-widget-container\">\n\t\t\t\t\t<script type=\"text\/javascript\" src=\"https:\/\/api.clientify.net\/web-marketing\/superforms\/script\/287022.js\"><\/script>\t\t\t\t<\/div>\n\t\t\t\t<\/div>\n\t\t\t\t\t<\/div>\n\t\t<\/div>\n\t\t\t\t\t<\/div>\n\t\t<\/section>\n\t\t<div class=\"elementor-element elementor-element-a44dd15 e-flex e-con-boxed e-con e-parent\" data-id=\"a44dd15\" data-element_type=\"container\" data-e-type=\"container\">\n\t\t\t\t\t<div class=\"e-con-inner\">\n\t\t<div class=\"elementor-element elementor-element-853ed99 e-con-full e-flex e-con e-child\" data-id=\"853ed99\" data-element_type=\"container\" data-e-type=\"container\">\n\t\t\t\t<div class=\"elementor-element elementor-element-fe3a26e elementor-widget elementor-widget-heading\" data-id=\"fe3a26e\" data-element_type=\"widget\" data-e-type=\"widget\" data-widget_type=\"heading.default\">\n\t\t\t\t<div class=\"elementor-widget-container\">\n\t\t\t\t\t<h4 class=\"elementor-heading-title elementor-size-default\">\ud83d\udcc5 Detalles del Evento (Asegura tu cupo)<\/h4>\t\t\t\t<\/div>\n\t\t\t\t<\/div>\n\t\t\t\t<div class=\"elementor-element elementor-element-5c42603 elementor-widget elementor-widget-text-editor\" data-id=\"5c42603\" data-element_type=\"widget\" data-e-type=\"widget\" data-widget_type=\"text-editor.default\">\n\t\t\t\t<div class=\"elementor-widget-container\">\n\t\t\t\t\t\t\t\t\t<p class=\"\" data-start=\"1136\" data-end=\"1171\">\u00a0<\/p><ul><li><p data-path-to-node=\"20,0,0\">\ud83d\udcc5 <b data-path-to-node=\"20,0,0\" data-index-in-node=\"3\">Fecha:<\/b> Jueves, 11 de Junio<\/p><\/li><li><p data-path-to-node=\"20,1,0\">\ud83d\udd59 <b data-path-to-node=\"20,1,0\" data-index-in-node=\"3\">Hora:<\/b> 7:00 P.M. (Hora Costa Rica) | 8:00 P.M. (Hora Colombia)<\/p><\/li><li><p data-path-to-node=\"20,1,0\">\ud83d\udcbb <b data-path-to-node=\"20,2,0\" data-index-in-node=\"3\">Modalidad:<\/b> Online v\u00eda Zoom<\/p><\/li><\/ul>\t\t\t\t\t\t\t\t<\/div>\n\t\t\t\t<\/div>\n\t\t\t\t<\/div>\n\t\t<div class=\"elementor-element elementor-element-44b9fbc e-con-full e-flex e-con e-child\" data-id=\"44b9fbc\" data-element_type=\"container\" data-e-type=\"container\">\n\t\t\t\t<div class=\"elementor-element elementor-element-4a013e1 elementor-widget elementor-widget-text-editor\" data-id=\"4a013e1\" data-element_type=\"widget\" data-e-type=\"widget\" data-widget_type=\"text-editor.default\">\n\t\t\t\t<div class=\"elementor-widget-container\">\n\t\t\t\t\t\t\t\t\t<p data-start=\"1398\" data-end=\"1655\"><b data-path-to-node=\"9\" data-index-in-node=\"0\">ADF Flight School<\/b>, con m\u00e1s de 30 a\u00f1os formando aviadores en Miami, Florida, te invita a una charla virtual exclusiva para j\u00f3venes y profesionales en Costa Rica interesados en conquistar los cielos.<\/p>\t\t\t\t\t\t\t\t<\/div>\n\t\t\t\t<\/div>\n\t\t\t\t<\/div>\n\t\t\t\t\t<\/div>\n\t\t\t\t<\/div>\n\t\t\t\t<\/div>\n\t\t","protected":false},"excerpt":{"rendered":"<p>Tu futuro en la aviaci\u00f3n comienza en Miami. Obt\u00e9n tu Licencia FAA con ADF Flight School. \u00bfListo para despegar desde el Aeropuerto Juan Santamar\u00eda hacia una carrera global? ADF Flight School invita a todos los futuros aviadores de San Jos\u00e9 y alrededores a una sesi\u00f3n informativa exclusiva. Descubre c\u00f3mo formarte en Miami bajo los est\u00e1ndares [&hellip;]<\/p>\n","protected":false},"author":1,"featured_media":44197,"parent":0,"menu_order":0,"comment_status":"closed","ping_status":"closed","template":"","meta":{"footnotes":""},"class_list":["post-44194","page","type-page","status-publish","has-post-thumbnail","hentry"],"jetpack-related-posts":[{"id":43184,"url":"https:\/\/adfairways.net\/es\/charla-virtual-en-tegucigalpa\/","url_meta":{"origin":44194,"position":0},"title":"Charla Virtual en Tegucigalpa: C\u00f3mo Convertirte en Piloto Comercial en EE. UU. \u2013 ADF Flight School","author":"adfschool","date":"noviembre 6, 2025","format":false,"excerpt":"\u2708\ufe0f \u2b50 Convi\u00e9rtete en Piloto Comercial en EE. UU. \u2013 Charla Virtual para Honduras \ud83c\udf0d \u00bfQuieres ser piloto comercial y estudiar en Estados Unidos? ADF Flight School te invita a una charla virtual exclusiva para Honduras este 27 de noviembre 2025. Descubre requisitos, costos, becas y oportunidades laborales. \u00a1Reg\u00edstrate gratis!\u2026","rel":"","context":"Entrada similar","block_context":{"text":"Entrada similar","link":""},"img":{"alt_text":"","src":"https:\/\/i0.wp.com\/adfairways.net\/wp-content\/uploads\/2025\/11\/Tegucigalpa-1080x1080-1.jpg?resize=350%2C200&ssl=1","width":350,"height":200,"srcset":"https:\/\/i0.wp.com\/adfairways.net\/wp-content\/uploads\/2025\/11\/Tegucigalpa-1080x1080-1.jpg?resize=350%2C200&ssl=1 1x, https:\/\/i0.wp.com\/adfairways.net\/wp-content\/uploads\/2025\/11\/Tegucigalpa-1080x1080-1.jpg?resize=525%2C300&ssl=1 1.5x, https:\/\/i0.wp.com\/adfairways.net\/wp-content\/uploads\/2025\/11\/Tegucigalpa-1080x1080-1.jpg?resize=700%2C400&ssl=1 2x, https:\/\/i0.wp.com\/adfairways.net\/wp-content\/uploads\/2025\/11\/Tegucigalpa-1080x1080-1.jpg?resize=1050%2C600&ssl=1 3x"},"classes":[]},{"id":39836,"url":"https:\/\/adfairways.net\/atencion-a-todos-los-futuros-pilotos-ecuador\/","url_meta":{"origin":44194,"position":1},"title":"\u00a1Atenci\u00f3n a todos los futuros pilotos Ecuador! \u2708\ufe0f \ud83c\udf1f \ud83c\uddea\ud83c\udde8","author":"adfschool","date":"febrero 11, 2025","format":false,"excerpt":"\u00bfSue\u00f1as con volar y explorar el mundo desde las alturas? \ud83c\udf0d \u00a1Este es tu momento! Ven a nuestra charla presencial en GUAYAQUIL y descubre todo sobre ADF Flight School, donde formamos a los mejores pilotos del futuro. ADF Flight School te invita a una charla presencial en Guayaquil, donde descubrir\u00e1s\u2026","rel":"","context":"Entrada similar","block_context":{"text":"Entrada similar","link":""},"img":{"alt_text":"","src":"https:\/\/i0.wp.com\/adfairways.net\/wp-content\/uploads\/2025\/02\/Ecuador-1080x1350-2.jpg?resize=350%2C200&ssl=1","width":350,"height":200,"srcset":"https:\/\/i0.wp.com\/adfairways.net\/wp-content\/uploads\/2025\/02\/Ecuador-1080x1350-2.jpg?resize=350%2C200&ssl=1 1x, https:\/\/i0.wp.com\/adfairways.net\/wp-content\/uploads\/2025\/02\/Ecuador-1080x1350-2.jpg?resize=525%2C300&ssl=1 1.5x, https:\/\/i0.wp.com\/adfairways.net\/wp-content\/uploads\/2025\/02\/Ecuador-1080x1350-2.jpg?resize=700%2C400&ssl=1 2x, https:\/\/i0.wp.com\/adfairways.net\/wp-content\/uploads\/2025\/02\/Ecuador-1080x1350-2.jpg?resize=1050%2C600&ssl=1 3x"},"classes":[]},{"id":42962,"url":"https:\/\/adfairways.net\/es\/conviertete-en-piloto-comercial-charla-presencial-lima\/","url_meta":{"origin":44194,"position":2},"title":"Convi\u00e9rtete en Piloto Comercial &#8211; Charla Presencial Lima","author":"adfschool","date":"septiembre 11, 2025","format":false,"excerpt":"\u2708\ufe0f Charla Presencial en Lima \u2013 Convi\u00e9rtete en Piloto Comercial en EE. UU. \ud83c\udf0d \u00bfVives en Lima y sue\u00f1as con ser piloto comercial y trabajar en aerol\u00edneas internacionales? Esta es tu oportunidad de dar el primer paso hacia tu futuro profesional en la aviaci\u00f3n. ADF Flight School, escuela de aviaci\u00f3n\u2026","rel":"","context":"Entrada similar","block_context":{"text":"Entrada similar","link":""},"img":{"alt_text":"","src":"https:\/\/i0.wp.com\/adfairways.net\/wp-content\/uploads\/2025\/09\/Lima-1080x1080-2.jpg?resize=350%2C200&ssl=1","width":350,"height":200,"srcset":"https:\/\/i0.wp.com\/adfairways.net\/wp-content\/uploads\/2025\/09\/Lima-1080x1080-2.jpg?resize=350%2C200&ssl=1 1x, https:\/\/i0.wp.com\/adfairways.net\/wp-content\/uploads\/2025\/09\/Lima-1080x1080-2.jpg?resize=525%2C300&ssl=1 1.5x, https:\/\/i0.wp.com\/adfairways.net\/wp-content\/uploads\/2025\/09\/Lima-1080x1080-2.jpg?resize=700%2C400&ssl=1 2x, https:\/\/i0.wp.com\/adfairways.net\/wp-content\/uploads\/2025\/09\/Lima-1080x1080-2.jpg?resize=1050%2C600&ssl=1 3x"},"classes":[]},{"id":40297,"url":"https:\/\/adfairways.net\/es\/guatemala-estudiar-aviacion-miami-piloto-comercial\/","url_meta":{"origin":44194,"position":3},"title":"\ud83c\udfc5\ud83c\uddec\ud83c\uddf9 \u00a1Convi\u00e9rtete en Piloto Comercial! \u2708\ufe0f Estudia Aviaci\u00f3n en Miami con ADF Flight School \ud83c\udf34\ud83d\udcbc","author":"adfschool","date":"marzo 17, 2025","format":false,"excerpt":"\ud83c\udf0d \u00bfVives en Guatemala y sue\u00f1as con ser piloto comercial? \u2708\ufe0f Descubre c\u00f3mo estudiar en Miami con ADF Flight School Si tu sue\u00f1o es convertirte en\u00a0piloto comercial\u00a0y obtener una licencia con\u00a0certificaci\u00f3n FAA\u00a0que te permita trabajar en aerol\u00edneas de todo el mundo, esta es tu oportunidad. ADF Flight School, una de\u2026","rel":"","context":"Entrada similar","block_context":{"text":"Entrada similar","link":""},"img":{"alt_text":"","src":"https:\/\/i0.wp.com\/adfairways.net\/wp-content\/uploads\/2025\/03\/Guatemala-1080x1080-1.jpg?resize=350%2C200&ssl=1","width":350,"height":200,"srcset":"https:\/\/i0.wp.com\/adfairways.net\/wp-content\/uploads\/2025\/03\/Guatemala-1080x1080-1.jpg?resize=350%2C200&ssl=1 1x, https:\/\/i0.wp.com\/adfairways.net\/wp-content\/uploads\/2025\/03\/Guatemala-1080x1080-1.jpg?resize=525%2C300&ssl=1 1.5x, https:\/\/i0.wp.com\/adfairways.net\/wp-content\/uploads\/2025\/03\/Guatemala-1080x1080-1.jpg?resize=700%2C400&ssl=1 2x, https:\/\/i0.wp.com\/adfairways.net\/wp-content\/uploads\/2025\/03\/Guatemala-1080x1080-1.jpg?resize=1050%2C600&ssl=1 3x"},"classes":[]},{"id":39278,"url":"https:\/\/adfairways.net\/atencion-futuros-pilotos-guayaquil\/","url_meta":{"origin":44194,"position":4},"title":"\u00a1Atenci\u00f3n a todos los futuros pilotos de Guayaquil \u2708\ufe0f \ud83c\udf1f \ud83c\uddea\ud83c\udde8","author":"adfschool","date":"octubre 3, 2024","format":false,"excerpt":"\u00bfSue\u00f1as con volar y explorar el mundo desde las alturas? \ud83c\udf0d \u00a1Este es tu momento! Ven a nuestra charla presencial en GUAYAQUIL y descubre todo sobre ADF Flight School, donde formamos a los mejores pilotos del futuro. ADF Flight School te invita a una charla presencial en Guayaquil, donde descubrir\u00e1s\u2026","rel":"","context":"Entrada similar","block_context":{"text":"Entrada similar","link":""},"img":{"alt_text":"","src":"https:\/\/i0.wp.com\/adfairways.net\/wp-content\/uploads\/2024\/10\/Guayaquil-1080x1080-1.jpg?resize=350%2C200&ssl=1","width":350,"height":200,"srcset":"https:\/\/i0.wp.com\/adfairways.net\/wp-content\/uploads\/2024\/10\/Guayaquil-1080x1080-1.jpg?resize=350%2C200&ssl=1 1x, https:\/\/i0.wp.com\/adfairways.net\/wp-content\/uploads\/2024\/10\/Guayaquil-1080x1080-1.jpg?resize=525%2C300&ssl=1 1.5x, https:\/\/i0.wp.com\/adfairways.net\/wp-content\/uploads\/2024\/10\/Guayaquil-1080x1080-1.jpg?resize=700%2C400&ssl=1 2x, https:\/\/i0.wp.com\/adfairways.net\/wp-content\/uploads\/2024\/10\/Guayaquil-1080x1080-1.jpg?resize=1050%2C600&ssl=1 3x"},"classes":[]},{"id":43452,"url":"https:\/\/adfairways.net\/es\/costa-rica-piloto-comercial\/","url_meta":{"origin":44194,"position":5},"title":"\u00bfVives en Costa Rica y sue\u00f1as con ser Piloto?","author":"adfschool","date":"enero 26, 2026","format":false,"excerpt":"Tu Licencia FAA en Estados Unidos \u00bfBuscas la mejor opci\u00f3n entre las escuelas de aviaci\u00f3n en San Jos\u00e9? Elevamos tus est\u00e1ndares. ADF Flight School te ofrece la oportunidad de formarte en Miami bajo la certificaci\u00f3n m\u00e1s respetada del mundo. \u00danete a nuestra charla exclusiva para Costa Rica y descubre c\u00f3mo\u2026","rel":"","context":"Entrada similar","block_context":{"text":"Entrada similar","link":""},"img":{"alt_text":"","src":"https:\/\/i0.wp.com\/adfairways.net\/wp-content\/uploads\/2026\/01\/San-Jose-Costa-Rica-1080x1080-1.jpg?resize=350%2C200&ssl=1","width":350,"height":200,"srcset":"https:\/\/i0.wp.com\/adfairways.net\/wp-content\/uploads\/2026\/01\/San-Jose-Costa-Rica-1080x1080-1.jpg?resize=350%2C200&ssl=1 1x, https:\/\/i0.wp.com\/adfairways.net\/wp-content\/uploads\/2026\/01\/San-Jose-Costa-Rica-1080x1080-1.jpg?resize=525%2C300&ssl=1 1.5x, https:\/\/i0.wp.com\/adfairways.net\/wp-content\/uploads\/2026\/01\/San-Jose-Costa-Rica-1080x1080-1.jpg?resize=700%2C400&ssl=1 2x, https:\/\/i0.wp.com\/adfairways.net\/wp-content\/uploads\/2026\/01\/San-Jose-Costa-Rica-1080x1080-1.jpg?resize=1050%2C600&ssl=1 3x"},"classes":[]}],"jetpack_sharing_enabled":true,"_links":{"self":[{"href":"https:\/\/adfairways.net\/es\/wp-json\/wp\/v2\/pages\/44194","targetHints":{"allow":["GET"]}}],"collection":[{"href":"https:\/\/adfairways.net\/es\/wp-json\/wp\/v2\/pages"}],"about":[{"href":"https:\/\/adfairways.net\/es\/wp-json\/wp\/v2\/types\/page"}],"author":[{"embeddable":true,"href":"https:\/\/adfairways.net\/es\/wp-json\/wp\/v2\/users\/1"}],"replies":[{"embeddable":true,"href":"https:\/\/adfairways.net\/es\/wp-json\/wp\/v2\/comments?post=44194"}],"version-history":[{"count":4,"href":"https:\/\/adfairways.net\/es\/wp-json\/wp\/v2\/pages\/44194\/revisions"}],"predecessor-version":[{"id":44207,"href":"https:\/\/adfairways.net\/es\/wp-json\/wp\/v2\/pages\/44194\/revisions\/44207"}],"wp:featuredmedia":[{"embeddable":true,"href":"https:\/\/adfairways.net\/es\/wp-json\/wp\/v2\/media\/44197"}],"wp:attachment":[{"href":"https:\/\/adfairways.net\/es\/wp-json\/wp\/v2\/media?parent=44194"}],"curies":[{"name":"wp","href":"https:\/\/api.w.org\/{rel}","templated":true}]}}