{"id":43583,"date":"2026-02-23T14:53:39","date_gmt":"2026-02-23T19:53:39","guid":{"rendered":"https:\/\/adfairways.net\/?page_id=43583"},"modified":"2026-02-26T10:37:24","modified_gmt":"2026-02-26T15:37:24","slug":"estudia-aviacion-en-ee-uu-desde-paraguay","status":"publish","type":"page","link":"https:\/\/adfairways.net\/es\/estudia-aviacion-en-ee-uu-desde-paraguay\/","title":{"rendered":"Estudia Aviaci\u00f3n en EE.UU. desde Paraguay"},"content":{"rendered":"\t\t<div data-elementor-type=\"wp-post\" data-elementor-id=\"43583\" class=\"elementor elementor-43583\" data-elementor-post-type=\"page\">\n\t\t\t\t\t\t<section class=\"elementor-section elementor-top-section elementor-element elementor-element-e67ddd3 elementor-section-boxed elementor-section-height-default elementor-section-height-default\" data-id=\"e67ddd3\" data-element_type=\"section\" data-e-type=\"section\">\n\t\t\t\t\t\t<div class=\"elementor-container elementor-column-gap-default\">\n\t\t\t\t\t<div class=\"elementor-column elementor-col-100 elementor-top-column elementor-element elementor-element-f8523be top column-style-top\" data-id=\"f8523be\" data-element_type=\"column\" data-e-type=\"column\">\n\t\t\t<div class=\"elementor-widget-wrap elementor-element-populated\">\n\t\t\t\t\t\t<div class=\"elementor-element elementor-element-45fed57 elementor-widget elementor-widget-heading\" data-id=\"45fed57\" data-element_type=\"widget\" data-e-type=\"widget\" data-widget_type=\"heading.default\">\n\t\t\t\t<div class=\"elementor-widget-container\">\n\t\t\t\t\t<h2 class=\"elementor-heading-title elementor-size-default\">\u2708\ufe0f Charla Virtual ADF Flight School \u2013 Asunci\u00f3n, Paraguay<\/h2>\t\t\t\t<\/div>\n\t\t\t\t<\/div>\n\t\t\t\t<div class=\"elementor-element elementor-element-64d576b elementor-widget elementor-widget-heading\" data-id=\"64d576b\" data-element_type=\"widget\" data-e-type=\"widget\" data-widget_type=\"heading.default\">\n\t\t\t\t<div class=\"elementor-widget-container\">\n\t\t\t\t\t<h4 class=\"elementor-heading-title elementor-size-default\">\ud83c\udf93 Convi\u00e9rtete en Piloto Comercial en Estados Unidos<\/h4>\t\t\t\t<\/div>\n\t\t\t\t<\/div>\n\t\t\t\t<div class=\"elementor-element elementor-element-347ffc0 elementor-widget elementor-widget-text-editor\" data-id=\"347ffc0\" data-element_type=\"widget\" data-e-type=\"widget\" data-widget_type=\"text-editor.default\">\n\t\t\t\t<div class=\"elementor-widget-container\">\n\t\t\t\t\t\t\t\t\t<p data-start=\"582\" data-end=\"745\">ADF Flight School invita a todos los interesados en convertirse en <strong data-start=\"649\" data-end=\"673\">Piloto Comercial FAA<\/strong> a participar en esta charla virtual exclusiva para Asunci\u00f3n \u2013 Paraguay.<\/p><p data-start=\"747\" data-end=\"931\">En esta sesi\u00f3n informativa conocer\u00e1s c\u00f3mo iniciar tu formaci\u00f3n desde 0 horas hasta Piloto Comercial en los Estados Unidos, con licencia FAA, una de las m\u00e1s reconocidas a nivel mundial.<\/p>\t\t\t\t\t\t\t\t<\/div>\n\t\t\t\t<\/div>\n\t\t\t\t\t<\/div>\n\t\t<\/div>\n\t\t\t\t\t<\/div>\n\t\t<\/section>\n\t\t\t\t<section class=\"elementor-section elementor-top-section elementor-element elementor-element-256f0f1 elementor-section-boxed elementor-section-height-default elementor-section-height-default\" data-id=\"256f0f1\" data-element_type=\"section\" data-e-type=\"section\">\n\t\t\t\t\t\t<div class=\"elementor-container elementor-column-gap-default\">\n\t\t\t\t\t<div class=\"elementor-column elementor-col-100 elementor-top-column elementor-element elementor-element-819b8c2 top column-style-top\" data-id=\"819b8c2\" data-element_type=\"column\" data-e-type=\"column\">\n\t\t\t<div class=\"elementor-widget-wrap elementor-element-populated\">\n\t\t\t\t\t\t<div class=\"elementor-element elementor-element-664ae18 elementor-widget elementor-widget-image\" data-id=\"664ae18\" data-element_type=\"widget\" data-e-type=\"widget\" data-widget_type=\"image.default\">\n\t\t\t\t<div class=\"elementor-widget-container\">\n\t\t\t\t\t\t\t\t\t\t\t\t\t\t\t<img fetchpriority=\"high\" decoding=\"async\" width=\"1680\" height=\"561\" src=\"https:\/\/adfairways.net\/wp-content\/uploads\/2026\/02\/Paraguay-1680x561-1.jpg\" class=\"attachment-full size-full wp-image-43587\" alt=\"\" srcset=\"https:\/\/adfairways.net\/wp-content\/uploads\/2026\/02\/Paraguay-1680x561-1.jpg 1680w, https:\/\/adfairways.net\/wp-content\/uploads\/2026\/02\/Paraguay-1680x561-1-1024x342.jpg 1024w, https:\/\/adfairways.net\/wp-content\/uploads\/2026\/02\/Paraguay-1680x561-1-768x256.jpg 768w, https:\/\/adfairways.net\/wp-content\/uploads\/2026\/02\/Paraguay-1680x561-1-1320x441.jpg 1320w\" sizes=\"(max-width: 1680px) 100vw, 1680px\" \/>\t\t\t\t\t\t\t\t\t\t\t\t\t\t\t<\/div>\n\t\t\t\t<\/div>\n\t\t\t\t<div class=\"elementor-element elementor-element-4a3c779 elementor-widget elementor-widget-heading\" data-id=\"4a3c779\" data-element_type=\"widget\" data-e-type=\"widget\" data-widget_type=\"heading.default\">\n\t\t\t\t<div class=\"elementor-widget-container\">\n\t\t\t\t\t<h2 class=\"elementor-heading-title elementor-size-default\"><img decoding=\"async\" role=\"img\" class=\"emoji\" alt=\"\ud83d\udeeb\" src=\"https:\/\/s.w.org\/images\/core\/emoji\/17.0.2\/svg\/1f6eb.svg\">Obt\u00e9n una certificaci\u00f3n FAA reconocida por las aerol\u00edneas l\u00edderes en todos los continentes. <img decoding=\"async\" role=\"img\" class=\"emoji\" alt=\"\u2708\ufe0f\" src=\"https:\/\/s.w.org\/images\/core\/emoji\/17.0.2\/svg\/2708.svg\"><\/h2>\t\t\t\t<\/div>\n\t\t\t\t<\/div>\n\t\t\t\t<div class=\"elementor-element elementor-element-8144b53 elementor-widget elementor-widget-text-editor\" data-id=\"8144b53\" data-element_type=\"widget\" data-e-type=\"widget\" data-widget_type=\"text-editor.default\">\n\t\t\t\t<div class=\"elementor-widget-container\">\n\t\t\t\t\t\t\t\t\t<p data-start=\"2202\" data-end=\"2379\">Participa en la charla virtual de ADF Flight School para Paraguay el <strong data-start=\"233\" data-end=\"262\">11 de marzo a las 7:30 PM<\/strong> y descubre c\u00f3mo convertirte en <strong data-start=\"294\" data-end=\"349\">Piloto Comercial en Estados Unidos con licencia FAA<\/strong>, una de las certificaciones m\u00e1s reconocidas a nivel mundial.<\/p>\t\t\t\t\t\t\t\t<\/div>\n\t\t\t\t<\/div>\n\t\t\t\t\t<\/div>\n\t\t<\/div>\n\t\t\t\t\t<\/div>\n\t\t<\/section>\n\t\t\t\t<section class=\"elementor-section elementor-top-section elementor-element elementor-element-eaffbe7 elementor-section-boxed elementor-section-height-default elementor-section-height-default\" data-id=\"eaffbe7\" data-element_type=\"section\" data-e-type=\"section\">\n\t\t\t\t\t\t<div class=\"elementor-container elementor-column-gap-default\">\n\t\t\t\t\t<div class=\"elementor-column elementor-col-50 elementor-top-column elementor-element elementor-element-a654b6f top column-style-top\" data-id=\"a654b6f\" data-element_type=\"column\" data-e-type=\"column\">\n\t\t\t<div class=\"elementor-widget-wrap elementor-element-populated\">\n\t\t\t\t\t\t<div class=\"elementor-element elementor-element-d2ffe35 elementor-widget elementor-widget-heading\" data-id=\"d2ffe35\" data-element_type=\"widget\" data-e-type=\"widget\" data-widget_type=\"heading.default\">\n\t\t\t\t<div class=\"elementor-widget-container\">\n\t\t\t\t\t<h4 class=\"elementor-heading-title elementor-size-default\">\u2708\ufe0f \u00bfPor qu\u00e9 estudiar en ADF Flight School?<\/h4>\t\t\t\t<\/div>\n\t\t\t\t<\/div>\n\t\t\t\t<div class=\"elementor-element elementor-element-774be0f elementor-widget elementor-widget-text-editor\" data-id=\"774be0f\" data-element_type=\"widget\" data-e-type=\"widget\" data-widget_type=\"text-editor.default\">\n\t\t\t\t<div class=\"elementor-widget-container\">\n\t\t\t\t\t\t\t\t\t<ul><li data-start=\"1640\" data-end=\"1697\"><p data-start=\"459\" data-end=\"596\"><strong data-start=\"459\" data-end=\"496\">1\ufe0f\u20e3 M\u00e1s de 40 a\u00f1os de experiencia<\/strong><br data-start=\"496\" data-end=\"499\" \/>Formando pilotos profesionales con est\u00e1ndares internacionales y un s\u00f3lido historial de seguridad.<\/p><p data-start=\"598\" data-end=\"758\"><strong data-start=\"598\" data-end=\"643\">2\ufe0f\u20e3 Licencia FAA de reconocimiento global<\/strong><br data-start=\"643\" data-end=\"646\" \/>La certificaci\u00f3n FAA es altamente valorada por aerol\u00edneas en todo el mundo y facilita procesos de convalidaci\u00f3n.<\/p><p data-start=\"760\" data-end=\"912\"><strong data-start=\"760\" data-end=\"806\">3\ufe0f\u20e3<\/strong><strong data-start=\"914\" data-end=\"961\">\u00a0Formaci\u00f3n de 0 horas a Piloto Comercial<\/strong><br data-start=\"961\" data-end=\"964\" \/>Puedes iniciar sin experiencia previa y completar tu carrera en aproximadamente 12 a 15 meses (dedicaci\u00f3n tiempo completo).<\/p><p data-start=\"1089\" data-end=\"1249\"><strong data-start=\"1089\" data-end=\"1143\">\u00a04\ufe0f\u20e3 Oportunidad de convertirte en Instructor (CFI)<\/strong><br data-start=\"1143\" data-end=\"1146\" \/>Posibilidad de acumular horas de vuelo hasta alcanzar las 1,500 horas requeridas por muchas aerol\u00edneas.<\/p><p data-start=\"1251\" data-end=\"1398\"><strong data-start=\"1251\" data-end=\"1289\">5\ufe0f\u20e3 Ubicaci\u00f3n estrat\u00e9gica en Miami<\/strong><br data-start=\"1289\" data-end=\"1292\" \/>Entrena en uno de los entornos aeron\u00e1uticos m\u00e1s activos del mundo, con clima favorable gran parte del a\u00f1o.<\/p><p data-start=\"1400\" data-end=\"1562\"><strong data-start=\"1400\" data-end=\"1464\">6\ufe0f\u20e3 Acompa\u00f1amiento integral para estudiantes internacionales<\/strong><br data-start=\"1464\" data-end=\"1467\" \/>Apoyo en el proceso de visa M-1, orientaci\u00f3n acad\u00e9mica y seguimiento durante toda tu formaci\u00f3n.<\/p><\/li><\/ul>\t\t\t\t\t\t\t\t<\/div>\n\t\t\t\t<\/div>\n\t\t\t\t\t<\/div>\n\t\t<\/div>\n\t\t\t\t<div class=\"elementor-column elementor-col-50 elementor-top-column elementor-element elementor-element-56142a9 top column-style-top\" data-id=\"56142a9\" data-element_type=\"column\" data-e-type=\"column\">\n\t\t\t<div class=\"elementor-widget-wrap elementor-element-populated\">\n\t\t\t\t\t\t<div class=\"elementor-element elementor-element-9882e89 elementor-widget elementor-widget-heading\" data-id=\"9882e89\" data-element_type=\"widget\" data-e-type=\"widget\" data-widget_type=\"heading.default\">\n\t\t\t\t<div class=\"elementor-widget-container\">\n\t\t\t\t\t<h2 class=\"elementor-heading-title elementor-size-default\"><b data-path-to-node=\"18\" data-index-in-node=\"36\">\u00a1QUIERO SER PILOTO<\/b><\/h2>\t\t\t\t<\/div>\n\t\t\t\t<\/div>\n\t\t\t\t<div class=\"elementor-element elementor-element-666287e elementor-widget elementor-widget-heading\" data-id=\"666287e\" data-element_type=\"widget\" data-e-type=\"widget\" data-widget_type=\"heading.default\">\n\t\t\t\t<div class=\"elementor-widget-container\">\n\t\t\t\t\t<h6 class=\"elementor-heading-title elementor-size-default\">Charla Virtual Exclusiva para Paraguay \u2013 11 de Marzo<\/h6>\t\t\t\t<\/div>\n\t\t\t\t<\/div>\n\t\t\t\t<div class=\"elementor-element elementor-element-756d7ce elementor-widget elementor-widget-html\" data-id=\"756d7ce\" data-element_type=\"widget\" data-e-type=\"widget\" data-widget_type=\"html.default\">\n\t\t\t\t<div class=\"elementor-widget-container\">\n\t\t\t\t\t<script type=\"text\/javascript\" src=\"https:\/\/api.clientify.net\/web-marketing\/superforms\/script\/276659.js\"><\/script>\t\t\t\t<\/div>\n\t\t\t\t<\/div>\n\t\t\t\t\t<\/div>\n\t\t<\/div>\n\t\t\t\t\t<\/div>\n\t\t<\/section>\n\t\t<div class=\"elementor-element elementor-element-a44dd15 e-flex e-con-boxed e-con e-parent\" data-id=\"a44dd15\" data-element_type=\"container\" data-e-type=\"container\">\n\t\t\t\t\t<div class=\"e-con-inner\">\n\t\t<div class=\"elementor-element elementor-element-853ed99 e-con-full e-flex e-con e-child\" data-id=\"853ed99\" data-element_type=\"container\" data-e-type=\"container\">\n\t\t\t\t<div class=\"elementor-element elementor-element-fe3a26e elementor-widget elementor-widget-heading\" data-id=\"fe3a26e\" data-element_type=\"widget\" data-e-type=\"widget\" data-widget_type=\"heading.default\">\n\t\t\t\t<div class=\"elementor-widget-container\">\n\t\t\t\t\t<h2 class=\"elementor-heading-title elementor-size-default\">\ud83d\udcc5 Evento Exclusivo para Paraguay<\/h2>\t\t\t\t<\/div>\n\t\t\t\t<\/div>\n\t\t\t\t<div class=\"elementor-element elementor-element-5c42603 elementor-widget elementor-widget-text-editor\" data-id=\"5c42603\" data-element_type=\"widget\" data-e-type=\"widget\" data-widget_type=\"text-editor.default\">\n\t\t\t\t<div class=\"elementor-widget-container\">\n\t\t\t\t\t\t\t\t\t<p data-start=\"341\" data-end=\"414\">\ud83d\udcc5 11 de marzo<br data-start=\"355\" data-end=\"358\" \/>\ud83d\udd62 7:30 PM (Hora de Paraguay)<br data-start=\"387\" data-end=\"390\" \/>\ud83d\udcbb Modalidad: V\u00eda Zoom<\/p>\t\t\t\t\t\t\t\t<\/div>\n\t\t\t\t<\/div>\n\t\t\t\t<\/div>\n\t\t<div class=\"elementor-element elementor-element-44b9fbc e-con-full e-flex e-con e-child\" data-id=\"44b9fbc\" data-element_type=\"container\" data-e-type=\"container\">\n\t\t\t\t<div class=\"elementor-element elementor-element-2bd8808 elementor-widget elementor-widget-heading\" data-id=\"2bd8808\" data-element_type=\"widget\" data-e-type=\"widget\" data-widget_type=\"heading.default\">\n\t\t\t\t<div class=\"elementor-widget-container\">\n\t\t\t\t\t<h4 class=\"elementor-heading-title elementor-size-default\">\ud83d\udcd8 \u00bfQu\u00e9 aprender\u00e1s en esta charla?<\/h4>\t\t\t\t<\/div>\n\t\t\t\t<\/div>\n\t\t\t\t<div class=\"elementor-element elementor-element-4a013e1 elementor-widget elementor-widget-text-editor\" data-id=\"4a013e1\" data-element_type=\"widget\" data-e-type=\"widget\" data-widget_type=\"text-editor.default\">\n\t\t\t\t<div class=\"elementor-widget-container\">\n\t\t\t\t\t\t\t\t\t<ul><li data-start=\"979\" data-end=\"1034\">\u2705 Requisitos para estudiar aviaci\u00f3n en Estados Unidos<\/li><li data-start=\"1037\" data-end=\"1080\">\u2705 Tipo de visa (M-1) y proceso migratorio<\/li><li data-start=\"1083\" data-end=\"1124\">\u2705 Duraci\u00f3n del programa (12 a 15 meses)<\/li><li data-start=\"1127\" data-end=\"1158\">\u2705 Costos detallados por fases<\/li><li data-start=\"1161\" data-end=\"1184\">\u2705 Proceso de admisi\u00f3n<\/li><li data-start=\"1187\" data-end=\"1216\">\u2705 Vida estudiantil en Miami<\/li><li data-start=\"1219\" data-end=\"1258\">\u2705 Oportunidades laborales como piloto<\/li><li data-start=\"1261\" data-end=\"1304\">\u2705 Opciones como Instructor de Vuelo (CFI)<\/li><\/ul>\t\t\t\t\t\t\t\t<\/div>\n\t\t\t\t<\/div>\n\t\t\t\t<\/div>\n\t\t\t\t\t<\/div>\n\t\t\t\t<\/div>\n\t\t<div class=\"elementor-element elementor-element-0d78070 e-flex e-con-boxed e-con e-parent\" data-id=\"0d78070\" data-element_type=\"container\" data-e-type=\"container\">\n\t\t\t\t\t<div class=\"e-con-inner\">\n\t\t\t\t<div class=\"elementor-element elementor-element-dd3f5ef elementor-widget elementor-widget-heading\" data-id=\"dd3f5ef\" data-element_type=\"widget\" data-e-type=\"widget\" data-widget_type=\"heading.default\">\n\t\t\t\t<div class=\"elementor-widget-container\">\n\t\t\t\t\t<h2 class=\"elementor-heading-title elementor-size-default\">\ud83c\udfaf \u00bfA qui\u00e9n est\u00e1 dirigida?<\/h2>\t\t\t\t<\/div>\n\t\t\t\t<\/div>\n\t\t\t\t<div class=\"elementor-element elementor-element-fa0fda4 elementor-widget elementor-widget-text-editor\" data-id=\"fa0fda4\" data-element_type=\"widget\" data-e-type=\"widget\" data-widget_type=\"text-editor.default\">\n\t\t\t\t<div class=\"elementor-widget-container\">\n\t\t\t\t\t\t\t\t\t<ul data-start=\"1342\" data-end=\"1557\"><li data-start=\"1342\" data-end=\"1392\"><p data-start=\"1344\" data-end=\"1392\">J\u00f3venes que desean iniciar carrera como piloto<\/p><\/li><li data-start=\"1393\" data-end=\"1441\"><p data-start=\"1395\" data-end=\"1441\">Profesionales que quieren cambiar de carrera<\/p><\/li><li data-start=\"1442\" data-end=\"1495\"><p data-start=\"1444\" data-end=\"1495\">Pilotos privados que desean continuar a Comercial<\/p><\/li><li data-start=\"1496\" data-end=\"1557\"><p data-start=\"1498\" data-end=\"1557\">Padres interesados en opciones acad\u00e9micas internacionales<\/p><\/li><\/ul>\t\t\t\t\t\t\t\t<\/div>\n\t\t\t\t<\/div>\n\t\t\t\t<div class=\"elementor-element elementor-element-ec61f4c elementor-widget elementor-widget-text-editor\" data-id=\"ec61f4c\" data-element_type=\"widget\" data-e-type=\"widget\" data-widget_type=\"text-editor.default\">\n\t\t\t\t<div class=\"elementor-widget-container\">\n\t\t\t\t\t\t\t\t\t<p data-start=\"2895\" data-end=\"2924\">Nuestros programas est\u00e1n dise\u00f1ados para llevarle desde cero experiencia hasta piloto comercial profesional.<\/p><ul><li><a href=\"https:\/\/adfairways.net\/private-pilot\/\" target=\"_blank\" rel=\"noopener\">Private Pilot License<\/a><\/li><li><a href=\"https:\/\/adfairways.net\/instrument-rating\/\" target=\"_blank\" rel=\"noopener\">Instrument Rating<\/a><\/li><li data-start=\"2927\" data-end=\"2951\"><a href=\"https:\/\/adfairways.net\/commercial-certificates\/\" target=\"_blank\" rel=\"noopener\">Commercial Pilot License\u00a0<\/a><\/li><li data-start=\"2927\" data-end=\"2951\"><a href=\"https:\/\/adfairways.net\/multi-add-on\/\" target=\"_blank\" rel=\"noopener\">Multi-Engine Rating<\/a><\/li><\/ul>\t\t\t\t\t\t\t\t<\/div>\n\t\t\t\t<\/div>\n\t\t\t\t\t<\/div>\n\t\t\t\t<\/div>\n\t\t\t\t<\/div>\n\t\t","protected":false},"excerpt":{"rendered":"<p>\u2708\ufe0f Charla Virtual ADF Flight School \u2013 Asunci\u00f3n, Paraguay \ud83c\udf93 Convi\u00e9rtete en Piloto Comercial en Estados Unidos ADF Flight School invita a todos los interesados en convertirse en Piloto Comercial FAA a participar en esta charla virtual exclusiva para Asunci\u00f3n \u2013 Paraguay. En esta sesi\u00f3n informativa conocer\u00e1s c\u00f3mo iniciar tu formaci\u00f3n desde 0 horas hasta [&hellip;]<\/p>\n","protected":false},"author":1,"featured_media":43584,"parent":0,"menu_order":0,"comment_status":"closed","ping_status":"closed","template":"","meta":{"footnotes":""},"class_list":["post-43583","page","type-page","status-publish","has-post-thumbnail","hentry"],"jetpack-related-posts":[{"id":41538,"url":"https:\/\/adfairways.net\/es\/charla-piloto-comercial-asuncion\/","url_meta":{"origin":43583,"position":0},"title":"Charla presencial Asunci\u00f3n Paraguay","author":"adfschool","date":"mayo 8, 2025","format":false,"excerpt":"\u00bfHas so\u00f1ado con volar aviones y convertirte en piloto profesional? Ese sue\u00f1o puede comenzar mucho antes de lo que imaginas, y queremos ayudarte a hacerlo realidad.ADF Flight School, escuela de aviaci\u00f3n con m\u00e1s de 40 a\u00f1os de experiencia y ubicada en Miami, Florida (EE. UU.), te invita a una charla\u2026","rel":"","context":"Entrada similar","block_context":{"text":"Entrada similar","link":""},"img":{"alt_text":"","src":"https:\/\/i0.wp.com\/adfairways.net\/wp-content\/uploads\/2025\/05\/Asuncion-1080x1080-1.jpg?resize=350%2C200&ssl=1","width":350,"height":200,"srcset":"https:\/\/i0.wp.com\/adfairways.net\/wp-content\/uploads\/2025\/05\/Asuncion-1080x1080-1.jpg?resize=350%2C200&ssl=1 1x, https:\/\/i0.wp.com\/adfairways.net\/wp-content\/uploads\/2025\/05\/Asuncion-1080x1080-1.jpg?resize=525%2C300&ssl=1 1.5x, https:\/\/i0.wp.com\/adfairways.net\/wp-content\/uploads\/2025\/05\/Asuncion-1080x1080-1.jpg?resize=700%2C400&ssl=1 2x, https:\/\/i0.wp.com\/adfairways.net\/wp-content\/uploads\/2025\/05\/Asuncion-1080x1080-1.jpg?resize=1050%2C600&ssl=1 3x"},"classes":[]},{"id":43184,"url":"https:\/\/adfairways.net\/es\/charla-virtual-en-tegucigalpa\/","url_meta":{"origin":43583,"position":1},"title":"Charla Virtual en Tegucigalpa: C\u00f3mo Convertirte en Piloto Comercial en EE. UU. \u2013 ADF Flight School","author":"adfschool","date":"noviembre 6, 2025","format":false,"excerpt":"\u2708\ufe0f \u2b50 Convi\u00e9rtete en Piloto Comercial en EE. UU. \u2013 Charla Virtual para Honduras \ud83c\udf0d \u00bfQuieres ser piloto comercial y estudiar en Estados Unidos? ADF Flight School te invita a una charla virtual exclusiva para Honduras este 27 de noviembre 2025. Descubre requisitos, costos, becas y oportunidades laborales. \u00a1Reg\u00edstrate gratis!\u2026","rel":"","context":"Entrada similar","block_context":{"text":"Entrada similar","link":""},"img":{"alt_text":"","src":"https:\/\/i0.wp.com\/adfairways.net\/wp-content\/uploads\/2025\/11\/Tegucigalpa-1080x1080-1.jpg?resize=350%2C200&ssl=1","width":350,"height":200,"srcset":"https:\/\/i0.wp.com\/adfairways.net\/wp-content\/uploads\/2025\/11\/Tegucigalpa-1080x1080-1.jpg?resize=350%2C200&ssl=1 1x, https:\/\/i0.wp.com\/adfairways.net\/wp-content\/uploads\/2025\/11\/Tegucigalpa-1080x1080-1.jpg?resize=525%2C300&ssl=1 1.5x, https:\/\/i0.wp.com\/adfairways.net\/wp-content\/uploads\/2025\/11\/Tegucigalpa-1080x1080-1.jpg?resize=700%2C400&ssl=1 2x, https:\/\/i0.wp.com\/adfairways.net\/wp-content\/uploads\/2025\/11\/Tegucigalpa-1080x1080-1.jpg?resize=1050%2C600&ssl=1 3x"},"classes":[]},{"id":42998,"url":"https:\/\/adfairways.net\/es\/charla-virtual-en-guatemala-conviertete-en-piloto-comercial\/","url_meta":{"origin":43583,"position":2},"title":"Charla Virtual en Guatemala Convi\u00e9rtete en Piloto Comercial","author":"adfschool","date":"septiembre 25, 2025","format":false,"excerpt":"\u2708\ufe0f Charla Virtual en Ciudad de Guatemala \u2013 Convi\u00e9rtete en Piloto Comercial en EE. UU \ud83c\udf0d \u00bfVives en Guatemala y sue\u00f1as con ser piloto comercial para trabajar en aerol\u00edneas internacionales? Esta es tu oportunidad de dar el primer paso hacia tu futuro profesional en la aviaci\u00f3n. ADF Flight School, una\u2026","rel":"","context":"Entrada similar","block_context":{"text":"Entrada similar","link":""},"img":{"alt_text":"","src":"https:\/\/i0.wp.com\/adfairways.net\/wp-content\/uploads\/2025\/09\/Guatemala-1080x1080-1.jpg?resize=350%2C200&ssl=1","width":350,"height":200,"srcset":"https:\/\/i0.wp.com\/adfairways.net\/wp-content\/uploads\/2025\/09\/Guatemala-1080x1080-1.jpg?resize=350%2C200&ssl=1 1x, https:\/\/i0.wp.com\/adfairways.net\/wp-content\/uploads\/2025\/09\/Guatemala-1080x1080-1.jpg?resize=525%2C300&ssl=1 1.5x, https:\/\/i0.wp.com\/adfairways.net\/wp-content\/uploads\/2025\/09\/Guatemala-1080x1080-1.jpg?resize=700%2C400&ssl=1 2x, https:\/\/i0.wp.com\/adfairways.net\/wp-content\/uploads\/2025\/09\/Guatemala-1080x1080-1.jpg?resize=1050%2C600&ssl=1 3x"},"classes":[]},{"id":42812,"url":"https:\/\/adfairways.net\/es\/charla-virtual-piloto-comercial-madrid-espana\/","url_meta":{"origin":43583,"position":3},"title":"Charla Virtual Piloto Comercial Madrid, Espa\u00f1a","author":"adfschool","date":"septiembre 3, 2025","format":false,"excerpt":"\u00bfSue\u00f1as con ser piloto de aerol\u00ednea y volar alrededor del mundo? \ud83c\udf0d Si vives en Madrid o cualquier ciudad de Espa\u00f1a, esta es tu oportunidad para descubrir c\u00f3mo iniciar tu formaci\u00f3n como Piloto Comercial con una escuela de aviaci\u00f3n reconocida en Estados Unidos. \u2708\ufe0f C\u00f3mo Convertirte en Piloto Comercial desde\u2026","rel":"","context":"Entrada similar","block_context":{"text":"Entrada similar","link":""},"img":{"alt_text":"","src":"https:\/\/i0.wp.com\/adfairways.net\/wp-content\/uploads\/2025\/09\/Espana-1080x1080-1.jpg?resize=350%2C200&ssl=1","width":350,"height":200,"srcset":"https:\/\/i0.wp.com\/adfairways.net\/wp-content\/uploads\/2025\/09\/Espana-1080x1080-1.jpg?resize=350%2C200&ssl=1 1x, https:\/\/i0.wp.com\/adfairways.net\/wp-content\/uploads\/2025\/09\/Espana-1080x1080-1.jpg?resize=525%2C300&ssl=1 1.5x, https:\/\/i0.wp.com\/adfairways.net\/wp-content\/uploads\/2025\/09\/Espana-1080x1080-1.jpg?resize=700%2C400&ssl=1 2x, https:\/\/i0.wp.com\/adfairways.net\/wp-content\/uploads\/2025\/09\/Espana-1080x1080-1.jpg?resize=1050%2C600&ssl=1 3x"},"classes":[]},{"id":42962,"url":"https:\/\/adfairways.net\/es\/conviertete-en-piloto-comercial-charla-presencial-lima\/","url_meta":{"origin":43583,"position":4},"title":"Convi\u00e9rtete en Piloto Comercial &#8211; Charla Presencial Lima","author":"adfschool","date":"septiembre 11, 2025","format":false,"excerpt":"\u2708\ufe0f Charla Presencial en Lima \u2013 Convi\u00e9rtete en Piloto Comercial en EE. UU. \ud83c\udf0d \u00bfVives en Lima y sue\u00f1as con ser piloto comercial y trabajar en aerol\u00edneas internacionales? Esta es tu oportunidad de dar el primer paso hacia tu futuro profesional en la aviaci\u00f3n. ADF Flight School, escuela de aviaci\u00f3n\u2026","rel":"","context":"Entrada similar","block_context":{"text":"Entrada similar","link":""},"img":{"alt_text":"","src":"https:\/\/i0.wp.com\/adfairways.net\/wp-content\/uploads\/2025\/09\/Lima-1080x1080-2.jpg?resize=350%2C200&ssl=1","width":350,"height":200,"srcset":"https:\/\/i0.wp.com\/adfairways.net\/wp-content\/uploads\/2025\/09\/Lima-1080x1080-2.jpg?resize=350%2C200&ssl=1 1x, https:\/\/i0.wp.com\/adfairways.net\/wp-content\/uploads\/2025\/09\/Lima-1080x1080-2.jpg?resize=525%2C300&ssl=1 1.5x, https:\/\/i0.wp.com\/adfairways.net\/wp-content\/uploads\/2025\/09\/Lima-1080x1080-2.jpg?resize=700%2C400&ssl=1 2x, https:\/\/i0.wp.com\/adfairways.net\/wp-content\/uploads\/2025\/09\/Lima-1080x1080-2.jpg?resize=1050%2C600&ssl=1 3x"},"classes":[]},{"id":42838,"url":"https:\/\/adfairways.net\/es\/charla-virtual-buenos-aires\/","url_meta":{"origin":43583,"position":5},"title":"Charla Virtual en Buenos Aires","author":"adfschool","date":"septiembre 5, 2025","format":false,"excerpt":"\ud83c\udf0d \u00bfVives en Buenos Aires y sue\u00f1as con convertirte en piloto comercial y trabajar en aerol\u00edneas de todo el mundo?Esta es tu oportunidad. ADF Flight School, escuela de aviaci\u00f3n con m\u00e1s de 40 a\u00f1os de experiencia en Miami, Florida (EE. UU.), te invita a una charla virtual gratuita donde descubrir\u00e1s\u2026","rel":"","context":"Entrada similar","block_context":{"text":"Entrada similar","link":""},"img":{"alt_text":"","src":"https:\/\/i0.wp.com\/adfairways.net\/wp-content\/uploads\/2025\/09\/Buenos-Aires-1080x1080-1.jpg?resize=350%2C200&ssl=1","width":350,"height":200,"srcset":"https:\/\/i0.wp.com\/adfairways.net\/wp-content\/uploads\/2025\/09\/Buenos-Aires-1080x1080-1.jpg?resize=350%2C200&ssl=1 1x, https:\/\/i0.wp.com\/adfairways.net\/wp-content\/uploads\/2025\/09\/Buenos-Aires-1080x1080-1.jpg?resize=525%2C300&ssl=1 1.5x, https:\/\/i0.wp.com\/adfairways.net\/wp-content\/uploads\/2025\/09\/Buenos-Aires-1080x1080-1.jpg?resize=700%2C400&ssl=1 2x, https:\/\/i0.wp.com\/adfairways.net\/wp-content\/uploads\/2025\/09\/Buenos-Aires-1080x1080-1.jpg?resize=1050%2C600&ssl=1 3x"},"classes":[]}],"jetpack_sharing_enabled":true,"_links":{"self":[{"href":"https:\/\/adfairways.net\/es\/wp-json\/wp\/v2\/pages\/43583","targetHints":{"allow":["GET"]}}],"collection":[{"href":"https:\/\/adfairways.net\/es\/wp-json\/wp\/v2\/pages"}],"about":[{"href":"https:\/\/adfairways.net\/es\/wp-json\/wp\/v2\/types\/page"}],"author":[{"embeddable":true,"href":"https:\/\/adfairways.net\/es\/wp-json\/wp\/v2\/users\/1"}],"replies":[{"embeddable":true,"href":"https:\/\/adfairways.net\/es\/wp-json\/wp\/v2\/comments?post=43583"}],"version-history":[{"count":13,"href":"https:\/\/adfairways.net\/es\/wp-json\/wp\/v2\/pages\/43583\/revisions"}],"predecessor-version":[{"id":43677,"href":"https:\/\/adfairways.net\/es\/wp-json\/wp\/v2\/pages\/43583\/revisions\/43677"}],"wp:featuredmedia":[{"embeddable":true,"href":"https:\/\/adfairways.net\/es\/wp-json\/wp\/v2\/media\/43584"}],"wp:attachment":[{"href":"https:\/\/adfairways.net\/es\/wp-json\/wp\/v2\/media?parent=43583"}],"curies":[{"name":"wp","href":"https:\/\/api.w.org\/{rel}","templated":true}]}}