{"id":43532,"date":"2026-02-17T09:58:31","date_gmt":"2026-02-17T14:58:31","guid":{"rendered":"https:\/\/adfairways.net\/?page_id=43532"},"modified":"2026-02-17T10:50:54","modified_gmt":"2026-02-17T15:50:54","slug":"escuela-de-aviacion-en-miami-para-guatemala","status":"publish","type":"page","link":"https:\/\/adfairways.net\/es\/escuela-de-aviacion-en-miami-para-guatemala\/","title":{"rendered":"Estudie Aviaci\u00f3n en Miami y Obtenga su Certificaci\u00f3n FAA"},"content":{"rendered":"\t\t<div data-elementor-type=\"wp-post\" data-elementor-id=\"43532\" class=\"elementor elementor-43532\" data-elementor-post-type=\"page\">\n\t\t\t\t\t\t<section class=\"elementor-section elementor-top-section elementor-element elementor-element-e67ddd3 elementor-section-boxed elementor-section-height-default elementor-section-height-default\" data-id=\"e67ddd3\" data-element_type=\"section\" data-e-type=\"section\">\n\t\t\t\t\t\t<div class=\"elementor-container elementor-column-gap-default\">\n\t\t\t\t\t<div class=\"elementor-column elementor-col-100 elementor-top-column elementor-element elementor-element-f8523be top column-style-top\" data-id=\"f8523be\" data-element_type=\"column\" data-e-type=\"column\">\n\t\t\t<div class=\"elementor-widget-wrap elementor-element-populated\">\n\t\t\t\t\t\t<div class=\"elementor-element elementor-element-45fed57 elementor-widget elementor-widget-heading\" data-id=\"45fed57\" data-element_type=\"widget\" data-e-type=\"widget\" data-widget_type=\"heading.default\">\n\t\t\t\t<div class=\"elementor-widget-container\">\n\t\t\t\t\t<h2 class=\"elementor-heading-title elementor-size-default\">Escuela de Aviaci\u00f3n para Estudiantes de Guatemala<\/h2>\t\t\t\t<\/div>\n\t\t\t\t<\/div>\n\t\t\t\t<div class=\"elementor-element elementor-element-64d576b elementor-widget elementor-widget-heading\" data-id=\"64d576b\" data-element_type=\"widget\" data-e-type=\"widget\" data-widget_type=\"heading.default\">\n\t\t\t\t<div class=\"elementor-widget-container\">\n\t\t\t\t\t<h4 class=\"elementor-heading-title elementor-size-default\">Convi\u00e9rtase en Piloto Profesional con Licencia Internacional<\/h4>\t\t\t\t<\/div>\n\t\t\t\t<\/div>\n\t\t\t\t<div class=\"elementor-element elementor-element-347ffc0 elementor-widget elementor-widget-text-editor\" data-id=\"347ffc0\" data-element_type=\"widget\" data-e-type=\"widget\" data-widget_type=\"text-editor.default\">\n\t\t\t\t<div class=\"elementor-widget-container\">\n\t\t\t\t\t\t\t\t\t<p data-start=\"1048\" data-end=\"1203\">Si vive en<strong> Guatemala<\/strong> y sue\u00f1a con convertirse en piloto profesional, esta es su oportunidad de formarse en una de las mejores escuelas de aviaci\u00f3n en Miami.<\/p><p data-start=\"1205\" data-end=\"1396\">ADF Flight School ofrece programas completos de formaci\u00f3n aeron\u00e1utica con certificaci\u00f3n de la <strong data-start=\"1299\" data-end=\"1340\">Federal Aviation Administration (FAA)<\/strong>, lo que le permite ejercer como piloto a nivel mundial.<\/p><p data-start=\"1398\" data-end=\"1533\">Nuestra academia est\u00e1 ubicada en Miami Executive Airport, una de las zonas m\u00e1s estrat\u00e9gicas para entrenamiento a\u00e9reo en Estados Unidos.<\/p>\t\t\t\t\t\t\t\t<\/div>\n\t\t\t\t<\/div>\n\t\t\t\t\t<\/div>\n\t\t<\/div>\n\t\t\t\t\t<\/div>\n\t\t<\/section>\n\t\t\t\t<section class=\"elementor-section elementor-top-section elementor-element elementor-element-256f0f1 elementor-section-boxed elementor-section-height-default elementor-section-height-default\" data-id=\"256f0f1\" data-element_type=\"section\" data-e-type=\"section\">\n\t\t\t\t\t\t<div class=\"elementor-container elementor-column-gap-default\">\n\t\t\t\t\t<div class=\"elementor-column elementor-col-100 elementor-top-column elementor-element elementor-element-819b8c2 top column-style-top\" data-id=\"819b8c2\" data-element_type=\"column\" data-e-type=\"column\">\n\t\t\t<div class=\"elementor-widget-wrap elementor-element-populated\">\n\t\t\t\t\t\t<div class=\"elementor-element elementor-element-664ae18 elementor-widget elementor-widget-image\" data-id=\"664ae18\" data-element_type=\"widget\" data-e-type=\"widget\" data-widget_type=\"image.default\">\n\t\t\t\t<div class=\"elementor-widget-container\">\n\t\t\t\t\t\t\t\t\t\t\t\t\t\t\t<img fetchpriority=\"high\" decoding=\"async\" width=\"1680\" height=\"561\" src=\"https:\/\/adfairways.net\/wp-content\/uploads\/2026\/02\/Guatemala-1680x561-1.jpg\" class=\"attachment-full size-full wp-image-43541\" alt=\"\" srcset=\"https:\/\/adfairways.net\/wp-content\/uploads\/2026\/02\/Guatemala-1680x561-1.jpg 1680w, https:\/\/adfairways.net\/wp-content\/uploads\/2026\/02\/Guatemala-1680x561-1-1024x342.jpg 1024w, https:\/\/adfairways.net\/wp-content\/uploads\/2026\/02\/Guatemala-1680x561-1-768x256.jpg 768w, https:\/\/adfairways.net\/wp-content\/uploads\/2026\/02\/Guatemala-1680x561-1-1320x441.jpg 1320w\" sizes=\"(max-width: 1680px) 100vw, 1680px\" \/>\t\t\t\t\t\t\t\t\t\t\t\t\t\t\t<\/div>\n\t\t\t\t<\/div>\n\t\t\t\t<div class=\"elementor-element elementor-element-4a3c779 elementor-widget elementor-widget-heading\" data-id=\"4a3c779\" data-element_type=\"widget\" data-e-type=\"widget\" data-widget_type=\"heading.default\">\n\t\t\t\t<div class=\"elementor-widget-container\">\n\t\t\t\t\t<h2 class=\"elementor-heading-title elementor-size-default\"><img decoding=\"async\" role=\"img\" class=\"emoji\" alt=\"\ud83d\udeeb\" src=\"https:\/\/s.w.org\/images\/core\/emoji\/17.0.2\/svg\/1f6eb.svg\">Obt\u00e9n una certificaci\u00f3n FAA reconocida por las aerol\u00edneas l\u00edderes en todos los continentes. <img decoding=\"async\" role=\"img\" class=\"emoji\" alt=\"\u2708\ufe0f\" src=\"https:\/\/s.w.org\/images\/core\/emoji\/17.0.2\/svg\/2708.svg\"><\/h2>\t\t\t\t<\/div>\n\t\t\t\t<\/div>\n\t\t\t\t<div class=\"elementor-element elementor-element-8144b53 elementor-widget elementor-widget-text-editor\" data-id=\"8144b53\" data-element_type=\"widget\" data-e-type=\"widget\" data-widget_type=\"text-editor.default\">\n\t\t\t\t<div class=\"elementor-widget-container\">\n\t\t\t\t\t\t\t\t\t<p>Si vive en Guatemala y desea estudiar aviaci\u00f3n en Miami, este es el momento de dar el primer paso.<\/p>\t\t\t\t\t\t\t\t<\/div>\n\t\t\t\t<\/div>\n\t\t\t\t\t<\/div>\n\t\t<\/div>\n\t\t\t\t\t<\/div>\n\t\t<\/section>\n\t\t\t\t<section class=\"elementor-section elementor-top-section elementor-element elementor-element-eaffbe7 elementor-section-boxed elementor-section-height-default elementor-section-height-default\" data-id=\"eaffbe7\" data-element_type=\"section\" data-e-type=\"section\">\n\t\t\t\t\t\t<div class=\"elementor-container elementor-column-gap-default\">\n\t\t\t\t\t<div class=\"elementor-column elementor-col-50 elementor-top-column elementor-element elementor-element-a654b6f top column-style-top\" data-id=\"a654b6f\" data-element_type=\"column\" data-e-type=\"column\">\n\t\t\t<div class=\"elementor-widget-wrap elementor-element-populated\">\n\t\t\t\t\t\t<div class=\"elementor-element elementor-element-d2ffe35 elementor-widget elementor-widget-heading\" data-id=\"d2ffe35\" data-element_type=\"widget\" data-e-type=\"widget\" data-widget_type=\"heading.default\">\n\t\t\t\t<div class=\"elementor-widget-container\">\n\t\t\t\t\t<h4 class=\"elementor-heading-title elementor-size-default\">Ventajas de Estudiar Aviaci\u00f3n en Estados Unidos<\/h4>\t\t\t\t<\/div>\n\t\t\t\t<\/div>\n\t\t\t\t<div class=\"elementor-element elementor-element-774be0f elementor-widget elementor-widget-text-editor\" data-id=\"774be0f\" data-element_type=\"widget\" data-e-type=\"widget\" data-widget_type=\"text-editor.default\">\n\t\t\t\t<div class=\"elementor-widget-container\">\n\t\t\t\t\t\t\t\t\t<ul><li data-start=\"1640\" data-end=\"1697\">Certificaci\u00f3n oficial FAA reconocida internacionalmente<\/li><li data-start=\"1700\" data-end=\"1753\">Entrenamiento en espacio a\u00e9reo altamente controlado<\/li><li data-start=\"1756\" data-end=\"1799\">Flota moderna y mantenimiento certificado<\/li><li data-start=\"1802\" data-end=\"1846\">Instructores con experiencia internacional<\/li><li data-start=\"1849\" data-end=\"1889\">Clima favorable para volar todo el a\u00f1o<\/li><li data-start=\"1892\" data-end=\"1950\">Conexi\u00f3n directa con aerol\u00edneas y oportunidades globales.<\/li><\/ul><p>Estudiar aviaci\u00f3n en Miami le brinda una preparaci\u00f3n competitiva para trabajar en aerol\u00edneas comerciales en cualquier parte del mundo.<\/p>\t\t\t\t\t\t\t\t<\/div>\n\t\t\t\t<\/div>\n\t\t\t\t\t<\/div>\n\t\t<\/div>\n\t\t\t\t<div class=\"elementor-column elementor-col-50 elementor-top-column elementor-element elementor-element-56142a9 top column-style-top\" data-id=\"56142a9\" data-element_type=\"column\" data-e-type=\"column\">\n\t\t\t<div class=\"elementor-widget-wrap elementor-element-populated\">\n\t\t\t\t\t\t<div class=\"elementor-element elementor-element-9882e89 elementor-widget elementor-widget-heading\" data-id=\"9882e89\" data-element_type=\"widget\" data-e-type=\"widget\" data-widget_type=\"heading.default\">\n\t\t\t\t<div class=\"elementor-widget-container\">\n\t\t\t\t\t<h2 class=\"elementor-heading-title elementor-size-default\"><b data-path-to-node=\"18\" data-index-in-node=\"36\">\u00a1QUIERO SER PILOTO<\/b><\/h2>\t\t\t\t<\/div>\n\t\t\t\t<\/div>\n\t\t\t\t<div class=\"elementor-element elementor-element-666287e elementor-widget elementor-widget-heading\" data-id=\"666287e\" data-element_type=\"widget\" data-e-type=\"widget\" data-widget_type=\"heading.default\">\n\t\t\t\t<div class=\"elementor-widget-container\">\n\t\t\t\t\t<h6 class=\"elementor-heading-title elementor-size-default\">Charla Virtual Exclusiva para Guatemala \u2013 5 de Marzo<\/h6>\t\t\t\t<\/div>\n\t\t\t\t<\/div>\n\t\t\t\t<div class=\"elementor-element elementor-element-756d7ce elementor-widget elementor-widget-html\" data-id=\"756d7ce\" data-element_type=\"widget\" data-e-type=\"widget\" data-widget_type=\"html.default\">\n\t\t\t\t<div class=\"elementor-widget-container\">\n\t\t\t\t\t<script type=\"text\/javascript\" src=\"https:\/\/api.clientify.net\/web-marketing\/superforms\/script\/275882.js\"><\/script>\t\t\t\t<\/div>\n\t\t\t\t<\/div>\n\t\t\t\t\t<\/div>\n\t\t<\/div>\n\t\t\t\t\t<\/div>\n\t\t<\/section>\n\t\t<div class=\"elementor-element elementor-element-a44dd15 e-flex e-con-boxed e-con e-parent\" data-id=\"a44dd15\" data-element_type=\"container\" data-e-type=\"container\">\n\t\t\t\t\t<div class=\"e-con-inner\">\n\t\t<div class=\"elementor-element elementor-element-853ed99 e-con-full e-flex e-con e-child\" data-id=\"853ed99\" data-element_type=\"container\" data-e-type=\"container\">\n\t\t\t\t<div class=\"elementor-element elementor-element-fe3a26e elementor-widget elementor-widget-heading\" data-id=\"fe3a26e\" data-element_type=\"widget\" data-e-type=\"widget\" data-widget_type=\"heading.default\">\n\t\t\t\t<div class=\"elementor-widget-container\">\n\t\t\t\t\t<h2 class=\"elementor-heading-title elementor-size-default\"><img decoding=\"async\" role=\"img\" class=\"emoji\" alt=\"\ud83d\udcc5\" src=\"https:\/\/s.w.org\/images\/core\/emoji\/17.0.2\/svg\/1f4c5.svg\"> Evento <\/h2>\t\t\t\t<\/div>\n\t\t\t\t<\/div>\n\t\t\t\t<div class=\"elementor-element elementor-element-5c42603 elementor-widget elementor-widget-text-editor\" data-id=\"5c42603\" data-element_type=\"widget\" data-e-type=\"widget\" data-widget_type=\"text-editor.default\">\n\t\t\t\t<div class=\"elementor-widget-container\">\n\t\t\t\t\t\t\t\t\t<p data-start=\"2203\" data-end=\"2364\">ADF Flight School invita a todas las personas que viven en Ciudad de Guatemala y en todo el pa\u00eds a participar en nuestra <strong data-start=\"2324\" data-end=\"2363\">Charla Virtual Informativa v\u00eda Zoom<\/strong>.<\/p><ul><li data-path-to-node=\"18,0,0\">\ud83d\udccd <b data-path-to-node=\"18,0,0\" data-index-in-node=\"3\">Ubicaci\u00f3n:<\/b> Virtual v\u00eda Zoom (Exclusivo para Costa Rica).<\/li><li data-path-to-node=\"18,0,0\">\ud83d\udcc5 <b data-path-to-node=\"18,1,0\" data-index-in-node=\"3\">Fecha:<\/b> 5 de marzo de 2026.<\/li><li data-path-to-node=\"18,0,0\">\u23f0 <b data-path-to-node=\"18,2,0\" data-index-in-node=\"2\">Hora:<\/b> 7:00PM (Guatemala).<\/li><li data-path-to-node=\"18,0,0\">\ud83d\udcb0 <b data-path-to-node=\"18,3,0\" data-index-in-node=\"3\">Costo:<\/b> Acceso gratuito con registro previo.<\/li><li style=\"list-style-type: none;\">\u00a0<\/li><\/ul>\t\t\t\t\t\t\t\t<\/div>\n\t\t\t\t<\/div>\n\t\t\t\t<\/div>\n\t\t<div class=\"elementor-element elementor-element-44b9fbc e-con-full e-flex e-con e-child\" data-id=\"44b9fbc\" data-element_type=\"container\" data-e-type=\"container\">\n\t\t\t\t<div class=\"elementor-element elementor-element-4a013e1 elementor-widget elementor-widget-text-editor\" data-id=\"4a013e1\" data-element_type=\"widget\" data-e-type=\"widget\" data-widget_type=\"text-editor.default\">\n\t\t\t\t<div class=\"elementor-widget-container\">\n\t\t\t\t\t\t\t\t\t<ul><li data-start=\"2392\" data-end=\"2447\"><p data-start=\"2394\" data-end=\"2447\">Requisitos para estudiar aviaci\u00f3n en Estados Unidos<\/p><\/li><li data-start=\"2448\" data-end=\"2487\"><p data-start=\"2450\" data-end=\"2487\">Costos y opciones de financiamiento<\/p><\/li><li data-start=\"2488\" data-end=\"2521\"><p data-start=\"2490\" data-end=\"2521\">Proceso de visa de estudiante<\/p><\/li><li data-start=\"2522\" data-end=\"2551\"><p data-start=\"2524\" data-end=\"2551\">Duraci\u00f3n de los programas<\/p><\/li><li data-start=\"2552\" data-end=\"2592\"><p data-start=\"2554\" data-end=\"2592\">Oportunidades laborales al graduarse<\/p><\/li><li data-start=\"2593\" data-end=\"2636\"><p data-start=\"2595\" data-end=\"2636\">Conversi\u00f3n de licencias internacionales<\/p><\/li><\/ul>\t\t\t\t\t\t\t\t<\/div>\n\t\t\t\t<\/div>\n\t\t\t\t<\/div>\n\t\t\t\t\t<\/div>\n\t\t\t\t<\/div>\n\t\t<div class=\"elementor-element elementor-element-0d78070 e-flex e-con-boxed e-con e-parent\" data-id=\"0d78070\" data-element_type=\"container\" data-e-type=\"container\">\n\t\t\t\t\t<div class=\"e-con-inner\">\n\t\t\t\t<div class=\"elementor-element elementor-element-dd3f5ef elementor-widget elementor-widget-heading\" data-id=\"dd3f5ef\" data-element_type=\"widget\" data-e-type=\"widget\" data-widget_type=\"heading.default\">\n\t\t\t\t<div class=\"elementor-widget-container\">\n\t\t\t\t\t<h2 class=\"elementor-heading-title elementor-size-default\">Programas Disponibles en ADF Flight School<\/h2>\t\t\t\t<\/div>\n\t\t\t\t<\/div>\n\t\t\t\t<div class=\"elementor-element elementor-element-fa0fda4 elementor-widget elementor-widget-text-editor\" data-id=\"fa0fda4\" data-element_type=\"widget\" data-e-type=\"widget\" data-widget_type=\"text-editor.default\">\n\t\t\t\t<div class=\"elementor-widget-container\">\n\t\t\t\t\t\t\t\t\t<p><strong>ADF Flight School<\/strong> opera desde Miami Executive Airport, una de las bases de entrenamiento m\u00e1s reconocidas del sur de Florida, con alto tr\u00e1fico a\u00e9reo que prepara a nuestros estudiantes para escenarios reales de aviaci\u00f3n comercial.<\/p>\t\t\t\t\t\t\t\t<\/div>\n\t\t\t\t<\/div>\n\t\t\t\t<div class=\"elementor-element elementor-element-ec61f4c elementor-widget elementor-widget-text-editor\" data-id=\"ec61f4c\" data-element_type=\"widget\" data-e-type=\"widget\" data-widget_type=\"text-editor.default\">\n\t\t\t\t<div class=\"elementor-widget-container\">\n\t\t\t\t\t\t\t\t\t<p data-start=\"2895\" data-end=\"2924\">Nuestros programas est\u00e1n dise\u00f1ados para llevarle desde cero experiencia hasta piloto comercial profesional.<\/p><ul><li><a href=\"https:\/\/adfairways.net\/private-pilot\/\" target=\"_blank\" rel=\"noopener\">Private Pilot License<\/a><\/li><li><a href=\"https:\/\/adfairways.net\/instrument-rating\/\" target=\"_blank\" rel=\"noopener\">Instrument Rating<\/a><\/li><li data-start=\"2927\" data-end=\"2951\"><a href=\"https:\/\/adfairways.net\/commercial-certificates\/\" target=\"_blank\" rel=\"noopener\">Commercial Pilot License\u00a0<\/a><\/li><li data-start=\"2927\" data-end=\"2951\"><a href=\"https:\/\/adfairways.net\/multi-add-on\/\" target=\"_blank\" rel=\"noopener\">Multi-Engine Rating<\/a><\/li><\/ul>\t\t\t\t\t\t\t\t<\/div>\n\t\t\t\t<\/div>\n\t\t\t\t\t<\/div>\n\t\t\t\t<\/div>\n\t\t\t\t<\/div>\n\t\t","protected":false},"excerpt":{"rendered":"<p>Escuela de Aviaci\u00f3n para Estudiantes de Guatemala Convi\u00e9rtase en Piloto Profesional con Licencia Internacional Si vive en Guatemala y sue\u00f1a con convertirse en piloto profesional, esta es su oportunidad de formarse en una de las mejores escuelas de aviaci\u00f3n en Miami. ADF Flight School ofrece programas completos de formaci\u00f3n aeron\u00e1utica con certificaci\u00f3n de la Federal [&hellip;]<\/p>\n","protected":false},"author":1,"featured_media":43535,"parent":0,"menu_order":0,"comment_status":"closed","ping_status":"closed","template":"","meta":{"footnotes":""},"class_list":["post-43532","page","type-page","status-publish","has-post-thumbnail","hentry"],"jetpack-related-posts":[{"id":42998,"url":"https:\/\/adfairways.net\/es\/charla-virtual-en-guatemala-conviertete-en-piloto-comercial\/","url_meta":{"origin":43532,"position":0},"title":"Charla Virtual en Guatemala Convi\u00e9rtete en Piloto Comercial","author":"adfschool","date":"septiembre 25, 2025","format":false,"excerpt":"\u2708\ufe0f Charla Virtual en Ciudad de Guatemala \u2013 Convi\u00e9rtete en Piloto Comercial en EE. UU \ud83c\udf0d \u00bfVives en Guatemala y sue\u00f1as con ser piloto comercial para trabajar en aerol\u00edneas internacionales? Esta es tu oportunidad de dar el primer paso hacia tu futuro profesional en la aviaci\u00f3n. ADF Flight School, una\u2026","rel":"","context":"Entrada similar","block_context":{"text":"Entrada similar","link":""},"img":{"alt_text":"","src":"https:\/\/i0.wp.com\/adfairways.net\/wp-content\/uploads\/2025\/09\/Guatemala-1080x1080-1.jpg?resize=350%2C200&ssl=1","width":350,"height":200,"srcset":"https:\/\/i0.wp.com\/adfairways.net\/wp-content\/uploads\/2025\/09\/Guatemala-1080x1080-1.jpg?resize=350%2C200&ssl=1 1x, https:\/\/i0.wp.com\/adfairways.net\/wp-content\/uploads\/2025\/09\/Guatemala-1080x1080-1.jpg?resize=525%2C300&ssl=1 1.5x, https:\/\/i0.wp.com\/adfairways.net\/wp-content\/uploads\/2025\/09\/Guatemala-1080x1080-1.jpg?resize=700%2C400&ssl=1 2x, https:\/\/i0.wp.com\/adfairways.net\/wp-content\/uploads\/2025\/09\/Guatemala-1080x1080-1.jpg?resize=1050%2C600&ssl=1 3x"},"classes":[]},{"id":40297,"url":"https:\/\/adfairways.net\/es\/guatemala-estudiar-aviacion-miami-piloto-comercial\/","url_meta":{"origin":43532,"position":1},"title":"\ud83c\udfc5\ud83c\uddec\ud83c\uddf9 \u00a1Convi\u00e9rtete en Piloto Comercial! \u2708\ufe0f Estudia Aviaci\u00f3n en Miami con ADF Flight School \ud83c\udf34\ud83d\udcbc","author":"adfschool","date":"marzo 17, 2025","format":false,"excerpt":"\ud83c\udf0d \u00bfVives en Guatemala y sue\u00f1as con ser piloto comercial? \u2708\ufe0f Descubre c\u00f3mo estudiar en Miami con ADF Flight School Si tu sue\u00f1o es convertirte en\u00a0piloto comercial\u00a0y obtener una licencia con\u00a0certificaci\u00f3n FAA\u00a0que te permita trabajar en aerol\u00edneas de todo el mundo, esta es tu oportunidad. ADF Flight School, una de\u2026","rel":"","context":"Entrada similar","block_context":{"text":"Entrada similar","link":""},"img":{"alt_text":"","src":"https:\/\/i0.wp.com\/adfairways.net\/wp-content\/uploads\/2025\/03\/Guatemala-1080x1080-1.jpg?resize=350%2C200&ssl=1","width":350,"height":200,"srcset":"https:\/\/i0.wp.com\/adfairways.net\/wp-content\/uploads\/2025\/03\/Guatemala-1080x1080-1.jpg?resize=350%2C200&ssl=1 1x, https:\/\/i0.wp.com\/adfairways.net\/wp-content\/uploads\/2025\/03\/Guatemala-1080x1080-1.jpg?resize=525%2C300&ssl=1 1.5x, https:\/\/i0.wp.com\/adfairways.net\/wp-content\/uploads\/2025\/03\/Guatemala-1080x1080-1.jpg?resize=700%2C400&ssl=1 2x, https:\/\/i0.wp.com\/adfairways.net\/wp-content\/uploads\/2025\/03\/Guatemala-1080x1080-1.jpg?resize=1050%2C600&ssl=1 3x"},"classes":[]},{"id":43642,"url":"https:\/\/adfairways.net\/es\/charla-virtual-santiago-de-chile\/","url_meta":{"origin":43532,"position":2},"title":"Escuela de Aviaci\u00f3n en Miami para Chile | Certificaci\u00f3n FAA","author":"adfschool","date":"febrero 25, 2026","format":false,"excerpt":"Charla Virtual para Santiago de Chile Estudie Aviaci\u00f3n en Miami y Obtenga su Certificaci\u00f3n FAA Si vive en Santiago de Chile o en cualquier ciudad del pa\u00eds y sue\u00f1a con convertirse en piloto profesional, esta charla es para usted. ADF Flight School, ubicada en Miami, Estados Unidos, le invita a\u2026","rel":"","context":"Entrada similar","block_context":{"text":"Entrada similar","link":""},"img":{"alt_text":"Charla Virtual para Santiago de Chile","src":"https:\/\/i0.wp.com\/adfairways.net\/wp-content\/uploads\/2026\/02\/Santiago-de-Chile-1080x1080-1.jpg?resize=350%2C200&ssl=1","width":350,"height":200,"srcset":"https:\/\/i0.wp.com\/adfairways.net\/wp-content\/uploads\/2026\/02\/Santiago-de-Chile-1080x1080-1.jpg?resize=350%2C200&ssl=1 1x, https:\/\/i0.wp.com\/adfairways.net\/wp-content\/uploads\/2026\/02\/Santiago-de-Chile-1080x1080-1.jpg?resize=525%2C300&ssl=1 1.5x, https:\/\/i0.wp.com\/adfairways.net\/wp-content\/uploads\/2026\/02\/Santiago-de-Chile-1080x1080-1.jpg?resize=700%2C400&ssl=1 2x, https:\/\/i0.wp.com\/adfairways.net\/wp-content\/uploads\/2026\/02\/Santiago-de-Chile-1080x1080-1.jpg?resize=1050%2C600&ssl=1 3x"},"classes":[]},{"id":42526,"url":"https:\/\/adfairways.net\/es\/piloto-comercial-quito\/","url_meta":{"origin":43532,"position":3},"title":"Charla Virtual Piloto Comercial Quito, Ecuador","author":"adfschool","date":"julio 30, 2025","format":false,"excerpt":"\u00a1Este es tu momento para despegar tu carrera en la aviaci\u00f3n! \u2708\ufe0f \u00bfVives en Quito y sue\u00f1as con convertirte en piloto comercial? Te invitamos a una charla virtual exclusiva donde descubrir\u00e1s c\u00f3mo puedes estudiar aviaci\u00f3n en Miami, Florida, y obtener tu licencia como piloto comercial con ADF Flight School, una\u2026","rel":"","context":"Entrada similar","block_context":{"text":"Entrada similar","link":""},"img":{"alt_text":"","src":"https:\/\/i0.wp.com\/adfairways.net\/wp-content\/uploads\/2025\/07\/Quito-1080x1080-1.jpg?resize=350%2C200&ssl=1","width":350,"height":200,"srcset":"https:\/\/i0.wp.com\/adfairways.net\/wp-content\/uploads\/2025\/07\/Quito-1080x1080-1.jpg?resize=350%2C200&ssl=1 1x, https:\/\/i0.wp.com\/adfairways.net\/wp-content\/uploads\/2025\/07\/Quito-1080x1080-1.jpg?resize=525%2C300&ssl=1 1.5x, https:\/\/i0.wp.com\/adfairways.net\/wp-content\/uploads\/2025\/07\/Quito-1080x1080-1.jpg?resize=700%2C400&ssl=1 2x, https:\/\/i0.wp.com\/adfairways.net\/wp-content\/uploads\/2025\/07\/Quito-1080x1080-1.jpg?resize=1050%2C600&ssl=1 3x"},"classes":[]},{"id":42962,"url":"https:\/\/adfairways.net\/es\/conviertete-en-piloto-comercial-charla-presencial-lima\/","url_meta":{"origin":43532,"position":4},"title":"Convi\u00e9rtete en Piloto Comercial &#8211; Charla Presencial Lima","author":"adfschool","date":"septiembre 11, 2025","format":false,"excerpt":"\u2708\ufe0f Charla Presencial en Lima \u2013 Convi\u00e9rtete en Piloto Comercial en EE. UU. \ud83c\udf0d \u00bfVives en Lima y sue\u00f1as con ser piloto comercial y trabajar en aerol\u00edneas internacionales? Esta es tu oportunidad de dar el primer paso hacia tu futuro profesional en la aviaci\u00f3n. ADF Flight School, escuela de aviaci\u00f3n\u2026","rel":"","context":"Entrada similar","block_context":{"text":"Entrada similar","link":""},"img":{"alt_text":"","src":"https:\/\/i0.wp.com\/adfairways.net\/wp-content\/uploads\/2025\/09\/Lima-1080x1080-2.jpg?resize=350%2C200&ssl=1","width":350,"height":200,"srcset":"https:\/\/i0.wp.com\/adfairways.net\/wp-content\/uploads\/2025\/09\/Lima-1080x1080-2.jpg?resize=350%2C200&ssl=1 1x, https:\/\/i0.wp.com\/adfairways.net\/wp-content\/uploads\/2025\/09\/Lima-1080x1080-2.jpg?resize=525%2C300&ssl=1 1.5x, https:\/\/i0.wp.com\/adfairways.net\/wp-content\/uploads\/2025\/09\/Lima-1080x1080-2.jpg?resize=700%2C400&ssl=1 2x, https:\/\/i0.wp.com\/adfairways.net\/wp-content\/uploads\/2025\/09\/Lima-1080x1080-2.jpg?resize=1050%2C600&ssl=1 3x"},"classes":[]},{"id":43693,"url":"https:\/\/adfairways.net\/es\/charla-presencial-lima-estudie-aviacion-miami\/","url_meta":{"origin":43532,"position":5},"title":"Charla Presencial en Lima 28 de Marzo | Estudie Aviaci\u00f3n en Miami","author":"adfschool","date":"febrero 26, 2026","format":false,"excerpt":"Tu Primer Paso para Convertirte en Piloto Profesional Charla presencial en Liama, Per\u00fa \u2014 28 de marzo, 10:30 a.m. Si vives en Lima y sue\u00f1as con convertirte en piloto profesional, esta es tu oportunidad.ADF Flight School, ubicada en Miami, Florida, US, te invita a una charla presencial gratuita donde conocer\u00e1s\u2026","rel":"","context":"Entrada similar","block_context":{"text":"Entrada similar","link":""},"img":{"alt_text":"","src":"https:\/\/i0.wp.com\/adfairways.net\/wp-content\/uploads\/2026\/02\/Lima-Peru-1080x1080-1.jpg?resize=350%2C200&ssl=1","width":350,"height":200,"srcset":"https:\/\/i0.wp.com\/adfairways.net\/wp-content\/uploads\/2026\/02\/Lima-Peru-1080x1080-1.jpg?resize=350%2C200&ssl=1 1x, https:\/\/i0.wp.com\/adfairways.net\/wp-content\/uploads\/2026\/02\/Lima-Peru-1080x1080-1.jpg?resize=525%2C300&ssl=1 1.5x, https:\/\/i0.wp.com\/adfairways.net\/wp-content\/uploads\/2026\/02\/Lima-Peru-1080x1080-1.jpg?resize=700%2C400&ssl=1 2x, https:\/\/i0.wp.com\/adfairways.net\/wp-content\/uploads\/2026\/02\/Lima-Peru-1080x1080-1.jpg?resize=1050%2C600&ssl=1 3x"},"classes":[]}],"jetpack_sharing_enabled":true,"_links":{"self":[{"href":"https:\/\/adfairways.net\/es\/wp-json\/wp\/v2\/pages\/43532","targetHints":{"allow":["GET"]}}],"collection":[{"href":"https:\/\/adfairways.net\/es\/wp-json\/wp\/v2\/pages"}],"about":[{"href":"https:\/\/adfairways.net\/es\/wp-json\/wp\/v2\/types\/page"}],"author":[{"embeddable":true,"href":"https:\/\/adfairways.net\/es\/wp-json\/wp\/v2\/users\/1"}],"replies":[{"embeddable":true,"href":"https:\/\/adfairways.net\/es\/wp-json\/wp\/v2\/comments?post=43532"}],"version-history":[{"count":7,"href":"https:\/\/adfairways.net\/es\/wp-json\/wp\/v2\/pages\/43532\/revisions"}],"predecessor-version":[{"id":43549,"href":"https:\/\/adfairways.net\/es\/wp-json\/wp\/v2\/pages\/43532\/revisions\/43549"}],"wp:featuredmedia":[{"embeddable":true,"href":"https:\/\/adfairways.net\/es\/wp-json\/wp\/v2\/media\/43535"}],"wp:attachment":[{"href":"https:\/\/adfairways.net\/es\/wp-json\/wp\/v2\/media?parent=43532"}],"curies":[{"name":"wp","href":"https:\/\/api.w.org\/{rel}","templated":true}]}}