{"id":43452,"date":"2026-01-26T18:04:17","date_gmt":"2026-01-26T23:04:17","guid":{"rendered":"https:\/\/adfairways.net\/?page_id=43452"},"modified":"2026-01-26T18:37:59","modified_gmt":"2026-01-26T23:37:59","slug":"costa-rica-piloto-comercial","status":"publish","type":"page","link":"https:\/\/adfairways.net\/es\/costa-rica-piloto-comercial\/","title":{"rendered":"\u00bfVives en Costa Rica y sue\u00f1as con ser Piloto?"},"content":{"rendered":"\t\t<div data-elementor-type=\"wp-post\" data-elementor-id=\"43452\" class=\"elementor elementor-43452\" data-elementor-post-type=\"page\">\n\t\t\t\t\t\t<section class=\"elementor-section elementor-top-section elementor-element elementor-element-e67ddd3 elementor-section-boxed elementor-section-height-default elementor-section-height-default\" data-id=\"e67ddd3\" data-element_type=\"section\" data-e-type=\"section\">\n\t\t\t\t\t\t<div class=\"elementor-container elementor-column-gap-default\">\n\t\t\t\t\t<div class=\"elementor-column elementor-col-100 elementor-top-column elementor-element elementor-element-f8523be top column-style-top\" data-id=\"f8523be\" data-element_type=\"column\" data-e-type=\"column\">\n\t\t\t<div class=\"elementor-widget-wrap elementor-element-populated\">\n\t\t\t\t\t\t<div class=\"elementor-element elementor-element-45fed57 elementor-widget elementor-widget-heading\" data-id=\"45fed57\" data-element_type=\"widget\" data-e-type=\"widget\" data-widget_type=\"heading.default\">\n\t\t\t\t<div class=\"elementor-widget-container\">\n\t\t\t\t\t<h2 class=\"elementor-heading-title elementor-size-default\">Tu Licencia FAA en Estados Unidos<\/h2>\t\t\t\t<\/div>\n\t\t\t\t<\/div>\n\t\t\t\t<div class=\"elementor-element elementor-element-347ffc0 elementor-widget elementor-widget-text-editor\" data-id=\"347ffc0\" data-element_type=\"widget\" data-e-type=\"widget\" data-widget_type=\"text-editor.default\">\n\t\t\t\t<div class=\"elementor-widget-container\">\n\t\t\t\t\t\t\t\t\t<p>\u00bfBuscas la mejor opci\u00f3n entre las escuelas de aviaci\u00f3n en San Jos\u00e9? Elevamos tus est\u00e1ndares. <b data-path-to-node=\"6\" data-index-in-node=\"107\">ADF Flight School<\/b> te ofrece la oportunidad de formarte en Miami bajo la certificaci\u00f3n m\u00e1s respetada del mundo. \u00danete a nuestra charla exclusiva para Costa Rica y descubre c\u00f3mo despegar hacia una carrera internacional.<\/p>\t\t\t\t\t\t\t\t<\/div>\n\t\t\t\t<\/div>\n\t\t\t\t\t<\/div>\n\t\t<\/div>\n\t\t\t\t\t<\/div>\n\t\t<\/section>\n\t\t\t\t<section class=\"elementor-section elementor-top-section elementor-element elementor-element-256f0f1 elementor-section-boxed elementor-section-height-default elementor-section-height-default\" data-id=\"256f0f1\" data-element_type=\"section\" data-e-type=\"section\">\n\t\t\t\t\t\t<div class=\"elementor-container elementor-column-gap-default\">\n\t\t\t\t\t<div class=\"elementor-column elementor-col-100 elementor-top-column elementor-element elementor-element-819b8c2 top column-style-top\" data-id=\"819b8c2\" data-element_type=\"column\" data-e-type=\"column\">\n\t\t\t<div class=\"elementor-widget-wrap elementor-element-populated\">\n\t\t\t\t\t\t<div class=\"elementor-element elementor-element-664ae18 elementor-widget elementor-widget-image\" data-id=\"664ae18\" data-element_type=\"widget\" data-e-type=\"widget\" data-widget_type=\"image.default\">\n\t\t\t\t<div class=\"elementor-widget-container\">\n\t\t\t\t\t\t\t\t\t\t\t\t\t\t\t<img fetchpriority=\"high\" decoding=\"async\" width=\"1680\" height=\"561\" src=\"https:\/\/adfairways.net\/wp-content\/uploads\/2026\/01\/San-Jose-Costa-Rica-1680x561-1.jpg\" class=\"attachment-full size-full wp-image-43461\" alt=\"\" srcset=\"https:\/\/adfairways.net\/wp-content\/uploads\/2026\/01\/San-Jose-Costa-Rica-1680x561-1.jpg 1680w, https:\/\/adfairways.net\/wp-content\/uploads\/2026\/01\/San-Jose-Costa-Rica-1680x561-1-1024x342.jpg 1024w, https:\/\/adfairways.net\/wp-content\/uploads\/2026\/01\/San-Jose-Costa-Rica-1680x561-1-768x256.jpg 768w, https:\/\/adfairways.net\/wp-content\/uploads\/2026\/01\/San-Jose-Costa-Rica-1680x561-1-1320x441.jpg 1320w\" sizes=\"(max-width: 1680px) 100vw, 1680px\" \/>\t\t\t\t\t\t\t\t\t\t\t\t\t\t\t<\/div>\n\t\t\t\t<\/div>\n\t\t\t\t<div class=\"elementor-element elementor-element-4a3c779 elementor-widget elementor-widget-heading\" data-id=\"4a3c779\" data-element_type=\"widget\" data-e-type=\"widget\" data-widget_type=\"heading.default\">\n\t\t\t\t<div class=\"elementor-widget-container\">\n\t\t\t\t\t<h2 class=\"elementor-heading-title elementor-size-default\"><img decoding=\"async\" role=\"img\" class=\"emoji\" alt=\"\ud83d\udeeb\" src=\"https:\/\/s.w.org\/images\/core\/emoji\/17.0.2\/svg\/1f6eb.svg\">Obt\u00e9n una certificaci\u00f3n FAA reconocida por las aerol\u00edneas l\u00edderes en todos los continentes. <img decoding=\"async\" role=\"img\" class=\"emoji\" alt=\"\u2708\ufe0f\" src=\"https:\/\/s.w.org\/images\/core\/emoji\/17.0.2\/svg\/2708.svg\"><\/h2>\t\t\t\t<\/div>\n\t\t\t\t<\/div>\n\t\t\t\t<div class=\"elementor-element elementor-element-8144b53 elementor-widget elementor-widget-text-editor\" data-id=\"8144b53\" data-element_type=\"widget\" data-e-type=\"widget\" data-widget_type=\"text-editor.default\">\n\t\t\t\t<div class=\"elementor-widget-container\">\n\t\t\t\t\t\t\t\t\t<p>Tu pasi\u00f3n no conoce fronteras. Si vives en Costa Rica y sue\u00f1as con los controles de un avi\u00f3n comercial, el camino comienza aqu\u00ed. Te invitamos a una sesi\u00f3n virtual para explicarte c\u00f3mo estudiar en Miami, dominar el ingl\u00e9s t\u00e9cnico y obtener una licencia que te abrir\u00e1 las puertas del mundo.<\/p>\t\t\t\t\t\t\t\t<\/div>\n\t\t\t\t<\/div>\n\t\t\t\t\t<\/div>\n\t\t<\/div>\n\t\t\t\t\t<\/div>\n\t\t<\/section>\n\t\t\t\t<section class=\"elementor-section elementor-top-section elementor-element elementor-element-eaffbe7 elementor-section-boxed elementor-section-height-default elementor-section-height-default\" data-id=\"eaffbe7\" data-element_type=\"section\" data-e-type=\"section\">\n\t\t\t\t\t\t<div class=\"elementor-container elementor-column-gap-default\">\n\t\t\t\t\t<div class=\"elementor-column elementor-col-50 elementor-top-column elementor-element elementor-element-a654b6f top column-style-top\" data-id=\"a654b6f\" data-element_type=\"column\" data-e-type=\"column\">\n\t\t\t<div class=\"elementor-widget-wrap elementor-element-populated\">\n\t\t\t\t\t\t<div class=\"elementor-element elementor-element-666287e elementor-widget elementor-widget-heading\" data-id=\"666287e\" data-element_type=\"widget\" data-e-type=\"widget\" data-widget_type=\"heading.default\">\n\t\t\t\t<div class=\"elementor-widget-container\">\n\t\t\t\t\t<h4 class=\"elementor-heading-title elementor-size-default\">Lo que descubrir\u00e1s en la escuela de aviacion en Miami:<\/h4>\t\t\t\t<\/div>\n\t\t\t\t<\/div>\n\t\t\t\t<div class=\"elementor-element elementor-element-774be0f elementor-widget elementor-widget-text-editor\" data-id=\"774be0f\" data-element_type=\"widget\" data-e-type=\"widget\" data-widget_type=\"text-editor.default\">\n\t\t\t\t<div class=\"elementor-widget-container\">\n\t\t\t\t\t\t\t\t\t<ul><li><p data-path-to-node=\"8,1,0\"><b data-path-to-node=\"8,1,0\" data-index-in-node=\"0\">Trayectoria Garantizada:<\/b> M\u00e1s de 40 a\u00f1os de experiencia formando profesionales de \u00e9xito en el sector aeron\u00e1utico.<\/p><\/li><li><p data-path-to-node=\"8,2,0\"><b data-path-to-node=\"8,2,0\" data-index-in-node=\"0\">Entrenamiento de \u00c9lite:<\/b> Acceso a una flota moderna y entrenamiento en el espacio a\u00e9reo m\u00e1s din\u00e1mico de EE. UU.<\/p><\/li><li><p data-path-to-node=\"15,0,0\"><b data-path-to-node=\"15,0,0\" data-index-in-node=\"0\">Gu\u00eda Migratoria Personalizada:<\/b> Soluciones claras sobre el proceso de visa M1 para estudiantes costarricenses.<\/p><\/li><li><p data-path-to-node=\"15,1,0\"><b data-path-to-node=\"15,1,0\" data-index-in-node=\"0\">Acompa\u00f1amiento Total:<\/b> Desde tu inscripci\u00f3n hasta tu primer vuelo profesional, estamos contigo en cada paso.<\/p><\/li><li><p data-path-to-node=\"15,2,0\"><b data-path-to-node=\"15,2,0\" data-index-in-node=\"0\">Vivir la Aviaci\u00f3n en Miami:<\/b> Ventajas de entrenar en el clima y entorno aeron\u00e1utico ideal de Florida.<\/p><\/li><\/ul>\t\t\t\t\t\t\t\t<\/div>\n\t\t\t\t<\/div>\n\t\t\t\t\t<\/div>\n\t\t<\/div>\n\t\t\t\t<div class=\"elementor-column elementor-col-50 elementor-top-column elementor-element elementor-element-56142a9 top column-style-top\" data-id=\"56142a9\" data-element_type=\"column\" data-e-type=\"column\">\n\t\t\t<div class=\"elementor-widget-wrap elementor-element-populated\">\n\t\t\t\t\t\t<div class=\"elementor-element elementor-element-9882e89 elementor-widget elementor-widget-heading\" data-id=\"9882e89\" data-element_type=\"widget\" data-e-type=\"widget\" data-widget_type=\"heading.default\">\n\t\t\t\t<div class=\"elementor-widget-container\">\n\t\t\t\t\t<h2 class=\"elementor-heading-title elementor-size-default\"><b data-path-to-node=\"18\" data-index-in-node=\"36\">\u00a1QUIERO SER PILOTO<\/b><\/h2>\t\t\t\t<\/div>\n\t\t\t\t<\/div>\n\t\t\t\t<div class=\"elementor-element elementor-element-756d7ce elementor-widget elementor-widget-html\" data-id=\"756d7ce\" data-element_type=\"widget\" data-e-type=\"widget\" data-widget_type=\"html.default\">\n\t\t\t\t<div class=\"elementor-widget-container\">\n\t\t\t\t\t<script type=\"text\/javascript\" src=\"https:\/\/api.clientify.net\/web-marketing\/superforms\/script\/272707.js\"><\/script>\t\t\t\t<\/div>\n\t\t\t\t<\/div>\n\t\t\t\t\t<\/div>\n\t\t<\/div>\n\t\t\t\t\t<\/div>\n\t\t<\/section>\n\t\t<div class=\"elementor-element elementor-element-a44dd15 e-flex e-con-boxed e-con e-parent\" data-id=\"a44dd15\" data-element_type=\"container\" data-e-type=\"container\">\n\t\t\t\t\t<div class=\"e-con-inner\">\n\t\t<div class=\"elementor-element elementor-element-853ed99 e-con-full e-flex e-con e-child\" data-id=\"853ed99\" data-element_type=\"container\" data-e-type=\"container\">\n\t\t\t\t<div class=\"elementor-element elementor-element-fe3a26e elementor-widget elementor-widget-heading\" data-id=\"fe3a26e\" data-element_type=\"widget\" data-e-type=\"widget\" data-widget_type=\"heading.default\">\n\t\t\t\t<div class=\"elementor-widget-container\">\n\t\t\t\t\t<h2 class=\"elementor-heading-title elementor-size-default\"><img decoding=\"async\" role=\"img\" class=\"emoji\" alt=\"\ud83d\udcc5\" src=\"https:\/\/s.w.org\/images\/core\/emoji\/17.0.2\/svg\/1f4c5.svg\"> Evento <\/h2>\t\t\t\t<\/div>\n\t\t\t\t<\/div>\n\t\t\t\t<div class=\"elementor-element elementor-element-5c42603 elementor-widget elementor-widget-text-editor\" data-id=\"5c42603\" data-element_type=\"widget\" data-e-type=\"widget\" data-widget_type=\"text-editor.default\">\n\t\t\t\t<div class=\"elementor-widget-container\">\n\t\t\t\t\t\t\t\t\t<p data-path-to-node=\"16\">La orientaci\u00f3n es el primer paso para conquistar las nubes. <b data-path-to-node=\"16\" data-index-in-node=\"60\">Nuestra funci\u00f3n es aclarar tus dudas sin ning\u00fan compromiso.<\/b><\/p><ul><li data-path-to-node=\"18,0,0\">\ud83d\udccd <b data-path-to-node=\"18,0,0\" data-index-in-node=\"3\">Ubicaci\u00f3n:<\/b> Virtual v\u00eda Zoom (Exclusivo para Costa Rica).<\/li><li data-path-to-node=\"18,0,0\">\ud83d\udcc5 <b data-path-to-node=\"18,1,0\" data-index-in-node=\"3\">Fecha:<\/b> 26 de febrero de 2026.<\/li><li data-path-to-node=\"18,0,0\">\u23f0 <b data-path-to-node=\"18,2,0\" data-index-in-node=\"2\">Hora:<\/b> 7:00PMl (San Jos\u00e9).<\/li><li data-path-to-node=\"18,0,0\">\ud83d\udcb0 <b data-path-to-node=\"18,3,0\" data-index-in-node=\"3\">Costo:<\/b> Acceso gratuito con registro previo.<\/li><li style=\"list-style-type: none;\">\u00a0<\/li><\/ul>\t\t\t\t\t\t\t\t<\/div>\n\t\t\t\t<\/div>\n\t\t\t\t<\/div>\n\t\t<div class=\"elementor-element elementor-element-44b9fbc e-con-full e-flex e-con e-child\" data-id=\"44b9fbc\" data-element_type=\"container\" data-e-type=\"container\">\n\t\t\t\t<div class=\"elementor-element elementor-element-57e143a elementor-widget elementor-widget-heading\" data-id=\"57e143a\" data-element_type=\"widget\" data-e-type=\"widget\" data-widget_type=\"heading.default\">\n\t\t\t\t<div class=\"elementor-widget-container\">\n\t\t\t\t\t<h2 class=\"elementor-heading-title elementor-size-default\">Aclara tus dudas sin compromiso; nuestra funci\u00f3n es orientarte para que tomes el control de tu futuro:<\/h2>\t\t\t\t<\/div>\n\t\t\t\t<\/div>\n\t\t\t\t<div class=\"elementor-element elementor-element-4a013e1 elementor-widget elementor-widget-text-editor\" data-id=\"4a013e1\" data-element_type=\"widget\" data-e-type=\"widget\" data-widget_type=\"text-editor.default\">\n\t\t\t\t<div class=\"elementor-widget-container\">\n\t\t\t\t\t\t\t\t\t<p data-start=\"1398\" data-end=\"1655\">Aclarar tus preguntas es nuestra funci\u00f3n. Si deseas ser piloto, no permitas que las dudas sobre costos o requisitos frenen tu vuelo. En <strong>ADF Flight School<\/strong>, orientamos tu carrera con transparencia y resultados reales. Registrate a nuestra charla gratuita el 26 de febrero.<\/p>\t\t\t\t\t\t\t\t<\/div>\n\t\t\t\t<\/div>\n\t\t\t\t<\/div>\n\t\t\t\t\t<\/div>\n\t\t\t\t<\/div>\n\t\t<div class=\"elementor-element elementor-element-0d78070 e-flex e-con-boxed e-con e-parent\" data-id=\"0d78070\" data-element_type=\"container\" data-e-type=\"container\">\n\t\t\t\t\t<div class=\"e-con-inner\">\n\t\t\t\t<div class=\"elementor-element elementor-element-dd3f5ef elementor-widget elementor-widget-heading\" data-id=\"dd3f5ef\" data-element_type=\"widget\" data-e-type=\"widget\" data-widget_type=\"heading.default\">\n\t\t\t\t<div class=\"elementor-widget-container\">\n\t\t\t\t\t<h2 class=\"elementor-heading-title elementor-size-default\">\u00bfPor qu\u00e9 los aspirantes de Costa Rica eligen ADF en Miami?<\/h2>\t\t\t\t<\/div>\n\t\t\t\t<\/div>\n\t\t\t\t<div class=\"elementor-element elementor-element-fa0fda4 elementor-widget elementor-widget-text-editor\" data-id=\"fa0fda4\" data-element_type=\"widget\" data-e-type=\"widget\" data-widget_type=\"text-editor.default\">\n\t\t\t\t<div class=\"elementor-widget-container\">\n\t\t\t\t\t\t\t\t\t<ul data-path-to-node=\"8\"><li><p data-path-to-node=\"8,0,0\"><b data-path-to-node=\"8,0,0\" data-index-in-node=\"0\"><a href=\"https:\/\/www.faa.gov\/\" target=\"_blank\" rel=\"noopener\">Certificaci\u00f3n FAA<\/a> de alcance mundial:<\/b> A diferencia de las licencias locales, la certificaci\u00f3n de la FAA es el est\u00e1ndar de oro reconocido por las aerol\u00edneas m\u00e1s importantes del planeta.<\/p><\/li><li><p data-path-to-node=\"8,1,0\"><b data-path-to-node=\"8,1,0\" data-index-in-node=\"0\">Trayectoria y Confianza:<\/b> Contamos con m\u00e1s de 40 a\u00f1os de experiencia liderando la formaci\u00f3n de <a href=\"https:\/\/adfairways.net\/es\/piloto-comercial\/\" target=\"_blank\" rel=\"noopener\">pilotos comerciales<\/a> internacionales.<\/p><\/li><li><p data-path-to-node=\"8,2,0\"><b data-path-to-node=\"8,2,0\" data-index-in-node=\"0\">Entrenamiento de \u00c9lite:<\/b> Contamos con flota moderna propia e instructores certificados expertos, en el espacio a\u00e9reo m\u00e1s din\u00e1mico del mundo: Florida.<\/p><\/li><li><p data-path-to-node=\"8,3,0\"><b data-path-to-node=\"8,3,0\" data-index-in-node=\"0\">Acompa\u00f1amiento en tu idioma:<\/b> Como Directora para Latinoam\u00e9rica, te brindo asesor\u00eda personalizada desde Bogot\u00e1 para que tu proceso de visa, requisitos y costos sea claro y sin complicaciones.<\/p><\/li><\/ul><p data-path-to-node=\"9\"><b data-path-to-node=\"9\" data-index-in-node=\"0\">Soluciones reales para tu carrera:<\/b> No solo te ofrecemos un curso, te ofrecemos un proyecto de vida. Te ayudamos a resolver dudas sobre:<\/p><ol start=\"1\" data-path-to-node=\"10\"><li><p data-path-to-node=\"10,0,0\">Tr\u00e1mites migratorios para estudiantes.<\/p><\/li><li><p data-path-to-node=\"10,1,0\">Presupuestos y opciones de financiamiento para tu carrera en EE. UU.<\/p><\/li><li><p data-path-to-node=\"10,2,0\">Ventajas competitivas de entrenar en ingl\u00e9s t\u00e9cnico desde el primer d\u00eda.<\/p><\/li><\/ol>\t\t\t\t\t\t\t\t<\/div>\n\t\t\t\t<\/div>\n\t\t\t\t\t<\/div>\n\t\t\t\t<\/div>\n\t\t\t\t<\/div>\n\t\t","protected":false},"excerpt":{"rendered":"<p>Tu Licencia FAA en Estados Unidos \u00bfBuscas la mejor opci\u00f3n entre las escuelas de aviaci\u00f3n en San Jos\u00e9? Elevamos tus est\u00e1ndares. ADF Flight School te ofrece la oportunidad de formarte en Miami bajo la certificaci\u00f3n m\u00e1s respetada del mundo. \u00danete a nuestra charla exclusiva para Costa Rica y descubre c\u00f3mo despegar hacia una carrera internacional. [&hellip;]<\/p>\n","protected":false},"author":1,"featured_media":43455,"parent":0,"menu_order":0,"comment_status":"closed","ping_status":"closed","template":"","meta":{"footnotes":""},"class_list":["post-43452","page","type-page","status-publish","has-post-thumbnail","hentry"],"jetpack-related-posts":[{"id":41483,"url":"https:\/\/adfairways.net\/es\/charla-piloto-comercial-san-jose\/","url_meta":{"origin":43452,"position":0},"title":"Charla virtual &#8211; San J\u00f3se &#8211; Costa Rica","author":"adfschool","date":"mayo 8, 2025","format":false,"excerpt":"\ud83c\udf93 C\u00f3mo ser piloto comercial en Miami \u2708\ufe0f \u00bfVives en San Jos\u00e9 y sue\u00f1as con ser piloto comercial en Estados Unidos? Adf Flight School te invita a una charla virtual gratuita donde te explicamos c\u00f3mo puedes estudiar en nuestra escuela de aviaci\u00f3n en Miami, Florida y convertirte en piloto profesional.\u2026","rel":"","context":"Entrada similar","block_context":{"text":"Entrada similar","link":""},"img":{"alt_text":"","src":"https:\/\/i0.wp.com\/adfairways.net\/wp-content\/uploads\/2025\/05\/San-Jose-1080x1080-1.jpg?resize=350%2C200&ssl=1","width":350,"height":200,"srcset":"https:\/\/i0.wp.com\/adfairways.net\/wp-content\/uploads\/2025\/05\/San-Jose-1080x1080-1.jpg?resize=350%2C200&ssl=1 1x, https:\/\/i0.wp.com\/adfairways.net\/wp-content\/uploads\/2025\/05\/San-Jose-1080x1080-1.jpg?resize=525%2C300&ssl=1 1.5x, https:\/\/i0.wp.com\/adfairways.net\/wp-content\/uploads\/2025\/05\/San-Jose-1080x1080-1.jpg?resize=700%2C400&ssl=1 2x, https:\/\/i0.wp.com\/adfairways.net\/wp-content\/uploads\/2025\/05\/San-Jose-1080x1080-1.jpg?resize=1050%2C600&ssl=1 3x"},"classes":[]},{"id":5442,"url":"https:\/\/adfairways.net\/es\/eventos\/","url_meta":{"origin":43452,"position":1},"title":"Eventos","author":"adfschool","date":"junio 13, 2019","format":false,"excerpt":"Eventos PR\u00d3XIMOS EVENTOS ADF Flight School, ubicada en Miami, Florida, organizamos varios eventos dise\u00f1ados para futuros pilotos como t\u00fa. Estas reuniones son una excelente oportunidad para resolver todas tus dudas sobre nuestra formaci\u00f3n y el proceso para obtener tu licencia de piloto. Adem\u00e1s, todos nuestros eventos son completamente gratuitos.\u00a0\u00a1Esperamos verte\u2026","rel":"","context":"Entrada similar","block_context":{"text":"Entrada similar","link":""},"img":{"alt_text":"","src":"https:\/\/i0.wp.com\/adfairways.net\/wp-content\/uploads\/2026\/03\/Argentina-1080x1080-1-1024x1024.jpg?resize=350%2C200&ssl=1","width":350,"height":200,"srcset":"https:\/\/i0.wp.com\/adfairways.net\/wp-content\/uploads\/2026\/03\/Argentina-1080x1080-1-1024x1024.jpg?resize=350%2C200&ssl=1 1x, https:\/\/i0.wp.com\/adfairways.net\/wp-content\/uploads\/2026\/03\/Argentina-1080x1080-1-1024x1024.jpg?resize=525%2C300&ssl=1 1.5x, https:\/\/i0.wp.com\/adfairways.net\/wp-content\/uploads\/2026\/03\/Argentina-1080x1080-1-1024x1024.jpg?resize=700%2C400&ssl=1 2x"},"classes":[]},{"id":43532,"url":"https:\/\/adfairways.net\/es\/escuela-de-aviacion-en-miami-para-guatemala\/","url_meta":{"origin":43452,"position":2},"title":"Estudie Aviaci\u00f3n en Miami y Obtenga su Certificaci\u00f3n FAA","author":"adfschool","date":"febrero 17, 2026","format":false,"excerpt":"Escuela de Aviaci\u00f3n para Estudiantes de Guatemala Convi\u00e9rtase en Piloto Profesional con Licencia Internacional Si vive en Guatemala y sue\u00f1a con convertirse en piloto profesional, esta es su oportunidad de formarse en una de las mejores escuelas de aviaci\u00f3n en Miami.ADF Flight School ofrece programas completos de formaci\u00f3n aeron\u00e1utica con\u2026","rel":"","context":"Entrada similar","block_context":{"text":"Entrada similar","link":""},"img":{"alt_text":"","src":"https:\/\/i0.wp.com\/adfairways.net\/wp-content\/uploads\/2026\/02\/Guatemala-1080x1080-1.jpg?resize=350%2C200&ssl=1","width":350,"height":200,"srcset":"https:\/\/i0.wp.com\/adfairways.net\/wp-content\/uploads\/2026\/02\/Guatemala-1080x1080-1.jpg?resize=350%2C200&ssl=1 1x, https:\/\/i0.wp.com\/adfairways.net\/wp-content\/uploads\/2026\/02\/Guatemala-1080x1080-1.jpg?resize=525%2C300&ssl=1 1.5x, https:\/\/i0.wp.com\/adfairways.net\/wp-content\/uploads\/2026\/02\/Guatemala-1080x1080-1.jpg?resize=700%2C400&ssl=1 2x, https:\/\/i0.wp.com\/adfairways.net\/wp-content\/uploads\/2026\/02\/Guatemala-1080x1080-1.jpg?resize=1050%2C600&ssl=1 3x"},"classes":[]},{"id":35724,"url":"https:\/\/adfairways.net\/es\/events\/event-costa-rica-20230930\/","url_meta":{"origin":43452,"position":3},"title":"Event &#8211; Costa Rica &#8211; September 30, 2023","author":"Ramon","date":"julio 31, 2023","format":false,"excerpt":"Hello San Jos\u00e9!We are really happy being back in Costa Rica to help you fulfilling your dream of being a pilot.You are invited to join our event in San Jos\u00e9 on Saturday, September 30th, 2023.After registering, you will receive a confirmation email about this event.Real InterContinental San Jose - Costa\u2026","rel":"","context":"Entrada similar","block_context":{"text":"Entrada similar","link":""},"img":{"alt_text":"","src":"https:\/\/i0.wp.com\/adfairways.net\/wp-content\/uploads\/2023\/07\/Event-Costa-Rica-20230930-banner.jpg?resize=350%2C200&ssl=1","width":350,"height":200,"srcset":"https:\/\/i0.wp.com\/adfairways.net\/wp-content\/uploads\/2023\/07\/Event-Costa-Rica-20230930-banner.jpg?resize=350%2C200&ssl=1 1x, https:\/\/i0.wp.com\/adfairways.net\/wp-content\/uploads\/2023\/07\/Event-Costa-Rica-20230930-banner.jpg?resize=525%2C300&ssl=1 1.5x, https:\/\/i0.wp.com\/adfairways.net\/wp-content\/uploads\/2023\/07\/Event-Costa-Rica-20230930-banner.jpg?resize=700%2C400&ssl=1 2x, https:\/\/i0.wp.com\/adfairways.net\/wp-content\/uploads\/2023\/07\/Event-Costa-Rica-20230930-banner.jpg?resize=1050%2C600&ssl=1 3x, https:\/\/i0.wp.com\/adfairways.net\/wp-content\/uploads\/2023\/07\/Event-Costa-Rica-20230930-banner.jpg?resize=1400%2C800&ssl=1 4x"},"classes":[]},{"id":39125,"url":"https:\/\/adfairways.net\/es\/piloto-commercial-o-privado-pilot-peru-ecuador-bolivia\/","url_meta":{"origin":43452,"position":4},"title":"Piloto Commercial o Privado Pilot Per\u00fa Ecuador y Bolivia","author":"adfschool","date":"septiembre 23, 2024","format":false,"excerpt":"Private or Commercial Pilot License \u00bfQuieres ser piloto comercial? Si vives en Per\u00fa, Ecuador o Bolivia \u00a1Tu carrera en la aviaci\u00f3n comienza aqu\u00ed! Acomp\u00e1\u00f1anos el 24 de Octubre en Zoom y conoce c\u00f3mo obtener tu licencia de piloto comercial con ADF Flight SchoolEn ADF Flight School y estamos muy emocionados\u2026","rel":"","context":"Entrada similar","block_context":{"text":"Entrada similar","link":""},"img":{"alt_text":"","src":"https:\/\/i0.wp.com\/adfairways.net\/wp-content\/uploads\/2024\/09\/Peru-Bolivia-Ecuador-1080x1080-1.jpg?resize=350%2C200&ssl=1","width":350,"height":200,"srcset":"https:\/\/i0.wp.com\/adfairways.net\/wp-content\/uploads\/2024\/09\/Peru-Bolivia-Ecuador-1080x1080-1.jpg?resize=350%2C200&ssl=1 1x, https:\/\/i0.wp.com\/adfairways.net\/wp-content\/uploads\/2024\/09\/Peru-Bolivia-Ecuador-1080x1080-1.jpg?resize=525%2C300&ssl=1 1.5x, https:\/\/i0.wp.com\/adfairways.net\/wp-content\/uploads\/2024\/09\/Peru-Bolivia-Ecuador-1080x1080-1.jpg?resize=700%2C400&ssl=1 2x, https:\/\/i0.wp.com\/adfairways.net\/wp-content\/uploads\/2024\/09\/Peru-Bolivia-Ecuador-1080x1080-1.jpg?resize=1050%2C600&ssl=1 3x"},"classes":[]},{"id":42526,"url":"https:\/\/adfairways.net\/es\/piloto-comercial-quito\/","url_meta":{"origin":43452,"position":5},"title":"Charla Virtual Piloto Comercial Quito, Ecuador","author":"adfschool","date":"julio 30, 2025","format":false,"excerpt":"\u00a1Este es tu momento para despegar tu carrera en la aviaci\u00f3n! \u2708\ufe0f \u00bfVives en Quito y sue\u00f1as con convertirte en piloto comercial? Te invitamos a una charla virtual exclusiva donde descubrir\u00e1s c\u00f3mo puedes estudiar aviaci\u00f3n en Miami, Florida, y obtener tu licencia como piloto comercial con ADF Flight School, una\u2026","rel":"","context":"Entrada similar","block_context":{"text":"Entrada similar","link":""},"img":{"alt_text":"","src":"https:\/\/i0.wp.com\/adfairways.net\/wp-content\/uploads\/2025\/07\/Quito-1080x1080-1.jpg?resize=350%2C200&ssl=1","width":350,"height":200,"srcset":"https:\/\/i0.wp.com\/adfairways.net\/wp-content\/uploads\/2025\/07\/Quito-1080x1080-1.jpg?resize=350%2C200&ssl=1 1x, https:\/\/i0.wp.com\/adfairways.net\/wp-content\/uploads\/2025\/07\/Quito-1080x1080-1.jpg?resize=525%2C300&ssl=1 1.5x, https:\/\/i0.wp.com\/adfairways.net\/wp-content\/uploads\/2025\/07\/Quito-1080x1080-1.jpg?resize=700%2C400&ssl=1 2x, https:\/\/i0.wp.com\/adfairways.net\/wp-content\/uploads\/2025\/07\/Quito-1080x1080-1.jpg?resize=1050%2C600&ssl=1 3x"},"classes":[]}],"jetpack_sharing_enabled":true,"_links":{"self":[{"href":"https:\/\/adfairways.net\/es\/wp-json\/wp\/v2\/pages\/43452","targetHints":{"allow":["GET"]}}],"collection":[{"href":"https:\/\/adfairways.net\/es\/wp-json\/wp\/v2\/pages"}],"about":[{"href":"https:\/\/adfairways.net\/es\/wp-json\/wp\/v2\/types\/page"}],"author":[{"embeddable":true,"href":"https:\/\/adfairways.net\/es\/wp-json\/wp\/v2\/users\/1"}],"replies":[{"embeddable":true,"href":"https:\/\/adfairways.net\/es\/wp-json\/wp\/v2\/comments?post=43452"}],"version-history":[{"count":4,"href":"https:\/\/adfairways.net\/es\/wp-json\/wp\/v2\/pages\/43452\/revisions"}],"predecessor-version":[{"id":43467,"href":"https:\/\/adfairways.net\/es\/wp-json\/wp\/v2\/pages\/43452\/revisions\/43467"}],"wp:featuredmedia":[{"embeddable":true,"href":"https:\/\/adfairways.net\/es\/wp-json\/wp\/v2\/media\/43455"}],"wp:attachment":[{"href":"https:\/\/adfairways.net\/es\/wp-json\/wp\/v2\/media?parent=43452"}],"curies":[{"name":"wp","href":"https:\/\/api.w.org\/{rel}","templated":true}]}}