{"id":43301,"date":"2026-01-07T14:01:31","date_gmt":"2026-01-07T19:01:31","guid":{"rendered":"https:\/\/adfairways.net\/?page_id=43301"},"modified":"2026-01-07T14:08:46","modified_gmt":"2026-01-07T19:08:46","slug":"pilotocomercialquito","status":"publish","type":"page","link":"https:\/\/adfairways.net\/es\/pilotocomercialquito\/","title":{"rendered":"Charla Virtual en Quito \u2013 Convi\u00e9rtete en Piloto Comercial"},"content":{"rendered":"\t\t<div data-elementor-type=\"wp-post\" data-elementor-id=\"43301\" class=\"elementor elementor-43301\" data-elementor-post-type=\"page\">\n\t\t\t\t\t\t<section class=\"elementor-section elementor-top-section elementor-element elementor-element-e67ddd3 elementor-section-boxed elementor-section-height-default elementor-section-height-default\" data-id=\"e67ddd3\" data-element_type=\"section\" data-e-type=\"section\">\n\t\t\t\t\t\t<div class=\"elementor-container elementor-column-gap-default\">\n\t\t\t\t\t<div class=\"elementor-column elementor-col-100 elementor-top-column elementor-element elementor-element-f8523be top column-style-top\" data-id=\"f8523be\" data-element_type=\"column\" data-e-type=\"column\">\n\t\t\t<div class=\"elementor-widget-wrap elementor-element-populated\">\n\t\t\t\t\t\t<div class=\"elementor-element elementor-element-27fdb78 elementor-widget elementor-widget-heading\" data-id=\"27fdb78\" data-element_type=\"widget\" data-e-type=\"widget\" data-widget_type=\"heading.default\">\n\t\t\t\t<div class=\"elementor-widget-container\">\n\t\t\t\t\t<h4 class=\"elementor-heading-title elementor-size-default\">Por qu\u00e9 estudiar para Piloto Comercial:<\/h4>\t\t\t\t<\/div>\n\t\t\t\t<\/div>\n\t\t\t\t<div class=\"elementor-element elementor-element-dd956f3 elementor-widget elementor-widget-heading\" data-id=\"dd956f3\" data-element_type=\"widget\" data-e-type=\"widget\" data-widget_type=\"heading.default\">\n\t\t\t\t<div class=\"elementor-widget-container\">\n\t\t\t\t\t<h2 class=\"elementor-heading-title elementor-size-default\">\ud83c\udf0d\u2708\ufe0f Charla Informativa Virtual en Ecuador<\/h2>\t\t\t\t<\/div>\n\t\t\t\t<\/div>\n\t\t\t\t<div class=\"elementor-element elementor-element-347ffc0 elementor-widget elementor-widget-text-editor\" data-id=\"347ffc0\" data-element_type=\"widget\" data-e-type=\"widget\" data-widget_type=\"text-editor.default\">\n\t\t\t\t<div class=\"elementor-widget-container\">\n\t\t\t\t\t\t\t\t\t<p>El mercado de la aviaci\u00f3n est\u00e1 creciendo y la demanda de nuevos profesionales es m\u00e1s alta que nunca. Si buscas una escuela de aviaci\u00f3n con trayectoria y certificaci\u00f3n de la <b>FAA, ADF Flight School<\/b> es tu mejor aliado.<\/p>\t\t\t\t\t\t\t\t<\/div>\n\t\t\t\t<\/div>\n\t\t\t\t\t<\/div>\n\t\t<\/div>\n\t\t\t\t\t<\/div>\n\t\t<\/section>\n\t\t\t\t<section class=\"elementor-section elementor-top-section elementor-element elementor-element-256f0f1 elementor-section-boxed elementor-section-height-default elementor-section-height-default\" data-id=\"256f0f1\" data-element_type=\"section\" data-e-type=\"section\">\n\t\t\t\t\t\t<div class=\"elementor-container elementor-column-gap-default\">\n\t\t\t\t\t<div class=\"elementor-column elementor-col-100 elementor-top-column elementor-element elementor-element-819b8c2 top column-style-top\" data-id=\"819b8c2\" data-element_type=\"column\" data-e-type=\"column\">\n\t\t\t<div class=\"elementor-widget-wrap elementor-element-populated\">\n\t\t\t\t\t\t<div class=\"elementor-element elementor-element-664ae18 elementor-widget elementor-widget-image\" data-id=\"664ae18\" data-element_type=\"widget\" data-e-type=\"widget\" data-widget_type=\"image.default\">\n\t\t\t\t<div class=\"elementor-widget-container\">\n\t\t\t\t\t\t\t\t\t\t\t\t\t\t\t<img fetchpriority=\"high\" decoding=\"async\" width=\"1680\" height=\"561\" src=\"https:\/\/adfairways.net\/wp-content\/uploads\/2026\/01\/Quito-Ecuador-1680x561-1.jpg\" class=\"attachment-full size-full wp-image-43311\" alt=\"\" srcset=\"https:\/\/adfairways.net\/wp-content\/uploads\/2026\/01\/Quito-Ecuador-1680x561-1.jpg 1680w, https:\/\/adfairways.net\/wp-content\/uploads\/2026\/01\/Quito-Ecuador-1680x561-1-1024x342.jpg 1024w, https:\/\/adfairways.net\/wp-content\/uploads\/2026\/01\/Quito-Ecuador-1680x561-1-768x256.jpg 768w, https:\/\/adfairways.net\/wp-content\/uploads\/2026\/01\/Quito-Ecuador-1680x561-1-1320x441.jpg 1320w\" sizes=\"(max-width: 1680px) 100vw, 1680px\" \/>\t\t\t\t\t\t\t\t\t\t\t\t\t\t\t<\/div>\n\t\t\t\t<\/div>\n\t\t\t\t<div class=\"elementor-element elementor-element-ee626b3 elementor-widget elementor-widget-heading\" data-id=\"ee626b3\" data-element_type=\"widget\" data-e-type=\"widget\" data-widget_type=\"heading.default\">\n\t\t\t\t<div class=\"elementor-widget-container\">\n\t\t\t\t\t<h2 class=\"elementor-heading-title elementor-size-default\"> \ud83d\udeeb Estudia aviaci\u00f3n en Miami, Florida\u2708\ufe0f<\/h2>\t\t\t\t<\/div>\n\t\t\t\t<\/div>\n\t\t\t\t<div class=\"elementor-element elementor-element-da352f4 elementor-widget elementor-widget-text-editor\" data-id=\"da352f4\" data-element_type=\"widget\" data-e-type=\"widget\" data-widget_type=\"text-editor.default\">\n\t\t\t\t<div class=\"elementor-widget-container\">\n\t\t\t\t\t\t\t\t\t<p data-path-to-node=\"18\">\u00bfVives en Quito o cualquier parte de Ecuador y quieres ser <b data-path-to-node=\"18\" data-index-in-node=\"59\">piloto comercial<\/b>? <b>ADF Flight School<\/b> te invita a una charla informativa virtual este 29 de enero. Descubre c\u00f3mo obtener tu licencia de vuelo en Estados Unidos con los m\u00e1s altos est\u00e1ndares de seguridad y profesionalismo. Aprende sobre nuestros programas de entrenamiento acelerado y convi\u00e9rtete en el capit\u00e1n que siempre quisiste ser.<\/p>\n<p data-path-to-node=\"19\">\n<\/p>\t\t\t\t\t\t\t\t<\/div>\n\t\t\t\t<\/div>\n\t\t\t\t\t<\/div>\n\t\t<\/div>\n\t\t\t\t\t<\/div>\n\t\t<\/section>\n\t\t\t\t<section class=\"elementor-section elementor-top-section elementor-element elementor-element-eaffbe7 elementor-section-boxed elementor-section-height-default elementor-section-height-default\" data-id=\"eaffbe7\" data-element_type=\"section\" data-e-type=\"section\">\n\t\t\t\t\t\t<div class=\"elementor-container elementor-column-gap-default\">\n\t\t\t\t\t<div class=\"elementor-column elementor-col-50 elementor-top-column elementor-element elementor-element-a654b6f top column-style-top\" data-id=\"a654b6f\" data-element_type=\"column\" data-e-type=\"column\">\n\t\t\t<div class=\"elementor-widget-wrap elementor-element-populated\">\n\t\t\t\t\t\t<div class=\"elementor-element elementor-element-e90556a elementor-widget elementor-widget-heading\" data-id=\"e90556a\" data-element_type=\"widget\" data-e-type=\"widget\" data-widget_type=\"heading.default\">\n\t\t\t\t<div class=\"elementor-widget-container\">\n\t\t\t\t\t<h4 class=\"elementor-heading-title elementor-size-default\">\ud83d\udc68\u200d\u2708\ufe0f \u00bfQu\u00e9 aprender\u00e1s en esta charla gratuita?<\/h4>\t\t\t\t<\/div>\n\t\t\t\t<\/div>\n\t\t\t\t<div class=\"elementor-element elementor-element-774be0f elementor-widget elementor-widget-text-editor\" data-id=\"774be0f\" data-element_type=\"widget\" data-e-type=\"widget\" data-widget_type=\"text-editor.default\">\n\t\t\t\t<div class=\"elementor-widget-container\">\n\t\t\t\t\t\t\t\t\t<p data-path-to-node=\"12\">En esta charla virtual exclusiva para Ecuador, abordaremos puntos clave como:<\/p><ul data-path-to-node=\"13\"><li><p data-path-to-node=\"13,0,0\"><b data-path-to-node=\"13,0,0\" data-index-in-node=\"0\">Requisitos para ser piloto comercial:<\/b> Todo lo que necesitas saber para inscribirte.<\/p><\/li><li><p data-path-to-node=\"13,1,0\"><b data-path-to-node=\"13,1,0\" data-index-in-node=\"0\">Entrenamiento en EE.UU.:<\/b> Ventajas de formarte en un entorno de aviaci\u00f3n de primer nivel.<\/p><\/li><li><p data-path-to-node=\"13,2,0\"><b data-path-to-node=\"13,2,0\" data-index-in-node=\"0\">Financiamiento y Visas:<\/b> Resolvemos tus dudas sobre el proceso migratorio y la inversi\u00f3n.<\/p><\/li><\/ul><p data-path-to-node=\"14\">\u00a0<\/p>\t\t\t\t\t\t\t\t<\/div>\n\t\t\t\t<\/div>\n\t\t\t\t\t<\/div>\n\t\t<\/div>\n\t\t\t\t<div class=\"elementor-column elementor-col-50 elementor-top-column elementor-element elementor-element-56142a9 top column-style-top\" data-id=\"56142a9\" data-element_type=\"column\" data-e-type=\"column\">\n\t\t\t<div class=\"elementor-widget-wrap elementor-element-populated\">\n\t\t\t\t\t\t<div class=\"elementor-element elementor-element-4bf9694 elementor-widget elementor-widget-text-editor\" data-id=\"4bf9694\" data-element_type=\"widget\" data-e-type=\"widget\" data-widget_type=\"text-editor.default\">\n\t\t\t\t<div class=\"elementor-widget-container\">\n\t\t\t\t\t\t\t\t\t<p>Tu carrera como <b data-path-to-node=\"14\" data-index-in-node=\"16\">piloto comercial<\/b> empieza con una decisi\u00f3n informada. \u00a1Reg\u00edstrate ahora y asegura tu cupo en nuestra pr\u00f3xima charla v\u00eda Zoom!&gt;<\/p>\t\t\t\t\t\t\t\t<\/div>\n\t\t\t\t<\/div>\n\t\t\t\t<div class=\"elementor-element elementor-element-9882e89 elementor-widget elementor-widget-heading\" data-id=\"9882e89\" data-element_type=\"widget\" data-e-type=\"widget\" data-widget_type=\"heading.default\">\n\t\t\t\t<div class=\"elementor-widget-container\">\n\t\t\t\t\t<h2 class=\"elementor-heading-title elementor-size-default\">\ud83d\udcdd Reserva tu lugar<\/h2>\t\t\t\t<\/div>\n\t\t\t\t<\/div>\n\t\t\t\t<div class=\"elementor-element elementor-element-756d7ce elementor-widget elementor-widget-html\" data-id=\"756d7ce\" data-element_type=\"widget\" data-e-type=\"widget\" data-widget_type=\"html.default\">\n\t\t\t\t<div class=\"elementor-widget-container\">\n\t\t\t\t\t<script type=\"text\/javascript\" src=\"https:\/\/api.clientify.net\/web-marketing\/superforms\/script\/270566.js\"><\/script>\t\t\t\t<\/div>\n\t\t\t\t<\/div>\n\t\t\t\t\t<\/div>\n\t\t<\/div>\n\t\t\t\t\t<\/div>\n\t\t<\/section>\n\t\t<div class=\"elementor-element elementor-element-a44dd15 e-flex e-con-boxed e-con e-parent\" data-id=\"a44dd15\" data-element_type=\"container\" data-e-type=\"container\">\n\t\t\t\t\t<div class=\"e-con-inner\">\n\t\t<div class=\"elementor-element elementor-element-853ed99 e-con-full e-flex e-con e-child\" data-id=\"853ed99\" data-element_type=\"container\" data-e-type=\"container\">\n\t\t\t\t<div class=\"elementor-element elementor-element-fe3a26e elementor-widget elementor-widget-heading\" data-id=\"fe3a26e\" data-element_type=\"widget\" data-e-type=\"widget\" data-widget_type=\"heading.default\">\n\t\t\t\t<div class=\"elementor-widget-container\">\n\t\t\t\t\t<h2 class=\"elementor-heading-title elementor-size-default\">\ud83d\udcc5 Detalles del evento<\/h2>\t\t\t\t<\/div>\n\t\t\t\t<\/div>\n\t\t\t\t<div class=\"elementor-element elementor-element-5c42603 elementor-widget elementor-widget-text-editor\" data-id=\"5c42603\" data-element_type=\"widget\" data-e-type=\"widget\" data-widget_type=\"text-editor.default\">\n\t\t\t\t<div class=\"elementor-widget-container\">\n\t\t\t\t\t\t\t\t\t<p class=\"\" data-start=\"1136\" data-end=\"1171\"><img decoding=\"async\" class=\"emoji\" role=\"img\" draggable=\"false\" src=\"https:\/\/s.w.org\/images\/core\/emoji\/17.0.2\/svg\/1f4c5.svg\" alt=\"\ud83d\udcc5\" \/> <strong data-start=\"757\" data-end=\"767\">Fecha:<\/strong> Jueves, 29 de Enero<\/p><p class=\"\" data-start=\"1136\" data-end=\"1171\"><img decoding=\"async\" class=\"emoji\" role=\"img\" draggable=\"false\" src=\"https:\/\/s.w.org\/images\/core\/emoji\/17.0.2\/svg\/1f559.svg\" alt=\"\ud83d\udd59\" \/> <strong data-start=\"798\" data-end=\"807\">Hora:<\/strong> 7:00 p.m.<\/p><p class=\"\" data-start=\"1298\" data-end=\"1355\"><img decoding=\"async\" class=\"emoji\" role=\"img\" draggable=\"false\" src=\"https:\/\/s.w.org\/images\/core\/emoji\/16.0.1\/svg\/1f39f.svg\" alt=\"\ud83c\udf9f\" \/> <strong data-start=\"1301\" data-end=\"1313\">Entrada:<\/strong> Gratuita (\u00a1pero los cupos son limitados!)<\/p>\t\t\t\t\t\t\t\t<\/div>\n\t\t\t\t<\/div>\n\t\t\t\t<\/div>\n\t\t<div class=\"elementor-element elementor-element-bf5dcb3 e-con-full e-flex e-con e-child\" data-id=\"bf5dcb3\" data-element_type=\"container\" data-e-type=\"container\">\n\t\t\t\t<div class=\"elementor-element elementor-element-9c5e479 elementor-widget elementor-widget-heading\" data-id=\"9c5e479\" data-element_type=\"widget\" data-e-type=\"widget\" data-widget_type=\"heading.default\">\n\t\t\t\t<div class=\"elementor-widget-container\">\n\t\t\t\t\t<h2 class=\"elementor-heading-title elementor-size-default\">\ud83d\udc68\u200d\u2708\ufe0f \u00bfPor qu\u00e9 elegir ADF Flight School?<\/h2>\t\t\t\t<\/div>\n\t\t\t\t<\/div>\n\t\t\t\t<div class=\"elementor-element elementor-element-a149a0f elementor-widget elementor-widget-text-editor\" data-id=\"a149a0f\" data-element_type=\"widget\" data-e-type=\"widget\" data-widget_type=\"text-editor.default\">\n\t\t\t\t<div class=\"elementor-widget-container\">\n\t\t\t\t\t\t\t\t\t<ul><li>M\u00e1s de <strong data-start=\"1562\" data-end=\"1614\">40 a\u00f1os de trayectoria en formaci\u00f3n aeron\u00e1utica.<\/strong><\/li><li data-start=\"1619\" data-end=\"1690\"><strong data-start=\"1619\" data-end=\"1657\">Instructores altamente calificados<\/strong> con experiencia en aerol\u00edneas.<\/li><li data-start=\"1693\" data-end=\"1768\"><strong data-start=\"1693\" data-end=\"1729\">Simuladores de \u00faltima generaci\u00f3n<\/strong> y entrenamiento en aeronaves reales.<\/li><li data-start=\"1771\" data-end=\"1848\">Comunidad internacional de <strong data-start=\"1798\" data-end=\"1846\">estudiantes de Latinoam\u00e9rica, Europa y Asia.<\/strong><\/li><li data-start=\"1851\" data-end=\"1921\">Asesor\u00eda personalizada durante todo el proceso de aplicaci\u00f3n y visa.<\/li><\/ul>\t\t\t\t\t\t\t\t<\/div>\n\t\t\t\t<\/div>\n\t\t\t\t<\/div>\n\t\t\t\t\t<\/div>\n\t\t\t\t<\/div>\n\t\t<div class=\"elementor-element elementor-element-5410107 e-flex e-con-boxed e-con e-parent\" data-id=\"5410107\" data-element_type=\"container\" data-e-type=\"container\">\n\t\t\t\t\t<div class=\"e-con-inner\">\n\t\t\t\t<div class=\"elementor-element elementor-element-c150878 elementor-widget elementor-widget-heading\" data-id=\"c150878\" data-element_type=\"widget\" data-e-type=\"widget\" data-widget_type=\"heading.default\">\n\t\t\t\t<div class=\"elementor-widget-container\">\n\t\t\t\t\t<h2 class=\"elementor-heading-title elementor-size-default\">Piloto Comercial en ADF Flight School:<\/h2>\t\t\t\t<\/div>\n\t\t\t\t<\/div>\n\t\t\t\t<div class=\"elementor-element elementor-element-68a08fc elementor-widget elementor-widget-text-editor\" data-id=\"68a08fc\" data-element_type=\"widget\" data-e-type=\"widget\" data-widget_type=\"text-editor.default\">\n\t\t\t\t<div class=\"elementor-widget-container\">\n\t\t\t\t\t\t\t\t\t<p data-start=\"1398\" data-end=\"1655\">Conoce c\u00f3mo convertirte en piloto comercial internacional. <strong>ADF Flight School<\/strong> llega a Medell\u00edn el 13 de diciembre. Cupos limitados. \u00a1Reg\u00edstrate gratis!<\/p>\t\t\t\t\t\t\t\t<\/div>\n\t\t\t\t<\/div>\n\t\t\t\t\t<\/div>\n\t\t\t\t<\/div>\n\t\t\t\t<\/div>\n\t\t","protected":false},"excerpt":{"rendered":"<p>Por qu\u00e9 estudiar para Piloto Comercial: \ud83c\udf0d\u2708\ufe0f Charla Informativa Virtual en Ecuador El mercado de la aviaci\u00f3n est\u00e1 creciendo y la demanda de nuevos profesionales es m\u00e1s alta que nunca. Si buscas una escuela de aviaci\u00f3n con trayectoria y certificaci\u00f3n de la FAA, ADF Flight School es tu mejor aliado. \ud83d\udeeb Estudia aviaci\u00f3n en Miami, [&hellip;]<\/p>\n","protected":false},"author":1,"featured_media":43305,"parent":0,"menu_order":0,"comment_status":"closed","ping_status":"closed","template":"","meta":{"footnotes":""},"class_list":["post-43301","page","type-page","status-publish","has-post-thumbnail","hentry"],"jetpack-related-posts":[{"id":42526,"url":"https:\/\/adfairways.net\/es\/piloto-comercial-quito\/","url_meta":{"origin":43301,"position":0},"title":"Charla Virtual Piloto Comercial Quito, Ecuador","author":"adfschool","date":"julio 30, 2025","format":false,"excerpt":"\u00a1Este es tu momento para despegar tu carrera en la aviaci\u00f3n! \u2708\ufe0f \u00bfVives en Quito y sue\u00f1as con convertirte en piloto comercial? Te invitamos a una charla virtual exclusiva donde descubrir\u00e1s c\u00f3mo puedes estudiar aviaci\u00f3n en Miami, Florida, y obtener tu licencia como piloto comercial con ADF Flight School, una\u2026","rel":"","context":"Entrada similar","block_context":{"text":"Entrada similar","link":""},"img":{"alt_text":"","src":"https:\/\/i0.wp.com\/adfairways.net\/wp-content\/uploads\/2025\/07\/Quito-1080x1080-1.jpg?resize=350%2C200&ssl=1","width":350,"height":200,"srcset":"https:\/\/i0.wp.com\/adfairways.net\/wp-content\/uploads\/2025\/07\/Quito-1080x1080-1.jpg?resize=350%2C200&ssl=1 1x, https:\/\/i0.wp.com\/adfairways.net\/wp-content\/uploads\/2025\/07\/Quito-1080x1080-1.jpg?resize=525%2C300&ssl=1 1.5x, https:\/\/i0.wp.com\/adfairways.net\/wp-content\/uploads\/2025\/07\/Quito-1080x1080-1.jpg?resize=700%2C400&ssl=1 2x, https:\/\/i0.wp.com\/adfairways.net\/wp-content\/uploads\/2025\/07\/Quito-1080x1080-1.jpg?resize=1050%2C600&ssl=1 3x"},"classes":[]},{"id":40297,"url":"https:\/\/adfairways.net\/es\/guatemala-estudiar-aviacion-miami-piloto-comercial\/","url_meta":{"origin":43301,"position":1},"title":"\ud83c\udfc5\ud83c\uddec\ud83c\uddf9 \u00a1Convi\u00e9rtete en Piloto Comercial! \u2708\ufe0f Estudia Aviaci\u00f3n en Miami con ADF Flight School \ud83c\udf34\ud83d\udcbc","author":"adfschool","date":"marzo 17, 2025","format":false,"excerpt":"\ud83c\udf0d \u00bfVives en Guatemala y sue\u00f1as con ser piloto comercial? \u2708\ufe0f Descubre c\u00f3mo estudiar en Miami con ADF Flight School Si tu sue\u00f1o es convertirte en\u00a0piloto comercial\u00a0y obtener una licencia con\u00a0certificaci\u00f3n FAA\u00a0que te permita trabajar en aerol\u00edneas de todo el mundo, esta es tu oportunidad. ADF Flight School, una de\u2026","rel":"","context":"Entrada similar","block_context":{"text":"Entrada similar","link":""},"img":{"alt_text":"","src":"https:\/\/i0.wp.com\/adfairways.net\/wp-content\/uploads\/2025\/03\/Guatemala-1080x1080-1.jpg?resize=350%2C200&ssl=1","width":350,"height":200,"srcset":"https:\/\/i0.wp.com\/adfairways.net\/wp-content\/uploads\/2025\/03\/Guatemala-1080x1080-1.jpg?resize=350%2C200&ssl=1 1x, https:\/\/i0.wp.com\/adfairways.net\/wp-content\/uploads\/2025\/03\/Guatemala-1080x1080-1.jpg?resize=525%2C300&ssl=1 1.5x, https:\/\/i0.wp.com\/adfairways.net\/wp-content\/uploads\/2025\/03\/Guatemala-1080x1080-1.jpg?resize=700%2C400&ssl=1 2x, https:\/\/i0.wp.com\/adfairways.net\/wp-content\/uploads\/2025\/03\/Guatemala-1080x1080-1.jpg?resize=1050%2C600&ssl=1 3x"},"classes":[]},{"id":41258,"url":"https:\/\/adfairways.net\/es\/charla-virtual-piloto-tegucigalpa-honduras-8-mayo-2025\/","url_meta":{"origin":43301,"position":2},"title":"Charla virtual &#8211; Tegucigalpa, Honduras","author":"adfschool","date":"abril 14, 2025","format":false,"excerpt":"\u2708\ufe0f \u00bfQuieres ser piloto comercial y estudiar en Miami? \u00a1ADF Flight School te ayuda a despegar tu carrera! Si vives en Tegucigalpa, Honduras y sue\u00f1as con una carrera en la aviaci\u00f3n comercial, ADF Flight School, escuela de aviaci\u00f3n en Miami certificada por la FAA, te invita a una charla virtual\u2026","rel":"","context":"Entrada similar","block_context":{"text":"Entrada similar","link":""},"img":{"alt_text":"","src":"https:\/\/i0.wp.com\/adfairways.net\/wp-content\/uploads\/2025\/04\/Tegucigalpa-1080x1080-1.jpg?resize=350%2C200&ssl=1","width":350,"height":200,"srcset":"https:\/\/i0.wp.com\/adfairways.net\/wp-content\/uploads\/2025\/04\/Tegucigalpa-1080x1080-1.jpg?resize=350%2C200&ssl=1 1x, https:\/\/i0.wp.com\/adfairways.net\/wp-content\/uploads\/2025\/04\/Tegucigalpa-1080x1080-1.jpg?resize=525%2C300&ssl=1 1.5x, https:\/\/i0.wp.com\/adfairways.net\/wp-content\/uploads\/2025\/04\/Tegucigalpa-1080x1080-1.jpg?resize=700%2C400&ssl=1 2x, https:\/\/i0.wp.com\/adfairways.net\/wp-content\/uploads\/2025\/04\/Tegucigalpa-1080x1080-1.jpg?resize=1050%2C600&ssl=1 3x"},"classes":[]},{"id":41179,"url":"https:\/\/adfairways.net\/es\/charla-presencial-cuenca-ecuador\/","url_meta":{"origin":43301,"position":3},"title":"Charla presencial | Cuenca, Ecuador 17 mayo","author":"adfschool","date":"abril 10, 2025","format":false,"excerpt":"\u2708\ufe0f \u00a1ADF Flight School aterriza en Cuenca! \u2708\ufe0f \u00bfEst\u00e1s en Cuenca, Ecuador y sue\u00f1as con convertirte en piloto comercial? \u00a1Este evento es para ti! \u00bfEst\u00e1s listo para despegar hacia tu futuro como piloto comercial? Esta es tu oportunidad para conocer ADF Flight School, una prestigiosa escuela de aviaci\u00f3n ubicada en\u2026","rel":"","context":"Entrada similar","block_context":{"text":"Entrada similar","link":""},"img":{"alt_text":"Charla presencial Cuenca, Ecuador","src":"https:\/\/i0.wp.com\/adfairways.net\/wp-content\/uploads\/2025\/04\/Cuenca-Ecuador-1080x1080-1.jpg?resize=350%2C200&ssl=1","width":350,"height":200,"srcset":"https:\/\/i0.wp.com\/adfairways.net\/wp-content\/uploads\/2025\/04\/Cuenca-Ecuador-1080x1080-1.jpg?resize=350%2C200&ssl=1 1x, https:\/\/i0.wp.com\/adfairways.net\/wp-content\/uploads\/2025\/04\/Cuenca-Ecuador-1080x1080-1.jpg?resize=525%2C300&ssl=1 1.5x, https:\/\/i0.wp.com\/adfairways.net\/wp-content\/uploads\/2025\/04\/Cuenca-Ecuador-1080x1080-1.jpg?resize=700%2C400&ssl=1 2x, https:\/\/i0.wp.com\/adfairways.net\/wp-content\/uploads\/2025\/04\/Cuenca-Ecuador-1080x1080-1.jpg?resize=1050%2C600&ssl=1 3x"},"classes":[]},{"id":42838,"url":"https:\/\/adfairways.net\/es\/charla-virtual-buenos-aires\/","url_meta":{"origin":43301,"position":4},"title":"Charla Virtual en Buenos Aires","author":"adfschool","date":"septiembre 5, 2025","format":false,"excerpt":"\ud83c\udf0d \u00bfVives en Buenos Aires y sue\u00f1as con convertirte en piloto comercial y trabajar en aerol\u00edneas de todo el mundo?Esta es tu oportunidad. ADF Flight School, escuela de aviaci\u00f3n con m\u00e1s de 40 a\u00f1os de experiencia en Miami, Florida (EE. UU.), te invita a una charla virtual gratuita donde descubrir\u00e1s\u2026","rel":"","context":"Entrada similar","block_context":{"text":"Entrada similar","link":""},"img":{"alt_text":"","src":"https:\/\/i0.wp.com\/adfairways.net\/wp-content\/uploads\/2025\/09\/Buenos-Aires-1080x1080-1.jpg?resize=350%2C200&ssl=1","width":350,"height":200,"srcset":"https:\/\/i0.wp.com\/adfairways.net\/wp-content\/uploads\/2025\/09\/Buenos-Aires-1080x1080-1.jpg?resize=350%2C200&ssl=1 1x, https:\/\/i0.wp.com\/adfairways.net\/wp-content\/uploads\/2025\/09\/Buenos-Aires-1080x1080-1.jpg?resize=525%2C300&ssl=1 1.5x, https:\/\/i0.wp.com\/adfairways.net\/wp-content\/uploads\/2025\/09\/Buenos-Aires-1080x1080-1.jpg?resize=700%2C400&ssl=1 2x, https:\/\/i0.wp.com\/adfairways.net\/wp-content\/uploads\/2025\/09\/Buenos-Aires-1080x1080-1.jpg?resize=1050%2C600&ssl=1 3x"},"classes":[]},{"id":41483,"url":"https:\/\/adfairways.net\/es\/charla-piloto-comercial-san-jose\/","url_meta":{"origin":43301,"position":5},"title":"Charla virtual &#8211; San J\u00f3se &#8211; Costa Rica","author":"adfschool","date":"mayo 8, 2025","format":false,"excerpt":"\ud83c\udf93 C\u00f3mo ser piloto comercial en Miami \u2708\ufe0f \u00bfVives en San Jos\u00e9 y sue\u00f1as con ser piloto comercial en Estados Unidos? Adf Flight School te invita a una charla virtual gratuita donde te explicamos c\u00f3mo puedes estudiar en nuestra escuela de aviaci\u00f3n en Miami, Florida y convertirte en piloto profesional.\u2026","rel":"","context":"Entrada similar","block_context":{"text":"Entrada similar","link":""},"img":{"alt_text":"","src":"https:\/\/i0.wp.com\/adfairways.net\/wp-content\/uploads\/2025\/05\/San-Jose-1080x1080-1.jpg?resize=350%2C200&ssl=1","width":350,"height":200,"srcset":"https:\/\/i0.wp.com\/adfairways.net\/wp-content\/uploads\/2025\/05\/San-Jose-1080x1080-1.jpg?resize=350%2C200&ssl=1 1x, https:\/\/i0.wp.com\/adfairways.net\/wp-content\/uploads\/2025\/05\/San-Jose-1080x1080-1.jpg?resize=525%2C300&ssl=1 1.5x, https:\/\/i0.wp.com\/adfairways.net\/wp-content\/uploads\/2025\/05\/San-Jose-1080x1080-1.jpg?resize=700%2C400&ssl=1 2x, https:\/\/i0.wp.com\/adfairways.net\/wp-content\/uploads\/2025\/05\/San-Jose-1080x1080-1.jpg?resize=1050%2C600&ssl=1 3x"},"classes":[]}],"jetpack_sharing_enabled":true,"_links":{"self":[{"href":"https:\/\/adfairways.net\/es\/wp-json\/wp\/v2\/pages\/43301","targetHints":{"allow":["GET"]}}],"collection":[{"href":"https:\/\/adfairways.net\/es\/wp-json\/wp\/v2\/pages"}],"about":[{"href":"https:\/\/adfairways.net\/es\/wp-json\/wp\/v2\/types\/page"}],"author":[{"embeddable":true,"href":"https:\/\/adfairways.net\/es\/wp-json\/wp\/v2\/users\/1"}],"replies":[{"embeddable":true,"href":"https:\/\/adfairways.net\/es\/wp-json\/wp\/v2\/comments?post=43301"}],"version-history":[{"count":5,"href":"https:\/\/adfairways.net\/es\/wp-json\/wp\/v2\/pages\/43301\/revisions"}],"predecessor-version":[{"id":43316,"href":"https:\/\/adfairways.net\/es\/wp-json\/wp\/v2\/pages\/43301\/revisions\/43316"}],"wp:featuredmedia":[{"embeddable":true,"href":"https:\/\/adfairways.net\/es\/wp-json\/wp\/v2\/media\/43305"}],"wp:attachment":[{"href":"https:\/\/adfairways.net\/es\/wp-json\/wp\/v2\/media?parent=43301"}],"curies":[{"name":"wp","href":"https:\/\/api.w.org\/{rel}","templated":true}]}}