{"id":43184,"date":"2025-11-06T14:44:38","date_gmt":"2025-11-06T19:44:38","guid":{"rendered":"https:\/\/adfairways.net\/?page_id=43184"},"modified":"2025-11-07T08:47:21","modified_gmt":"2025-11-07T13:47:21","slug":"charla-virtual-en-tegucigalpa","status":"publish","type":"page","link":"https:\/\/adfairways.net\/es\/charla-virtual-en-tegucigalpa\/","title":{"rendered":"Charla Virtual en Tegucigalpa: C\u00f3mo Convertirte en Piloto Comercial en EE. UU. \u2013 ADF Flight School"},"content":{"rendered":"\t\t<div data-elementor-type=\"wp-post\" data-elementor-id=\"43184\" class=\"elementor elementor-43184\" data-elementor-post-type=\"page\">\n\t\t\t\t<div class=\"elementor-element elementor-element-3734140 e-flex e-con-boxed e-con e-parent\" data-id=\"3734140\" data-element_type=\"container\" data-e-type=\"container\">\n\t\t\t\t\t<div class=\"e-con-inner\">\n\t\t\t\t<div class=\"elementor-element elementor-element-0970fbb elementor-widget elementor-widget-heading\" data-id=\"0970fbb\" data-element_type=\"widget\" data-e-type=\"widget\" data-widget_type=\"heading.default\">\n\t\t\t\t<div class=\"elementor-widget-container\">\n\t\t\t\t\t<h2 class=\"elementor-heading-title elementor-size-default\">\u2708\ufe0f \u2b50 Convi\u00e9rtete en Piloto Comercial en EE. UU. \u2013 Charla Virtual para Honduras<\/h2>\t\t\t\t<\/div>\n\t\t\t\t<\/div>\n\t\t\t\t\t<\/div>\n\t\t\t\t<\/div>\n\t\t<div class=\"elementor-element elementor-element-56ac6ab e-flex e-con-boxed e-con e-parent\" data-id=\"56ac6ab\" data-element_type=\"container\" data-e-type=\"container\">\n\t\t\t\t\t<div class=\"e-con-inner\">\n\t\t\t\t<div class=\"elementor-element elementor-element-9b682aa elementor-widget elementor-widget-heading\" data-id=\"9b682aa\" data-element_type=\"widget\" data-e-type=\"widget\" data-widget_type=\"heading.default\">\n\t\t\t\t<div class=\"elementor-widget-container\">\n\t\t\t\t\t<h4 class=\"elementor-heading-title elementor-size-default\">\ud83c\udf0d \u00bfQuieres ser piloto comercial y estudiar en Estados Unidos? ADF Flight School te invita a una charla virtual exclusiva para Honduras este 27 de noviembre 2025. Descubre requisitos, costos, becas y oportunidades laborales. \u00a1Reg\u00edstrate gratis!<\/h4>\t\t\t\t<\/div>\n\t\t\t\t<\/div>\n\t\t\t\t\t<\/div>\n\t\t\t\t<\/div>\n\t\t\t\t<section class=\"elementor-section elementor-top-section elementor-element elementor-element-256f0f1 elementor-section-boxed elementor-section-height-default elementor-section-height-default\" data-id=\"256f0f1\" data-element_type=\"section\" data-e-type=\"section\">\n\t\t\t\t\t\t<div class=\"elementor-container elementor-column-gap-default\">\n\t\t\t\t\t<div class=\"elementor-column elementor-col-100 elementor-top-column elementor-element elementor-element-819b8c2 top column-style-top\" data-id=\"819b8c2\" data-element_type=\"column\" data-e-type=\"column\">\n\t\t\t<div class=\"elementor-widget-wrap elementor-element-populated\">\n\t\t\t\t\t\t<div class=\"elementor-element elementor-element-f8abdaa elementor-widget elementor-widget-text-editor\" data-id=\"f8abdaa\" data-element_type=\"widget\" data-e-type=\"widget\" data-widget_type=\"text-editor.default\">\n\t\t\t\t<div class=\"elementor-widget-container\">\n\t\t\t\t\t\t\t\t\t<p data-start=\"3087\" data-end=\"3491\"><strong data-start=\"3087\" data-end=\"3174\">\u00bfC\u00f3mo convertirse en piloto comercial en EE. UU. si vives en Tegucigalpa, Honduras?<\/strong><br data-start=\"3174\" data-end=\"3177\" \/>El sue\u00f1o de volar y convertirte en piloto profesional est\u00e1 hoy m\u00e1s cerca que nunca. ADF Flight School, una de las academias de aviaci\u00f3n m\u00e1s reconocidas en Estados Unidos, invita a todos los interesados a una <strong data-start=\"3385\" data-end=\"3441\">charla virtual gratuita este 27 de noviembre de 2025<\/strong>, dirigida especialmente a estudiantes hondure\u00f1os.<\/p><p data-start=\"3493\" data-end=\"3724\">En esta sesi\u00f3n conocer\u00e1s los pasos para estudiar aviaci\u00f3n en Miami, obtener tu licencia FAA, las oportunidades laborales internacionales, el proceso de visa y los requisitos necesarios para iniciar tu carrera como piloto comercial.<\/p><p data-start=\"3726\" data-end=\"3892\">ADF Flight School cuenta con m\u00e1s de <strong data-start=\"3762\" data-end=\"3795\">cuatro d\u00e9cadas de experiencia<\/strong>, flota propia, instructores certificados y programas flexibles para estudiantes internacionales.<\/p><p data-start=\"3894\" data-end=\"4053\">Si quieres iniciar una carrera llena de oportunidades, esta charla es tu primer paso.<br data-start=\"3979\" data-end=\"3982\" \/><strong data-start=\"3982\" data-end=\"4053\">\u00a1Reg\u00edstrate gratis y comienza a construir tu futuro en la aviaci\u00f3n!<\/strong><\/p>\t\t\t\t\t\t\t\t<\/div>\n\t\t\t\t<\/div>\n\t\t\t\t<div class=\"elementor-element elementor-element-664ae18 elementor-widget elementor-widget-image\" data-id=\"664ae18\" data-element_type=\"widget\" data-e-type=\"widget\" data-widget_type=\"image.default\">\n\t\t\t\t<div class=\"elementor-widget-container\">\n\t\t\t\t\t\t\t\t\t\t\t\t\t\t\t<img fetchpriority=\"high\" decoding=\"async\" width=\"1680\" height=\"561\" src=\"https:\/\/adfairways.net\/wp-content\/uploads\/2025\/11\/Tegucigalpa-1680x561-1.jpg\" class=\"attachment-full size-full wp-image-43193\" alt=\"\" srcset=\"https:\/\/adfairways.net\/wp-content\/uploads\/2025\/11\/Tegucigalpa-1680x561-1.jpg 1680w, https:\/\/adfairways.net\/wp-content\/uploads\/2025\/11\/Tegucigalpa-1680x561-1-1024x342.jpg 1024w, https:\/\/adfairways.net\/wp-content\/uploads\/2025\/11\/Tegucigalpa-1680x561-1-768x256.jpg 768w, https:\/\/adfairways.net\/wp-content\/uploads\/2025\/11\/Tegucigalpa-1680x561-1-1320x441.jpg 1320w\" sizes=\"(max-width: 1680px) 100vw, 1680px\" \/>\t\t\t\t\t\t\t\t\t\t\t\t\t\t\t<\/div>\n\t\t\t\t<\/div>\n\t\t\t\t<div class=\"elementor-element elementor-element-197944f elementor-widget elementor-widget-text-editor\" data-id=\"197944f\" data-element_type=\"widget\" data-e-type=\"widget\" data-widget_type=\"text-editor.default\">\n\t\t\t\t<div class=\"elementor-widget-container\">\n\t\t\t\t\t\t\t\t\t<p style=\"text-align: center;\" data-start=\"1312\" data-end=\"1585\">Tu sue\u00f1o de volar comienza aqu\u00ed. Acomp\u00e1\u00f1anos en una sesi\u00f3n informativa donde conocer\u00e1s c\u00f3mo estudiar aviaci\u00f3n en Miami y obtener tu licencia FAA.<\/p>\t\t\t\t\t\t\t\t<\/div>\n\t\t\t\t<\/div>\n\t\t\t\t\t<\/div>\n\t\t<\/div>\n\t\t\t\t\t<\/div>\n\t\t<\/section>\n\t\t\t\t<section class=\"elementor-section elementor-top-section elementor-element elementor-element-e67ddd3 elementor-section-boxed elementor-section-height-default elementor-section-height-default\" data-id=\"e67ddd3\" data-element_type=\"section\" data-e-type=\"section\">\n\t\t\t\t\t\t<div class=\"elementor-container elementor-column-gap-default\">\n\t\t\t\t\t<div class=\"elementor-column elementor-col-50 elementor-top-column elementor-element elementor-element-f8523be top column-style-top\" data-id=\"f8523be\" data-element_type=\"column\" data-e-type=\"column\">\n\t\t\t<div class=\"elementor-widget-wrap elementor-element-populated\">\n\t\t\t\t\t\t<div class=\"elementor-element elementor-element-0a597bc elementor-widget elementor-widget-text-editor\" data-id=\"0a597bc\" data-element_type=\"widget\" data-e-type=\"widget\" data-widget_type=\"text-editor.default\">\n\t\t\t\t<div class=\"elementor-widget-container\">\n\t\t\t\t\t\t\t\t\t<h5 data-start=\"517\" data-end=\"566\">\ud83c\udf93Durante este evento aprender\u00e1s:<\/h5><p data-start=\"517\" data-end=\"566\">\u2708\ufe0f C\u00f3mo obtener tu licencia FAA en EE. UU.<br data-start=\"1662\" data-end=\"1665\" \/>\ud83d\udcbc Oportunidades laborales dentro y fuera del pa\u00eds<br data-start=\"1715\" data-end=\"1718\" \/>\ud83d\udcda Requisitos acad\u00e9micos y migratorios<br data-start=\"1756\" data-end=\"1759\" \/>\ud83d\udcb0 Costos del programa y opciones de financiamiento<br data-start=\"1810\" data-end=\"1813\" \/>\ud83c\udf0e Ventajas de estudiar en Miami, Florida<\/p>\t\t\t\t\t\t\t\t<\/div>\n\t\t\t\t<\/div>\n\t\t\t\t<div class=\"elementor-element elementor-element-83bc6d5 elementor-widget elementor-widget-text-editor\" data-id=\"83bc6d5\" data-element_type=\"widget\" data-e-type=\"widget\" data-widget_type=\"text-editor.default\">\n\t\t\t\t<div class=\"elementor-widget-container\">\n\t\t\t\t\t\t\t\t\t<h5 data-pm-slice=\"1 1 []\">\ud83d\ude80 \u00bfPor qu\u00e9 elegir ADF Flight School?<\/h5><ul><li data-start=\"1445\" data-end=\"1496\"><p data-start=\"1447\" data-end=\"1496\">M\u00e1s de <strong data-start=\"1454\" data-end=\"1494\">40 a\u00f1os formando pilotos comerciales<\/strong><\/p><\/li><li data-start=\"1497\" data-end=\"1549\"><p data-start=\"1499\" data-end=\"1549\"><strong data-start=\"1499\" data-end=\"1520\">Certificaci\u00f3n FAA<\/strong> reconocida a nivel mundial<\/p><\/li><li data-start=\"1550\" data-end=\"1591\"><p data-start=\"1552\" data-end=\"1591\">Flota moderna e instructores expertos<\/p><\/li><li data-start=\"1592\" data-end=\"1653\"><p data-start=\"1594\" data-end=\"1653\">Programas dise\u00f1ados para <strong data-start=\"1619\" data-end=\"1651\">estudiantes de Latinoam\u00e9rica<\/strong><\/p><\/li><li data-start=\"1654\" data-end=\"1741\"><p data-start=\"1656\" data-end=\"1741\">Acompa\u00f1amiento personalizado desde la inscripci\u00f3n hasta tu primer vuelo profesional<\/p><\/li><\/ul>\t\t\t\t\t\t\t\t<\/div>\n\t\t\t\t<\/div>\n\t\t\t\t\t<\/div>\n\t\t<\/div>\n\t\t\t\t<div class=\"elementor-column elementor-col-50 elementor-top-column elementor-element elementor-element-87be209 top column-style-top\" data-id=\"87be209\" data-element_type=\"column\" data-e-type=\"column\">\n\t\t\t<div class=\"elementor-widget-wrap elementor-element-populated\">\n\t\t\t\t\t\t<div class=\"elementor-element elementor-element-627d77d elementor-widget__width-initial elementor-widget elementor-widget-text-editor\" data-id=\"627d77d\" data-element_type=\"widget\" data-e-type=\"widget\" data-widget_type=\"text-editor.default\">\n\t\t\t\t<div class=\"elementor-widget-container\">\n\t\t\t\t\t\t\t\t\t<h6 data-pm-slice=\"1 1 []\"><img decoding=\"async\" class=\"emoji\" role=\"img\" draggable=\"false\" src=\"https:\/\/s.w.org\/images\/core\/emoji\/16.0.1\/svg\/1f4c5.svg\" alt=\"\ud83d\udcc5\" \/> Event Details:<\/h6><p data-pm-slice=\"1 1 []\">\ud83d\udccd <strong data-start=\"1072\" data-end=\"1083\">Ciudad:<\/strong> Tegucigalpa, Honduras<br data-start=\"1105\" data-end=\"1108\" \/>\ud83d\uddd3 <strong data-start=\"1111\" data-end=\"1121\">Fecha:<\/strong> 27 de noviembre de 2025<br data-start=\"1145\" data-end=\"1148\" \/>\u23f0 <strong data-start=\"1150\" data-end=\"1164\">Modalidad:<\/strong> Virtual \u2013 v\u00eda Zoom<br data-start=\"1183\" data-end=\"1186\" \/>\ud83d\udcb5 <strong data-start=\"1189\" data-end=\"1199\">Costo:<\/strong> Gratis con registro<br data-start=\"1219\" data-end=\"1222\" \/><br \/><\/p>\t\t\t\t\t\t\t\t<\/div>\n\t\t\t\t<\/div>\n\t\t\t\t<div class=\"elementor-element elementor-element-b6fee65 elementor-widget elementor-widget-heading\" data-id=\"b6fee65\" data-element_type=\"widget\" data-e-type=\"widget\" data-widget_type=\"heading.default\">\n\t\t\t\t<div class=\"elementor-widget-container\">\n\t\t\t\t\t<h5 class=\"elementor-heading-title elementor-size-default\">\ud83d\ude80 El acceso es totalmente gratuito, pero los cupos son limitados.<\/h5>\t\t\t\t<\/div>\n\t\t\t\t<\/div>\n\t\t\t\t<div class=\"elementor-element elementor-element-8dbcc26 elementor-widget elementor-widget-html\" data-id=\"8dbcc26\" data-element_type=\"widget\" data-e-type=\"widget\" data-widget_type=\"html.default\">\n\t\t\t\t<div class=\"elementor-widget-container\">\n\t\t\t\t\t<script type=\"text\/javascript\" src=\"https:\/\/api.clientify.net\/web-marketing\/superforms\/script\/264555.js\"><\/script>\t\t\t\t<\/div>\n\t\t\t\t<\/div>\n\t\t\t\t\t<\/div>\n\t\t<\/div>\n\t\t\t\t\t<\/div>\n\t\t<\/section>\n\t\t<div class=\"elementor-element elementor-element-ae919a7 e-flex e-con-boxed e-con e-parent\" data-id=\"ae919a7\" data-element_type=\"container\" data-e-type=\"container\">\n\t\t\t\t\t<div class=\"e-con-inner\">\n\t\t\t\t\t<\/div>\n\t\t\t\t<\/div>\n\t\t\t\t<\/div>\n\t\t","protected":false},"excerpt":{"rendered":"<p>\u2708\ufe0f \u2b50 Convi\u00e9rtete en Piloto Comercial en EE. UU. \u2013 Charla Virtual para Honduras \ud83c\udf0d \u00bfQuieres ser piloto comercial y estudiar en Estados Unidos? ADF Flight School te invita a una charla virtual exclusiva para Honduras este 27 de noviembre 2025. Descubre requisitos, costos, becas y oportunidades laborales. \u00a1Reg\u00edstrate gratis! \u00bfC\u00f3mo convertirse en piloto comercial [&hellip;]<\/p>\n","protected":false},"author":1,"featured_media":43187,"parent":0,"menu_order":0,"comment_status":"closed","ping_status":"closed","template":"","meta":{"footnotes":""},"class_list":["post-43184","page","type-page","status-publish","has-post-thumbnail","hentry"],"jetpack-related-posts":[{"id":41483,"url":"https:\/\/adfairways.net\/es\/charla-piloto-comercial-san-jose\/","url_meta":{"origin":43184,"position":0},"title":"Charla virtual &#8211; San J\u00f3se &#8211; Costa Rica","author":"adfschool","date":"mayo 8, 2025","format":false,"excerpt":"\ud83c\udf93 C\u00f3mo ser piloto comercial en Miami \u2708\ufe0f \u00bfVives en San Jos\u00e9 y sue\u00f1as con ser piloto comercial en Estados Unidos? Adf Flight School te invita a una charla virtual gratuita donde te explicamos c\u00f3mo puedes estudiar en nuestra escuela de aviaci\u00f3n en Miami, Florida y convertirte en piloto profesional.\u2026","rel":"","context":"Entrada similar","block_context":{"text":"Entrada similar","link":""},"img":{"alt_text":"","src":"https:\/\/i0.wp.com\/adfairways.net\/wp-content\/uploads\/2025\/05\/San-Jose-1080x1080-1.jpg?resize=350%2C200&ssl=1","width":350,"height":200,"srcset":"https:\/\/i0.wp.com\/adfairways.net\/wp-content\/uploads\/2025\/05\/San-Jose-1080x1080-1.jpg?resize=350%2C200&ssl=1 1x, https:\/\/i0.wp.com\/adfairways.net\/wp-content\/uploads\/2025\/05\/San-Jose-1080x1080-1.jpg?resize=525%2C300&ssl=1 1.5x, https:\/\/i0.wp.com\/adfairways.net\/wp-content\/uploads\/2025\/05\/San-Jose-1080x1080-1.jpg?resize=700%2C400&ssl=1 2x, https:\/\/i0.wp.com\/adfairways.net\/wp-content\/uploads\/2025\/05\/San-Jose-1080x1080-1.jpg?resize=1050%2C600&ssl=1 3x"},"classes":[]},{"id":42838,"url":"https:\/\/adfairways.net\/es\/charla-virtual-buenos-aires\/","url_meta":{"origin":43184,"position":1},"title":"Charla Virtual en Buenos Aires","author":"adfschool","date":"septiembre 5, 2025","format":false,"excerpt":"\ud83c\udf0d \u00bfVives en Buenos Aires y sue\u00f1as con convertirte en piloto comercial y trabajar en aerol\u00edneas de todo el mundo?Esta es tu oportunidad. ADF Flight School, escuela de aviaci\u00f3n con m\u00e1s de 40 a\u00f1os de experiencia en Miami, Florida (EE. UU.), te invita a una charla virtual gratuita donde descubrir\u00e1s\u2026","rel":"","context":"Entrada similar","block_context":{"text":"Entrada similar","link":""},"img":{"alt_text":"","src":"https:\/\/i0.wp.com\/adfairways.net\/wp-content\/uploads\/2025\/09\/Buenos-Aires-1080x1080-1.jpg?resize=350%2C200&ssl=1","width":350,"height":200,"srcset":"https:\/\/i0.wp.com\/adfairways.net\/wp-content\/uploads\/2025\/09\/Buenos-Aires-1080x1080-1.jpg?resize=350%2C200&ssl=1 1x, https:\/\/i0.wp.com\/adfairways.net\/wp-content\/uploads\/2025\/09\/Buenos-Aires-1080x1080-1.jpg?resize=525%2C300&ssl=1 1.5x, https:\/\/i0.wp.com\/adfairways.net\/wp-content\/uploads\/2025\/09\/Buenos-Aires-1080x1080-1.jpg?resize=700%2C400&ssl=1 2x, https:\/\/i0.wp.com\/adfairways.net\/wp-content\/uploads\/2025\/09\/Buenos-Aires-1080x1080-1.jpg?resize=1050%2C600&ssl=1 3x"},"classes":[]},{"id":41258,"url":"https:\/\/adfairways.net\/es\/charla-virtual-piloto-tegucigalpa-honduras-8-mayo-2025\/","url_meta":{"origin":43184,"position":2},"title":"Charla virtual &#8211; Tegucigalpa, Honduras","author":"adfschool","date":"abril 14, 2025","format":false,"excerpt":"\u2708\ufe0f \u00bfQuieres ser piloto comercial y estudiar en Miami? \u00a1ADF Flight School te ayuda a despegar tu carrera! Si vives en Tegucigalpa, Honduras y sue\u00f1as con una carrera en la aviaci\u00f3n comercial, ADF Flight School, escuela de aviaci\u00f3n en Miami certificada por la FAA, te invita a una charla virtual\u2026","rel":"","context":"Entrada similar","block_context":{"text":"Entrada similar","link":""},"img":{"alt_text":"","src":"https:\/\/i0.wp.com\/adfairways.net\/wp-content\/uploads\/2025\/04\/Tegucigalpa-1080x1080-1.jpg?resize=350%2C200&ssl=1","width":350,"height":200,"srcset":"https:\/\/i0.wp.com\/adfairways.net\/wp-content\/uploads\/2025\/04\/Tegucigalpa-1080x1080-1.jpg?resize=350%2C200&ssl=1 1x, https:\/\/i0.wp.com\/adfairways.net\/wp-content\/uploads\/2025\/04\/Tegucigalpa-1080x1080-1.jpg?resize=525%2C300&ssl=1 1.5x, https:\/\/i0.wp.com\/adfairways.net\/wp-content\/uploads\/2025\/04\/Tegucigalpa-1080x1080-1.jpg?resize=700%2C400&ssl=1 2x, https:\/\/i0.wp.com\/adfairways.net\/wp-content\/uploads\/2025\/04\/Tegucigalpa-1080x1080-1.jpg?resize=1050%2C600&ssl=1 3x"},"classes":[]},{"id":42998,"url":"https:\/\/adfairways.net\/es\/charla-virtual-en-guatemala-conviertete-en-piloto-comercial\/","url_meta":{"origin":43184,"position":3},"title":"Charla Virtual en Guatemala Convi\u00e9rtete en Piloto Comercial","author":"adfschool","date":"septiembre 25, 2025","format":false,"excerpt":"\u2708\ufe0f Charla Virtual en Ciudad de Guatemala \u2013 Convi\u00e9rtete en Piloto Comercial en EE. UU \ud83c\udf0d \u00bfVives en Guatemala y sue\u00f1as con ser piloto comercial para trabajar en aerol\u00edneas internacionales? Esta es tu oportunidad de dar el primer paso hacia tu futuro profesional en la aviaci\u00f3n. ADF Flight School, una\u2026","rel":"","context":"Entrada similar","block_context":{"text":"Entrada similar","link":""},"img":{"alt_text":"","src":"https:\/\/i0.wp.com\/adfairways.net\/wp-content\/uploads\/2025\/09\/Guatemala-1080x1080-1.jpg?resize=350%2C200&ssl=1","width":350,"height":200,"srcset":"https:\/\/i0.wp.com\/adfairways.net\/wp-content\/uploads\/2025\/09\/Guatemala-1080x1080-1.jpg?resize=350%2C200&ssl=1 1x, https:\/\/i0.wp.com\/adfairways.net\/wp-content\/uploads\/2025\/09\/Guatemala-1080x1080-1.jpg?resize=525%2C300&ssl=1 1.5x, https:\/\/i0.wp.com\/adfairways.net\/wp-content\/uploads\/2025\/09\/Guatemala-1080x1080-1.jpg?resize=700%2C400&ssl=1 2x, https:\/\/i0.wp.com\/adfairways.net\/wp-content\/uploads\/2025\/09\/Guatemala-1080x1080-1.jpg?resize=1050%2C600&ssl=1 3x"},"classes":[]},{"id":40297,"url":"https:\/\/adfairways.net\/es\/guatemala-estudiar-aviacion-miami-piloto-comercial\/","url_meta":{"origin":43184,"position":4},"title":"\ud83c\udfc5\ud83c\uddec\ud83c\uddf9 \u00a1Convi\u00e9rtete en Piloto Comercial! \u2708\ufe0f Estudia Aviaci\u00f3n en Miami con ADF Flight School \ud83c\udf34\ud83d\udcbc","author":"adfschool","date":"marzo 17, 2025","format":false,"excerpt":"\ud83c\udf0d \u00bfVives en Guatemala y sue\u00f1as con ser piloto comercial? \u2708\ufe0f Descubre c\u00f3mo estudiar en Miami con ADF Flight School Si tu sue\u00f1o es convertirte en\u00a0piloto comercial\u00a0y obtener una licencia con\u00a0certificaci\u00f3n FAA\u00a0que te permita trabajar en aerol\u00edneas de todo el mundo, esta es tu oportunidad. ADF Flight School, una de\u2026","rel":"","context":"Entrada similar","block_context":{"text":"Entrada similar","link":""},"img":{"alt_text":"","src":"https:\/\/i0.wp.com\/adfairways.net\/wp-content\/uploads\/2025\/03\/Guatemala-1080x1080-1.jpg?resize=350%2C200&ssl=1","width":350,"height":200,"srcset":"https:\/\/i0.wp.com\/adfairways.net\/wp-content\/uploads\/2025\/03\/Guatemala-1080x1080-1.jpg?resize=350%2C200&ssl=1 1x, https:\/\/i0.wp.com\/adfairways.net\/wp-content\/uploads\/2025\/03\/Guatemala-1080x1080-1.jpg?resize=525%2C300&ssl=1 1.5x, https:\/\/i0.wp.com\/adfairways.net\/wp-content\/uploads\/2025\/03\/Guatemala-1080x1080-1.jpg?resize=700%2C400&ssl=1 2x, https:\/\/i0.wp.com\/adfairways.net\/wp-content\/uploads\/2025\/03\/Guatemala-1080x1080-1.jpg?resize=1050%2C600&ssl=1 3x"},"classes":[]},{"id":43583,"url":"https:\/\/adfairways.net\/es\/estudia-aviacion-en-ee-uu-desde-paraguay\/","url_meta":{"origin":43184,"position":5},"title":"Estudia Aviaci\u00f3n en EE.UU. desde Paraguay","author":"adfschool","date":"febrero 23, 2026","format":false,"excerpt":"\u2708\ufe0f Charla Virtual ADF Flight School \u2013 Asunci\u00f3n, Paraguay \ud83c\udf93 Convi\u00e9rtete en Piloto Comercial en Estados Unidos ADF Flight School invita a todos los interesados en convertirse en Piloto Comercial FAA a participar en esta charla virtual exclusiva para Asunci\u00f3n \u2013 Paraguay.En esta sesi\u00f3n informativa conocer\u00e1s c\u00f3mo iniciar tu formaci\u00f3n\u2026","rel":"","context":"Entrada similar","block_context":{"text":"Entrada similar","link":""},"img":{"alt_text":"","src":"https:\/\/i0.wp.com\/adfairways.net\/wp-content\/uploads\/2026\/02\/Paraguay-1080x1080-1.jpg?resize=350%2C200&ssl=1","width":350,"height":200,"srcset":"https:\/\/i0.wp.com\/adfairways.net\/wp-content\/uploads\/2026\/02\/Paraguay-1080x1080-1.jpg?resize=350%2C200&ssl=1 1x, https:\/\/i0.wp.com\/adfairways.net\/wp-content\/uploads\/2026\/02\/Paraguay-1080x1080-1.jpg?resize=525%2C300&ssl=1 1.5x, https:\/\/i0.wp.com\/adfairways.net\/wp-content\/uploads\/2026\/02\/Paraguay-1080x1080-1.jpg?resize=700%2C400&ssl=1 2x, https:\/\/i0.wp.com\/adfairways.net\/wp-content\/uploads\/2026\/02\/Paraguay-1080x1080-1.jpg?resize=1050%2C600&ssl=1 3x"},"classes":[]}],"jetpack_sharing_enabled":true,"_links":{"self":[{"href":"https:\/\/adfairways.net\/es\/wp-json\/wp\/v2\/pages\/43184","targetHints":{"allow":["GET"]}}],"collection":[{"href":"https:\/\/adfairways.net\/es\/wp-json\/wp\/v2\/pages"}],"about":[{"href":"https:\/\/adfairways.net\/es\/wp-json\/wp\/v2\/types\/page"}],"author":[{"embeddable":true,"href":"https:\/\/adfairways.net\/es\/wp-json\/wp\/v2\/users\/1"}],"replies":[{"embeddable":true,"href":"https:\/\/adfairways.net\/es\/wp-json\/wp\/v2\/comments?post=43184"}],"version-history":[{"count":10,"href":"https:\/\/adfairways.net\/es\/wp-json\/wp\/v2\/pages\/43184\/revisions"}],"predecessor-version":[{"id":43204,"href":"https:\/\/adfairways.net\/es\/wp-json\/wp\/v2\/pages\/43184\/revisions\/43204"}],"wp:featuredmedia":[{"embeddable":true,"href":"https:\/\/adfairways.net\/es\/wp-json\/wp\/v2\/media\/43187"}],"wp:attachment":[{"href":"https:\/\/adfairways.net\/es\/wp-json\/wp\/v2\/media?parent=43184"}],"curies":[{"name":"wp","href":"https:\/\/api.w.org\/{rel}","templated":true}]}}