{"id":42962,"date":"2025-09-11T09:10:23","date_gmt":"2025-09-11T14:10:23","guid":{"rendered":"https:\/\/adfairways.net\/?page_id=42962"},"modified":"2025-09-25T12:36:20","modified_gmt":"2025-09-25T17:36:20","slug":"conviertete-en-piloto-comercial-charla-presencial-lima","status":"publish","type":"page","link":"https:\/\/adfairways.net\/es\/conviertete-en-piloto-comercial-charla-presencial-lima\/","title":{"rendered":"Convi\u00e9rtete en Piloto Comercial &#8211; Charla Presencial Lima"},"content":{"rendered":"\t\t<div data-elementor-type=\"wp-post\" data-elementor-id=\"42962\" class=\"elementor elementor-42962\" data-elementor-post-type=\"page\">\n\t\t\t\t\t\t<section class=\"elementor-section elementor-top-section elementor-element elementor-element-e67ddd3 elementor-section-boxed elementor-section-height-default elementor-section-height-default\" data-id=\"e67ddd3\" data-element_type=\"section\" data-e-type=\"section\">\n\t\t\t\t\t\t<div class=\"elementor-container elementor-column-gap-default\">\n\t\t\t\t\t<div class=\"elementor-column elementor-col-100 elementor-top-column elementor-element elementor-element-f8523be top column-style-top\" data-id=\"f8523be\" data-element_type=\"column\" data-e-type=\"column\">\n\t\t\t<div class=\"elementor-widget-wrap elementor-element-populated\">\n\t\t\t\t\t\t<div class=\"elementor-element elementor-element-dd956f3 elementor-widget elementor-widget-heading\" data-id=\"dd956f3\" data-element_type=\"widget\" data-e-type=\"widget\" data-widget_type=\"heading.default\">\n\t\t\t\t<div class=\"elementor-widget-container\">\n\t\t\t\t\t<h2 class=\"elementor-heading-title elementor-size-default\">\u2708\ufe0f Charla Presencial en Lima \u2013 Convi\u00e9rtete en Piloto Comercial en EE. UU.<\/h2>\t\t\t\t<\/div>\n\t\t\t\t<\/div>\n\t\t\t\t<div class=\"elementor-element elementor-element-27fdb78 elementor-widget elementor-widget-heading\" data-id=\"27fdb78\" data-element_type=\"widget\" data-e-type=\"widget\" data-widget_type=\"heading.default\">\n\t\t\t\t<div class=\"elementor-widget-container\">\n\t\t\t\t\t<h4 class=\"elementor-heading-title elementor-size-default\"><p data-start=\"250\" data-end=\"440\">\ud83c\udf0d \u00bfVives en Lima y sue\u00f1as con ser <strong data-start=\"285\" data-end=\"305\">piloto comercial<\/strong> y trabajar en aerol\u00edneas internacionales?<span style=\"font-size: 18px\"><\/span><\/p><\/h4>\t\t\t\t<\/div>\n\t\t\t\t<\/div>\n\t\t\t\t<div class=\"elementor-element elementor-element-347ffc0 elementor-widget elementor-widget-text-editor\" data-id=\"347ffc0\" data-element_type=\"widget\" data-e-type=\"widget\" data-widget_type=\"text-editor.default\">\n\t\t\t\t<div class=\"elementor-widget-container\">\n\t\t\t\t\t\t\t\t\t<h3 style=\"text-align: center;\" data-start=\"217\" data-end=\"272\">Esta es tu oportunidad de dar el primer paso hacia tu futuro profesional en la aviaci\u00f3n.<\/h3><p data-start=\"442\" data-end=\"673\"><strong data-start=\"442\" data-end=\"463\">ADF Flight School<\/strong>, escuela de aviaci\u00f3n ubicada en <strong data-start=\"496\" data-end=\"524\">Miami, Florida (EE. UU.)<\/strong>, con m\u00e1s de <strong data-start=\"537\" data-end=\"596\">40 a\u00f1os de experiencia formando pilotos internacionales<\/strong>, llega a <strong data-start=\"606\" data-end=\"620\">Lima, Per\u00fa<\/strong> para brindarte una <strong data-start=\"640\" data-end=\"670\">charla presencial gratuita<\/strong>.<\/p><p data-start=\"675\" data-end=\"838\">En este encuentro te explicaremos c\u00f3mo iniciar tu formaci\u00f3n como <strong data-start=\"740\" data-end=\"782\">piloto comercial con certificaci\u00f3n FAA<\/strong>, v\u00e1lida para trabajar en aerol\u00edneas de todo el mundo.<\/p>\t\t\t\t\t\t\t\t<\/div>\n\t\t\t\t<\/div>\n\t\t\t\t\t<\/div>\n\t\t<\/div>\n\t\t\t\t\t<\/div>\n\t\t<\/section>\n\t\t\t\t<section class=\"elementor-section elementor-top-section elementor-element elementor-element-256f0f1 elementor-section-boxed elementor-section-height-default elementor-section-height-default\" data-id=\"256f0f1\" data-element_type=\"section\" data-e-type=\"section\">\n\t\t\t\t\t\t<div class=\"elementor-container elementor-column-gap-default\">\n\t\t\t\t\t<div class=\"elementor-column elementor-col-100 elementor-top-column elementor-element elementor-element-819b8c2 top column-style-top\" data-id=\"819b8c2\" data-element_type=\"column\" data-e-type=\"column\">\n\t\t\t<div class=\"elementor-widget-wrap elementor-element-populated\">\n\t\t\t\t\t\t<div class=\"elementor-element elementor-element-664ae18 elementor-widget elementor-widget-image\" data-id=\"664ae18\" data-element_type=\"widget\" data-e-type=\"widget\" data-widget_type=\"image.default\">\n\t\t\t\t<div class=\"elementor-widget-container\">\n\t\t\t\t\t\t\t\t\t\t\t\t\t\t\t<img fetchpriority=\"high\" decoding=\"async\" width=\"1680\" height=\"561\" src=\"https:\/\/adfairways.net\/wp-content\/uploads\/2025\/09\/Lima-1680x561-2.jpg\" class=\"attachment-full size-full wp-image-43031\" alt=\"\" srcset=\"https:\/\/adfairways.net\/wp-content\/uploads\/2025\/09\/Lima-1680x561-2.jpg 1680w, https:\/\/adfairways.net\/wp-content\/uploads\/2025\/09\/Lima-1680x561-2-1024x342.jpg 1024w, https:\/\/adfairways.net\/wp-content\/uploads\/2025\/09\/Lima-1680x561-2-768x256.jpg 768w, https:\/\/adfairways.net\/wp-content\/uploads\/2025\/09\/Lima-1680x561-2-1320x441.jpg 1320w\" sizes=\"(max-width: 1680px) 100vw, 1680px\" \/>\t\t\t\t\t\t\t\t\t\t\t\t\t\t\t<\/div>\n\t\t\t\t<\/div>\n\t\t\t\t<div class=\"elementor-element elementor-element-ee626b3 elementor-widget elementor-widget-heading\" data-id=\"ee626b3\" data-element_type=\"widget\" data-e-type=\"widget\" data-widget_type=\"heading.default\">\n\t\t\t\t<div class=\"elementor-widget-container\">\n\t\t\t\t\t<h2 class=\"elementor-heading-title elementor-size-default\">\u2708\ufe0f \u00a1Tu carrera como piloto comercial comienza aqu\u00ed!<\/h2>\t\t\t\t<\/div>\n\t\t\t\t<\/div>\n\t\t\t\t<div class=\"elementor-element elementor-element-da352f4 elementor-widget elementor-widget-text-editor\" data-id=\"da352f4\" data-element_type=\"widget\" data-e-type=\"widget\" data-widget_type=\"text-editor.default\">\n\t\t\t\t<div class=\"elementor-widget-container\">\n\t\t\t\t\t\t\t\t\t<p class=\"\" style=\"text-align: center;\" data-start=\"566\" data-end=\"765\">En este evento descubrir\u00e1s c\u00f3mo puedes formarte como <strong data-start=\"627\" data-end=\"669\">piloto comercial con certificaci\u00f3n FAA<\/strong> y despegar tu futuro profesional desde Estados Unidos.<\/p>\t\t\t\t\t\t\t\t<\/div>\n\t\t\t\t<\/div>\n\t\t\t\t\t<\/div>\n\t\t<\/div>\n\t\t\t\t\t<\/div>\n\t\t<\/section>\n\t\t\t\t<section class=\"elementor-section elementor-top-section elementor-element elementor-element-eaffbe7 elementor-section-boxed elementor-section-height-default elementor-section-height-default\" data-id=\"eaffbe7\" data-element_type=\"section\" data-e-type=\"section\">\n\t\t\t\t\t\t<div class=\"elementor-container elementor-column-gap-default\">\n\t\t\t\t\t<div class=\"elementor-column elementor-col-50 elementor-top-column elementor-element elementor-element-a654b6f top column-style-top\" data-id=\"a654b6f\" data-element_type=\"column\" data-e-type=\"column\">\n\t\t\t<div class=\"elementor-widget-wrap elementor-element-populated\">\n\t\t\t\t\t\t<div class=\"elementor-element elementor-element-e90556a elementor-widget elementor-widget-heading\" data-id=\"e90556a\" data-element_type=\"widget\" data-e-type=\"widget\" data-widget_type=\"heading.default\">\n\t\t\t\t<div class=\"elementor-widget-container\">\n\t\t\t\t\t<h4 class=\"elementor-heading-title elementor-size-default\">\ud83d\udc68\u200d\u2708\ufe0f  Lo que aprender\u00e1s en esta charla:<\/h4>\t\t\t\t<\/div>\n\t\t\t\t<\/div>\n\t\t\t\t<div class=\"elementor-element elementor-element-774be0f elementor-widget elementor-widget-text-editor\" data-id=\"774be0f\" data-element_type=\"widget\" data-e-type=\"widget\" data-widget_type=\"text-editor.default\">\n\t\t\t\t<div class=\"elementor-widget-container\">\n\t\t\t\t\t\t\t\t\t<p class=\"\" data-start=\"1214\" data-end=\"1461\">Esta no es una videollamada ni una grabaci\u00f3n. Es una oportunidad para hablar directamente con nuestro equipo y resolver todas tus dudas cara a cara.\u00a0<\/p>\t\t\t\t\t\t\t\t<\/div>\n\t\t\t\t<\/div>\n\t\t\t\t<div class=\"elementor-element elementor-element-47d8663 elementor-widget elementor-widget-text-editor\" data-id=\"47d8663\" data-element_type=\"widget\" data-e-type=\"widget\" data-widget_type=\"text-editor.default\">\n\t\t\t\t<div class=\"elementor-widget-container\">\n\t\t\t\t\t\t\t\t\t<p data-start=\"1391\" data-end=\"1471\">\u2705 C\u00f3mo estudiar aviaci\u00f3n en Estados Unidos siendo peruano.<\/p><p data-start=\"1391\" data-end=\"1471\">\u2705 Requisitos, duraci\u00f3n y costos del programa de piloto comercial.<\/p><p data-start=\"1391\" data-end=\"1471\">\u2705 Proceso de visa de estudiante para ciudadanos de Per\u00fa.<\/p><p data-start=\"1391\" data-end=\"1471\">\u2705 Opciones de alojamiento y vida en Miami como estudiante internacional.<\/p><p data-start=\"1391\" data-end=\"1471\">\u2705 Beneficios de formarte en una escuela de aviaci\u00f3n reconocida mundialmente.<\/p>\t\t\t\t\t\t\t\t<\/div>\n\t\t\t\t<\/div>\n\t\t\t\t\t<\/div>\n\t\t<\/div>\n\t\t\t\t<div class=\"elementor-column elementor-col-50 elementor-top-column elementor-element elementor-element-56142a9 top column-style-top\" data-id=\"56142a9\" data-element_type=\"column\" data-e-type=\"column\">\n\t\t\t<div class=\"elementor-widget-wrap elementor-element-populated\">\n\t\t\t\t\t\t<div class=\"elementor-element elementor-element-4bf9694 elementor-widget elementor-widget-text-editor\" data-id=\"4bf9694\" data-element_type=\"widget\" data-e-type=\"widget\" data-widget_type=\"text-editor.default\">\n\t\t\t\t<div class=\"elementor-widget-container\">\n\t\t\t\t\t\t\t\t\t<h3 data-start=\"960\" data-end=\"1008\">\ud83c\udf9f\ufe0f Cupos limitados \u2013 Registro obligatorio<\/h3><p data-start=\"1009\" data-end=\"1129\">Completa el formulario de inscripci\u00f3n para apartar tu lugar y recibir los detalles de la ubicaci\u00f3n.<\/p>\t\t\t\t\t\t\t\t<\/div>\n\t\t\t\t<\/div>\n\t\t\t\t<div class=\"elementor-element elementor-element-9882e89 elementor-widget elementor-widget-heading\" data-id=\"9882e89\" data-element_type=\"widget\" data-e-type=\"widget\" data-widget_type=\"heading.default\">\n\t\t\t\t<div class=\"elementor-widget-container\">\n\t\t\t\t\t<h2 class=\"elementor-heading-title elementor-size-default\">\ud83d\udcdd Reserva tu lugar<\/h2>\t\t\t\t<\/div>\n\t\t\t\t<\/div>\n\t\t\t\t<div class=\"elementor-element elementor-element-756d7ce elementor-widget elementor-widget-html\" data-id=\"756d7ce\" data-element_type=\"widget\" data-e-type=\"widget\" data-widget_type=\"html.default\">\n\t\t\t\t<div class=\"elementor-widget-container\">\n\t\t\t\t\t<script type=\"text\/javascript\" src=\"https:\/\/api.clientify.net\/web-marketing\/superforms\/script\/256773.js\"><\/script>\t\t\t\t<\/div>\n\t\t\t\t<\/div>\n\t\t\t\t\t<\/div>\n\t\t<\/div>\n\t\t\t\t\t<\/div>\n\t\t<\/section>\n\t\t<div class=\"elementor-element elementor-element-a44dd15 e-flex e-con-boxed e-con e-parent\" data-id=\"a44dd15\" data-element_type=\"container\" data-e-type=\"container\">\n\t\t\t\t\t<div class=\"e-con-inner\">\n\t\t<div class=\"elementor-element elementor-element-853ed99 e-con-full e-flex e-con e-child\" data-id=\"853ed99\" data-element_type=\"container\" data-e-type=\"container\">\n\t\t\t\t<div class=\"elementor-element elementor-element-fe3a26e elementor-widget elementor-widget-heading\" data-id=\"fe3a26e\" data-element_type=\"widget\" data-e-type=\"widget\" data-widget_type=\"heading.default\">\n\t\t\t\t<div class=\"elementor-widget-container\">\n\t\t\t\t\t<h2 class=\"elementor-heading-title elementor-size-default\">\ud83d\udcc5 Detalles del evento<\/h2>\t\t\t\t<\/div>\n\t\t\t\t<\/div>\n\t\t\t\t<div class=\"elementor-element elementor-element-5c42603 elementor-widget elementor-widget-text-editor\" data-id=\"5c42603\" data-element_type=\"widget\" data-e-type=\"widget\" data-widget_type=\"text-editor.default\">\n\t\t\t\t<div class=\"elementor-widget-container\">\n\t\t\t\t\t\t\t\t\t<p class=\"\" data-start=\"1071\" data-end=\"1106\"><img decoding=\"async\" class=\"emoji\" role=\"img\" draggable=\"false\" src=\"https:\/\/s.w.org\/images\/core\/emoji\/16.0.1\/svg\/1f5d3.svg\" alt=\"\ud83d\uddd3\" \/> <strong data-start=\"1074\" data-end=\"1084\">Fecha:<\/strong> S\u00e1bado, 25 de octubre de 2025<\/p><p class=\"\" data-start=\"1071\" data-end=\"1106\"><img decoding=\"async\" class=\"emoji\" style=\"background-color: #ffffff;\" role=\"img\" draggable=\"false\" src=\"https:\/\/s.w.org\/images\/core\/emoji\/16.0.1\/svg\/23f0.svg\" alt=\"\u23f0\" \/> <strong data-start=\"1111\" data-end=\"1120\">Hora:<\/strong> 11:00 a.m.<\/p><p class=\"\" data-start=\"1136\" data-end=\"1171\"><img decoding=\"async\" class=\"emoji\" role=\"img\" draggable=\"false\" src=\"https:\/\/s.w.org\/images\/core\/emoji\/16.0.1\/svg\/1f4cc.svg\" alt=\"\ud83d\udccc\" \/> <strong data-start=\"1139\" data-end=\"1150\">Ciudad: Lima<\/strong>, Per\u00fa<\/p><p class=\"\" data-start=\"1174\" data-end=\"1254\"><img decoding=\"async\" class=\"emoji\" role=\"img\" draggable=\"false\" src=\"https:\/\/s.w.org\/images\/core\/emoji\/16.0.1\/svg\/1f3e2.svg\" alt=\"\ud83c\udfe2\" \/> <strong data-start=\"1177\" data-end=\"1187\">Lugar:<\/strong> <em data-start=\"1188\" data-end=\"1201\">Por definir<\/em> (te enviaremos la direcci\u00f3n exacta al registrarte)<\/p><p class=\"\" data-start=\"1257\" data-end=\"1295\"><img decoding=\"async\" class=\"emoji\" role=\"img\" draggable=\"false\" src=\"https:\/\/s.w.org\/images\/core\/emoji\/16.0.1\/svg\/1f9d1-200d-2708-fe0f.svg\" alt=\"\ud83e\uddd1\u200d\u2708\ufe0f\" \/> <strong data-start=\"1263\" data-end=\"1277\">Modalidad:<\/strong> 100% presencial<\/p><p class=\"\" data-start=\"1298\" data-end=\"1355\"><img decoding=\"async\" class=\"emoji\" role=\"img\" draggable=\"false\" src=\"https:\/\/s.w.org\/images\/core\/emoji\/16.0.1\/svg\/1f39f.svg\" alt=\"\ud83c\udf9f\" \/> <strong data-start=\"1301\" data-end=\"1313\">Entrada:<\/strong> Gratuita (\u00a1pero los cupos son limitados!)<\/p>\t\t\t\t\t\t\t\t<\/div>\n\t\t\t\t<\/div>\n\t\t\t\t<\/div>\n\t\t<div class=\"elementor-element elementor-element-bf5dcb3 e-con-full e-flex e-con e-child\" data-id=\"bf5dcb3\" data-element_type=\"container\" data-e-type=\"container\">\n\t\t\t\t<div class=\"elementor-element elementor-element-9c5e479 elementor-widget elementor-widget-heading\" data-id=\"9c5e479\" data-element_type=\"widget\" data-e-type=\"widget\" data-widget_type=\"heading.default\">\n\t\t\t\t<div class=\"elementor-widget-container\">\n\t\t\t\t\t<h2 class=\"elementor-heading-title elementor-size-default\">\ud83d\ude80 \u00bfPor qu\u00e9 elegir ADF Flight School?<\/h2>\t\t\t\t<\/div>\n\t\t\t\t<\/div>\n\t\t\t\t<div class=\"elementor-element elementor-element-a149a0f elementor-widget elementor-widget-text-editor\" data-id=\"a149a0f\" data-element_type=\"widget\" data-e-type=\"widget\" data-widget_type=\"text-editor.default\">\n\t\t\t\t<div class=\"elementor-widget-container\">\n\t\t\t\t\t\t\t\t\t<ul><li data-start=\"1540\" data-end=\"1591\">M\u00e1s de <strong data-start=\"1547\" data-end=\"1589\">4 d\u00e9cadas formando pilotos comerciales<\/strong><\/li><li data-start=\"1594\" data-end=\"1660\"><strong data-start=\"1594\" data-end=\"1615\">Certificaci\u00f3n FAA<\/strong> reconocida por aerol\u00edneas en todo el mundo<\/li><li data-start=\"1663\" data-end=\"1719\">Moderna flota de entrenamiento e instructores expertos<\/li><li data-start=\"1722\" data-end=\"1781\">Programas dise\u00f1ados para <strong data-start=\"1747\" data-end=\"1779\">estudiantes de Latinoam\u00e9rica<\/strong><\/li><li data-start=\"1784\" data-end=\"1872\">Acompa\u00f1amiento en todo el proceso: desde la admisi\u00f3n hasta tu primer vuelo profesional<\/li><\/ul>\t\t\t\t\t\t\t\t<\/div>\n\t\t\t\t<\/div>\n\t\t\t\t<\/div>\n\t\t\t\t\t<\/div>\n\t\t\t\t<\/div>\n\t\t<div class=\"elementor-element elementor-element-5410107 e-flex e-con-boxed e-con e-parent\" data-id=\"5410107\" data-element_type=\"container\" data-e-type=\"container\">\n\t\t\t\t\t<div class=\"e-con-inner\">\n\t\t\t\t<div class=\"elementor-element elementor-element-c150878 elementor-widget elementor-widget-heading\" data-id=\"c150878\" data-element_type=\"widget\" data-e-type=\"widget\" data-widget_type=\"heading.default\">\n\t\t\t\t<div class=\"elementor-widget-container\">\n\t\t\t\t\t<h2 class=\"elementor-heading-title elementor-size-default\">Piloto Comercial en ADF Flight School:<\/h2>\t\t\t\t<\/div>\n\t\t\t\t<\/div>\n\t\t\t\t<div class=\"elementor-element elementor-element-68a08fc elementor-widget elementor-widget-text-editor\" data-id=\"68a08fc\" data-element_type=\"widget\" data-e-type=\"widget\" data-widget_type=\"text-editor.default\">\n\t\t\t\t<div class=\"elementor-widget-container\">\n\t\t\t\t\t\t\t\t\t<p data-start=\"1398\" data-end=\"1655\">Con sede en Miami, Florida, <strong data-start=\"1426\" data-end=\"1447\">ADF Flight School<\/strong> es reconocida por su excelencia en la formaci\u00f3n de pilotos comerciales internacionales. 40 a\u00f1os de experiencia nos respaldan en cumplir el sue\u00f1o de volar de cientos de estudiantes de Am\u00e9rica Latina.<\/p>\t\t\t\t\t\t\t\t<\/div>\n\t\t\t\t<\/div>\n\t\t\t\t\t<\/div>\n\t\t\t\t<\/div>\n\t\t\t\t<\/div>\n\t\t","protected":false},"excerpt":{"rendered":"<p>\u2708\ufe0f Charla Presencial en Lima \u2013 Convi\u00e9rtete en Piloto Comercial en EE. UU. \ud83c\udf0d \u00bfVives en Lima y sue\u00f1as con ser piloto comercial y trabajar en aerol\u00edneas internacionales? Esta es tu oportunidad de dar el primer paso hacia tu futuro profesional en la aviaci\u00f3n. ADF Flight School, escuela de aviaci\u00f3n ubicada en Miami, Florida (EE. [&hellip;]<\/p>\n","protected":false},"author":1,"featured_media":43025,"parent":0,"menu_order":0,"comment_status":"closed","ping_status":"closed","template":"","meta":{"footnotes":""},"class_list":["post-42962","page","type-page","status-publish","has-post-thumbnail","hentry"],"jetpack-related-posts":[{"id":43067,"url":"https:\/\/adfairways.net\/es\/charla-presencial-bogota-conviertete-piloto-comercial\/","url_meta":{"origin":42962,"position":0},"title":"Charla Presencial en Bogot\u00e1 \u2013 Convi\u00e9rtete en Piloto Comercial","author":"adfschool","date":"octubre 2, 2025","format":false,"excerpt":"\ud83c\udf0d \u00bfSue\u00f1as con ser piloto comercial y trabajar en aerol\u00edneas internacionales? \ud83d\udeeb Convierte tu pasi\u00f3n en profesi\u00f3n: Inicia tu formaci\u00f3n como piloto comercial con nosotros. \ud83d\udccd Charla Presencial \u2013 Octubre 25 \u2013 11:00 a.m.Esta es tu oportunidad de dar el primer paso. ADF Flight School, escuela de aviaci\u00f3n ubicada en\u2026","rel":"","context":"Entrada similar","block_context":{"text":"Entrada similar","link":""},"img":{"alt_text":"","src":"https:\/\/i0.wp.com\/adfairways.net\/wp-content\/uploads\/2025\/10\/Bogota-1080x1080-1.jpg?resize=350%2C200&ssl=1","width":350,"height":200,"srcset":"https:\/\/i0.wp.com\/adfairways.net\/wp-content\/uploads\/2025\/10\/Bogota-1080x1080-1.jpg?resize=350%2C200&ssl=1 1x, https:\/\/i0.wp.com\/adfairways.net\/wp-content\/uploads\/2025\/10\/Bogota-1080x1080-1.jpg?resize=525%2C300&ssl=1 1.5x, https:\/\/i0.wp.com\/adfairways.net\/wp-content\/uploads\/2025\/10\/Bogota-1080x1080-1.jpg?resize=700%2C400&ssl=1 2x, https:\/\/i0.wp.com\/adfairways.net\/wp-content\/uploads\/2025\/10\/Bogota-1080x1080-1.jpg?resize=1050%2C600&ssl=1 3x"},"classes":[]},{"id":42998,"url":"https:\/\/adfairways.net\/es\/charla-virtual-en-guatemala-conviertete-en-piloto-comercial\/","url_meta":{"origin":42962,"position":1},"title":"Charla Virtual en Guatemala Convi\u00e9rtete en Piloto Comercial","author":"adfschool","date":"septiembre 25, 2025","format":false,"excerpt":"\u2708\ufe0f Charla Virtual en Ciudad de Guatemala \u2013 Convi\u00e9rtete en Piloto Comercial en EE. UU \ud83c\udf0d \u00bfVives en Guatemala y sue\u00f1as con ser piloto comercial para trabajar en aerol\u00edneas internacionales? Esta es tu oportunidad de dar el primer paso hacia tu futuro profesional en la aviaci\u00f3n. ADF Flight School, una\u2026","rel":"","context":"Entrada similar","block_context":{"text":"Entrada similar","link":""},"img":{"alt_text":"","src":"https:\/\/i0.wp.com\/adfairways.net\/wp-content\/uploads\/2025\/09\/Guatemala-1080x1080-1.jpg?resize=350%2C200&ssl=1","width":350,"height":200,"srcset":"https:\/\/i0.wp.com\/adfairways.net\/wp-content\/uploads\/2025\/09\/Guatemala-1080x1080-1.jpg?resize=350%2C200&ssl=1 1x, https:\/\/i0.wp.com\/adfairways.net\/wp-content\/uploads\/2025\/09\/Guatemala-1080x1080-1.jpg?resize=525%2C300&ssl=1 1.5x, https:\/\/i0.wp.com\/adfairways.net\/wp-content\/uploads\/2025\/09\/Guatemala-1080x1080-1.jpg?resize=700%2C400&ssl=1 2x, https:\/\/i0.wp.com\/adfairways.net\/wp-content\/uploads\/2025\/09\/Guatemala-1080x1080-1.jpg?resize=1050%2C600&ssl=1 3x"},"classes":[]},{"id":43693,"url":"https:\/\/adfairways.net\/es\/charla-presencial-lima-estudie-aviacion-miami\/","url_meta":{"origin":42962,"position":2},"title":"Charla Presencial en Lima 28 de Marzo | Estudie Aviaci\u00f3n en Miami","author":"adfschool","date":"febrero 26, 2026","format":false,"excerpt":"Tu Primer Paso para Convertirte en Piloto Profesional Charla presencial en Liama, Per\u00fa \u2014 28 de marzo, 10:30 a.m. Si vives en Lima y sue\u00f1as con convertirte en piloto profesional, esta es tu oportunidad.ADF Flight School, ubicada en Miami, Florida, US, te invita a una charla presencial gratuita donde conocer\u00e1s\u2026","rel":"","context":"Entrada similar","block_context":{"text":"Entrada similar","link":""},"img":{"alt_text":"","src":"https:\/\/i0.wp.com\/adfairways.net\/wp-content\/uploads\/2026\/02\/Lima-Peru-1080x1080-1.jpg?resize=350%2C200&ssl=1","width":350,"height":200,"srcset":"https:\/\/i0.wp.com\/adfairways.net\/wp-content\/uploads\/2026\/02\/Lima-Peru-1080x1080-1.jpg?resize=350%2C200&ssl=1 1x, https:\/\/i0.wp.com\/adfairways.net\/wp-content\/uploads\/2026\/02\/Lima-Peru-1080x1080-1.jpg?resize=525%2C300&ssl=1 1.5x, https:\/\/i0.wp.com\/adfairways.net\/wp-content\/uploads\/2026\/02\/Lima-Peru-1080x1080-1.jpg?resize=700%2C400&ssl=1 2x, https:\/\/i0.wp.com\/adfairways.net\/wp-content\/uploads\/2026\/02\/Lima-Peru-1080x1080-1.jpg?resize=1050%2C600&ssl=1 3x"},"classes":[]},{"id":42542,"url":"https:\/\/adfairways.net\/es\/piloto-comercial-lima-peru\/","url_meta":{"origin":42962,"position":3},"title":"Charla Virtual Piloto Comercial Lima, Per\u00fa","author":"adfschool","date":"julio 30, 2025","format":false,"excerpt":"\u00a1Haz despegar tu carrera como piloto desde Lima, Per\u00fa! \u2708\ufe0f Charla Virtual Exclusiva - ADF Flight School Te invitamos a dar el primer paso para hacer realidad ese sue\u00f1o. Si vives en Per\u00fa y est\u00e1s pensando en estudiar aviaci\u00f3n, no te pierdas esta charla virtual desde Lima: resolveremos todas tus\u2026","rel":"","context":"Entrada similar","block_context":{"text":"Entrada similar","link":""},"img":{"alt_text":"","src":"https:\/\/i0.wp.com\/adfairways.net\/wp-content\/uploads\/2025\/07\/Lima-1080x1080-1.jpg?resize=350%2C200&ssl=1","width":350,"height":200,"srcset":"https:\/\/i0.wp.com\/adfairways.net\/wp-content\/uploads\/2025\/07\/Lima-1080x1080-1.jpg?resize=350%2C200&ssl=1 1x, https:\/\/i0.wp.com\/adfairways.net\/wp-content\/uploads\/2025\/07\/Lima-1080x1080-1.jpg?resize=525%2C300&ssl=1 1.5x, https:\/\/i0.wp.com\/adfairways.net\/wp-content\/uploads\/2025\/07\/Lima-1080x1080-1.jpg?resize=700%2C400&ssl=1 2x, https:\/\/i0.wp.com\/adfairways.net\/wp-content\/uploads\/2025\/07\/Lima-1080x1080-1.jpg?resize=1050%2C600&ssl=1 3x"},"classes":[]},{"id":40935,"url":"https:\/\/adfairways.net\/es\/charla-aviacion-miami-lima-2025\/","url_meta":{"origin":42962,"position":4},"title":"Charla Presencial | Lima 12 Abril","author":"adfschool","date":"marzo 18, 2025","format":false,"excerpt":"\u00a1Vive tu Sue\u00f1o de Ser Piloto Comercial en Miami! Charla Presencial en Lima | Cupos Limitados \u00bfImaginas despegar desde Miami hacia los cielos del mundo como piloto comercial? \ud83c\udf0e\ud83d\udeebEn\u00a0ADF Flight School, la escuela l\u00edder en aviaci\u00f3n de Estados Unidos, te guiamos para convertirte en un profesional de alto vuelo.\u00a0\u00a1Asiste a\u2026","rel":"","context":"Entrada similar","block_context":{"text":"Entrada similar","link":""},"img":{"alt_text":"","src":"https:\/\/i0.wp.com\/adfairways.net\/wp-content\/uploads\/2025\/03\/Lima-1080x1080-2.jpg?resize=350%2C200&ssl=1","width":350,"height":200,"srcset":"https:\/\/i0.wp.com\/adfairways.net\/wp-content\/uploads\/2025\/03\/Lima-1080x1080-2.jpg?resize=350%2C200&ssl=1 1x, https:\/\/i0.wp.com\/adfairways.net\/wp-content\/uploads\/2025\/03\/Lima-1080x1080-2.jpg?resize=525%2C300&ssl=1 1.5x, https:\/\/i0.wp.com\/adfairways.net\/wp-content\/uploads\/2025\/03\/Lima-1080x1080-2.jpg?resize=700%2C400&ssl=1 2x, https:\/\/i0.wp.com\/adfairways.net\/wp-content\/uploads\/2025\/03\/Lima-1080x1080-2.jpg?resize=1050%2C600&ssl=1 3x"},"classes":[]},{"id":43184,"url":"https:\/\/adfairways.net\/es\/charla-virtual-en-tegucigalpa\/","url_meta":{"origin":42962,"position":5},"title":"Charla Virtual en Tegucigalpa: C\u00f3mo Convertirte en Piloto Comercial en EE. UU. \u2013 ADF Flight School","author":"adfschool","date":"noviembre 6, 2025","format":false,"excerpt":"\u2708\ufe0f \u2b50 Convi\u00e9rtete en Piloto Comercial en EE. UU. \u2013 Charla Virtual para Honduras \ud83c\udf0d \u00bfQuieres ser piloto comercial y estudiar en Estados Unidos? ADF Flight School te invita a una charla virtual exclusiva para Honduras este 27 de noviembre 2025. Descubre requisitos, costos, becas y oportunidades laborales. \u00a1Reg\u00edstrate gratis!\u2026","rel":"","context":"Entrada similar","block_context":{"text":"Entrada similar","link":""},"img":{"alt_text":"","src":"https:\/\/i0.wp.com\/adfairways.net\/wp-content\/uploads\/2025\/11\/Tegucigalpa-1080x1080-1.jpg?resize=350%2C200&ssl=1","width":350,"height":200,"srcset":"https:\/\/i0.wp.com\/adfairways.net\/wp-content\/uploads\/2025\/11\/Tegucigalpa-1080x1080-1.jpg?resize=350%2C200&ssl=1 1x, https:\/\/i0.wp.com\/adfairways.net\/wp-content\/uploads\/2025\/11\/Tegucigalpa-1080x1080-1.jpg?resize=525%2C300&ssl=1 1.5x, https:\/\/i0.wp.com\/adfairways.net\/wp-content\/uploads\/2025\/11\/Tegucigalpa-1080x1080-1.jpg?resize=700%2C400&ssl=1 2x, https:\/\/i0.wp.com\/adfairways.net\/wp-content\/uploads\/2025\/11\/Tegucigalpa-1080x1080-1.jpg?resize=1050%2C600&ssl=1 3x"},"classes":[]}],"jetpack_sharing_enabled":true,"_links":{"self":[{"href":"https:\/\/adfairways.net\/es\/wp-json\/wp\/v2\/pages\/42962","targetHints":{"allow":["GET"]}}],"collection":[{"href":"https:\/\/adfairways.net\/es\/wp-json\/wp\/v2\/pages"}],"about":[{"href":"https:\/\/adfairways.net\/es\/wp-json\/wp\/v2\/types\/page"}],"author":[{"embeddable":true,"href":"https:\/\/adfairways.net\/es\/wp-json\/wp\/v2\/users\/1"}],"replies":[{"embeddable":true,"href":"https:\/\/adfairways.net\/es\/wp-json\/wp\/v2\/comments?post=42962"}],"version-history":[{"count":8,"href":"https:\/\/adfairways.net\/es\/wp-json\/wp\/v2\/pages\/42962\/revisions"}],"predecessor-version":[{"id":43039,"href":"https:\/\/adfairways.net\/es\/wp-json\/wp\/v2\/pages\/42962\/revisions\/43039"}],"wp:featuredmedia":[{"embeddable":true,"href":"https:\/\/adfairways.net\/es\/wp-json\/wp\/v2\/media\/43025"}],"wp:attachment":[{"href":"https:\/\/adfairways.net\/es\/wp-json\/wp\/v2\/media?parent=42962"}],"curies":[{"name":"wp","href":"https:\/\/api.w.org\/{rel}","templated":true}]}}