{"id":42602,"date":"2025-08-05T09:00:19","date_gmt":"2025-08-05T14:00:19","guid":{"rendered":"https:\/\/adfairways.net\/?page_id=42602"},"modified":"2025-08-13T10:06:21","modified_gmt":"2025-08-13T15:06:21","slug":"piloto-comercial-cartagena","status":"publish","type":"page","link":"https:\/\/adfairways.net\/es\/piloto-comercial-cartagena\/","title":{"rendered":"Charla presencial Cartagena Colombia"},"content":{"rendered":"\t\t<div data-elementor-type=\"wp-post\" data-elementor-id=\"42602\" class=\"elementor elementor-42602\" data-elementor-post-type=\"page\">\n\t\t\t\t\t\t<section class=\"elementor-section elementor-top-section elementor-element elementor-element-e67ddd3 elementor-section-boxed elementor-section-height-default elementor-section-height-default\" data-id=\"e67ddd3\" data-element_type=\"section\" data-e-type=\"section\">\n\t\t\t\t\t\t<div class=\"elementor-container elementor-column-gap-default\">\n\t\t\t\t\t<div class=\"elementor-column elementor-col-100 elementor-top-column elementor-element elementor-element-f8523be top column-style-top\" data-id=\"f8523be\" data-element_type=\"column\" data-e-type=\"column\">\n\t\t\t<div class=\"elementor-widget-wrap elementor-element-populated\">\n\t\t\t\t\t\t<div class=\"elementor-element elementor-element-27fdb78 elementor-widget elementor-widget-heading\" data-id=\"27fdb78\" data-element_type=\"widget\" data-e-type=\"widget\" data-widget_type=\"heading.default\">\n\t\t\t\t<div class=\"elementor-widget-container\">\n\t\t\t\t\t<h2 class=\"elementor-heading-title elementor-size-default\">\u00bfHas so\u00f1ado con volar aviones y convertirte en piloto profesional?<\/h2>\t\t\t\t<\/div>\n\t\t\t\t<\/div>\n\t\t\t\t<div class=\"elementor-element elementor-element-dd956f3 elementor-widget elementor-widget-heading\" data-id=\"dd956f3\" data-element_type=\"widget\" data-e-type=\"widget\" data-widget_type=\"heading.default\">\n\t\t\t\t<div class=\"elementor-widget-container\">\n\t\t\t\t\t<h2 class=\"elementor-heading-title elementor-size-default\">\u2708\ufe0f \u00a1ATERRIZAMOS EN CARTAGENA<\/h2>\t\t\t\t<\/div>\n\t\t\t\t<\/div>\n\t\t\t\t<div class=\"elementor-element elementor-element-347ffc0 elementor-widget elementor-widget-text-editor\" data-id=\"347ffc0\" data-element_type=\"widget\" data-e-type=\"widget\" data-widget_type=\"text-editor.default\">\n\t\t\t\t<div class=\"elementor-widget-container\">\n\t\t\t\t\t\t\t\t\t<p class=\"\" style=\"text-align: center;\" data-start=\"566\" data-end=\"765\"><strong data-start=\"404\" data-end=\"462\">\u00bfVives en Cartagena y sue\u00f1as con ser piloto comercial?<\/strong><br data-start=\"462\" data-end=\"465\" \/>Esta es tu oportunidad de dar el primer paso para volar alto y formarte en una de las mejores escuelas de aviaci\u00f3n en Estados Unidos: <strong data-start=\"599\" data-end=\"620\">ADF Flight School<\/strong>, ubicada en <strong data-start=\"633\" data-end=\"651\">Miami, Florida<\/strong>, y certificada por la <strong data-start=\"674\" data-end=\"681\">FAA<\/strong>.<\/p>\t\t\t\t\t\t\t\t<\/div>\n\t\t\t\t<\/div>\n\t\t\t\t\t<\/div>\n\t\t<\/div>\n\t\t\t\t\t<\/div>\n\t\t<\/section>\n\t\t\t\t<section class=\"elementor-section elementor-top-section elementor-element elementor-element-256f0f1 elementor-section-boxed elementor-section-height-default elementor-section-height-default\" data-id=\"256f0f1\" data-element_type=\"section\" data-e-type=\"section\">\n\t\t\t\t\t\t<div class=\"elementor-container elementor-column-gap-default\">\n\t\t\t\t\t<div class=\"elementor-column elementor-col-100 elementor-top-column elementor-element elementor-element-819b8c2 top column-style-top\" data-id=\"819b8c2\" data-element_type=\"column\" data-e-type=\"column\">\n\t\t\t<div class=\"elementor-widget-wrap elementor-element-populated\">\n\t\t\t\t\t\t<div class=\"elementor-element elementor-element-664ae18 elementor-widget elementor-widget-image\" data-id=\"664ae18\" data-element_type=\"widget\" data-e-type=\"widget\" data-widget_type=\"image.default\">\n\t\t\t\t<div class=\"elementor-widget-container\">\n\t\t\t\t\t\t\t\t\t\t\t\t\t\t\t<img fetchpriority=\"high\" decoding=\"async\" width=\"1680\" height=\"561\" src=\"https:\/\/adfairways.net\/wp-content\/uploads\/2025\/08\/Cartagena-1680x561-2.jpg\" class=\"attachment-full size-full wp-image-42627\" alt=\"\" srcset=\"https:\/\/adfairways.net\/wp-content\/uploads\/2025\/08\/Cartagena-1680x561-2.jpg 1680w, https:\/\/adfairways.net\/wp-content\/uploads\/2025\/08\/Cartagena-1680x561-2-1024x342.jpg 1024w, https:\/\/adfairways.net\/wp-content\/uploads\/2025\/08\/Cartagena-1680x561-2-768x256.jpg 768w, https:\/\/adfairways.net\/wp-content\/uploads\/2025\/08\/Cartagena-1680x561-2-1320x441.jpg 1320w\" sizes=\"(max-width: 1680px) 100vw, 1680px\" \/>\t\t\t\t\t\t\t\t\t\t\t\t\t\t\t<\/div>\n\t\t\t\t<\/div>\n\t\t\t\t<div class=\"elementor-element elementor-element-ee626b3 elementor-widget elementor-widget-heading\" data-id=\"ee626b3\" data-element_type=\"widget\" data-e-type=\"widget\" data-widget_type=\"heading.default\">\n\t\t\t\t<div class=\"elementor-widget-container\">\n\t\t\t\t\t<h2 class=\"elementor-heading-title elementor-size-default\">\u2708\ufe0f \u00a1Tu carrera como piloto comercial comienza aqu\u00ed!<\/h2>\t\t\t\t<\/div>\n\t\t\t\t<\/div>\n\t\t\t\t<div class=\"elementor-element elementor-element-da352f4 elementor-widget elementor-widget-text-editor\" data-id=\"da352f4\" data-element_type=\"widget\" data-e-type=\"widget\" data-widget_type=\"text-editor.default\">\n\t\t\t\t<div class=\"elementor-widget-container\">\n\t\t\t\t\t\t\t\t\t<p class=\"\" style=\"text-align: center;\" data-start=\"566\" data-end=\"765\">En esta charla presencial conocer\u00e1s todo sobre el proceso para formarte como <strong data-start=\"633\" data-end=\"675\">piloto comercial en los Estados Unidos<\/strong>, de la mano de <strong data-start=\"691\" data-end=\"705\">ADF Flight School<\/strong>, escuela de aviaci\u00f3n ubicada en <strong data-start=\"738\" data-end=\"756\">Miami, Florida<\/strong>.\u00a0<\/p>\t\t\t\t\t\t\t\t<\/div>\n\t\t\t\t<\/div>\n\t\t\t\t\t<\/div>\n\t\t<\/div>\n\t\t\t\t\t<\/div>\n\t\t<\/section>\n\t\t\t\t<section class=\"elementor-section elementor-top-section elementor-element elementor-element-eaffbe7 elementor-section-boxed elementor-section-height-default elementor-section-height-default\" data-id=\"eaffbe7\" data-element_type=\"section\" data-e-type=\"section\">\n\t\t\t\t\t\t<div class=\"elementor-container elementor-column-gap-default\">\n\t\t\t\t\t<div class=\"elementor-column elementor-col-50 elementor-top-column elementor-element elementor-element-a654b6f top column-style-top\" data-id=\"a654b6f\" data-element_type=\"column\" data-e-type=\"column\">\n\t\t\t<div class=\"elementor-widget-wrap elementor-element-populated\">\n\t\t\t\t\t\t<div class=\"elementor-element elementor-element-e90556a elementor-widget elementor-widget-heading\" data-id=\"e90556a\" data-element_type=\"widget\" data-e-type=\"widget\" data-widget_type=\"heading.default\">\n\t\t\t\t<div class=\"elementor-widget-container\">\n\t\t\t\t\t<h4 class=\"elementor-heading-title elementor-size-default\">\ud83d\udc68\u200d\u2708\ufe0f \u00bfQu\u00e9 aprender\u00e1s en esta charla gratuita?<\/h4>\t\t\t\t<\/div>\n\t\t\t\t<\/div>\n\t\t\t\t<div class=\"elementor-element elementor-element-774be0f elementor-widget elementor-widget-text-editor\" data-id=\"774be0f\" data-element_type=\"widget\" data-e-type=\"widget\" data-widget_type=\"text-editor.default\">\n\t\t\t\t<div class=\"elementor-widget-container\">\n\t\t\t\t\t\t\t\t\t<p class=\"\" data-start=\"1214\" data-end=\"1461\">Esta no es una videollamada ni una grabaci\u00f3n. Es una oportunidad para hablar directamente con nuestro equipo y resolver todas tus dudas cara a cara.\u00a0<\/p>\t\t\t\t\t\t\t\t<\/div>\n\t\t\t\t<\/div>\n\t\t\t\t<div class=\"elementor-element elementor-element-47d8663 elementor-widget elementor-widget-text-editor\" data-id=\"47d8663\" data-element_type=\"widget\" data-e-type=\"widget\" data-widget_type=\"text-editor.default\">\n\t\t\t\t<div class=\"elementor-widget-container\">\n\t\t\t\t\t\t\t\t\t<ul><li>Porque estar\u00e1s frente a personas que ya han acompa\u00f1ado a cientos de estudiantes latinoamericanos en su camino hacia la cabina de un avi\u00f3n.<\/li><li data-start=\"2127\" data-end=\"2194\">Porque te daremos <strong data-start=\"2145\" data-end=\"2173\">informaci\u00f3n clara y real<\/strong>, sin intermediarios.<\/li><li data-start=\"2197\" data-end=\"2295\">Porque tendr\u00e1s un espacio para resolver todas tus preguntas con orientaci\u00f3n profesional y honesta.<\/li><li data-start=\"2298\" data-end=\"2365\">porque los sue\u00f1os se construyen con decisiones reales, como esta.<\/li><\/ul>\t\t\t\t\t\t\t\t<\/div>\n\t\t\t\t<\/div>\n\t\t\t\t\t<\/div>\n\t\t<\/div>\n\t\t\t\t<div class=\"elementor-column elementor-col-50 elementor-top-column elementor-element elementor-element-56142a9 top column-style-top\" data-id=\"56142a9\" data-element_type=\"column\" data-e-type=\"column\">\n\t\t\t<div class=\"elementor-widget-wrap elementor-element-populated\">\n\t\t\t\t\t\t<div class=\"elementor-element elementor-element-9882e89 elementor-widget elementor-widget-heading\" data-id=\"9882e89\" data-element_type=\"widget\" data-e-type=\"widget\" data-widget_type=\"heading.default\">\n\t\t\t\t<div class=\"elementor-widget-container\">\n\t\t\t\t\t<h2 class=\"elementor-heading-title elementor-size-default\">\ud83d\udcdd Reserva tu lugar<\/h2>\t\t\t\t<\/div>\n\t\t\t\t<\/div>\n\t\t\t\t<div class=\"elementor-element elementor-element-756d7ce elementor-widget elementor-widget-html\" data-id=\"756d7ce\" data-element_type=\"widget\" data-e-type=\"widget\" data-widget_type=\"html.default\">\n\t\t\t\t<div class=\"elementor-widget-container\">\n\t\t\t\t\t<script type=\"text\/javascript\" src=\"https:\/\/api.clientify.net\/web-marketing\/superforms\/script\/251944.js\"><\/script>\t\t\t\t<\/div>\n\t\t\t\t<\/div>\n\t\t\t\t<div class=\"elementor-element elementor-element-4bf9694 elementor-widget elementor-widget-text-editor\" data-id=\"4bf9694\" data-element_type=\"widget\" data-e-type=\"widget\" data-widget_type=\"text-editor.default\">\n\t\t\t\t<div class=\"elementor-widget-container\">\n\t\t\t\t\t\t\t\t\t<p class=\"\" data-start=\"1214\" data-end=\"1461\">La entrada es gratuita, pero el espacio es limitado.<br data-start=\"2450\" data-end=\"2453\" \/>Completa el formulario de inscripci\u00f3n y <strong data-start=\"2493\" data-end=\"2551\">recibe toda la informaci\u00f3n sobre la ubicaci\u00f3n y agenda<\/strong> directamente en tu correo.<\/p>\t\t\t\t\t\t\t\t<\/div>\n\t\t\t\t<\/div>\n\t\t\t\t\t<\/div>\n\t\t<\/div>\n\t\t\t\t\t<\/div>\n\t\t<\/section>\n\t\t<div class=\"elementor-element elementor-element-a44dd15 e-flex e-con-boxed e-con e-parent\" data-id=\"a44dd15\" data-element_type=\"container\" data-e-type=\"container\">\n\t\t\t\t\t<div class=\"e-con-inner\">\n\t\t<div class=\"elementor-element elementor-element-853ed99 e-con-full e-flex e-con e-child\" data-id=\"853ed99\" data-element_type=\"container\" data-e-type=\"container\">\n\t\t\t\t<div class=\"elementor-element elementor-element-c150878 elementor-widget elementor-widget-heading\" data-id=\"c150878\" data-element_type=\"widget\" data-e-type=\"widget\" data-widget_type=\"heading.default\">\n\t\t\t\t<div class=\"elementor-widget-container\">\n\t\t\t\t\t<h2 class=\"elementor-heading-title elementor-size-default\">\ud83d\udcc5 Detalles del evento<\/h2>\t\t\t\t<\/div>\n\t\t\t\t<\/div>\n\t\t\t\t<div class=\"elementor-element elementor-element-5c42603 elementor-widget elementor-widget-text-editor\" data-id=\"5c42603\" data-element_type=\"widget\" data-e-type=\"widget\" data-widget_type=\"text-editor.default\">\n\t\t\t\t<div class=\"elementor-widget-container\">\n\t\t\t\t\t\t\t\t\t<p class=\"\" data-start=\"1071\" data-end=\"1106\"><img decoding=\"async\" class=\"emoji\" role=\"img\" draggable=\"false\" src=\"https:\/\/s.w.org\/images\/core\/emoji\/16.0.1\/svg\/1f5d3.svg\" alt=\"\ud83d\uddd3\" \/> <strong data-start=\"1074\" data-end=\"1084\">Fecha:<\/strong> S\u00e1bado, 20 de septiembre<\/p><p class=\"\" data-start=\"1071\" data-end=\"1106\"><img decoding=\"async\" class=\"emoji\" style=\"background-color: #ffffff;\" role=\"img\" draggable=\"false\" src=\"https:\/\/s.w.org\/images\/core\/emoji\/16.0.1\/svg\/23f0.svg\" alt=\"\u23f0\" \/> <strong data-start=\"1111\" data-end=\"1120\">Hora:<\/strong> 11:00 a.m.<\/p><p class=\"\" data-start=\"1136\" data-end=\"1171\"><img decoding=\"async\" class=\"emoji\" role=\"img\" draggable=\"false\" src=\"https:\/\/s.w.org\/images\/core\/emoji\/16.0.1\/svg\/1f4cc.svg\" alt=\"\ud83d\udccc\" \/> <strong data-start=\"1139\" data-end=\"1150\">Ciudad: Cartagena<\/strong>, Colombia<\/p><p class=\"\" data-start=\"1174\" data-end=\"1254\"><img decoding=\"async\" class=\"emoji\" role=\"img\" draggable=\"false\" src=\"https:\/\/s.w.org\/images\/core\/emoji\/16.0.1\/svg\/1f3e2.svg\" alt=\"\ud83c\udfe2\" \/> <strong data-start=\"1177\" data-end=\"1187\">Lugar:<\/strong> <em data-start=\"1188\" data-end=\"1201\">Por definir<\/em> (te enviaremos la direcci\u00f3n exacta al registrarte)<\/p><p class=\"\" data-start=\"1257\" data-end=\"1295\"><img decoding=\"async\" class=\"emoji\" role=\"img\" draggable=\"false\" src=\"https:\/\/s.w.org\/images\/core\/emoji\/16.0.1\/svg\/1f9d1-200d-2708-fe0f.svg\" alt=\"\ud83e\uddd1\u200d\u2708\ufe0f\" \/> <strong data-start=\"1263\" data-end=\"1277\">Modalidad:<\/strong> 100% presencial<\/p><p class=\"\" data-start=\"1298\" data-end=\"1355\"><img decoding=\"async\" class=\"emoji\" role=\"img\" draggable=\"false\" src=\"https:\/\/s.w.org\/images\/core\/emoji\/16.0.1\/svg\/1f39f.svg\" alt=\"\ud83c\udf9f\" \/> <strong data-start=\"1301\" data-end=\"1313\">Entrada:<\/strong> Gratuita (\u00a1pero los cupos son limitados!)<\/p>\t\t\t\t\t\t\t\t<\/div>\n\t\t\t\t<\/div>\n\t\t\t\t<\/div>\n\t\t<div class=\"elementor-element elementor-element-bf5dcb3 e-con-full e-flex e-con e-child\" data-id=\"bf5dcb3\" data-element_type=\"container\" data-e-type=\"container\">\n\t\t\t\t<div class=\"elementor-element elementor-element-9c5e479 elementor-widget elementor-widget-heading\" data-id=\"9c5e479\" data-element_type=\"widget\" data-e-type=\"widget\" data-widget_type=\"heading.default\">\n\t\t\t\t<div class=\"elementor-widget-container\">\n\t\t\t\t\t<h2 class=\"elementor-heading-title elementor-size-default\">\ud83c\udf93 Temas que abordaremos<\/h2>\t\t\t\t<\/div>\n\t\t\t\t<\/div>\n\t\t\t\t<div class=\"elementor-element elementor-element-a149a0f elementor-widget elementor-widget-text-editor\" data-id=\"a149a0f\" data-element_type=\"widget\" data-e-type=\"widget\" data-widget_type=\"text-editor.default\">\n\t\t\t\t<div class=\"elementor-widget-container\">\n\t\t\t\t\t\t\t\t\t<ul><li data-start=\"741\" data-end=\"793\"><p data-start=\"743\" data-end=\"793\">C\u00f3mo convertirte en <strong data-start=\"763\" data-end=\"783\">piloto comercial<\/strong> en EE.UU.<\/p><\/li><li data-start=\"794\" data-end=\"835\"><p data-start=\"796\" data-end=\"835\">Requisitos para estudiantes colombianos<\/p><\/li><li data-start=\"836\" data-end=\"886\"><p data-start=\"838\" data-end=\"886\">Costos del programa y opciones de financiamiento<\/p><\/li><li data-start=\"887\" data-end=\"935\"><p data-start=\"889\" data-end=\"935\">Proceso de visado, alojamiento y vida en Miami<\/p><\/li><li data-start=\"936\" data-end=\"994\"><p data-start=\"938\" data-end=\"994\">Acompa\u00f1amiento completo desde Colombia hasta tu licencia<\/p><\/li><li data-start=\"995\" data-end=\"1055\"><p data-start=\"997\" data-end=\"1055\"><strong data-start=\"997\" data-end=\"1055\">Beneficios exclusivos solo para asistentes registrados<\/strong><\/p><\/li><\/ul>\t\t\t\t\t\t\t\t<\/div>\n\t\t\t\t<\/div>\n\t\t\t\t<\/div>\n\t\t\t\t\t<\/div>\n\t\t\t\t<\/div>\n\t\t\t\t<\/div>\n\t\t","protected":false},"excerpt":{"rendered":"<p>\u00bfHas so\u00f1ado con volar aviones y convertirte en piloto profesional? \u2708\ufe0f \u00a1ATERRIZAMOS EN CARTAGENA \u00bfVives en Cartagena y sue\u00f1as con ser piloto comercial?Esta es tu oportunidad de dar el primer paso para volar alto y formarte en una de las mejores escuelas de aviaci\u00f3n en Estados Unidos: ADF Flight School, ubicada en Miami, Florida, y [&hellip;]<\/p>\n","protected":false},"author":1,"featured_media":42605,"parent":0,"menu_order":0,"comment_status":"closed","ping_status":"closed","template":"","meta":{"footnotes":""},"class_list":["post-42602","page","type-page","status-publish","has-post-thumbnail","hentry"],"jetpack-related-posts":[{"id":41087,"url":"https:\/\/adfairways.net\/es\/piloto-comercial-miami-mexico-panama-colombia\/","url_meta":{"origin":42602,"position":0},"title":"\u00bfQuieres ser piloto comercial y estudiar en Miami? Descubre ADF Airways","author":"adfschool","date":"abril 1, 2025","format":false,"excerpt":"\u00a1Tu sue\u00f1o de volar comienza aqu\u00ed!\u200b \u00a1ADF Flight School te trae una charla virtual exclusiva para guiarte en el proceso! \ud83c\udfa4\ud83d\ude80\u200b Si vives en M\u00e9xico, Panam\u00e1 o Colombia y sue\u00f1as con una carrera en la aviaci\u00f3n comercial, esta es tu oportunidad. ADF Airways, la escuela de aviaci\u00f3n en Miami con\u2026","rel":"","context":"Entrada similar","block_context":{"text":"Entrada similar","link":""},"img":{"alt_text":"","src":"https:\/\/i0.wp.com\/adfairways.net\/wp-content\/uploads\/2025\/04\/MCP-1080x1080-1.jpg?resize=350%2C200&ssl=1","width":350,"height":200,"srcset":"https:\/\/i0.wp.com\/adfairways.net\/wp-content\/uploads\/2025\/04\/MCP-1080x1080-1.jpg?resize=350%2C200&ssl=1 1x, https:\/\/i0.wp.com\/adfairways.net\/wp-content\/uploads\/2025\/04\/MCP-1080x1080-1.jpg?resize=525%2C300&ssl=1 1.5x, https:\/\/i0.wp.com\/adfairways.net\/wp-content\/uploads\/2025\/04\/MCP-1080x1080-1.jpg?resize=700%2C400&ssl=1 2x, https:\/\/i0.wp.com\/adfairways.net\/wp-content\/uploads\/2025\/04\/MCP-1080x1080-1.jpg?resize=1050%2C600&ssl=1 3x"},"classes":[]},{"id":42812,"url":"https:\/\/adfairways.net\/es\/charla-virtual-piloto-comercial-madrid-espana\/","url_meta":{"origin":42602,"position":1},"title":"Charla Virtual Piloto Comercial Madrid, Espa\u00f1a","author":"adfschool","date":"septiembre 3, 2025","format":false,"excerpt":"\u00bfSue\u00f1as con ser piloto de aerol\u00ednea y volar alrededor del mundo? \ud83c\udf0d Si vives en Madrid o cualquier ciudad de Espa\u00f1a, esta es tu oportunidad para descubrir c\u00f3mo iniciar tu formaci\u00f3n como Piloto Comercial con una escuela de aviaci\u00f3n reconocida en Estados Unidos. \u2708\ufe0f C\u00f3mo Convertirte en Piloto Comercial desde\u2026","rel":"","context":"Entrada similar","block_context":{"text":"Entrada similar","link":""},"img":{"alt_text":"","src":"https:\/\/i0.wp.com\/adfairways.net\/wp-content\/uploads\/2025\/09\/Espana-1080x1080-1.jpg?resize=350%2C200&ssl=1","width":350,"height":200,"srcset":"https:\/\/i0.wp.com\/adfairways.net\/wp-content\/uploads\/2025\/09\/Espana-1080x1080-1.jpg?resize=350%2C200&ssl=1 1x, https:\/\/i0.wp.com\/adfairways.net\/wp-content\/uploads\/2025\/09\/Espana-1080x1080-1.jpg?resize=525%2C300&ssl=1 1.5x, https:\/\/i0.wp.com\/adfairways.net\/wp-content\/uploads\/2025\/09\/Espana-1080x1080-1.jpg?resize=700%2C400&ssl=1 2x, https:\/\/i0.wp.com\/adfairways.net\/wp-content\/uploads\/2025\/09\/Espana-1080x1080-1.jpg?resize=1050%2C600&ssl=1 3x"},"classes":[]},{"id":42542,"url":"https:\/\/adfairways.net\/es\/piloto-comercial-lima-peru\/","url_meta":{"origin":42602,"position":2},"title":"Charla Virtual Piloto Comercial Lima, Per\u00fa","author":"adfschool","date":"julio 30, 2025","format":false,"excerpt":"\u00a1Haz despegar tu carrera como piloto desde Lima, Per\u00fa! \u2708\ufe0f Charla Virtual Exclusiva - ADF Flight School Te invitamos a dar el primer paso para hacer realidad ese sue\u00f1o. Si vives en Per\u00fa y est\u00e1s pensando en estudiar aviaci\u00f3n, no te pierdas esta charla virtual desde Lima: resolveremos todas tus\u2026","rel":"","context":"Entrada similar","block_context":{"text":"Entrada similar","link":""},"img":{"alt_text":"","src":"https:\/\/i0.wp.com\/adfairways.net\/wp-content\/uploads\/2025\/07\/Lima-1080x1080-1.jpg?resize=350%2C200&ssl=1","width":350,"height":200,"srcset":"https:\/\/i0.wp.com\/adfairways.net\/wp-content\/uploads\/2025\/07\/Lima-1080x1080-1.jpg?resize=350%2C200&ssl=1 1x, https:\/\/i0.wp.com\/adfairways.net\/wp-content\/uploads\/2025\/07\/Lima-1080x1080-1.jpg?resize=525%2C300&ssl=1 1.5x, https:\/\/i0.wp.com\/adfairways.net\/wp-content\/uploads\/2025\/07\/Lima-1080x1080-1.jpg?resize=700%2C400&ssl=1 2x, https:\/\/i0.wp.com\/adfairways.net\/wp-content\/uploads\/2025\/07\/Lima-1080x1080-1.jpg?resize=1050%2C600&ssl=1 3x"},"classes":[]},{"id":39278,"url":"https:\/\/adfairways.net\/atencion-futuros-pilotos-guayaquil\/","url_meta":{"origin":42602,"position":3},"title":"\u00a1Atenci\u00f3n a todos los futuros pilotos de Guayaquil \u2708\ufe0f \ud83c\udf1f \ud83c\uddea\ud83c\udde8","author":"adfschool","date":"octubre 3, 2024","format":false,"excerpt":"\u00bfSue\u00f1as con volar y explorar el mundo desde las alturas? \ud83c\udf0d \u00a1Este es tu momento! Ven a nuestra charla presencial en GUAYAQUIL y descubre todo sobre ADF Flight School, donde formamos a los mejores pilotos del futuro. ADF Flight School te invita a una charla presencial en Guayaquil, donde descubrir\u00e1s\u2026","rel":"","context":"Entrada similar","block_context":{"text":"Entrada similar","link":""},"img":{"alt_text":"","src":"https:\/\/i0.wp.com\/adfairways.net\/wp-content\/uploads\/2024\/10\/Guayaquil-1080x1080-1.jpg?resize=350%2C200&ssl=1","width":350,"height":200,"srcset":"https:\/\/i0.wp.com\/adfairways.net\/wp-content\/uploads\/2024\/10\/Guayaquil-1080x1080-1.jpg?resize=350%2C200&ssl=1 1x, https:\/\/i0.wp.com\/adfairways.net\/wp-content\/uploads\/2024\/10\/Guayaquil-1080x1080-1.jpg?resize=525%2C300&ssl=1 1.5x, https:\/\/i0.wp.com\/adfairways.net\/wp-content\/uploads\/2024\/10\/Guayaquil-1080x1080-1.jpg?resize=700%2C400&ssl=1 2x, https:\/\/i0.wp.com\/adfairways.net\/wp-content\/uploads\/2024\/10\/Guayaquil-1080x1080-1.jpg?resize=1050%2C600&ssl=1 3x"},"classes":[]},{"id":42526,"url":"https:\/\/adfairways.net\/es\/piloto-comercial-quito\/","url_meta":{"origin":42602,"position":4},"title":"Charla Virtual Piloto Comercial Quito, Ecuador","author":"adfschool","date":"julio 30, 2025","format":false,"excerpt":"\u00a1Este es tu momento para despegar tu carrera en la aviaci\u00f3n! \u2708\ufe0f \u00bfVives en Quito y sue\u00f1as con convertirte en piloto comercial? Te invitamos a una charla virtual exclusiva donde descubrir\u00e1s c\u00f3mo puedes estudiar aviaci\u00f3n en Miami, Florida, y obtener tu licencia como piloto comercial con ADF Flight School, una\u2026","rel":"","context":"Entrada similar","block_context":{"text":"Entrada similar","link":""},"img":{"alt_text":"","src":"https:\/\/i0.wp.com\/adfairways.net\/wp-content\/uploads\/2025\/07\/Quito-1080x1080-1.jpg?resize=350%2C200&ssl=1","width":350,"height":200,"srcset":"https:\/\/i0.wp.com\/adfairways.net\/wp-content\/uploads\/2025\/07\/Quito-1080x1080-1.jpg?resize=350%2C200&ssl=1 1x, https:\/\/i0.wp.com\/adfairways.net\/wp-content\/uploads\/2025\/07\/Quito-1080x1080-1.jpg?resize=525%2C300&ssl=1 1.5x, https:\/\/i0.wp.com\/adfairways.net\/wp-content\/uploads\/2025\/07\/Quito-1080x1080-1.jpg?resize=700%2C400&ssl=1 2x, https:\/\/i0.wp.com\/adfairways.net\/wp-content\/uploads\/2025\/07\/Quito-1080x1080-1.jpg?resize=1050%2C600&ssl=1 3x"},"classes":[]},{"id":39836,"url":"https:\/\/adfairways.net\/atencion-a-todos-los-futuros-pilotos-ecuador\/","url_meta":{"origin":42602,"position":5},"title":"\u00a1Atenci\u00f3n a todos los futuros pilotos Ecuador! \u2708\ufe0f \ud83c\udf1f \ud83c\uddea\ud83c\udde8","author":"adfschool","date":"febrero 11, 2025","format":false,"excerpt":"\u00bfSue\u00f1as con volar y explorar el mundo desde las alturas? \ud83c\udf0d \u00a1Este es tu momento! Ven a nuestra charla presencial en GUAYAQUIL y descubre todo sobre ADF Flight School, donde formamos a los mejores pilotos del futuro. ADF Flight School te invita a una charla presencial en Guayaquil, donde descubrir\u00e1s\u2026","rel":"","context":"Entrada similar","block_context":{"text":"Entrada similar","link":""},"img":{"alt_text":"","src":"https:\/\/i0.wp.com\/adfairways.net\/wp-content\/uploads\/2025\/02\/Ecuador-1080x1350-2.jpg?resize=350%2C200&ssl=1","width":350,"height":200,"srcset":"https:\/\/i0.wp.com\/adfairways.net\/wp-content\/uploads\/2025\/02\/Ecuador-1080x1350-2.jpg?resize=350%2C200&ssl=1 1x, https:\/\/i0.wp.com\/adfairways.net\/wp-content\/uploads\/2025\/02\/Ecuador-1080x1350-2.jpg?resize=525%2C300&ssl=1 1.5x, https:\/\/i0.wp.com\/adfairways.net\/wp-content\/uploads\/2025\/02\/Ecuador-1080x1350-2.jpg?resize=700%2C400&ssl=1 2x, https:\/\/i0.wp.com\/adfairways.net\/wp-content\/uploads\/2025\/02\/Ecuador-1080x1350-2.jpg?resize=1050%2C600&ssl=1 3x"},"classes":[]}],"jetpack_sharing_enabled":true,"_links":{"self":[{"href":"https:\/\/adfairways.net\/es\/wp-json\/wp\/v2\/pages\/42602","targetHints":{"allow":["GET"]}}],"collection":[{"href":"https:\/\/adfairways.net\/es\/wp-json\/wp\/v2\/pages"}],"about":[{"href":"https:\/\/adfairways.net\/es\/wp-json\/wp\/v2\/types\/page"}],"author":[{"embeddable":true,"href":"https:\/\/adfairways.net\/es\/wp-json\/wp\/v2\/users\/1"}],"replies":[{"embeddable":true,"href":"https:\/\/adfairways.net\/es\/wp-json\/wp\/v2\/comments?post=42602"}],"version-history":[{"count":7,"href":"https:\/\/adfairways.net\/es\/wp-json\/wp\/v2\/pages\/42602\/revisions"}],"predecessor-version":[{"id":42631,"href":"https:\/\/adfairways.net\/es\/wp-json\/wp\/v2\/pages\/42602\/revisions\/42631"}],"wp:featuredmedia":[{"embeddable":true,"href":"https:\/\/adfairways.net\/es\/wp-json\/wp\/v2\/media\/42605"}],"wp:attachment":[{"href":"https:\/\/adfairways.net\/es\/wp-json\/wp\/v2\/media?parent=42602"}],"curies":[{"name":"wp","href":"https:\/\/api.w.org\/{rel}","templated":true}]}}