{"id":42542,"date":"2025-07-30T10:33:43","date_gmt":"2025-07-30T15:33:43","guid":{"rendered":"https:\/\/adfairways.net\/?page_id=42542"},"modified":"2025-07-30T10:38:44","modified_gmt":"2025-07-30T15:38:44","slug":"piloto-comercial-lima-peru","status":"publish","type":"page","link":"https:\/\/adfairways.net\/es\/piloto-comercial-lima-peru\/","title":{"rendered":"Charla Virtual Piloto Comercial Lima, Per\u00fa"},"content":{"rendered":"\t\t<div data-elementor-type=\"wp-post\" data-elementor-id=\"42542\" class=\"elementor elementor-42542\" data-elementor-post-type=\"page\">\n\t\t\t\t\t\t<section class=\"elementor-section elementor-top-section elementor-element elementor-element-e67ddd3 elementor-section-boxed elementor-section-height-default elementor-section-height-default\" data-id=\"e67ddd3\" data-element_type=\"section\" data-e-type=\"section\">\n\t\t\t\t\t\t<div class=\"elementor-container elementor-column-gap-default\">\n\t\t\t\t\t<div class=\"elementor-column elementor-col-100 elementor-top-column elementor-element elementor-element-f8523be top column-style-top\" data-id=\"f8523be\" data-element_type=\"column\" data-e-type=\"column\">\n\t\t\t<div class=\"elementor-widget-wrap elementor-element-populated\">\n\t\t\t\t\t\t<div class=\"elementor-element elementor-element-70beddf elementor-widget elementor-widget-heading\" data-id=\"70beddf\" data-element_type=\"widget\" data-e-type=\"widget\" data-widget_type=\"heading.default\">\n\t\t\t\t<div class=\"elementor-widget-container\">\n\t\t\t\t\t<h4 class=\"elementor-heading-title elementor-size-default\">\u00a1Haz despegar tu carrera como piloto desde Lima, Per\u00fa!<\/h4>\t\t\t\t<\/div>\n\t\t\t\t<\/div>\n\t\t\t\t<div class=\"elementor-element elementor-element-27fdb78 elementor-widget elementor-widget-heading\" data-id=\"27fdb78\" data-element_type=\"widget\" data-e-type=\"widget\" data-widget_type=\"heading.default\">\n\t\t\t\t<div class=\"elementor-widget-container\">\n\t\t\t\t\t<h2 class=\"elementor-heading-title elementor-size-default\">\u2708\ufe0f Charla Virtual Exclusiva - ADF Flight School<\/h2>\t\t\t\t<\/div>\n\t\t\t\t<\/div>\n\t\t\t\t<div class=\"elementor-element elementor-element-231b64f elementor-widget elementor-widget-text-editor\" data-id=\"231b64f\" data-element_type=\"widget\" data-e-type=\"widget\" data-widget_type=\"text-editor.default\">\n\t\t\t\t<div class=\"elementor-widget-container\">\n\t\t\t\t\t\t\t\t\t<p data-start=\"339\" data-end=\"669\">Te invitamos a dar el primer paso para hacer realidad ese sue\u00f1o. Si vives en Per\u00fa y est\u00e1s pensando en estudiar aviaci\u00f3n, no te pierdas esta charla virtual desde Lima: resolveremos todas tus dudas para que puedas formarte como piloto en Estados Unidos.<\/p><p data-start=\"339\" data-end=\"669\">Este 21 de agosto tienes una oportunidad \u00fanica: ADF Flight School, la escuela de aviaci\u00f3n ubicada en Miami, te invita a una charla virtual donde conocer\u00e1s el camino real para estudiar aviaci\u00f3n y volar con aerol\u00edneas alrededor del mundo.<\/p>\t\t\t\t\t\t\t\t<\/div>\n\t\t\t\t<\/div>\n\t\t\t\t<div class=\"elementor-element elementor-element-ee626b3 elementor-widget elementor-widget-heading\" data-id=\"ee626b3\" data-element_type=\"widget\" data-e-type=\"widget\" data-widget_type=\"heading.default\">\n\t\t\t\t<div class=\"elementor-widget-container\">\n\t\t\t\t\t<h5 class=\"elementor-heading-title elementor-size-default\">En ADF Flight School, escuela de aviaci\u00f3n ubicada en Miami, Florida y certificada por la FAA, te ense\u00f1amos c\u00f3mo hacerlo realidad.<\/h5>\t\t\t\t<\/div>\n\t\t\t\t<\/div>\n\t\t\t\t\t<\/div>\n\t\t<\/div>\n\t\t\t\t\t<\/div>\n\t\t<\/section>\n\t\t\t\t<section class=\"elementor-section elementor-top-section elementor-element elementor-element-256f0f1 elementor-section-boxed elementor-section-height-default elementor-section-height-default\" data-id=\"256f0f1\" data-element_type=\"section\" data-e-type=\"section\">\n\t\t\t\t\t\t<div class=\"elementor-container elementor-column-gap-default\">\n\t\t\t\t\t<div class=\"elementor-column elementor-col-100 elementor-top-column elementor-element elementor-element-819b8c2 top column-style-top\" data-id=\"819b8c2\" data-element_type=\"column\" data-e-type=\"column\">\n\t\t\t<div class=\"elementor-widget-wrap elementor-element-populated\">\n\t\t\t\t\t\t<div class=\"elementor-element elementor-element-664ae18 elementor-widget elementor-widget-image\" data-id=\"664ae18\" data-element_type=\"widget\" data-e-type=\"widget\" data-widget_type=\"image.default\">\n\t\t\t\t<div class=\"elementor-widget-container\">\n\t\t\t\t\t\t\t\t\t\t\t\t\t\t\t<img fetchpriority=\"high\" decoding=\"async\" width=\"1680\" height=\"561\" src=\"https:\/\/adfairways.net\/wp-content\/uploads\/2025\/07\/Lima-1680x561-1.jpg\" class=\"attachment-full size-full wp-image-42554\" alt=\"\" srcset=\"https:\/\/adfairways.net\/wp-content\/uploads\/2025\/07\/Lima-1680x561-1.jpg 1680w, https:\/\/adfairways.net\/wp-content\/uploads\/2025\/07\/Lima-1680x561-1-1024x342.jpg 1024w, https:\/\/adfairways.net\/wp-content\/uploads\/2025\/07\/Lima-1680x561-1-768x256.jpg 768w, https:\/\/adfairways.net\/wp-content\/uploads\/2025\/07\/Lima-1680x561-1-1320x441.jpg 1320w\" sizes=\"(max-width: 1680px) 100vw, 1680px\" \/>\t\t\t\t\t\t\t\t\t\t\t\t\t\t\t<\/div>\n\t\t\t\t<\/div>\n\t\t\t\t<div class=\"elementor-element elementor-element-347ffc0 elementor-widget elementor-widget-text-editor\" data-id=\"347ffc0\" data-element_type=\"widget\" data-e-type=\"widget\" data-widget_type=\"text-editor.default\">\n\t\t\t\t<div class=\"elementor-widget-container\">\n\t\t\t\t\t\t\t\t\t<p class=\"\" style=\"text-align: center;\" data-start=\"566\" data-end=\"765\">\ud83c\udf0d \u00a1Imagina trabajar para aerol\u00edneas alrededor del mundo y formarte como piloto en Estados Unidos!<\/p>\t\t\t\t\t\t\t\t<\/div>\n\t\t\t\t<\/div>\n\t\t\t\t\t<\/div>\n\t\t<\/div>\n\t\t\t\t\t<\/div>\n\t\t<\/section>\n\t\t<div class=\"elementor-element elementor-element-a44dd15 e-flex e-con-boxed e-con e-parent\" data-id=\"a44dd15\" data-element_type=\"container\" data-e-type=\"container\">\n\t\t\t\t\t<div class=\"e-con-inner\">\n\t\t<div class=\"elementor-element elementor-element-853ed99 e-con-full e-flex e-con e-child\" data-id=\"853ed99\" data-element_type=\"container\" data-e-type=\"container\">\n\t\t\t\t<div class=\"elementor-element elementor-element-c150878 elementor-widget elementor-widget-heading\" data-id=\"c150878\" data-element_type=\"widget\" data-e-type=\"widget\" data-widget_type=\"heading.default\">\n\t\t\t\t<div class=\"elementor-widget-container\">\n\t\t\t\t\t<h4 class=\"elementor-heading-title elementor-size-default\">\ud83d\udcc5 Informaci\u00f3n del evento<\/h4>\t\t\t\t<\/div>\n\t\t\t\t<\/div>\n\t\t\t\t<div class=\"elementor-element elementor-element-5c42603 elementor-widget elementor-widget-text-editor\" data-id=\"5c42603\" data-element_type=\"widget\" data-e-type=\"widget\" data-widget_type=\"text-editor.default\">\n\t\t\t\t<div class=\"elementor-widget-container\">\n\t\t\t\t\t\t\t\t\t<ul data-start=\"704\" data-end=\"880\"><li data-start=\"704\" data-end=\"742\"><p data-start=\"706\" data-end=\"742\"><strong data-start=\"706\" data-end=\"719\"><img decoding=\"async\" class=\"emoji\" role=\"img\" draggable=\"false\" src=\"https:\/\/s.w.org\/images\/core\/emoji\/16.0.1\/svg\/1f5d3.svg\" alt=\"\ud83d\uddd3\" \/> Fecha:<\/strong> Jueves, 21 de agosto<\/p><\/li><li data-start=\"743\" data-end=\"792\"><p data-start=\"745\" data-end=\"792\"><strong data-start=\"745\" data-end=\"757\"><img decoding=\"async\" class=\"emoji\" role=\"img\" draggable=\"false\" src=\"https:\/\/s.w.org\/images\/core\/emoji\/16.0.1\/svg\/1f556.svg\" alt=\"\ud83d\udd56\" \/> Hora:<\/strong> 7:00 p. m. (hora local en Peru)<\/p><\/li><li data-start=\"793\" data-end=\"831\"><p data-start=\"795\" data-end=\"831\"><strong data-start=\"795\" data-end=\"812\"><img decoding=\"async\" class=\"emoji\" role=\"img\" draggable=\"false\" src=\"https:\/\/s.w.org\/images\/core\/emoji\/16.0.1\/svg\/1f4bb.svg\" alt=\"\ud83d\udcbb\" \/> Modalidad:<\/strong> Virtual v\u00eda Zoom<\/p><\/li><li data-start=\"832\" data-end=\"880\"><p data-start=\"834\" data-end=\"880\"><strong data-start=\"834\" data-end=\"880\"><img decoding=\"async\" class=\"emoji\" role=\"img\" draggable=\"false\" src=\"https:\/\/s.w.org\/images\/core\/emoji\/16.0.1\/svg\/1f39f.svg\" alt=\"\ud83c\udf9f\" \/> Entrada gratuita con inscripci\u00f3n previa<\/strong><\/p><\/li><\/ul>\t\t\t\t\t\t\t\t<\/div>\n\t\t\t\t<\/div>\n\t\t\t\t<\/div>\n\t\t<div class=\"elementor-element elementor-element-bf5dcb3 e-con-full e-flex e-con e-child\" data-id=\"bf5dcb3\" data-element_type=\"container\" data-e-type=\"container\">\n\t\t\t\t<div class=\"elementor-element elementor-element-9c5e479 elementor-widget elementor-widget-heading\" data-id=\"9c5e479\" data-element_type=\"widget\" data-e-type=\"widget\" data-widget_type=\"heading.default\">\n\t\t\t\t<div class=\"elementor-widget-container\">\n\t\t\t\t\t<h2 class=\"elementor-heading-title elementor-size-default\">\ud83d\udeeb En esta charla descubrir\u00e1s:<\/h2>\t\t\t\t<\/div>\n\t\t\t\t<\/div>\n\t\t\t\t<div class=\"elementor-element elementor-element-a149a0f elementor-widget elementor-widget-text-editor\" data-id=\"a149a0f\" data-element_type=\"widget\" data-e-type=\"widget\" data-widget_type=\"text-editor.default\">\n\t\t\t\t<div class=\"elementor-widget-container\">\n\t\t\t\t\t\t\t\t\t<ul><li data-start=\"924\" data-end=\"977\"><p data-start=\"926\" data-end=\"977\">C\u00f3mo aplicar a una escuela de aviaci\u00f3n en EE. UU.<\/p><\/li><li data-start=\"978\" data-end=\"1044\"><p data-start=\"980\" data-end=\"1044\">Requisitos, costos y duraci\u00f3n del programa de piloto comercial<\/p><\/li><li data-start=\"1045\" data-end=\"1080\"><p data-start=\"1047\" data-end=\"1080\">Proceso de visado de estudiante<\/p><\/li><li data-start=\"1081\" data-end=\"1124\"><p data-start=\"1083\" data-end=\"1124\">Opciones de alojamiento y vida en Miami<\/p><\/li><li data-start=\"1125\" data-end=\"1178\"><p data-start=\"1127\" data-end=\"1178\">Beneficios exclusivos para estudiantes de Ecuador<\/p><\/li><\/ul>\t\t\t\t\t\t\t\t<\/div>\n\t\t\t\t<\/div>\n\t\t\t\t<\/div>\n\t\t\t\t\t<\/div>\n\t\t\t\t<\/div>\n\t\t\t\t<section class=\"elementor-section elementor-top-section elementor-element elementor-element-eaffbe7 elementor-section-boxed elementor-section-height-default elementor-section-height-default\" data-id=\"eaffbe7\" data-element_type=\"section\" data-e-type=\"section\">\n\t\t\t\t\t\t<div class=\"elementor-container elementor-column-gap-default\">\n\t\t\t\t\t<div class=\"elementor-column elementor-col-50 elementor-top-column elementor-element elementor-element-a654b6f top column-style-top\" data-id=\"a654b6f\" data-element_type=\"column\" data-e-type=\"column\">\n\t\t\t<div class=\"elementor-widget-wrap elementor-element-populated\">\n\t\t\t\t\t\t<div class=\"elementor-element elementor-element-e90556a elementor-widget elementor-widget-heading\" data-id=\"e90556a\" data-element_type=\"widget\" data-e-type=\"widget\" data-widget_type=\"heading.default\">\n\t\t\t\t<div class=\"elementor-widget-container\">\n\t\t\t\t\t<h4 class=\"elementor-heading-title elementor-size-default\">\ud83d\ude80 \u00bfPor qu\u00e9 elegir ADF Flight School?<\/h4>\t\t\t\t<\/div>\n\t\t\t\t<\/div>\n\t\t\t\t<div class=\"elementor-element elementor-element-4bf9694 elementor-widget elementor-widget-text-editor\" data-id=\"4bf9694\" data-element_type=\"widget\" data-e-type=\"widget\" data-widget_type=\"text-editor.default\">\n\t\t\t\t<div class=\"elementor-widget-container\">\n\t\t\t\t\t\t\t\t\t<p class=\"\" data-start=\"1619\" data-end=\"1663\"><img decoding=\"async\" class=\"emoji\" role=\"img\" draggable=\"false\" src=\"https:\/\/s.w.org\/images\/core\/emoji\/16.0.1\/svg\/2705.svg\" alt=\"\u2705\" \/> M\u00e1s de 40 a\u00f1os de experiencia en formaci\u00f3n aeron\u00e1utica<br data-start=\"1506\" data-end=\"1509\" \/><img decoding=\"async\" class=\"emoji\" role=\"img\" draggable=\"false\" src=\"https:\/\/s.w.org\/images\/core\/emoji\/16.0.1\/svg\/2705.svg\" alt=\"\u2705\" \/> Escuela ubicada en Miami, con enfoque para estudiantes latinoamericanos<br data-start=\"1582\" data-end=\"1585\" \/><img decoding=\"async\" class=\"emoji\" role=\"img\" draggable=\"false\" src=\"https:\/\/s.w.org\/images\/core\/emoji\/16.0.1\/svg\/2705.svg\" alt=\"\u2705\" \/> Apoyo completo desde tu inscripci\u00f3n hasta tu primer vuelo<br data-start=\"1644\" data-end=\"1647\" \/><img decoding=\"async\" class=\"emoji\" role=\"img\" draggable=\"false\" src=\"https:\/\/s.w.org\/images\/core\/emoji\/16.0.1\/svg\/2705.svg\" alt=\"\u2705\" \/> Certificaciones reconocidas a nivel internacionalEscuela ubicada en <strong data-start=\"1241\" data-end=\"1259\">Miami, Florida<\/strong>, con certificaci\u00f3n FAA<\/p><p><img decoding=\"async\" class=\"emoji\" role=\"img\" draggable=\"false\" src=\"https:\/\/s.w.org\/images\/core\/emoji\/16.0.1\/svg\/2705.svg\" alt=\"\u2705\" \/> Enfoque personalizado para estudiantes internacionales<br data-start=\"1341\" data-end=\"1344\" \/><img decoding=\"async\" class=\"emoji\" role=\"img\" draggable=\"false\" src=\"https:\/\/s.w.org\/images\/core\/emoji\/16.0.1\/svg\/2705.svg\" alt=\"\u2705\" \/> Instructores altamente calificados<br data-start=\"1380\" data-end=\"1383\" \/><img decoding=\"async\" class=\"emoji\" role=\"img\" draggable=\"false\" src=\"https:\/\/s.w.org\/images\/core\/emoji\/16.0.1\/svg\/2705.svg\" alt=\"\u2705\" \/> Acompa\u00f1amiento completo desde el primer d\u00eda hasta tu licencia<\/p>\t\t\t\t\t\t\t\t<\/div>\n\t\t\t\t<\/div>\n\t\t\t\t\t<\/div>\n\t\t<\/div>\n\t\t\t\t<div class=\"elementor-column elementor-col-50 elementor-top-column elementor-element elementor-element-56142a9 top column-style-top\" data-id=\"56142a9\" data-element_type=\"column\" data-e-type=\"column\">\n\t\t\t<div class=\"elementor-widget-wrap elementor-element-populated\">\n\t\t\t\t\t\t<div class=\"elementor-element elementor-element-9882e89 elementor-widget elementor-widget-heading\" data-id=\"9882e89\" data-element_type=\"widget\" data-e-type=\"widget\" data-widget_type=\"heading.default\">\n\t\t\t\t<div class=\"elementor-widget-container\">\n\t\t\t\t\t<h2 class=\"elementor-heading-title elementor-size-default\">\ud83c\udf0d \u00a1Tu sue\u00f1o de volar comienza aqu\u00ed!<\/h2>\t\t\t\t<\/div>\n\t\t\t\t<\/div>\n\t\t\t\t<div class=\"elementor-element elementor-element-756d7ce elementor-widget elementor-widget-html\" data-id=\"756d7ce\" data-element_type=\"widget\" data-e-type=\"widget\" data-widget_type=\"html.default\">\n\t\t\t\t<div class=\"elementor-widget-container\">\n\t\t\t\t\t<script type=\"text\/javascript\" src=\"https:\/\/api.clientify.net\/web-marketing\/superforms\/script\/251251.js\"><\/script>\t\t\t\t<\/div>\n\t\t\t\t<\/div>\n\t\t\t\t<div class=\"elementor-element elementor-element-89ea2e9 elementor-widget elementor-widget-text-editor\" data-id=\"89ea2e9\" data-element_type=\"widget\" data-e-type=\"widget\" data-widget_type=\"text-editor.default\">\n\t\t\t\t<div class=\"elementor-widget-container\">\n\t\t\t\t\t\t\t\t\t<p data-start=\"1619\" data-end=\"1663\">\ud83d\udc49 Reg\u00edstrate hoy y asegura tu cupo.<\/p><p data-start=\"1619\" data-end=\"1663\"><br data-start=\"1532\" data-end=\"1535\" \/><strong data-start=\"1535\" data-end=\"1631\">\u00a1Cupos limitados! No pierdas esta oportunidad de convertirte en piloto y volar por el mundo.<\/strong><\/p>\t\t\t\t\t\t\t\t<\/div>\n\t\t\t\t<\/div>\n\t\t\t\t\t<\/div>\n\t\t<\/div>\n\t\t\t\t\t<\/div>\n\t\t<\/section>\n\t\t\t\t<\/div>\n\t\t","protected":false},"excerpt":{"rendered":"<p>\u00a1Haz despegar tu carrera como piloto desde Lima, Per\u00fa! \u2708\ufe0f Charla Virtual Exclusiva &#8211; ADF Flight School Te invitamos a dar el primer paso para hacer realidad ese sue\u00f1o. Si vives en Per\u00fa y est\u00e1s pensando en estudiar aviaci\u00f3n, no te pierdas esta charla virtual desde Lima: resolveremos todas tus dudas para que puedas formarte [&hellip;]<\/p>\n","protected":false},"author":1,"featured_media":42548,"parent":0,"menu_order":0,"comment_status":"closed","ping_status":"closed","template":"","meta":{"footnotes":""},"class_list":["post-42542","page","type-page","status-publish","has-post-thumbnail","hentry"],"jetpack-related-posts":[{"id":43693,"url":"https:\/\/adfairways.net\/es\/charla-presencial-lima-estudie-aviacion-miami\/","url_meta":{"origin":42542,"position":0},"title":"Charla Presencial en Lima 28 de Marzo | Estudie Aviaci\u00f3n en Miami","author":"adfschool","date":"febrero 26, 2026","format":false,"excerpt":"Tu Primer Paso para Convertirte en Piloto Profesional Charla presencial en Liama, Per\u00fa \u2014 28 de marzo, 10:30 a.m. Si vives en Lima y sue\u00f1as con convertirte en piloto profesional, esta es tu oportunidad.ADF Flight School, ubicada en Miami, Florida, US, te invita a una charla presencial gratuita donde conocer\u00e1s\u2026","rel":"","context":"Entrada similar","block_context":{"text":"Entrada similar","link":""},"img":{"alt_text":"","src":"https:\/\/i0.wp.com\/adfairways.net\/wp-content\/uploads\/2026\/02\/Lima-Peru-1080x1080-1.jpg?resize=350%2C200&ssl=1","width":350,"height":200,"srcset":"https:\/\/i0.wp.com\/adfairways.net\/wp-content\/uploads\/2026\/02\/Lima-Peru-1080x1080-1.jpg?resize=350%2C200&ssl=1 1x, https:\/\/i0.wp.com\/adfairways.net\/wp-content\/uploads\/2026\/02\/Lima-Peru-1080x1080-1.jpg?resize=525%2C300&ssl=1 1.5x, https:\/\/i0.wp.com\/adfairways.net\/wp-content\/uploads\/2026\/02\/Lima-Peru-1080x1080-1.jpg?resize=700%2C400&ssl=1 2x, https:\/\/i0.wp.com\/adfairways.net\/wp-content\/uploads\/2026\/02\/Lima-Peru-1080x1080-1.jpg?resize=1050%2C600&ssl=1 3x"},"classes":[]},{"id":42962,"url":"https:\/\/adfairways.net\/es\/conviertete-en-piloto-comercial-charla-presencial-lima\/","url_meta":{"origin":42542,"position":1},"title":"Convi\u00e9rtete en Piloto Comercial &#8211; Charla Presencial Lima","author":"adfschool","date":"septiembre 11, 2025","format":false,"excerpt":"\u2708\ufe0f Charla Presencial en Lima \u2013 Convi\u00e9rtete en Piloto Comercial en EE. UU. \ud83c\udf0d \u00bfVives en Lima y sue\u00f1as con ser piloto comercial y trabajar en aerol\u00edneas internacionales? Esta es tu oportunidad de dar el primer paso hacia tu futuro profesional en la aviaci\u00f3n. ADF Flight School, escuela de aviaci\u00f3n\u2026","rel":"","context":"Entrada similar","block_context":{"text":"Entrada similar","link":""},"img":{"alt_text":"","src":"https:\/\/i0.wp.com\/adfairways.net\/wp-content\/uploads\/2025\/09\/Lima-1080x1080-2.jpg?resize=350%2C200&ssl=1","width":350,"height":200,"srcset":"https:\/\/i0.wp.com\/adfairways.net\/wp-content\/uploads\/2025\/09\/Lima-1080x1080-2.jpg?resize=350%2C200&ssl=1 1x, https:\/\/i0.wp.com\/adfairways.net\/wp-content\/uploads\/2025\/09\/Lima-1080x1080-2.jpg?resize=525%2C300&ssl=1 1.5x, https:\/\/i0.wp.com\/adfairways.net\/wp-content\/uploads\/2025\/09\/Lima-1080x1080-2.jpg?resize=700%2C400&ssl=1 2x, https:\/\/i0.wp.com\/adfairways.net\/wp-content\/uploads\/2025\/09\/Lima-1080x1080-2.jpg?resize=1050%2C600&ssl=1 3x"},"classes":[]},{"id":42526,"url":"https:\/\/adfairways.net\/es\/piloto-comercial-quito\/","url_meta":{"origin":42542,"position":2},"title":"Charla Virtual Piloto Comercial Quito, Ecuador","author":"adfschool","date":"julio 30, 2025","format":false,"excerpt":"\u00a1Este es tu momento para despegar tu carrera en la aviaci\u00f3n! \u2708\ufe0f \u00bfVives en Quito y sue\u00f1as con convertirte en piloto comercial? Te invitamos a una charla virtual exclusiva donde descubrir\u00e1s c\u00f3mo puedes estudiar aviaci\u00f3n en Miami, Florida, y obtener tu licencia como piloto comercial con ADF Flight School, una\u2026","rel":"","context":"Entrada similar","block_context":{"text":"Entrada similar","link":""},"img":{"alt_text":"","src":"https:\/\/i0.wp.com\/adfairways.net\/wp-content\/uploads\/2025\/07\/Quito-1080x1080-1.jpg?resize=350%2C200&ssl=1","width":350,"height":200,"srcset":"https:\/\/i0.wp.com\/adfairways.net\/wp-content\/uploads\/2025\/07\/Quito-1080x1080-1.jpg?resize=350%2C200&ssl=1 1x, https:\/\/i0.wp.com\/adfairways.net\/wp-content\/uploads\/2025\/07\/Quito-1080x1080-1.jpg?resize=525%2C300&ssl=1 1.5x, https:\/\/i0.wp.com\/adfairways.net\/wp-content\/uploads\/2025\/07\/Quito-1080x1080-1.jpg?resize=700%2C400&ssl=1 2x, https:\/\/i0.wp.com\/adfairways.net\/wp-content\/uploads\/2025\/07\/Quito-1080x1080-1.jpg?resize=1050%2C600&ssl=1 3x"},"classes":[]},{"id":41483,"url":"https:\/\/adfairways.net\/es\/charla-piloto-comercial-san-jose\/","url_meta":{"origin":42542,"position":3},"title":"Charla virtual &#8211; San J\u00f3se &#8211; Costa Rica","author":"adfschool","date":"mayo 8, 2025","format":false,"excerpt":"\ud83c\udf93 C\u00f3mo ser piloto comercial en Miami \u2708\ufe0f \u00bfVives en San Jos\u00e9 y sue\u00f1as con ser piloto comercial en Estados Unidos? Adf Flight School te invita a una charla virtual gratuita donde te explicamos c\u00f3mo puedes estudiar en nuestra escuela de aviaci\u00f3n en Miami, Florida y convertirte en piloto profesional.\u2026","rel":"","context":"Entrada similar","block_context":{"text":"Entrada similar","link":""},"img":{"alt_text":"","src":"https:\/\/i0.wp.com\/adfairways.net\/wp-content\/uploads\/2025\/05\/San-Jose-1080x1080-1.jpg?resize=350%2C200&ssl=1","width":350,"height":200,"srcset":"https:\/\/i0.wp.com\/adfairways.net\/wp-content\/uploads\/2025\/05\/San-Jose-1080x1080-1.jpg?resize=350%2C200&ssl=1 1x, https:\/\/i0.wp.com\/adfairways.net\/wp-content\/uploads\/2025\/05\/San-Jose-1080x1080-1.jpg?resize=525%2C300&ssl=1 1.5x, https:\/\/i0.wp.com\/adfairways.net\/wp-content\/uploads\/2025\/05\/San-Jose-1080x1080-1.jpg?resize=700%2C400&ssl=1 2x, https:\/\/i0.wp.com\/adfairways.net\/wp-content\/uploads\/2025\/05\/San-Jose-1080x1080-1.jpg?resize=1050%2C600&ssl=1 3x"},"classes":[]},{"id":40297,"url":"https:\/\/adfairways.net\/es\/guatemala-estudiar-aviacion-miami-piloto-comercial\/","url_meta":{"origin":42542,"position":4},"title":"\ud83c\udfc5\ud83c\uddec\ud83c\uddf9 \u00a1Convi\u00e9rtete en Piloto Comercial! \u2708\ufe0f Estudia Aviaci\u00f3n en Miami con ADF Flight School \ud83c\udf34\ud83d\udcbc","author":"adfschool","date":"marzo 17, 2025","format":false,"excerpt":"\ud83c\udf0d \u00bfVives en Guatemala y sue\u00f1as con ser piloto comercial? \u2708\ufe0f Descubre c\u00f3mo estudiar en Miami con ADF Flight School Si tu sue\u00f1o es convertirte en\u00a0piloto comercial\u00a0y obtener una licencia con\u00a0certificaci\u00f3n FAA\u00a0que te permita trabajar en aerol\u00edneas de todo el mundo, esta es tu oportunidad. ADF Flight School, una de\u2026","rel":"","context":"Entrada similar","block_context":{"text":"Entrada similar","link":""},"img":{"alt_text":"","src":"https:\/\/i0.wp.com\/adfairways.net\/wp-content\/uploads\/2025\/03\/Guatemala-1080x1080-1.jpg?resize=350%2C200&ssl=1","width":350,"height":200,"srcset":"https:\/\/i0.wp.com\/adfairways.net\/wp-content\/uploads\/2025\/03\/Guatemala-1080x1080-1.jpg?resize=350%2C200&ssl=1 1x, https:\/\/i0.wp.com\/adfairways.net\/wp-content\/uploads\/2025\/03\/Guatemala-1080x1080-1.jpg?resize=525%2C300&ssl=1 1.5x, https:\/\/i0.wp.com\/adfairways.net\/wp-content\/uploads\/2025\/03\/Guatemala-1080x1080-1.jpg?resize=700%2C400&ssl=1 2x, https:\/\/i0.wp.com\/adfairways.net\/wp-content\/uploads\/2025\/03\/Guatemala-1080x1080-1.jpg?resize=1050%2C600&ssl=1 3x"},"classes":[]},{"id":40935,"url":"https:\/\/adfairways.net\/es\/charla-aviacion-miami-lima-2025\/","url_meta":{"origin":42542,"position":5},"title":"Charla Presencial | Lima 12 Abril","author":"adfschool","date":"marzo 18, 2025","format":false,"excerpt":"\u00a1Vive tu Sue\u00f1o de Ser Piloto Comercial en Miami! Charla Presencial en Lima | Cupos Limitados \u00bfImaginas despegar desde Miami hacia los cielos del mundo como piloto comercial? \ud83c\udf0e\ud83d\udeebEn\u00a0ADF Flight School, la escuela l\u00edder en aviaci\u00f3n de Estados Unidos, te guiamos para convertirte en un profesional de alto vuelo.\u00a0\u00a1Asiste a\u2026","rel":"","context":"Entrada similar","block_context":{"text":"Entrada similar","link":""},"img":{"alt_text":"","src":"https:\/\/i0.wp.com\/adfairways.net\/wp-content\/uploads\/2025\/03\/Lima-1080x1080-2.jpg?resize=350%2C200&ssl=1","width":350,"height":200,"srcset":"https:\/\/i0.wp.com\/adfairways.net\/wp-content\/uploads\/2025\/03\/Lima-1080x1080-2.jpg?resize=350%2C200&ssl=1 1x, https:\/\/i0.wp.com\/adfairways.net\/wp-content\/uploads\/2025\/03\/Lima-1080x1080-2.jpg?resize=525%2C300&ssl=1 1.5x, https:\/\/i0.wp.com\/adfairways.net\/wp-content\/uploads\/2025\/03\/Lima-1080x1080-2.jpg?resize=700%2C400&ssl=1 2x, https:\/\/i0.wp.com\/adfairways.net\/wp-content\/uploads\/2025\/03\/Lima-1080x1080-2.jpg?resize=1050%2C600&ssl=1 3x"},"classes":[]}],"jetpack_sharing_enabled":true,"_links":{"self":[{"href":"https:\/\/adfairways.net\/es\/wp-json\/wp\/v2\/pages\/42542","targetHints":{"allow":["GET"]}}],"collection":[{"href":"https:\/\/adfairways.net\/es\/wp-json\/wp\/v2\/pages"}],"about":[{"href":"https:\/\/adfairways.net\/es\/wp-json\/wp\/v2\/types\/page"}],"author":[{"embeddable":true,"href":"https:\/\/adfairways.net\/es\/wp-json\/wp\/v2\/users\/1"}],"replies":[{"embeddable":true,"href":"https:\/\/adfairways.net\/es\/wp-json\/wp\/v2\/comments?post=42542"}],"version-history":[{"count":4,"href":"https:\/\/adfairways.net\/es\/wp-json\/wp\/v2\/pages\/42542\/revisions"}],"predecessor-version":[{"id":42559,"href":"https:\/\/adfairways.net\/es\/wp-json\/wp\/v2\/pages\/42542\/revisions\/42559"}],"wp:featuredmedia":[{"embeddable":true,"href":"https:\/\/adfairways.net\/es\/wp-json\/wp\/v2\/media\/42548"}],"wp:attachment":[{"href":"https:\/\/adfairways.net\/es\/wp-json\/wp\/v2\/media?parent=42542"}],"curies":[{"name":"wp","href":"https:\/\/api.w.org\/{rel}","templated":true}]}}