{"id":41483,"date":"2025-05-08T12:03:39","date_gmt":"2025-05-08T17:03:39","guid":{"rendered":"https:\/\/adfairways.net\/?page_id=41483"},"modified":"2025-05-12T10:45:36","modified_gmt":"2025-05-12T15:45:36","slug":"charla-piloto-comercial-san-jose","status":"publish","type":"page","link":"https:\/\/adfairways.net\/es\/charla-piloto-comercial-san-jose\/","title":{"rendered":"Charla virtual &#8211; San J\u00f3se &#8211; Costa Rica"},"content":{"rendered":"\t\t<div data-elementor-type=\"wp-post\" data-elementor-id=\"41483\" class=\"elementor elementor-41483\" data-elementor-post-type=\"page\">\n\t\t\t\t\t\t<section class=\"elementor-section elementor-top-section elementor-element elementor-element-e67ddd3 elementor-section-boxed elementor-section-height-default elementor-section-height-default\" data-id=\"e67ddd3\" data-element_type=\"section\" data-e-type=\"section\">\n\t\t\t\t\t\t<div class=\"elementor-container elementor-column-gap-default\">\n\t\t\t\t\t<div class=\"elementor-column elementor-col-100 elementor-top-column elementor-element elementor-element-f8523be top column-style-top\" data-id=\"f8523be\" data-element_type=\"column\" data-e-type=\"column\">\n\t\t\t<div class=\"elementor-widget-wrap elementor-element-populated\">\n\t\t\t\t\t\t<div class=\"elementor-element elementor-element-27fdb78 elementor-widget elementor-widget-heading\" data-id=\"27fdb78\" data-element_type=\"widget\" data-e-type=\"widget\" data-widget_type=\"heading.default\">\n\t\t\t\t<div class=\"elementor-widget-container\">\n\t\t\t\t\t<h2 class=\"elementor-heading-title elementor-size-default\">\ud83c\udf93 C\u00f3mo ser piloto comercial en Miami<\/h2>\t\t\t\t<\/div>\n\t\t\t\t<\/div>\n\t\t\t\t<div class=\"elementor-element elementor-element-ee626b3 elementor-widget elementor-widget-heading\" data-id=\"ee626b3\" data-element_type=\"widget\" data-e-type=\"widget\" data-widget_type=\"heading.default\">\n\t\t\t\t<div class=\"elementor-widget-container\">\n\t\t\t\t\t<h2 class=\"elementor-heading-title elementor-size-default\">\u2708\ufe0f \u00bfVives en San Jos\u00e9 y sue\u00f1as con ser piloto comercial en Estados Unidos?<\/h2>\t\t\t\t<\/div>\n\t\t\t\t<\/div>\n\t\t\t\t<div class=\"elementor-element elementor-element-347ffc0 elementor-widget elementor-widget-text-editor\" data-id=\"347ffc0\" data-element_type=\"widget\" data-e-type=\"widget\" data-widget_type=\"text-editor.default\">\n\t\t\t\t<div class=\"elementor-widget-container\">\n\t\t\t\t\t\t\t\t\t<p class=\"\" style=\"text-align: center;\" data-start=\"566\" data-end=\"765\">Adf Flight School te invita a una <strong data-start=\"607\" data-end=\"634\">charla virtual gratuita<\/strong> donde te explicamos c\u00f3mo puedes estudiar en nuestra escuela de aviaci\u00f3n en <strong data-start=\"710\" data-end=\"728\">Miami, Florida<\/strong> y convertirte en piloto profesional.<\/p>\t\t\t\t\t\t\t\t<\/div>\n\t\t\t\t<\/div>\n\t\t\t\t\t<\/div>\n\t\t<\/div>\n\t\t\t\t\t<\/div>\n\t\t<\/section>\n\t\t\t\t<section class=\"elementor-section elementor-top-section elementor-element elementor-element-256f0f1 elementor-section-boxed elementor-section-height-default elementor-section-height-default\" data-id=\"256f0f1\" data-element_type=\"section\" data-e-type=\"section\">\n\t\t\t\t\t\t<div class=\"elementor-container elementor-column-gap-default\">\n\t\t\t\t\t<div class=\"elementor-column elementor-col-100 elementor-top-column elementor-element elementor-element-819b8c2 top column-style-top\" data-id=\"819b8c2\" data-element_type=\"column\" data-e-type=\"column\">\n\t\t\t<div class=\"elementor-widget-wrap elementor-element-populated\">\n\t\t\t\t\t\t<div class=\"elementor-element elementor-element-664ae18 elementor-widget elementor-widget-image\" data-id=\"664ae18\" data-element_type=\"widget\" data-e-type=\"widget\" data-widget_type=\"image.default\">\n\t\t\t\t<div class=\"elementor-widget-container\">\n\t\t\t\t\t\t\t\t\t\t\t\t\t\t\t<img fetchpriority=\"high\" decoding=\"async\" width=\"1680\" height=\"561\" src=\"https:\/\/adfairways.net\/wp-content\/uploads\/2025\/05\/San-Jose-1680x561-1.jpg\" class=\"attachment-full size-full wp-image-41479\" alt=\"\" srcset=\"https:\/\/adfairways.net\/wp-content\/uploads\/2025\/05\/San-Jose-1680x561-1.jpg 1680w, https:\/\/adfairways.net\/wp-content\/uploads\/2025\/05\/San-Jose-1680x561-1-1024x342.jpg 1024w, https:\/\/adfairways.net\/wp-content\/uploads\/2025\/05\/San-Jose-1680x561-1-768x256.jpg 768w, https:\/\/adfairways.net\/wp-content\/uploads\/2025\/05\/San-Jose-1680x561-1-1320x441.jpg 1320w\" sizes=\"(max-width: 1680px) 100vw, 1680px\" \/>\t\t\t\t\t\t\t\t\t\t\t\t\t\t\t<\/div>\n\t\t\t\t<\/div>\n\t\t\t\t\t<\/div>\n\t\t<\/div>\n\t\t\t\t\t<\/div>\n\t\t<\/section>\n\t\t<div class=\"elementor-element elementor-element-a44dd15 e-flex e-con-boxed e-con e-parent\" data-id=\"a44dd15\" data-element_type=\"container\" data-e-type=\"container\">\n\t\t\t\t\t<div class=\"e-con-inner\">\n\t\t<div class=\"elementor-element elementor-element-853ed99 e-con-full e-flex e-con e-child\" data-id=\"853ed99\" data-element_type=\"container\" data-e-type=\"container\">\n\t\t\t\t<div class=\"elementor-element elementor-element-c150878 elementor-widget elementor-widget-heading\" data-id=\"c150878\" data-element_type=\"widget\" data-e-type=\"widget\" data-widget_type=\"heading.default\">\n\t\t\t\t<div class=\"elementor-widget-container\">\n\t\t\t\t\t<h2 class=\"elementor-heading-title elementor-size-default\">\ud83d\udcc5 Detalles del evento<\/h2>\t\t\t\t<\/div>\n\t\t\t\t<\/div>\n\t\t\t\t<div class=\"elementor-element elementor-element-5c42603 elementor-widget elementor-widget-text-editor\" data-id=\"5c42603\" data-element_type=\"widget\" data-e-type=\"widget\" data-widget_type=\"text-editor.default\">\n\t\t\t\t<div class=\"elementor-widget-container\">\n\t\t\t\t\t\t\t\t\t<ul data-start=\"838\" data-end=\"1040\"><li class=\"\" data-start=\"838\" data-end=\"871\"><p class=\"\" data-start=\"840\" data-end=\"871\"><strong data-start=\"840\" data-end=\"850\">Fecha:<\/strong> Jueves, 5 de junio<\/p><\/li><li class=\"\" data-start=\"872\" data-end=\"916\"><p class=\"\" data-start=\"874\" data-end=\"916\"><strong data-start=\"874\" data-end=\"883\">Hora:<\/strong> 7:00 p.m. (hora de Costa Rica)<\/p><\/li><li class=\"\" data-start=\"917\" data-end=\"952\"><p class=\"\" data-start=\"919\" data-end=\"952\"><strong data-start=\"919\" data-end=\"933\">Modalidad:<\/strong> Virtual v\u00eda Zoom<\/p><\/li><li class=\"\" data-start=\"953\" data-end=\"1040\"><p class=\"\" data-start=\"955\" data-end=\"1040\"><strong data-start=\"955\" data-end=\"970\">Dirigido a:<\/strong> Personas interesadas en estudiar aviaci\u00f3n en EE. UU. desde Costa Rica.<\/p><\/li><\/ul>\t\t\t\t\t\t\t\t<\/div>\n\t\t\t\t<\/div>\n\t\t\t\t<\/div>\n\t\t<div class=\"elementor-element elementor-element-bf5dcb3 e-con-full e-flex e-con e-child\" data-id=\"bf5dcb3\" data-element_type=\"container\" data-e-type=\"container\">\n\t\t\t\t<div class=\"elementor-element elementor-element-9c5e479 elementor-widget elementor-widget-heading\" data-id=\"9c5e479\" data-element_type=\"widget\" data-e-type=\"widget\" data-widget_type=\"heading.default\">\n\t\t\t\t<div class=\"elementor-widget-container\">\n\t\t\t\t\t<h2 class=\"elementor-heading-title elementor-size-default\">\ud83c\udfaf \u00bfQu\u00e9 aprender\u00e1s en esta charla?<\/h2>\t\t\t\t<\/div>\n\t\t\t\t<\/div>\n\t\t\t\t<div class=\"elementor-element elementor-element-a149a0f elementor-widget elementor-widget-text-editor\" data-id=\"a149a0f\" data-element_type=\"widget\" data-e-type=\"widget\" data-widget_type=\"text-editor.default\">\n\t\t\t\t<div class=\"elementor-widget-container\">\n\t\t\t\t\t\t\t\t\t<ul data-start=\"1142\" data-end=\"1387\"><li class=\"\" data-start=\"1142\" data-end=\"1213\"><p class=\"\" data-start=\"1144\" data-end=\"1213\">C\u00f3mo iniciar tu carrera como <strong data-start=\"1173\" data-end=\"1193\">piloto comercial<\/strong> en Estados Unidos<\/p><\/li><li class=\"\" data-start=\"1214\" data-end=\"1260\"><p class=\"\" data-start=\"1216\" data-end=\"1260\">Requisitos, costos y duraci\u00f3n del programa<\/p><\/li><li class=\"\" data-start=\"1261\" data-end=\"1308\"><p class=\"\" data-start=\"1263\" data-end=\"1308\">Visado de estudiante y alojamiento en Miami<\/p><\/li><li class=\"\" data-start=\"1309\" data-end=\"1351\"><p class=\"\" data-start=\"1311\" data-end=\"1351\">Apoyo para estudiantes internacionales<\/p><\/li><li class=\"\" data-start=\"1352\" data-end=\"1387\"><p class=\"\" data-start=\"1354\" data-end=\"1387\">Beneficios exclusivos por asistir<\/p><\/li><\/ul>\t\t\t\t\t\t\t\t<\/div>\n\t\t\t\t<\/div>\n\t\t\t\t<\/div>\n\t\t\t\t\t<\/div>\n\t\t\t\t<\/div>\n\t\t\t\t<section class=\"elementor-section elementor-top-section elementor-element elementor-element-eaffbe7 elementor-section-boxed elementor-section-height-default elementor-section-height-default\" data-id=\"eaffbe7\" data-element_type=\"section\" data-e-type=\"section\">\n\t\t\t\t\t\t<div class=\"elementor-container elementor-column-gap-default\">\n\t\t\t\t\t<div class=\"elementor-column elementor-col-50 elementor-top-column elementor-element elementor-element-a654b6f top column-style-top\" data-id=\"a654b6f\" data-element_type=\"column\" data-e-type=\"column\">\n\t\t\t<div class=\"elementor-widget-wrap elementor-element-populated\">\n\t\t\t\t\t\t<div class=\"elementor-element elementor-element-e90556a elementor-widget elementor-widget-heading\" data-id=\"e90556a\" data-element_type=\"widget\" data-e-type=\"widget\" data-widget_type=\"heading.default\">\n\t\t\t\t<div class=\"elementor-widget-container\">\n\t\t\t\t\t<h4 class=\"elementor-heading-title elementor-size-default\">\ud83d\ude80 \u00bfPor qu\u00e9 elegir ADF Flight School?<\/h4>\t\t\t\t<\/div>\n\t\t\t\t<\/div>\n\t\t\t\t<div class=\"elementor-element elementor-element-4bf9694 elementor-widget elementor-widget-text-editor\" data-id=\"4bf9694\" data-element_type=\"widget\" data-e-type=\"widget\" data-widget_type=\"text-editor.default\">\n\t\t\t\t<div class=\"elementor-widget-container\">\n\t\t\t\t\t\t\t\t\t<p data-pm-slice=\"1 1 []\">Somos una <strong data-start=\"1472\" data-end=\"1512\">escuela de aviaci\u00f3n ubicada en Miami<\/strong>, con instructores certificados y programas dise\u00f1ados para estudiantes internacionales. Acompa\u00f1amos a nuestros alumnos desde el inicio hasta su certificaci\u00f3n como pilotos comerciales.<\/p>\t\t\t\t\t\t\t\t<\/div>\n\t\t\t\t<\/div>\n\t\t\t\t\t<\/div>\n\t\t<\/div>\n\t\t\t\t<div class=\"elementor-column elementor-col-50 elementor-top-column elementor-element elementor-element-56142a9 top column-style-top\" data-id=\"56142a9\" data-element_type=\"column\" data-e-type=\"column\">\n\t\t\t<div class=\"elementor-widget-wrap elementor-element-populated\">\n\t\t\t\t\t\t<div class=\"elementor-element elementor-element-9882e89 elementor-widget elementor-widget-heading\" data-id=\"9882e89\" data-element_type=\"widget\" data-e-type=\"widget\" data-widget_type=\"heading.default\">\n\t\t\t\t<div class=\"elementor-widget-container\">\n\t\t\t\t\t<h2 class=\"elementor-heading-title elementor-size-default\">\ud83c\udf9f\ufe0f Reg\u00edstrate ahora y recibe el enlace de acceso<\/h2>\t\t\t\t<\/div>\n\t\t\t\t<\/div>\n\t\t\t\t<div class=\"elementor-element elementor-element-756d7ce elementor-widget elementor-widget-html\" data-id=\"756d7ce\" data-element_type=\"widget\" data-e-type=\"widget\" data-widget_type=\"html.default\">\n\t\t\t\t<div class=\"elementor-widget-container\">\n\t\t\t\t\t<script type=\"text\/javascript\" src=\"https:\/\/api.clientify.net\/web-marketing\/superforms\/script\/239068.js\"><\/script>\t\t\t\t<\/div>\n\t\t\t\t<\/div>\n\t\t\t\t\t<\/div>\n\t\t<\/div>\n\t\t\t\t\t<\/div>\n\t\t<\/section>\n\t\t\t\t<\/div>\n\t\t","protected":false},"excerpt":{"rendered":"<p>\ud83c\udf93 C\u00f3mo ser piloto comercial en Miami \u2708\ufe0f \u00bfVives en San Jos\u00e9 y sue\u00f1as con ser piloto comercial en Estados Unidos? Adf Flight School te invita a una charla virtual gratuita donde te explicamos c\u00f3mo puedes estudiar en nuestra escuela de aviaci\u00f3n en Miami, Florida y convertirte en piloto profesional. \ud83d\udcc5 Detalles del evento Fecha: [&hellip;]<\/p>\n","protected":false},"author":1,"featured_media":41473,"parent":0,"menu_order":0,"comment_status":"closed","ping_status":"closed","template":"","meta":{"footnotes":""},"class_list":["post-41483","page","type-page","status-publish","has-post-thumbnail","hentry"],"jetpack-related-posts":[{"id":42011,"url":"https:\/\/adfairways.net\/es\/charla-piloto-san-salvador\/","url_meta":{"origin":41483,"position":0},"title":"Charla Virtual San Salvador, El Salvador","author":"adfschool","date":"mayo 27, 2025","format":false,"excerpt":"\u2708\ufe0f \u00bfVives en San Salvador y sue\u00f1as con ser piloto comercial? \ud83c\udf0d \u00a1Imagina trabajar para aerol\u00edneas alrededor del mundo y formarte como piloto en Estados Unidos! En ADF Flight School, escuela de aviaci\u00f3n ubicada en Miami, Florida y certificada por la FAA, te ense\u00f1amos c\u00f3mo hacerlo realidad. \ud83c\udf93 Te guiamos\u2026","rel":"","context":"Entrada similar","block_context":{"text":"Entrada similar","link":""},"img":{"alt_text":"","src":"https:\/\/i0.wp.com\/adfairways.net\/wp-content\/uploads\/2025\/05\/San-Salvador-1080x1080-1.jpg?resize=350%2C200&ssl=1","width":350,"height":200,"srcset":"https:\/\/i0.wp.com\/adfairways.net\/wp-content\/uploads\/2025\/05\/San-Salvador-1080x1080-1.jpg?resize=350%2C200&ssl=1 1x, https:\/\/i0.wp.com\/adfairways.net\/wp-content\/uploads\/2025\/05\/San-Salvador-1080x1080-1.jpg?resize=525%2C300&ssl=1 1.5x, https:\/\/i0.wp.com\/adfairways.net\/wp-content\/uploads\/2025\/05\/San-Salvador-1080x1080-1.jpg?resize=700%2C400&ssl=1 2x, https:\/\/i0.wp.com\/adfairways.net\/wp-content\/uploads\/2025\/05\/San-Salvador-1080x1080-1.jpg?resize=1050%2C600&ssl=1 3x"},"classes":[]},{"id":39030,"url":"https:\/\/adfairways.net\/es\/piloto-comercial-faa-charla-virtual-sv-hn-ni-ve-miami\/","url_meta":{"origin":41483,"position":1},"title":"Piloto Comercial con Licencia FAA charla virtual sv-hn-ni-ve-miami","author":"adfschool","date":"septiembre 23, 2024","format":false,"excerpt":"\u00a1Convi\u00e9rtete en piloto comercial! Charla virtual El Salvador Honduras Nicaragua Venezuela Miami Estudia en la escuela de aviaci\u00f3n en Miami con ADF Flight School.\u00danete a nuestra reuni\u00f3n por Zoom el 17 de octubre.\u00a0\u00a1Te esperamos!Somos ADF Flight School Miami y estamos emocionados de que est\u00e9s interesado en iniciar tu carrera como\u2026","rel":"","context":"Entrada similar","block_context":{"text":"Entrada similar","link":""},"img":{"alt_text":"","src":"https:\/\/i0.wp.com\/adfairways.net\/wp-content\/uploads\/2024\/09\/NHVS-1080x1080-1.jpg?resize=350%2C200&ssl=1","width":350,"height":200,"srcset":"https:\/\/i0.wp.com\/adfairways.net\/wp-content\/uploads\/2024\/09\/NHVS-1080x1080-1.jpg?resize=350%2C200&ssl=1 1x, https:\/\/i0.wp.com\/adfairways.net\/wp-content\/uploads\/2024\/09\/NHVS-1080x1080-1.jpg?resize=525%2C300&ssl=1 1.5x, https:\/\/i0.wp.com\/adfairways.net\/wp-content\/uploads\/2024\/09\/NHVS-1080x1080-1.jpg?resize=700%2C400&ssl=1 2x, https:\/\/i0.wp.com\/adfairways.net\/wp-content\/uploads\/2024\/09\/NHVS-1080x1080-1.jpg?resize=1050%2C600&ssl=1 3x"},"classes":[]},{"id":42838,"url":"https:\/\/adfairways.net\/es\/charla-virtual-buenos-aires\/","url_meta":{"origin":41483,"position":2},"title":"Charla Virtual en Buenos Aires","author":"adfschool","date":"septiembre 5, 2025","format":false,"excerpt":"\ud83c\udf0d \u00bfVives en Buenos Aires y sue\u00f1as con convertirte en piloto comercial y trabajar en aerol\u00edneas de todo el mundo?Esta es tu oportunidad. ADF Flight School, escuela de aviaci\u00f3n con m\u00e1s de 40 a\u00f1os de experiencia en Miami, Florida (EE. UU.), te invita a una charla virtual gratuita donde descubrir\u00e1s\u2026","rel":"","context":"Entrada similar","block_context":{"text":"Entrada similar","link":""},"img":{"alt_text":"","src":"https:\/\/i0.wp.com\/adfairways.net\/wp-content\/uploads\/2025\/09\/Buenos-Aires-1080x1080-1.jpg?resize=350%2C200&ssl=1","width":350,"height":200,"srcset":"https:\/\/i0.wp.com\/adfairways.net\/wp-content\/uploads\/2025\/09\/Buenos-Aires-1080x1080-1.jpg?resize=350%2C200&ssl=1 1x, https:\/\/i0.wp.com\/adfairways.net\/wp-content\/uploads\/2025\/09\/Buenos-Aires-1080x1080-1.jpg?resize=525%2C300&ssl=1 1.5x, https:\/\/i0.wp.com\/adfairways.net\/wp-content\/uploads\/2025\/09\/Buenos-Aires-1080x1080-1.jpg?resize=700%2C400&ssl=1 2x, https:\/\/i0.wp.com\/adfairways.net\/wp-content\/uploads\/2025\/09\/Buenos-Aires-1080x1080-1.jpg?resize=1050%2C600&ssl=1 3x"},"classes":[]},{"id":41225,"url":"https:\/\/adfairways.net\/es\/charla-virtual-piloto-santiago-chile\/","url_meta":{"origin":41483,"position":3},"title":"\ud83d\udeeb \u00bfEst\u00e1s en Santiago de Chile y sue\u00f1as con ser piloto comercial?","author":"adfschool","date":"abril 14, 2025","format":false,"excerpt":"\ud83d\udee9\ufe0f ADF Flight School te invita a descubrir c\u00f3mo lograrlo desde una de las mejores escuelas de aviaci\u00f3n en Miami, Florida. \u00a1Con\u00e9ctate a nuestra charla virtual y da tu primer paso para volar alto!\u00bfQuieres estudiar aviaci\u00f3n en Estados Unidos y obtener tu licencia como piloto comercial FAA?Te esperamos en nuestra\u2026","rel":"","context":"Entrada similar","block_context":{"text":"Entrada similar","link":""},"img":{"alt_text":"Santiago de Chile y sue\u00f1as con ser piloto comercial","src":"https:\/\/i0.wp.com\/adfairways.net\/wp-content\/uploads\/2025\/04\/Santiago-de-Chile-1080x1080-1.jpg?resize=350%2C200&ssl=1","width":350,"height":200,"srcset":"https:\/\/i0.wp.com\/adfairways.net\/wp-content\/uploads\/2025\/04\/Santiago-de-Chile-1080x1080-1.jpg?resize=350%2C200&ssl=1 1x, https:\/\/i0.wp.com\/adfairways.net\/wp-content\/uploads\/2025\/04\/Santiago-de-Chile-1080x1080-1.jpg?resize=525%2C300&ssl=1 1.5x, https:\/\/i0.wp.com\/adfairways.net\/wp-content\/uploads\/2025\/04\/Santiago-de-Chile-1080x1080-1.jpg?resize=700%2C400&ssl=1 2x, https:\/\/i0.wp.com\/adfairways.net\/wp-content\/uploads\/2025\/04\/Santiago-de-Chile-1080x1080-1.jpg?resize=1050%2C600&ssl=1 3x"},"classes":[]},{"id":41355,"url":"https:\/\/adfairways.net\/es\/charla-piloto-comercial-republica-dominicana\/","url_meta":{"origin":41483,"position":4},"title":"Charla Virtual en Republica Dominicana: C\u00f3mo Ser Piloto Comercial","author":"adfschool","date":"mayo 6, 2025","format":false,"excerpt":"\u00bfTe gustaria ser piloto y trabajar en una aerol\u00ednea comercial? Con\u00a0ADF Flight School, la escuela l\u00edder en formaci\u00f3n aeron\u00e1utica en Estados Unidos, ese sue\u00f1o puede despegar desde Miami y llegar tan lejos como imagines.\u00a0 Desde Rep\u00fablica Dominicana al cielo: da el primer paso hacia una carrera como piloto profesional \u00bfSue\u00f1as\u2026","rel":"","context":"Entrada similar","block_context":{"text":"Entrada similar","link":""},"img":{"alt_text":"","src":"https:\/\/i0.wp.com\/adfairways.net\/wp-content\/uploads\/2025\/05\/Republica-Dominicana-1080x1080-1.jpg?resize=350%2C200&ssl=1","width":350,"height":200,"srcset":"https:\/\/i0.wp.com\/adfairways.net\/wp-content\/uploads\/2025\/05\/Republica-Dominicana-1080x1080-1.jpg?resize=350%2C200&ssl=1 1x, https:\/\/i0.wp.com\/adfairways.net\/wp-content\/uploads\/2025\/05\/Republica-Dominicana-1080x1080-1.jpg?resize=525%2C300&ssl=1 1.5x, https:\/\/i0.wp.com\/adfairways.net\/wp-content\/uploads\/2025\/05\/Republica-Dominicana-1080x1080-1.jpg?resize=700%2C400&ssl=1 2x, https:\/\/i0.wp.com\/adfairways.net\/wp-content\/uploads\/2025\/05\/Republica-Dominicana-1080x1080-1.jpg?resize=1050%2C600&ssl=1 3x"},"classes":[]},{"id":41345,"url":"https:\/\/adfairways.net\/es\/charla-piloto-comercial-managua\/","url_meta":{"origin":41483,"position":5},"title":"Charla Virtual en Managua: C\u00f3mo Ser Piloto Comercial","author":"adfschool","date":"mayo 6, 2025","format":false,"excerpt":"\u00bfQuieres ser piloto y trabajar en una aerol\u00ednea comercial? Desde Managua al cielo: da el primer paso hacia una carrera como piloto profesional Hay sue\u00f1os que no pueden quedarse en tierra.Si alguna vez miraste al cielo y te imaginaste en la cabina de un avi\u00f3n, esta es tu oportunidad. En\u2026","rel":"","context":"Entrada similar","block_context":{"text":"Entrada similar","link":""},"img":{"alt_text":"","src":"https:\/\/i0.wp.com\/adfairways.net\/wp-content\/uploads\/2025\/05\/Managua-1080x1080-1.jpg?resize=350%2C200&ssl=1","width":350,"height":200,"srcset":"https:\/\/i0.wp.com\/adfairways.net\/wp-content\/uploads\/2025\/05\/Managua-1080x1080-1.jpg?resize=350%2C200&ssl=1 1x, https:\/\/i0.wp.com\/adfairways.net\/wp-content\/uploads\/2025\/05\/Managua-1080x1080-1.jpg?resize=525%2C300&ssl=1 1.5x, https:\/\/i0.wp.com\/adfairways.net\/wp-content\/uploads\/2025\/05\/Managua-1080x1080-1.jpg?resize=700%2C400&ssl=1 2x, https:\/\/i0.wp.com\/adfairways.net\/wp-content\/uploads\/2025\/05\/Managua-1080x1080-1.jpg?resize=1050%2C600&ssl=1 3x"},"classes":[]}],"jetpack_sharing_enabled":true,"_links":{"self":[{"href":"https:\/\/adfairways.net\/es\/wp-json\/wp\/v2\/pages\/41483","targetHints":{"allow":["GET"]}}],"collection":[{"href":"https:\/\/adfairways.net\/es\/wp-json\/wp\/v2\/pages"}],"about":[{"href":"https:\/\/adfairways.net\/es\/wp-json\/wp\/v2\/types\/page"}],"author":[{"embeddable":true,"href":"https:\/\/adfairways.net\/es\/wp-json\/wp\/v2\/users\/1"}],"replies":[{"embeddable":true,"href":"https:\/\/adfairways.net\/es\/wp-json\/wp\/v2\/comments?post=41483"}],"version-history":[{"count":12,"href":"https:\/\/adfairways.net\/es\/wp-json\/wp\/v2\/pages\/41483\/revisions"}],"predecessor-version":[{"id":41607,"href":"https:\/\/adfairways.net\/es\/wp-json\/wp\/v2\/pages\/41483\/revisions\/41607"}],"wp:featuredmedia":[{"embeddable":true,"href":"https:\/\/adfairways.net\/es\/wp-json\/wp\/v2\/media\/41473"}],"wp:attachment":[{"href":"https:\/\/adfairways.net\/es\/wp-json\/wp\/v2\/media?parent=41483"}],"curies":[{"name":"wp","href":"https:\/\/api.w.org\/{rel}","templated":true}]}}