{"id":41355,"date":"2025-05-06T11:21:07","date_gmt":"2025-05-06T16:21:07","guid":{"rendered":"https:\/\/adfairways.net\/?page_id=41355"},"modified":"2025-05-07T22:23:30","modified_gmt":"2025-05-08T03:23:30","slug":"charla-piloto-comercial-republica-dominicana","status":"publish","type":"page","link":"https:\/\/adfairways.net\/es\/charla-piloto-comercial-republica-dominicana\/","title":{"rendered":"Charla Virtual en Republica Dominicana: C\u00f3mo Ser Piloto Comercial"},"content":{"rendered":"\t\t<div data-elementor-type=\"wp-post\" data-elementor-id=\"41355\" class=\"elementor elementor-41355\" data-elementor-post-type=\"page\">\n\t\t\t\t<div class=\"elementor-element elementor-element-56ac6ab e-flex e-con-boxed e-con e-parent\" data-id=\"56ac6ab\" data-element_type=\"container\" data-e-type=\"container\">\n\t\t\t\t\t<div class=\"e-con-inner\">\n\t\t\t\t<div class=\"elementor-element elementor-element-2ce31b9 elementor-widget elementor-widget-heading\" data-id=\"2ce31b9\" data-element_type=\"widget\" data-e-type=\"widget\" data-widget_type=\"heading.default\">\n\t\t\t\t<div class=\"elementor-widget-container\">\n\t\t\t\t\t<h2 class=\"elementor-heading-title elementor-size-default\"><img decoding=\"async\" role=\"img\" class=\"emoji\" alt=\"\ud83c\udf0d\" src=\"https:\/\/s.w.org\/images\/core\/emoji\/15.0.3\/svg\/1f30d.svg\"><img decoding=\"async\" role=\"img\" class=\"emoji\" alt=\"\u2708\ufe0f\" src=\"https:\/\/s.w.org\/images\/core\/emoji\/15.0.3\/svg\/2708.svg\"> \u00bfTe gustaria ser piloto y trabajar en una aerol\u00ednea comercial?<img decoding=\"async\" role=\"img\" class=\"emoji\" alt=\"\ud83d\ude80\" src=\"https:\/\/s.w.org\/images\/core\/emoji\/15.0.3\/svg\/1f680.svg\">\n<\/h2>\t\t\t\t<\/div>\n\t\t\t\t<\/div>\n\t\t\t\t<div class=\"elementor-element elementor-element-ec177d2 elementor-widget elementor-widget-text-editor\" data-id=\"ec177d2\" data-element_type=\"widget\" data-e-type=\"widget\" data-widget_type=\"text-editor.default\">\n\t\t\t\t<div class=\"elementor-widget-container\">\n\t\t\t\t\t\t\t\t\t<p><span style=\"text-align: center;\">Con\u00a0<\/span><span style=\"font-weight: bolder; text-align: center;\" data-start=\"184\" data-end=\"205\">ADF Flight School<\/span><span style=\"text-align: center;\">, la escuela l\u00edder en formaci\u00f3n aeron\u00e1utica en Estados Unidos, ese sue\u00f1o puede despegar desde Miami y llegar tan lejos como imagines.\u00a0<\/span><img decoding=\"async\" class=\"emoji\" style=\"background-color: #ffffff; text-align: center; background-image: none !important;\" role=\"img\" draggable=\"false\" src=\"https:\/\/s.w.org\/images\/core\/emoji\/15.0.3\/svg\/1f30d.svg\" alt=\"\ud83c\udf0d\" \/><\/p>\t\t\t\t\t\t\t\t<\/div>\n\t\t\t\t<\/div>\n\t\t\t\t<div class=\"elementor-element elementor-element-4d67a02 elementor-widget elementor-widget-heading\" data-id=\"4d67a02\" data-element_type=\"widget\" data-e-type=\"widget\" data-widget_type=\"heading.default\">\n\t\t\t\t<div class=\"elementor-widget-container\">\n\t\t\t\t\t<h4 class=\"elementor-heading-title elementor-size-default\">Desde Rep\u00fablica Dominicana al cielo: da el primer paso hacia una carrera como piloto profesional<\/h4>\t\t\t\t<\/div>\n\t\t\t\t<\/div>\n\t\t\t\t\t<\/div>\n\t\t\t\t<\/div>\n\t\t\t\t<section class=\"elementor-section elementor-top-section elementor-element elementor-element-256f0f1 elementor-section-boxed elementor-section-height-default elementor-section-height-default\" data-id=\"256f0f1\" data-element_type=\"section\" data-e-type=\"section\">\n\t\t\t\t\t\t<div class=\"elementor-container elementor-column-gap-default\">\n\t\t\t\t\t<div class=\"elementor-column elementor-col-100 elementor-top-column elementor-element elementor-element-819b8c2 top column-style-top\" data-id=\"819b8c2\" data-element_type=\"column\" data-e-type=\"column\">\n\t\t\t<div class=\"elementor-widget-wrap elementor-element-populated\">\n\t\t\t\t\t\t<div class=\"elementor-element elementor-element-664ae18 elementor-widget elementor-widget-image\" data-id=\"664ae18\" data-element_type=\"widget\" data-e-type=\"widget\" data-widget_type=\"image.default\">\n\t\t\t\t<div class=\"elementor-widget-container\">\n\t\t\t\t\t\t\t\t\t\t\t\t\t\t\t<img fetchpriority=\"high\" decoding=\"async\" width=\"1680\" height=\"880\" src=\"https:\/\/adfairways.net\/wp-content\/uploads\/2025\/05\/Republica-Dominicana-1680x880-1.jpg\" class=\"attachment-full size-full wp-image-41364\" alt=\"\" srcset=\"https:\/\/adfairways.net\/wp-content\/uploads\/2025\/05\/Republica-Dominicana-1680x880-1.jpg 1680w, https:\/\/adfairways.net\/wp-content\/uploads\/2025\/05\/Republica-Dominicana-1680x880-1-1024x536.jpg 1024w, https:\/\/adfairways.net\/wp-content\/uploads\/2025\/05\/Republica-Dominicana-1680x880-1-768x402.jpg 768w, https:\/\/adfairways.net\/wp-content\/uploads\/2025\/05\/Republica-Dominicana-1680x880-1-1320x691.jpg 1320w\" sizes=\"(max-width: 1680px) 100vw, 1680px\" \/>\t\t\t\t\t\t\t\t\t\t\t\t\t\t\t<\/div>\n\t\t\t\t<\/div>\n\t\t\t\t<div class=\"elementor-element elementor-element-b637c87 elementor-widget elementor-widget-text-editor\" data-id=\"b637c87\" data-element_type=\"widget\" data-e-type=\"widget\" data-widget_type=\"text-editor.default\">\n\t\t\t\t<div class=\"elementor-widget-container\">\n\t\t\t\t\t\t\t\t\t<p style=\"text-align: center;\">\u00bfSue\u00f1as con volar a los destinos m\u00e1s impresionantes del planeta como piloto comercial? \u2708\ufe0f<\/p>\t\t\t\t\t\t\t\t<\/div>\n\t\t\t\t<\/div>\n\t\t\t\t\t<\/div>\n\t\t<\/div>\n\t\t\t\t\t<\/div>\n\t\t<\/section>\n\t\t\t\t<section class=\"elementor-section elementor-top-section elementor-element elementor-element-e67ddd3 elementor-section-boxed elementor-section-height-default elementor-section-height-default\" data-id=\"e67ddd3\" data-element_type=\"section\" data-e-type=\"section\">\n\t\t\t\t\t\t<div class=\"elementor-container elementor-column-gap-default\">\n\t\t\t\t\t<div class=\"elementor-column elementor-col-50 elementor-top-column elementor-element elementor-element-87be209 top column-style-top\" data-id=\"87be209\" data-element_type=\"column\" data-e-type=\"column\">\n\t\t\t<div class=\"elementor-widget-wrap elementor-element-populated\">\n\t\t\t\t\t\t<div class=\"elementor-element elementor-element-b6fee65 elementor-widget elementor-widget-heading\" data-id=\"b6fee65\" data-element_type=\"widget\" data-e-type=\"widget\" data-widget_type=\"heading.default\">\n\t\t\t\t<div class=\"elementor-widget-container\">\n\t\t\t\t\t<h2 class=\"elementor-heading-title elementor-size-default\">\ud83d\udcf2 Reg\u00edstrate Ahora:<\/h2>\t\t\t\t<\/div>\n\t\t\t\t<\/div>\n\t\t\t\t<div class=\"elementor-element elementor-element-8dbcc26 elementor-widget elementor-widget-html\" data-id=\"8dbcc26\" data-element_type=\"widget\" data-e-type=\"widget\" data-widget_type=\"html.default\">\n\t\t\t\t<div class=\"elementor-widget-container\">\n\t\t\t\t\t<script type=\"text\/javascript\" src=\"https:\/\/api.clientify.net\/web-marketing\/superforms\/script\/238741.js\"><\/script>\t\t\t\t<\/div>\n\t\t\t\t<\/div>\n\t\t\t\t<div class=\"elementor-element elementor-element-83bc6d5 elementor-widget elementor-widget-text-editor\" data-id=\"83bc6d5\" data-element_type=\"widget\" data-e-type=\"widget\" data-widget_type=\"text-editor.default\">\n\t\t\t\t<div class=\"elementor-widget-container\">\n\t\t\t\t\t\t\t\t\t<h6><img decoding=\"async\" class=\"emoji lazyloaded\" role=\"img\" draggable=\"false\" src=\"https:\/\/s.w.org\/images\/core\/emoji\/15.0.3\/svg\/1f4c5.svg\" alt=\"\ud83d\udcc5\" data-src=\"https:\/\/s.w.org\/images\/core\/emoji\/15.0.3\/svg\/1f4c5.svg\">&nbsp;Detalles:<\/h6>\n<ul>\n<li><img decoding=\"async\" class=\"emoji\" role=\"img\" draggable=\"false\" src=\"https:\/\/s.w.org\/images\/core\/emoji\/15.0.3\/svg\/1f4c5.svg\" alt=\"\ud83d\udcc5\">&nbsp;Fecha:&nbsp;Jueves 29 de mayo<\/li>\n<li><img decoding=\"async\" class=\"emoji\" role=\"img\" draggable=\"false\" src=\"https:\/\/s.w.org\/images\/core\/emoji\/15.0.3\/svg\/1f558.svg\" alt=\"\ud83d\udd58\"> Hora: 7:00 p.m. (hora local de Rep\u00fablica Dominicana)<\/li>\n<li><img decoding=\"async\" class=\"emoji\" role=\"img\" draggable=\"false\" src=\"https:\/\/s.w.org\/images\/core\/emoji\/15.0.3\/svg\/1f4bb.svg\" alt=\"\ud83d\udcbb\">&nbsp;Modalidad:&nbsp;Virtual (Zoom)<\/li><li><br><\/li>\n<\/ul>\n<h3 class=\"\" data-start=\"1002\" data-end=\"1033\"><img decoding=\"async\" class=\"emoji\" role=\"img\" draggable=\"false\" src=\"https:\/\/s.w.org\/images\/core\/emoji\/15.0.3\/svg\/1f4cc.svg\" alt=\"\ud83d\udccc\"> \u00bfQui\u00e9nes pueden asistir?<\/h3>\n<p class=\"\" data-start=\"1034\" data-end=\"1187\"><img decoding=\"async\" class=\"emoji\" role=\"img\" draggable=\"false\" src=\"https:\/\/s.w.org\/images\/core\/emoji\/15.0.3\/svg\/1f469-200d-2708-fe0f.svg\" alt=\"\ud83d\udc69\u200d\u2708\ufe0f\"> J\u00f3venes y adultos de <strong data-start=\"1061\" data-end=\"1085\">Rep\u00fablica Dominicana<\/strong> que sue\u00f1en con una carrera en la aviaci\u00f3n<br data-start=\"1127\" data-end=\"1130\"><img decoding=\"async\" class=\"emoji\" role=\"img\" draggable=\"false\" src=\"https:\/\/s.w.org\/images\/core\/emoji\/15.0.3\/svg\/1f4f2.svg\" alt=\"\ud83d\udcf2\"> <strong data-start=\"1133\" data-end=\"1187\">Totalmente gratis y desde la comodidad de tu hogar<\/strong><\/p>\n<p class=\"\" data-start=\"1189\" data-end=\"1262\"><img decoding=\"async\" class=\"emoji\" role=\"img\" draggable=\"false\" src=\"https:\/\/s.w.org\/images\/core\/emoji\/15.0.3\/svg\/1f449.svg\" alt=\"\ud83d\udc49\"> <strong data-start=\"1192\" data-end=\"1236\">\u00a1Reserva tu lugar ahora! Cupos limitados<\/strong><\/p>\t\t\t\t\t\t\t\t<\/div>\n\t\t\t\t<\/div>\n\t\t\t\t\t<\/div>\n\t\t<\/div>\n\t\t\t\t<div class=\"elementor-column elementor-col-50 elementor-top-column elementor-element elementor-element-f8523be top column-style-top\" data-id=\"f8523be\" data-element_type=\"column\" data-e-type=\"column\">\n\t\t\t<div class=\"elementor-widget-wrap elementor-element-populated\">\n\t\t\t\t\t\t<div class=\"elementor-element elementor-element-88ac9e1 elementor-widget elementor-widget-text-editor\" data-id=\"88ac9e1\" data-element_type=\"widget\" data-e-type=\"widget\" data-widget_type=\"text-editor.default\">\n\t\t\t\t<div class=\"elementor-widget-container\">\n\t\t\t\t\t\t\t\t\t<div class=\"elementor-element elementor-element-e90556a elementor-widget elementor-widget-heading\" data-id=\"e90556a\" data-element_type=\"widget\" data-widget_type=\"heading.default\"><div class=\"elementor-widget-container\"><h4 class=\"elementor-heading-title elementor-size-default\"><img decoding=\"async\" class=\"emoji\" role=\"img\" draggable=\"false\" src=\"https:\/\/s.w.org\/images\/core\/emoji\/15.0.3\/svg\/1f680.svg\" alt=\"\ud83d\ude80\" \/>\u00a0\u00bfQu\u00e9 aprender\u00e1s en esta charla?<\/h4><\/div><\/div><div class=\"elementor-element elementor-element-4bf9694 elementor-widget elementor-widget-text-editor\" data-id=\"4bf9694\" data-element_type=\"widget\" data-widget_type=\"text-editor.default\"><div class=\"elementor-widget-container\"><p data-pm-slice=\"1 1 []\"><img decoding=\"async\" class=\"emoji\" role=\"img\" draggable=\"false\" src=\"https:\/\/s.w.org\/images\/core\/emoji\/15.0.3\/svg\/2705.svg\" alt=\"\u2705\" \/> C\u00f3mo estudiar aviaci\u00f3n en Miami si eres de Rep\u00fablica Dominicana<\/p><p class=\"\" data-start=\"999\" data-end=\"1035\"><img decoding=\"async\" class=\"emoji\" role=\"img\" draggable=\"false\" src=\"https:\/\/s.w.org\/images\/core\/emoji\/15.0.3\/svg\/2705.svg\" alt=\"\u2705\" \/>\u00a0Requisitos de ingreso a la escuela<\/p><p class=\"\" data-start=\"1038\" data-end=\"1070\"><img decoding=\"async\" class=\"emoji\" role=\"img\" draggable=\"false\" src=\"https:\/\/s.w.org\/images\/core\/emoji\/15.0.3\/svg\/2705.svg\" alt=\"\u2705\" \/>\u00a0Costos y duraci\u00f3n del programa<\/p><p class=\"\" data-start=\"1073\" data-end=\"1108\"><img decoding=\"async\" class=\"emoji\" role=\"img\" draggable=\"false\" src=\"https:\/\/s.w.org\/images\/core\/emoji\/15.0.3\/svg\/2705.svg\" alt=\"\u2705\" \/>\u00a0Oportunidades con la licencia FAA<\/p><p class=\"\" data-start=\"1111\" data-end=\"1145\"><img decoding=\"async\" class=\"emoji\" role=\"img\" draggable=\"false\" src=\"https:\/\/s.w.org\/images\/core\/emoji\/15.0.3\/svg\/2705.svg\" alt=\"\u2705\" \/>\u00a0Resolvemos todas tus dudas en vivo<\/p><\/div><\/div><h3 class=\"\" data-start=\"765\" data-end=\"806\">\ud83c\udf93 \u00bfPor qu\u00e9 elegir ADF Flight School?<\/h3><p class=\"\" data-start=\"807\" data-end=\"1000\">\ud83d\udeeb Entrenamiento con <strong data-start=\"828\" data-end=\"860\">aviones de \u00faltima generaci\u00f3n<\/strong><br data-start=\"860\" data-end=\"863\" \/>\ud83c\udf34 Estilo de vida en <strong data-start=\"884\" data-end=\"893\">Miami<\/strong>: clima ideal y oportunidades \u00fanicas<br data-start=\"929\" data-end=\"932\" \/>\ud83c\udf0e <strong data-start=\"935\" data-end=\"964\">Amplias salidas laborales<\/strong> como piloto comercial internacional<\/p>\t\t\t\t\t\t\t\t<\/div>\n\t\t\t\t<\/div>\n\t\t\t\t\t<\/div>\n\t\t<\/div>\n\t\t\t\t\t<\/div>\n\t\t<\/section>\n\t\t\t\t<\/div>\n\t\t","protected":false},"excerpt":{"rendered":"<p>\u00bfTe gustaria ser piloto y trabajar en una aerol\u00ednea comercial? Con\u00a0ADF Flight School, la escuela l\u00edder en formaci\u00f3n aeron\u00e1utica en Estados Unidos, ese sue\u00f1o puede despegar desde Miami y llegar tan lejos como imagines.\u00a0 Desde Rep\u00fablica Dominicana al cielo: da el primer paso hacia una carrera como piloto profesional \u00bfSue\u00f1as con volar a los destinos [&hellip;]<\/p>\n","protected":false},"author":1,"featured_media":41357,"parent":0,"menu_order":0,"comment_status":"closed","ping_status":"closed","template":"","meta":{"footnotes":""},"class_list":["post-41355","page","type-page","status-publish","has-post-thumbnail","hentry"],"jetpack-related-posts":[{"id":43946,"url":"https:\/\/adfairways.net\/es\/charla-piloto-comercial-republica-dominicana-santo-domingo-2026\/","url_meta":{"origin":41355,"position":0},"title":"Charla Virtual: C\u00f3mo ser Piloto Comercial en EE.UU. desde Santo Domingo (RD) | 21 Mayo 2026","author":"adfschool","date":"abril 22, 2026","format":false,"excerpt":"\u00bfQuieres ser piloto? \u00danete a nuestra charla presencial en el 21 de mayo Descubre c\u00f3mo obtener tu licencia FAA en Miami. \u00a1Cupos limitados! Tu primer paso para conquistar los cielos comienza en Santo Domingo. Descubre c\u00f3mo estudiar en una de las mejores escuelas de aviaci\u00f3n de Miami y obt\u00e9n tu\u2026","rel":"","context":"Entrada similar","block_context":{"text":"Entrada similar","link":""},"img":{"alt_text":"","src":"https:\/\/i0.wp.com\/adfairways.net\/wp-content\/uploads\/2026\/04\/Republica-Dominicana-1080x1080-1.jpg?resize=350%2C200&ssl=1","width":350,"height":200,"srcset":"https:\/\/i0.wp.com\/adfairways.net\/wp-content\/uploads\/2026\/04\/Republica-Dominicana-1080x1080-1.jpg?resize=350%2C200&ssl=1 1x, https:\/\/i0.wp.com\/adfairways.net\/wp-content\/uploads\/2026\/04\/Republica-Dominicana-1080x1080-1.jpg?resize=525%2C300&ssl=1 1.5x, https:\/\/i0.wp.com\/adfairways.net\/wp-content\/uploads\/2026\/04\/Republica-Dominicana-1080x1080-1.jpg?resize=700%2C400&ssl=1 2x, https:\/\/i0.wp.com\/adfairways.net\/wp-content\/uploads\/2026\/04\/Republica-Dominicana-1080x1080-1.jpg?resize=1050%2C600&ssl=1 3x"},"classes":[]},{"id":44005,"url":"https:\/\/adfairways.net\/es\/charla-piloto-comercial-guayaquil-ecuador-mayo-2026\/","url_meta":{"origin":41355,"position":1},"title":"C\u00f3mo ser Piloto Comercial en EE.UU. desde Guayaquil | 28 de Mayo","author":"adfschool","date":"abril 29, 2026","format":false,"excerpt":"\u00bfQuieres ser piloto? \u00danete a nuestra charla presencial en el 21 de mayo Descubre c\u00f3mo obtener tu licencia FAA en Miami. \u00a1Cupos limitados! Tu primer paso para conquistar los cielos comienza en Santo Domingo. Descubre c\u00f3mo estudiar en una de las mejores escuelas de aviaci\u00f3n de Miami y obt\u00e9n tu\u2026","rel":"","context":"Entrada similar","block_context":{"text":"Entrada similar","link":""},"img":{"alt_text":"C\u00f3mo ser Piloto Comercial en EE.UU. desde Guayaquil | 28 de Mayo","src":"https:\/\/i0.wp.com\/adfairways.net\/wp-content\/uploads\/2026\/04\/Guayaquil-Ecuador-1080x1080-1.jpg?resize=350%2C200&ssl=1","width":350,"height":200,"srcset":"https:\/\/i0.wp.com\/adfairways.net\/wp-content\/uploads\/2026\/04\/Guayaquil-Ecuador-1080x1080-1.jpg?resize=350%2C200&ssl=1 1x, https:\/\/i0.wp.com\/adfairways.net\/wp-content\/uploads\/2026\/04\/Guayaquil-Ecuador-1080x1080-1.jpg?resize=525%2C300&ssl=1 1.5x, https:\/\/i0.wp.com\/adfairways.net\/wp-content\/uploads\/2026\/04\/Guayaquil-Ecuador-1080x1080-1.jpg?resize=700%2C400&ssl=1 2x, https:\/\/i0.wp.com\/adfairways.net\/wp-content\/uploads\/2026\/04\/Guayaquil-Ecuador-1080x1080-1.jpg?resize=1050%2C600&ssl=1 3x"},"classes":[]},{"id":41483,"url":"https:\/\/adfairways.net\/es\/charla-piloto-comercial-san-jose\/","url_meta":{"origin":41355,"position":2},"title":"Charla virtual &#8211; San J\u00f3se &#8211; Costa Rica","author":"adfschool","date":"mayo 8, 2025","format":false,"excerpt":"\ud83c\udf93 C\u00f3mo ser piloto comercial en Miami \u2708\ufe0f \u00bfVives en San Jos\u00e9 y sue\u00f1as con ser piloto comercial en Estados Unidos? Adf Flight School te invita a una charla virtual gratuita donde te explicamos c\u00f3mo puedes estudiar en nuestra escuela de aviaci\u00f3n en Miami, Florida y convertirte en piloto profesional.\u2026","rel":"","context":"Entrada similar","block_context":{"text":"Entrada similar","link":""},"img":{"alt_text":"","src":"https:\/\/i0.wp.com\/adfairways.net\/wp-content\/uploads\/2025\/05\/San-Jose-1080x1080-1.jpg?resize=350%2C200&ssl=1","width":350,"height":200,"srcset":"https:\/\/i0.wp.com\/adfairways.net\/wp-content\/uploads\/2025\/05\/San-Jose-1080x1080-1.jpg?resize=350%2C200&ssl=1 1x, https:\/\/i0.wp.com\/adfairways.net\/wp-content\/uploads\/2025\/05\/San-Jose-1080x1080-1.jpg?resize=525%2C300&ssl=1 1.5x, https:\/\/i0.wp.com\/adfairways.net\/wp-content\/uploads\/2025\/05\/San-Jose-1080x1080-1.jpg?resize=700%2C400&ssl=1 2x, https:\/\/i0.wp.com\/adfairways.net\/wp-content\/uploads\/2025\/05\/San-Jose-1080x1080-1.jpg?resize=1050%2C600&ssl=1 3x"},"classes":[]},{"id":41345,"url":"https:\/\/adfairways.net\/es\/charla-piloto-comercial-managua\/","url_meta":{"origin":41355,"position":3},"title":"Charla Virtual en Managua: C\u00f3mo Ser Piloto Comercial","author":"adfschool","date":"mayo 6, 2025","format":false,"excerpt":"\u00bfQuieres ser piloto y trabajar en una aerol\u00ednea comercial? Desde Managua al cielo: da el primer paso hacia una carrera como piloto profesional Hay sue\u00f1os que no pueden quedarse en tierra.Si alguna vez miraste al cielo y te imaginaste en la cabina de un avi\u00f3n, esta es tu oportunidad. En\u2026","rel":"","context":"Entrada similar","block_context":{"text":"Entrada similar","link":""},"img":{"alt_text":"","src":"https:\/\/i0.wp.com\/adfairways.net\/wp-content\/uploads\/2025\/05\/Managua-1080x1080-1.jpg?resize=350%2C200&ssl=1","width":350,"height":200,"srcset":"https:\/\/i0.wp.com\/adfairways.net\/wp-content\/uploads\/2025\/05\/Managua-1080x1080-1.jpg?resize=350%2C200&ssl=1 1x, https:\/\/i0.wp.com\/adfairways.net\/wp-content\/uploads\/2025\/05\/Managua-1080x1080-1.jpg?resize=525%2C300&ssl=1 1.5x, https:\/\/i0.wp.com\/adfairways.net\/wp-content\/uploads\/2025\/05\/Managua-1080x1080-1.jpg?resize=700%2C400&ssl=1 2x, https:\/\/i0.wp.com\/adfairways.net\/wp-content\/uploads\/2025\/05\/Managua-1080x1080-1.jpg?resize=1050%2C600&ssl=1 3x"},"classes":[]},{"id":42962,"url":"https:\/\/adfairways.net\/es\/conviertete-en-piloto-comercial-charla-presencial-lima\/","url_meta":{"origin":41355,"position":4},"title":"Convi\u00e9rtete en Piloto Comercial &#8211; Charla Presencial Lima","author":"adfschool","date":"septiembre 11, 2025","format":false,"excerpt":"\u2708\ufe0f Charla Presencial en Lima \u2013 Convi\u00e9rtete en Piloto Comercial en EE. UU. \ud83c\udf0d \u00bfVives en Lima y sue\u00f1as con ser piloto comercial y trabajar en aerol\u00edneas internacionales? Esta es tu oportunidad de dar el primer paso hacia tu futuro profesional en la aviaci\u00f3n. ADF Flight School, escuela de aviaci\u00f3n\u2026","rel":"","context":"Entrada similar","block_context":{"text":"Entrada similar","link":""},"img":{"alt_text":"","src":"https:\/\/i0.wp.com\/adfairways.net\/wp-content\/uploads\/2025\/09\/Lima-1080x1080-2.jpg?resize=350%2C200&ssl=1","width":350,"height":200,"srcset":"https:\/\/i0.wp.com\/adfairways.net\/wp-content\/uploads\/2025\/09\/Lima-1080x1080-2.jpg?resize=350%2C200&ssl=1 1x, https:\/\/i0.wp.com\/adfairways.net\/wp-content\/uploads\/2025\/09\/Lima-1080x1080-2.jpg?resize=525%2C300&ssl=1 1.5x, https:\/\/i0.wp.com\/adfairways.net\/wp-content\/uploads\/2025\/09\/Lima-1080x1080-2.jpg?resize=700%2C400&ssl=1 2x, https:\/\/i0.wp.com\/adfairways.net\/wp-content\/uploads\/2025\/09\/Lima-1080x1080-2.jpg?resize=1050%2C600&ssl=1 3x"},"classes":[]},{"id":41225,"url":"https:\/\/adfairways.net\/es\/charla-virtual-piloto-santiago-chile\/","url_meta":{"origin":41355,"position":5},"title":"\ud83d\udeeb \u00bfEst\u00e1s en Santiago de Chile y sue\u00f1as con ser piloto comercial?","author":"adfschool","date":"abril 14, 2025","format":false,"excerpt":"\ud83d\udee9\ufe0f ADF Flight School te invita a descubrir c\u00f3mo lograrlo desde una de las mejores escuelas de aviaci\u00f3n en Miami, Florida. \u00a1Con\u00e9ctate a nuestra charla virtual y da tu primer paso para volar alto!\u00bfQuieres estudiar aviaci\u00f3n en Estados Unidos y obtener tu licencia como piloto comercial FAA?Te esperamos en nuestra\u2026","rel":"","context":"Entrada similar","block_context":{"text":"Entrada similar","link":""},"img":{"alt_text":"Santiago de Chile y sue\u00f1as con ser piloto comercial","src":"https:\/\/i0.wp.com\/adfairways.net\/wp-content\/uploads\/2025\/04\/Santiago-de-Chile-1080x1080-1.jpg?resize=350%2C200&ssl=1","width":350,"height":200,"srcset":"https:\/\/i0.wp.com\/adfairways.net\/wp-content\/uploads\/2025\/04\/Santiago-de-Chile-1080x1080-1.jpg?resize=350%2C200&ssl=1 1x, https:\/\/i0.wp.com\/adfairways.net\/wp-content\/uploads\/2025\/04\/Santiago-de-Chile-1080x1080-1.jpg?resize=525%2C300&ssl=1 1.5x, https:\/\/i0.wp.com\/adfairways.net\/wp-content\/uploads\/2025\/04\/Santiago-de-Chile-1080x1080-1.jpg?resize=700%2C400&ssl=1 2x, https:\/\/i0.wp.com\/adfairways.net\/wp-content\/uploads\/2025\/04\/Santiago-de-Chile-1080x1080-1.jpg?resize=1050%2C600&ssl=1 3x"},"classes":[]}],"jetpack_sharing_enabled":true,"_links":{"self":[{"href":"https:\/\/adfairways.net\/es\/wp-json\/wp\/v2\/pages\/41355","targetHints":{"allow":["GET"]}}],"collection":[{"href":"https:\/\/adfairways.net\/es\/wp-json\/wp\/v2\/pages"}],"about":[{"href":"https:\/\/adfairways.net\/es\/wp-json\/wp\/v2\/types\/page"}],"author":[{"embeddable":true,"href":"https:\/\/adfairways.net\/es\/wp-json\/wp\/v2\/users\/1"}],"replies":[{"embeddable":true,"href":"https:\/\/adfairways.net\/es\/wp-json\/wp\/v2\/comments?post=41355"}],"version-history":[{"count":31,"href":"https:\/\/adfairways.net\/es\/wp-json\/wp\/v2\/pages\/41355\/revisions"}],"predecessor-version":[{"id":41440,"href":"https:\/\/adfairways.net\/es\/wp-json\/wp\/v2\/pages\/41355\/revisions\/41440"}],"wp:featuredmedia":[{"embeddable":true,"href":"https:\/\/adfairways.net\/es\/wp-json\/wp\/v2\/media\/41357"}],"wp:attachment":[{"href":"https:\/\/adfairways.net\/es\/wp-json\/wp\/v2\/media?parent=41355"}],"curies":[{"name":"wp","href":"https:\/\/api.w.org\/{rel}","templated":true}]}}