{"id":41345,"date":"2025-05-06T10:38:19","date_gmt":"2025-05-06T15:38:19","guid":{"rendered":"https:\/\/adfairways.net\/?page_id=41345"},"modified":"2025-05-07T15:19:51","modified_gmt":"2025-05-07T20:19:51","slug":"charla-piloto-comercial-managua","status":"publish","type":"page","link":"https:\/\/adfairways.net\/es\/charla-piloto-comercial-managua\/","title":{"rendered":"Charla Virtual en Managua: C\u00f3mo Ser Piloto Comercial"},"content":{"rendered":"\t\t<div data-elementor-type=\"wp-post\" data-elementor-id=\"41345\" class=\"elementor elementor-41345\" data-elementor-post-type=\"page\">\n\t\t\t\t<div class=\"elementor-element elementor-element-56ac6ab e-flex e-con-boxed e-con e-parent\" data-id=\"56ac6ab\" data-element_type=\"container\" data-e-type=\"container\">\n\t\t\t\t\t<div class=\"e-con-inner\">\n\t\t\t\t<div class=\"elementor-element elementor-element-fc5be5b elementor-widget elementor-widget-heading\" data-id=\"fc5be5b\" data-element_type=\"widget\" data-e-type=\"widget\" data-widget_type=\"heading.default\">\n\t\t\t\t<div class=\"elementor-widget-container\">\n\t\t\t\t\t<h2 class=\"elementor-heading-title elementor-size-default\"><img decoding=\"async\" role=\"img\" class=\"emoji\" alt=\"\ud83c\udf0d\" src=\"https:\/\/s.w.org\/images\/core\/emoji\/15.0.3\/svg\/1f30d.svg\"><img decoding=\"async\" role=\"img\" class=\"emoji\" alt=\"\u2708\ufe0f\" src=\"https:\/\/s.w.org\/images\/core\/emoji\/15.0.3\/svg\/2708.svg\"> \u00bfQuieres ser piloto y trabajar en una aerol\u00ednea comercial?<img decoding=\"async\" role=\"img\" class=\"emoji\" alt=\"\ud83d\ude80\" src=\"https:\/\/s.w.org\/images\/core\/emoji\/15.0.3\/svg\/1f680.svg\">\n\n<\/h2>\t\t\t\t<\/div>\n\t\t\t\t<\/div>\n\t\t\t\t<div class=\"elementor-element elementor-element-3ed8fc0 elementor-widget elementor-widget-heading\" data-id=\"3ed8fc0\" data-element_type=\"widget\" data-e-type=\"widget\" data-widget_type=\"heading.default\">\n\t\t\t\t<div class=\"elementor-widget-container\">\n\t\t\t\t\t<h3 class=\"elementor-heading-title elementor-size-default\">Desde Managua al cielo: da el primer paso hacia una carrera como piloto profesional<\/h3>\t\t\t\t<\/div>\n\t\t\t\t<\/div>\n\t\t\t\t<div class=\"elementor-element elementor-element-b860f23 elementor-widget elementor-widget-text-editor\" data-id=\"b860f23\" data-element_type=\"widget\" data-e-type=\"widget\" data-widget_type=\"text-editor.default\">\n\t\t\t\t<div class=\"elementor-widget-container\">\n\t\t\t\t\t\t\t\t\t<p style=\"text-align: center;\"><b>Hay sue\u00f1os que no pueden quedarse en tierra.<\/b><br data-start=\"522\" data-end=\"525\" \/>Si alguna vez miraste al cielo y te imaginaste en la cabina de un avi\u00f3n, esta es tu oportunidad. En <strong data-start=\"625\" data-end=\"646\">ADF Flight School<\/strong>, con sede en <strong data-start=\"660\" data-end=\"685\">Miami, Estados Unidos<\/strong>, formamos a los pr\u00f3ximos pilotos comerciales del mundo.<\/p>\t\t\t\t\t\t\t\t<\/div>\n\t\t\t\t<\/div>\n\t\t\t\t\t<\/div>\n\t\t\t\t<\/div>\n\t\t\t\t<section class=\"elementor-section elementor-top-section elementor-element elementor-element-256f0f1 elementor-section-boxed elementor-section-height-default elementor-section-height-default\" data-id=\"256f0f1\" data-element_type=\"section\" data-e-type=\"section\">\n\t\t\t\t\t\t<div class=\"elementor-container elementor-column-gap-default\">\n\t\t\t\t\t<div class=\"elementor-column elementor-col-100 elementor-top-column elementor-element elementor-element-819b8c2 top column-style-top\" data-id=\"819b8c2\" data-element_type=\"column\" data-e-type=\"column\">\n\t\t\t<div class=\"elementor-widget-wrap elementor-element-populated\">\n\t\t\t\t\t\t<div class=\"elementor-element elementor-element-664ae18 elementor-widget elementor-widget-image\" data-id=\"664ae18\" data-element_type=\"widget\" data-e-type=\"widget\" data-widget_type=\"image.default\">\n\t\t\t\t<div class=\"elementor-widget-container\">\n\t\t\t\t\t\t\t\t\t\t\t\t\t\t\t<img fetchpriority=\"high\" decoding=\"async\" width=\"1680\" height=\"561\" src=\"https:\/\/adfairways.net\/wp-content\/uploads\/2025\/05\/Managua-1680x561-1.jpg\" class=\"attachment-full size-full wp-image-41341\" alt=\"\" srcset=\"https:\/\/adfairways.net\/wp-content\/uploads\/2025\/05\/Managua-1680x561-1.jpg 1680w, https:\/\/adfairways.net\/wp-content\/uploads\/2025\/05\/Managua-1680x561-1-1024x342.jpg 1024w, https:\/\/adfairways.net\/wp-content\/uploads\/2025\/05\/Managua-1680x561-1-768x256.jpg 768w, https:\/\/adfairways.net\/wp-content\/uploads\/2025\/05\/Managua-1680x561-1-1320x441.jpg 1320w\" sizes=\"(max-width: 1680px) 100vw, 1680px\" \/>\t\t\t\t\t\t\t\t\t\t\t\t\t\t\t<\/div>\n\t\t\t\t<\/div>\n\t\t\t\t<div class=\"elementor-element elementor-element-b7aa8a7 elementor-widget elementor-widget-text-editor\" data-id=\"b7aa8a7\" data-element_type=\"widget\" data-e-type=\"widget\" data-widget_type=\"text-editor.default\">\n\t\t\t\t<div class=\"elementor-widget-container\">\n\t\t\t\t\t\t\t\t\t<p style=\"text-align: center;\">\u00bfTe imaginas convertirte en <strong data-start=\"450\" data-end=\"470\">piloto comercial<\/strong> y despegar desde Miami hacia el mundo? \ud83c\udf0d<br data-start=\"512\" data-end=\"515\" \/>Con <strong data-start=\"519\" data-end=\"540\">ADF Flight School<\/strong>, la escuela l\u00edder en aviaci\u00f3n de Estados Unidos, es posible.<\/p>\t\t\t\t\t\t\t\t<\/div>\n\t\t\t\t<\/div>\n\t\t\t\t\t<\/div>\n\t\t<\/div>\n\t\t\t\t\t<\/div>\n\t\t<\/section>\n\t\t\t\t<section class=\"elementor-section elementor-top-section elementor-element elementor-element-e67ddd3 elementor-section-boxed elementor-section-height-default elementor-section-height-default\" data-id=\"e67ddd3\" data-element_type=\"section\" data-e-type=\"section\">\n\t\t\t\t\t\t<div class=\"elementor-container elementor-column-gap-default\">\n\t\t\t\t\t<div class=\"elementor-column elementor-col-50 elementor-top-column elementor-element elementor-element-f8523be top column-style-top\" data-id=\"f8523be\" data-element_type=\"column\" data-e-type=\"column\">\n\t\t\t<div class=\"elementor-widget-wrap elementor-element-populated\">\n\t\t\t\t\t\t<div class=\"elementor-element elementor-element-88ac9e1 elementor-widget elementor-widget-text-editor\" data-id=\"88ac9e1\" data-element_type=\"widget\" data-e-type=\"widget\" data-widget_type=\"text-editor.default\">\n\t\t\t\t<div class=\"elementor-widget-container\">\n\t\t\t\t\t\t\t\t\t<h3 class=\"\" data-start=\"603\" data-end=\"642\">\u2708\ufe0f \u00bfQu\u00e9 descubrir\u00e1s en esta charla?<\/h3><p class=\"\" data-start=\"644\" data-end=\"897\">\u2705 Asesor\u00eda completa para tu <strong data-start=\"736\" data-end=\"747\">visa\u00a0<\/strong><br data-start=\"772\" data-end=\"775\" \/>\u2705 <strong data-start=\"777\" data-end=\"799\">Alojamiento seguro<\/strong> y cercano a la academia<br data-start=\"823\" data-end=\"826\" \/>\u2705 Acompa\u00f1amiento total: desde tu llegada a EE.UU. hasta tu primer vuelo<\/p><h3 class=\"\" data-start=\"899\" data-end=\"940\">\ud83c\udf93 \u00bfPor qu\u00e9 elegir ADF Flight School?<\/h3><p class=\"\" data-start=\"942\" data-end=\"1125\">\ud83d\udeeb Entrenamiento con aviones de \u00faltima generaci\u00f3n<br data-start=\"991\" data-end=\"994\" \/>\ud83c\udf34 Estilo de vida en Miami: clima ideal y oportunidades \u00fanicas<br data-start=\"1056\" data-end=\"1059\" \/>\ud83c\udf0e Amplias salidas laborales como piloto comercial internacional<\/p>\t\t\t\t\t\t\t\t<\/div>\n\t\t\t\t<\/div>\n\t\t\t\t\t<\/div>\n\t\t<\/div>\n\t\t\t\t<div class=\"elementor-column elementor-col-50 elementor-top-column elementor-element elementor-element-87be209 top column-style-top\" data-id=\"87be209\" data-element_type=\"column\" data-e-type=\"column\">\n\t\t\t<div class=\"elementor-widget-wrap elementor-element-populated\">\n\t\t\t\t\t\t<div class=\"elementor-element elementor-element-83bc6d5 elementor-widget elementor-widget-text-editor\" data-id=\"83bc6d5\" data-element_type=\"widget\" data-e-type=\"widget\" data-widget_type=\"text-editor.default\">\n\t\t\t\t<div class=\"elementor-widget-container\">\n\t\t\t\t\t\t\t\t\t<h6><img decoding=\"async\" class=\"emoji lazyloaded\" role=\"img\" draggable=\"false\" src=\"https:\/\/s.w.org\/images\/core\/emoji\/15.0.3\/svg\/1f4c5.svg\" alt=\"\ud83d\udcc5\" data-src=\"https:\/\/s.w.org\/images\/core\/emoji\/15.0.3\/svg\/1f4c5.svg\" \/>\u00a0Detalles:<\/h6><ul><li><img decoding=\"async\" class=\"emoji\" role=\"img\" draggable=\"false\" src=\"https:\/\/s.w.org\/images\/core\/emoji\/15.0.3\/svg\/1f4c5.svg\" alt=\"\ud83d\udcc5\" \/>\u00a0Fecha: Jueves 22 de mayo<\/li><li><img decoding=\"async\" class=\"emoji\" role=\"img\" draggable=\"false\" src=\"https:\/\/s.w.org\/images\/core\/emoji\/15.0.3\/svg\/1f558.svg\" alt=\"\ud83d\udd58\" \/> Hora: 7:00 p.m. (hora local de Nicaragua)<\/li><li><img decoding=\"async\" class=\"emoji\" role=\"img\" draggable=\"false\" src=\"https:\/\/s.w.org\/images\/core\/emoji\/15.0.3\/svg\/1f4bb.svg\" alt=\"\ud83d\udcbb\" \/>\u00a0Modalidad:\u00a0Virtual (Zoom)<\/li><\/ul><h3 class=\"\" data-start=\"1127\" data-end=\"1158\">\ud83d\udccc \u00bfQui\u00e9nes pueden asistir?<\/h3><p class=\"\" data-start=\"1160\" data-end=\"1294\">\ud83d\udc69\u200d\u2708\ufe0f J\u00f3venes y adultos de Nicaragua que sue\u00f1en con una carrera en la aviaci\u00f3n<\/p><p class=\"\" data-start=\"1160\" data-end=\"1294\">\ud83d\udcf2 Totalmente gratis y desde la comodidad de tu hogar<\/p>\t\t\t\t\t\t\t\t<\/div>\n\t\t\t\t<\/div>\n\t\t\t\t<div class=\"elementor-element elementor-element-b6fee65 elementor-widget elementor-widget-heading\" data-id=\"b6fee65\" data-element_type=\"widget\" data-e-type=\"widget\" data-widget_type=\"heading.default\">\n\t\t\t\t<div class=\"elementor-widget-container\">\n\t\t\t\t\t<h2 class=\"elementor-heading-title elementor-size-default\">\ud83d\udcf2 Reg\u00edstrate Ahora:<\/h2>\t\t\t\t<\/div>\n\t\t\t\t<\/div>\n\t\t\t\t<div class=\"elementor-element elementor-element-8dbcc26 elementor-widget elementor-widget-html\" data-id=\"8dbcc26\" data-element_type=\"widget\" data-e-type=\"widget\" data-widget_type=\"html.default\">\n\t\t\t\t<div class=\"elementor-widget-container\">\n\t\t\t\t\t<script type=\"text\/javascript\" src=\"https:\/\/api.clientify.net\/web-marketing\/superforms\/script\/238635.js\"><\/script>\t\t\t\t<\/div>\n\t\t\t\t<\/div>\n\t\t\t\t\t<\/div>\n\t\t<\/div>\n\t\t\t\t\t<\/div>\n\t\t<\/section>\n\t\t\t\t<\/div>\n\t\t","protected":false},"excerpt":{"rendered":"<p>\u00bfQuieres ser piloto y trabajar en una aerol\u00ednea comercial? Desde Managua al cielo: da el primer paso hacia una carrera como piloto profesional Hay sue\u00f1os que no pueden quedarse en tierra.Si alguna vez miraste al cielo y te imaginaste en la cabina de un avi\u00f3n, esta es tu oportunidad. En ADF Flight School, con sede [&hellip;]<\/p>\n","protected":false},"author":1,"featured_media":41335,"parent":0,"menu_order":0,"comment_status":"closed","ping_status":"closed","template":"","meta":{"footnotes":""},"class_list":["post-41345","page","type-page","status-publish","has-post-thumbnail","hentry"],"jetpack-related-posts":[{"id":41355,"url":"https:\/\/adfairways.net\/es\/charla-piloto-comercial-republica-dominicana\/","url_meta":{"origin":41345,"position":0},"title":"Charla Virtual en Republica Dominicana: C\u00f3mo Ser Piloto Comercial","author":"adfschool","date":"mayo 6, 2025","format":false,"excerpt":"\u00bfTe gustaria ser piloto y trabajar en una aerol\u00ednea comercial? Con\u00a0ADF Flight School, la escuela l\u00edder en formaci\u00f3n aeron\u00e1utica en Estados Unidos, ese sue\u00f1o puede despegar desde Miami y llegar tan lejos como imagines.\u00a0 Desde Rep\u00fablica Dominicana al cielo: da el primer paso hacia una carrera como piloto profesional \u00bfSue\u00f1as\u2026","rel":"","context":"Entrada similar","block_context":{"text":"Entrada similar","link":""},"img":{"alt_text":"","src":"https:\/\/i0.wp.com\/adfairways.net\/wp-content\/uploads\/2025\/05\/Republica-Dominicana-1080x1080-1.jpg?resize=350%2C200&ssl=1","width":350,"height":200,"srcset":"https:\/\/i0.wp.com\/adfairways.net\/wp-content\/uploads\/2025\/05\/Republica-Dominicana-1080x1080-1.jpg?resize=350%2C200&ssl=1 1x, https:\/\/i0.wp.com\/adfairways.net\/wp-content\/uploads\/2025\/05\/Republica-Dominicana-1080x1080-1.jpg?resize=525%2C300&ssl=1 1.5x, https:\/\/i0.wp.com\/adfairways.net\/wp-content\/uploads\/2025\/05\/Republica-Dominicana-1080x1080-1.jpg?resize=700%2C400&ssl=1 2x, https:\/\/i0.wp.com\/adfairways.net\/wp-content\/uploads\/2025\/05\/Republica-Dominicana-1080x1080-1.jpg?resize=1050%2C600&ssl=1 3x"},"classes":[]},{"id":41483,"url":"https:\/\/adfairways.net\/es\/charla-piloto-comercial-san-jose\/","url_meta":{"origin":41345,"position":1},"title":"Charla virtual &#8211; San J\u00f3se &#8211; Costa Rica","author":"adfschool","date":"mayo 8, 2025","format":false,"excerpt":"\ud83c\udf93 C\u00f3mo ser piloto comercial en Miami \u2708\ufe0f \u00bfVives en San Jos\u00e9 y sue\u00f1as con ser piloto comercial en Estados Unidos? Adf Flight School te invita a una charla virtual gratuita donde te explicamos c\u00f3mo puedes estudiar en nuestra escuela de aviaci\u00f3n en Miami, Florida y convertirte en piloto profesional.\u2026","rel":"","context":"Entrada similar","block_context":{"text":"Entrada similar","link":""},"img":{"alt_text":"","src":"https:\/\/i0.wp.com\/adfairways.net\/wp-content\/uploads\/2025\/05\/San-Jose-1080x1080-1.jpg?resize=350%2C200&ssl=1","width":350,"height":200,"srcset":"https:\/\/i0.wp.com\/adfairways.net\/wp-content\/uploads\/2025\/05\/San-Jose-1080x1080-1.jpg?resize=350%2C200&ssl=1 1x, https:\/\/i0.wp.com\/adfairways.net\/wp-content\/uploads\/2025\/05\/San-Jose-1080x1080-1.jpg?resize=525%2C300&ssl=1 1.5x, https:\/\/i0.wp.com\/adfairways.net\/wp-content\/uploads\/2025\/05\/San-Jose-1080x1080-1.jpg?resize=700%2C400&ssl=1 2x, https:\/\/i0.wp.com\/adfairways.net\/wp-content\/uploads\/2025\/05\/San-Jose-1080x1080-1.jpg?resize=1050%2C600&ssl=1 3x"},"classes":[]},{"id":42962,"url":"https:\/\/adfairways.net\/es\/conviertete-en-piloto-comercial-charla-presencial-lima\/","url_meta":{"origin":41345,"position":2},"title":"Convi\u00e9rtete en Piloto Comercial &#8211; Charla Presencial Lima","author":"adfschool","date":"septiembre 11, 2025","format":false,"excerpt":"\u2708\ufe0f Charla Presencial en Lima \u2013 Convi\u00e9rtete en Piloto Comercial en EE. UU. \ud83c\udf0d \u00bfVives en Lima y sue\u00f1as con ser piloto comercial y trabajar en aerol\u00edneas internacionales? Esta es tu oportunidad de dar el primer paso hacia tu futuro profesional en la aviaci\u00f3n. ADF Flight School, escuela de aviaci\u00f3n\u2026","rel":"","context":"Entrada similar","block_context":{"text":"Entrada similar","link":""},"img":{"alt_text":"","src":"https:\/\/i0.wp.com\/adfairways.net\/wp-content\/uploads\/2025\/09\/Lima-1080x1080-2.jpg?resize=350%2C200&ssl=1","width":350,"height":200,"srcset":"https:\/\/i0.wp.com\/adfairways.net\/wp-content\/uploads\/2025\/09\/Lima-1080x1080-2.jpg?resize=350%2C200&ssl=1 1x, https:\/\/i0.wp.com\/adfairways.net\/wp-content\/uploads\/2025\/09\/Lima-1080x1080-2.jpg?resize=525%2C300&ssl=1 1.5x, https:\/\/i0.wp.com\/adfairways.net\/wp-content\/uploads\/2025\/09\/Lima-1080x1080-2.jpg?resize=700%2C400&ssl=1 2x, https:\/\/i0.wp.com\/adfairways.net\/wp-content\/uploads\/2025\/09\/Lima-1080x1080-2.jpg?resize=1050%2C600&ssl=1 3x"},"classes":[]},{"id":43067,"url":"https:\/\/adfairways.net\/es\/charla-presencial-bogota-conviertete-piloto-comercial\/","url_meta":{"origin":41345,"position":3},"title":"Charla Presencial en Bogot\u00e1 \u2013 Convi\u00e9rtete en Piloto Comercial","author":"adfschool","date":"octubre 2, 2025","format":false,"excerpt":"\ud83c\udf0d \u00bfSue\u00f1as con ser piloto comercial y trabajar en aerol\u00edneas internacionales? \ud83d\udeeb Convierte tu pasi\u00f3n en profesi\u00f3n: Inicia tu formaci\u00f3n como piloto comercial con nosotros. \ud83d\udccd Charla Presencial \u2013 Octubre 25 \u2013 11:00 a.m.Esta es tu oportunidad de dar el primer paso. ADF Flight School, escuela de aviaci\u00f3n ubicada en\u2026","rel":"","context":"Entrada similar","block_context":{"text":"Entrada similar","link":""},"img":{"alt_text":"","src":"https:\/\/i0.wp.com\/adfairways.net\/wp-content\/uploads\/2025\/10\/Bogota-1080x1080-1.jpg?resize=350%2C200&ssl=1","width":350,"height":200,"srcset":"https:\/\/i0.wp.com\/adfairways.net\/wp-content\/uploads\/2025\/10\/Bogota-1080x1080-1.jpg?resize=350%2C200&ssl=1 1x, https:\/\/i0.wp.com\/adfairways.net\/wp-content\/uploads\/2025\/10\/Bogota-1080x1080-1.jpg?resize=525%2C300&ssl=1 1.5x, https:\/\/i0.wp.com\/adfairways.net\/wp-content\/uploads\/2025\/10\/Bogota-1080x1080-1.jpg?resize=700%2C400&ssl=1 2x, https:\/\/i0.wp.com\/adfairways.net\/wp-content\/uploads\/2025\/10\/Bogota-1080x1080-1.jpg?resize=1050%2C600&ssl=1 3x"},"classes":[]},{"id":39125,"url":"https:\/\/adfairways.net\/es\/piloto-commercial-o-privado-pilot-peru-ecuador-bolivia\/","url_meta":{"origin":41345,"position":4},"title":"Piloto Commercial o Privado Pilot Per\u00fa Ecuador y Bolivia","author":"adfschool","date":"septiembre 23, 2024","format":false,"excerpt":"Private or Commercial Pilot License \u00bfQuieres ser piloto comercial? Si vives en Per\u00fa, Ecuador o Bolivia \u00a1Tu carrera en la aviaci\u00f3n comienza aqu\u00ed! Acomp\u00e1\u00f1anos el 24 de Octubre en Zoom y conoce c\u00f3mo obtener tu licencia de piloto comercial con ADF Flight SchoolEn ADF Flight School y estamos muy emocionados\u2026","rel":"","context":"Entrada similar","block_context":{"text":"Entrada similar","link":""},"img":{"alt_text":"","src":"https:\/\/i0.wp.com\/adfairways.net\/wp-content\/uploads\/2024\/09\/Peru-Bolivia-Ecuador-1080x1080-1.jpg?resize=350%2C200&ssl=1","width":350,"height":200,"srcset":"https:\/\/i0.wp.com\/adfairways.net\/wp-content\/uploads\/2024\/09\/Peru-Bolivia-Ecuador-1080x1080-1.jpg?resize=350%2C200&ssl=1 1x, https:\/\/i0.wp.com\/adfairways.net\/wp-content\/uploads\/2024\/09\/Peru-Bolivia-Ecuador-1080x1080-1.jpg?resize=525%2C300&ssl=1 1.5x, https:\/\/i0.wp.com\/adfairways.net\/wp-content\/uploads\/2024\/09\/Peru-Bolivia-Ecuador-1080x1080-1.jpg?resize=700%2C400&ssl=1 2x, https:\/\/i0.wp.com\/adfairways.net\/wp-content\/uploads\/2024\/09\/Peru-Bolivia-Ecuador-1080x1080-1.jpg?resize=1050%2C600&ssl=1 3x"},"classes":[]},{"id":42998,"url":"https:\/\/adfairways.net\/es\/charla-virtual-en-guatemala-conviertete-en-piloto-comercial\/","url_meta":{"origin":41345,"position":5},"title":"Charla Virtual en Guatemala Convi\u00e9rtete en Piloto Comercial","author":"adfschool","date":"septiembre 25, 2025","format":false,"excerpt":"\u2708\ufe0f Charla Virtual en Ciudad de Guatemala \u2013 Convi\u00e9rtete en Piloto Comercial en EE. UU \ud83c\udf0d \u00bfVives en Guatemala y sue\u00f1as con ser piloto comercial para trabajar en aerol\u00edneas internacionales? Esta es tu oportunidad de dar el primer paso hacia tu futuro profesional en la aviaci\u00f3n. ADF Flight School, una\u2026","rel":"","context":"Entrada similar","block_context":{"text":"Entrada similar","link":""},"img":{"alt_text":"","src":"https:\/\/i0.wp.com\/adfairways.net\/wp-content\/uploads\/2025\/09\/Guatemala-1080x1080-1.jpg?resize=350%2C200&ssl=1","width":350,"height":200,"srcset":"https:\/\/i0.wp.com\/adfairways.net\/wp-content\/uploads\/2025\/09\/Guatemala-1080x1080-1.jpg?resize=350%2C200&ssl=1 1x, https:\/\/i0.wp.com\/adfairways.net\/wp-content\/uploads\/2025\/09\/Guatemala-1080x1080-1.jpg?resize=525%2C300&ssl=1 1.5x, https:\/\/i0.wp.com\/adfairways.net\/wp-content\/uploads\/2025\/09\/Guatemala-1080x1080-1.jpg?resize=700%2C400&ssl=1 2x, https:\/\/i0.wp.com\/adfairways.net\/wp-content\/uploads\/2025\/09\/Guatemala-1080x1080-1.jpg?resize=1050%2C600&ssl=1 3x"},"classes":[]}],"jetpack_sharing_enabled":true,"_links":{"self":[{"href":"https:\/\/adfairways.net\/es\/wp-json\/wp\/v2\/pages\/41345","targetHints":{"allow":["GET"]}}],"collection":[{"href":"https:\/\/adfairways.net\/es\/wp-json\/wp\/v2\/pages"}],"about":[{"href":"https:\/\/adfairways.net\/es\/wp-json\/wp\/v2\/types\/page"}],"author":[{"embeddable":true,"href":"https:\/\/adfairways.net\/es\/wp-json\/wp\/v2\/users\/1"}],"replies":[{"embeddable":true,"href":"https:\/\/adfairways.net\/es\/wp-json\/wp\/v2\/comments?post=41345"}],"version-history":[{"count":22,"href":"https:\/\/adfairways.net\/es\/wp-json\/wp\/v2\/pages\/41345\/revisions"}],"predecessor-version":[{"id":41428,"href":"https:\/\/adfairways.net\/es\/wp-json\/wp\/v2\/pages\/41345\/revisions\/41428"}],"wp:featuredmedia":[{"embeddable":true,"href":"https:\/\/adfairways.net\/es\/wp-json\/wp\/v2\/media\/41335"}],"wp:attachment":[{"href":"https:\/\/adfairways.net\/es\/wp-json\/wp\/v2\/media?parent=41345"}],"curies":[{"name":"wp","href":"https:\/\/api.w.org\/{rel}","templated":true}]}}