{"id":41225,"date":"2025-04-14T16:12:50","date_gmt":"2025-04-14T21:12:50","guid":{"rendered":"https:\/\/adfairways.net\/?page_id=41225"},"modified":"2025-04-14T16:39:21","modified_gmt":"2025-04-14T21:39:21","slug":"charla-virtual-piloto-santiago-chile","status":"publish","type":"page","link":"https:\/\/adfairways.net\/es\/charla-virtual-piloto-santiago-chile\/","title":{"rendered":"\ud83d\udeeb \u00bfEst\u00e1s en Santiago de Chile y sue\u00f1as con ser piloto comercial?"},"content":{"rendered":"\t\t<div data-elementor-type=\"wp-post\" data-elementor-id=\"41225\" class=\"elementor elementor-41225\" data-elementor-post-type=\"page\">\n\t\t\t\t\t\t<section class=\"elementor-section elementor-top-section elementor-element elementor-element-e67ddd3 elementor-section-boxed elementor-section-height-default elementor-section-height-default\" data-id=\"e67ddd3\" data-element_type=\"section\" data-e-type=\"section\">\n\t\t\t\t\t\t<div class=\"elementor-container elementor-column-gap-default\">\n\t\t\t\t\t<div class=\"elementor-column elementor-col-100 elementor-top-column elementor-element elementor-element-f8523be top column-style-top\" data-id=\"f8523be\" data-element_type=\"column\" data-e-type=\"column\">\n\t\t\t<div class=\"elementor-widget-wrap elementor-element-populated\">\n\t\t\t\t\t\t<div class=\"elementor-element elementor-element-ee626b3 elementor-widget elementor-widget-heading\" data-id=\"ee626b3\" data-element_type=\"widget\" data-e-type=\"widget\" data-widget_type=\"heading.default\">\n\t\t\t\t<div class=\"elementor-widget-container\">\n\t\t\t\t\t<h2 class=\"elementor-heading-title elementor-size-default\">\ud83d\udee9\ufe0f ADF Flight School te invita a descubrir c\u00f3mo lograrlo desde una de las mejores escuelas de aviaci\u00f3n en Miami, Florida.<\/h2>\t\t\t\t<\/div>\n\t\t\t\t<\/div>\n\t\t\t\t<div class=\"elementor-element elementor-element-347ffc0 elementor-widget elementor-widget-text-editor\" data-id=\"347ffc0\" data-element_type=\"widget\" data-e-type=\"widget\" data-widget_type=\"text-editor.default\">\n\t\t\t\t<div class=\"elementor-widget-container\">\n\t\t\t\t\t\t\t\t\t<p data-pm-slice=\"1 1 []\"><img decoding=\"async\" class=\"emoji\" role=\"img\" draggable=\"false\" src=\"https:\/\/s.w.org\/images\/core\/emoji\/15.0.3\/svg\/2728.svg\" alt=\"\u2728\" \/> \u00a1Con\u00e9ctate a nuestra charla virtual y da tu primer paso para volar alto!<\/p><p data-pm-slice=\"1 1 []\">\u00bfQuieres estudiar aviaci\u00f3n en Estados Unidos y obtener tu licencia como <strong data-start=\"562\" data-end=\"586\"><a href=\"https:\/\/adfairways.net\/es\/piloto-privado\/\">piloto comercial <\/a>FAA<\/strong>?<br data-start=\"587\" data-end=\"590\" \/>Te esperamos en nuestra <strong data-start=\"614\" data-end=\"645\">charla informativa v\u00eda Zoom<\/strong>, completamente gratuita, donde te explicaremos c\u00f3mo hacerlo realidad.<\/p>\t\t\t\t\t\t\t\t<\/div>\n\t\t\t\t<\/div>\n\t\t\t\t\t<\/div>\n\t\t<\/div>\n\t\t\t\t\t<\/div>\n\t\t<\/section>\n\t\t\t\t<section class=\"elementor-section elementor-top-section elementor-element elementor-element-256f0f1 elementor-section-boxed elementor-section-height-default elementor-section-height-default\" data-id=\"256f0f1\" data-element_type=\"section\" data-e-type=\"section\">\n\t\t\t\t\t\t<div class=\"elementor-container elementor-column-gap-default\">\n\t\t\t\t\t<div class=\"elementor-column elementor-col-100 elementor-top-column elementor-element elementor-element-819b8c2 top column-style-top\" data-id=\"819b8c2\" data-element_type=\"column\" data-e-type=\"column\">\n\t\t\t<div class=\"elementor-widget-wrap elementor-element-populated\">\n\t\t\t\t\t\t<div class=\"elementor-element elementor-element-664ae18 elementor-widget elementor-widget-image\" data-id=\"664ae18\" data-element_type=\"widget\" data-e-type=\"widget\" data-widget_type=\"image.default\">\n\t\t\t\t<div class=\"elementor-widget-container\">\n\t\t\t\t\t\t\t\t\t\t\t\t\t\t\t<img fetchpriority=\"high\" decoding=\"async\" width=\"1680\" height=\"561\" src=\"https:\/\/adfairways.net\/wp-content\/uploads\/2025\/04\/Santiago-de-Chile-1680x561-1.jpg\" class=\"attachment-full size-full wp-image-41236\" alt=\"\" srcset=\"https:\/\/adfairways.net\/wp-content\/uploads\/2025\/04\/Santiago-de-Chile-1680x561-1.jpg 1680w, https:\/\/adfairways.net\/wp-content\/uploads\/2025\/04\/Santiago-de-Chile-1680x561-1-1024x342.jpg 1024w, https:\/\/adfairways.net\/wp-content\/uploads\/2025\/04\/Santiago-de-Chile-1680x561-1-768x256.jpg 768w, https:\/\/adfairways.net\/wp-content\/uploads\/2025\/04\/Santiago-de-Chile-1680x561-1-1320x441.jpg 1320w\" sizes=\"(max-width: 1680px) 100vw, 1680px\" \/>\t\t\t\t\t\t\t\t\t\t\t\t\t\t\t<\/div>\n\t\t\t\t<\/div>\n\t\t\t\t\t<\/div>\n\t\t<\/div>\n\t\t\t\t\t<\/div>\n\t\t<\/section>\n\t\t\t\t<section class=\"elementor-section elementor-top-section elementor-element elementor-element-eaffbe7 elementor-section-boxed elementor-section-height-default elementor-section-height-default\" data-id=\"eaffbe7\" data-element_type=\"section\" data-e-type=\"section\">\n\t\t\t\t\t\t<div class=\"elementor-container elementor-column-gap-default\">\n\t\t\t\t\t<div class=\"elementor-column elementor-col-50 elementor-top-column elementor-element elementor-element-a654b6f top column-style-top\" data-id=\"a654b6f\" data-element_type=\"column\" data-e-type=\"column\">\n\t\t\t<div class=\"elementor-widget-wrap elementor-element-populated\">\n\t\t\t\t\t\t<div class=\"elementor-element elementor-element-e90556a elementor-widget elementor-widget-heading\" data-id=\"e90556a\" data-element_type=\"widget\" data-e-type=\"widget\" data-widget_type=\"heading.default\">\n\t\t\t\t<div class=\"elementor-widget-container\">\n\t\t\t\t\t<h4 class=\"elementor-heading-title elementor-size-default\">\ud83d\ude80 \u00bfQu\u00e9 aprender\u00e1s en esta charla?<\/h4>\t\t\t\t<\/div>\n\t\t\t\t<\/div>\n\t\t\t\t<div class=\"elementor-element elementor-element-4bf9694 elementor-widget elementor-widget-text-editor\" data-id=\"4bf9694\" data-element_type=\"widget\" data-e-type=\"widget\" data-widget_type=\"text-editor.default\">\n\t\t\t\t<div class=\"elementor-widget-container\">\n\t\t\t\t\t\t\t\t\t<p data-pm-slice=\"1 1 []\">\u2705 C\u00f3mo estudiar aviaci\u00f3n en Miami siendo chileno<\/p><p class=\"\" data-start=\"999\" data-end=\"1035\">\u2705 Requisitos de ingreso a la escuela<\/p><p class=\"\" data-start=\"1038\" data-end=\"1070\">\u2705 Costos y duraci\u00f3n del programa<\/p><p class=\"\" data-start=\"1073\" data-end=\"1108\">\u2705 Oportunidades con la licencia FAA<\/p><p class=\"\" data-start=\"1111\" data-end=\"1145\">\u2705 Resolvemos todas tus dudas en vivo<\/p>\t\t\t\t\t\t\t\t<\/div>\n\t\t\t\t<\/div>\n\t\t\t\t\t<\/div>\n\t\t<\/div>\n\t\t\t\t<div class=\"elementor-column elementor-col-50 elementor-top-column elementor-element elementor-element-56142a9 top column-style-top\" data-id=\"56142a9\" data-element_type=\"column\" data-e-type=\"column\">\n\t\t\t<div class=\"elementor-widget-wrap elementor-element-populated\">\n\t\t\t\t\t\t<div class=\"elementor-element elementor-element-ef8fba0 elementor-widget elementor-widget-text-editor\" data-id=\"ef8fba0\" data-element_type=\"widget\" data-e-type=\"widget\" data-widget_type=\"text-editor.default\">\n\t\t\t\t<div class=\"elementor-widget-container\">\n\t\t\t\t\t\t\t\t\t<h2><img decoding=\"async\" class=\"emoji\" role=\"img\" draggable=\"false\" src=\"https:\/\/s.w.org\/images\/core\/emoji\/15.0.3\/svg\/1f4c5.svg\" alt=\"\ud83d\udcc5\" \/> Detalles:<\/h2><h5>\ud83d\udcc5 <strong data-start=\"720\" data-end=\"730\">Fecha:<\/strong> Jueves 15 de mayo<br data-start=\"751\" data-end=\"754\" \/>\ud83d\udd58 <strong data-start=\"757\" data-end=\"766\">Hora:<\/strong> 7:00 p.m. (hora local de Chile)<br data-start=\"798\" data-end=\"801\" \/>\ud83d\udcbb <strong data-start=\"804\" data-end=\"818\">Modalidad:<\/strong> Virtual (Zoom)<\/h5>\t\t\t\t\t\t\t\t<\/div>\n\t\t\t\t<\/div>\n\t\t\t\t<div class=\"elementor-element elementor-element-9882e89 elementor-widget elementor-widget-heading\" data-id=\"9882e89\" data-element_type=\"widget\" data-e-type=\"widget\" data-widget_type=\"heading.default\">\n\t\t\t\t<div class=\"elementor-widget-container\">\n\t\t\t\t\t<h2 class=\"elementor-heading-title elementor-size-default\">\ud83c\udf9f\ufe0fRegister now!<\/h2>\t\t\t\t<\/div>\n\t\t\t\t<\/div>\n\t\t\t\t<div class=\"elementor-element elementor-element-756d7ce elementor-widget elementor-widget-html\" data-id=\"756d7ce\" data-element_type=\"widget\" data-e-type=\"widget\" data-widget_type=\"html.default\">\n\t\t\t\t<div class=\"elementor-widget-container\">\n\t\t\t\t\t<script type=\"text\/javascript\" src=\"https:\/\/api.clientify.net\/web-marketing\/superforms\/script\/236046.js\"><\/script>\t\t\t\t<\/div>\n\t\t\t\t<\/div>\n\t\t\t\t\t<\/div>\n\t\t<\/div>\n\t\t\t\t\t<\/div>\n\t\t<\/section>\n\t\t\t\t<section class=\"elementor-section elementor-top-section elementor-element elementor-element-091e4ba elementor-section-boxed elementor-section-height-default elementor-section-height-default\" data-id=\"091e4ba\" data-element_type=\"section\" data-e-type=\"section\">\n\t\t\t\t\t\t<div class=\"elementor-container elementor-column-gap-default\">\n\t\t\t\t\t<div class=\"elementor-column elementor-col-100 elementor-top-column elementor-element elementor-element-1b45577 top column-style-top\" data-id=\"1b45577\" data-element_type=\"column\" data-e-type=\"column\">\n\t\t\t<div class=\"elementor-widget-wrap elementor-element-populated\">\n\t\t\t\t\t\t<div class=\"elementor-element elementor-element-97a3530 elementor-widget elementor-widget-text-editor\" data-id=\"97a3530\" data-element_type=\"widget\" data-e-type=\"widget\" data-widget_type=\"text-editor.default\">\n\t\t\t\t<div class=\"elementor-widget-container\">\n\t\t\t\t\t\t\t\t\t<p class=\"\" data-start=\"421\" data-end=\"575\">\u00a1No te lo pierdas! Este puede ser el inicio de tu carrera como <strong data-start=\"1213\" data-end=\"1247\"><a href=\"https:\/\/adfairways.net\/private-pilot\/\">piloto comercial internacional<\/a><\/strong>.<\/p><p class=\"\" data-start=\"221\" data-end=\"570\">En <strong data-start=\"224\" data-end=\"245\"><a href=\"https:\/\/adfairways.net\/es\/nosotros\/\">ADF Flight School<\/a><\/strong>, formamos a los pilotos del futuro con una formaci\u00f3n integral, de alta calidad y enfocada en la experiencia real de vuelo. Nuestra sede se encuentra en el <strong data-start=\"401\" data-end=\"428\">Miami Executive Airport<\/strong>, uno de los aeropuertos m\u00e1s importantes del sur de Florida, lo que nos permite ofrecer un entorno profesional, din\u00e1mico y 100% internacional.<\/p><p class=\"\" data-start=\"572\" data-end=\"742\">Contamos con instructores certificados, simuladores de \u00faltima tecnolog\u00eda y una flota moderna de aeronaves que garantizan una experiencia de aprendizaje segura y completa.<\/p>\t\t\t\t\t\t\t\t<\/div>\n\t\t\t\t<\/div>\n\t\t\t\t\t<\/div>\n\t\t<\/div>\n\t\t\t\t\t<\/div>\n\t\t<\/section>\n\t\t\t\t<\/div>\n\t\t","protected":false},"excerpt":{"rendered":"<p>\ud83d\udee9\ufe0f ADF Flight School te invita a descubrir c\u00f3mo lograrlo desde una de las mejores escuelas de aviaci\u00f3n en Miami, Florida. \u00a1Con\u00e9ctate a nuestra charla virtual y da tu primer paso para volar alto! \u00bfQuieres estudiar aviaci\u00f3n en Estados Unidos y obtener tu licencia como piloto comercial FAA?Te esperamos en nuestra charla informativa v\u00eda Zoom, [&hellip;]<\/p>\n","protected":false},"author":1,"featured_media":41226,"parent":0,"menu_order":0,"comment_status":"closed","ping_status":"closed","template":"","meta":{"footnotes":""},"class_list":["post-41225","page","type-page","status-publish","has-post-thumbnail","hentry"],"jetpack-related-posts":[{"id":39030,"url":"https:\/\/adfairways.net\/es\/piloto-comercial-faa-charla-virtual-sv-hn-ni-ve-miami\/","url_meta":{"origin":41225,"position":0},"title":"Piloto Comercial con Licencia FAA charla virtual sv-hn-ni-ve-miami","author":"adfschool","date":"septiembre 23, 2024","format":false,"excerpt":"\u00a1Convi\u00e9rtete en piloto comercial! Charla virtual El Salvador Honduras Nicaragua Venezuela Miami Estudia en la escuela de aviaci\u00f3n en Miami con ADF Flight School.\u00danete a nuestra reuni\u00f3n por Zoom el 17 de octubre.\u00a0\u00a1Te esperamos!Somos ADF Flight School Miami y estamos emocionados de que est\u00e9s interesado en iniciar tu carrera como\u2026","rel":"","context":"Entrada similar","block_context":{"text":"Entrada similar","link":""},"img":{"alt_text":"","src":"https:\/\/i0.wp.com\/adfairways.net\/wp-content\/uploads\/2024\/09\/NHVS-1080x1080-1.jpg?resize=350%2C200&ssl=1","width":350,"height":200,"srcset":"https:\/\/i0.wp.com\/adfairways.net\/wp-content\/uploads\/2024\/09\/NHVS-1080x1080-1.jpg?resize=350%2C200&ssl=1 1x, https:\/\/i0.wp.com\/adfairways.net\/wp-content\/uploads\/2024\/09\/NHVS-1080x1080-1.jpg?resize=525%2C300&ssl=1 1.5x, https:\/\/i0.wp.com\/adfairways.net\/wp-content\/uploads\/2024\/09\/NHVS-1080x1080-1.jpg?resize=700%2C400&ssl=1 2x, https:\/\/i0.wp.com\/adfairways.net\/wp-content\/uploads\/2024\/09\/NHVS-1080x1080-1.jpg?resize=1050%2C600&ssl=1 3x"},"classes":[]},{"id":41483,"url":"https:\/\/adfairways.net\/es\/charla-piloto-comercial-san-jose\/","url_meta":{"origin":41225,"position":1},"title":"Charla virtual &#8211; San J\u00f3se &#8211; Costa Rica","author":"adfschool","date":"mayo 8, 2025","format":false,"excerpt":"\ud83c\udf93 C\u00f3mo ser piloto comercial en Miami \u2708\ufe0f \u00bfVives en San Jos\u00e9 y sue\u00f1as con ser piloto comercial en Estados Unidos? Adf Flight School te invita a una charla virtual gratuita donde te explicamos c\u00f3mo puedes estudiar en nuestra escuela de aviaci\u00f3n en Miami, Florida y convertirte en piloto profesional.\u2026","rel":"","context":"Entrada similar","block_context":{"text":"Entrada similar","link":""},"img":{"alt_text":"","src":"https:\/\/i0.wp.com\/adfairways.net\/wp-content\/uploads\/2025\/05\/San-Jose-1080x1080-1.jpg?resize=350%2C200&ssl=1","width":350,"height":200,"srcset":"https:\/\/i0.wp.com\/adfairways.net\/wp-content\/uploads\/2025\/05\/San-Jose-1080x1080-1.jpg?resize=350%2C200&ssl=1 1x, https:\/\/i0.wp.com\/adfairways.net\/wp-content\/uploads\/2025\/05\/San-Jose-1080x1080-1.jpg?resize=525%2C300&ssl=1 1.5x, https:\/\/i0.wp.com\/adfairways.net\/wp-content\/uploads\/2025\/05\/San-Jose-1080x1080-1.jpg?resize=700%2C400&ssl=1 2x, https:\/\/i0.wp.com\/adfairways.net\/wp-content\/uploads\/2025\/05\/San-Jose-1080x1080-1.jpg?resize=1050%2C600&ssl=1 3x"},"classes":[]},{"id":41258,"url":"https:\/\/adfairways.net\/es\/charla-virtual-piloto-tegucigalpa-honduras-8-mayo-2025\/","url_meta":{"origin":41225,"position":2},"title":"Charla virtual &#8211; Tegucigalpa, Honduras","author":"adfschool","date":"abril 14, 2025","format":false,"excerpt":"\u2708\ufe0f \u00bfQuieres ser piloto comercial y estudiar en Miami? \u00a1ADF Flight School te ayuda a despegar tu carrera! Si vives en Tegucigalpa, Honduras y sue\u00f1as con una carrera en la aviaci\u00f3n comercial, ADF Flight School, escuela de aviaci\u00f3n en Miami certificada por la FAA, te invita a una charla virtual\u2026","rel":"","context":"Entrada similar","block_context":{"text":"Entrada similar","link":""},"img":{"alt_text":"","src":"https:\/\/i0.wp.com\/adfairways.net\/wp-content\/uploads\/2025\/04\/Tegucigalpa-1080x1080-1.jpg?resize=350%2C200&ssl=1","width":350,"height":200,"srcset":"https:\/\/i0.wp.com\/adfairways.net\/wp-content\/uploads\/2025\/04\/Tegucigalpa-1080x1080-1.jpg?resize=350%2C200&ssl=1 1x, https:\/\/i0.wp.com\/adfairways.net\/wp-content\/uploads\/2025\/04\/Tegucigalpa-1080x1080-1.jpg?resize=525%2C300&ssl=1 1.5x, https:\/\/i0.wp.com\/adfairways.net\/wp-content\/uploads\/2025\/04\/Tegucigalpa-1080x1080-1.jpg?resize=700%2C400&ssl=1 2x, https:\/\/i0.wp.com\/adfairways.net\/wp-content\/uploads\/2025\/04\/Tegucigalpa-1080x1080-1.jpg?resize=1050%2C600&ssl=1 3x"},"classes":[]},{"id":39125,"url":"https:\/\/adfairways.net\/es\/piloto-commercial-o-privado-pilot-peru-ecuador-bolivia\/","url_meta":{"origin":41225,"position":3},"title":"Piloto Commercial o Privado Pilot Per\u00fa Ecuador y Bolivia","author":"adfschool","date":"septiembre 23, 2024","format":false,"excerpt":"Private or Commercial Pilot License \u00bfQuieres ser piloto comercial? Si vives en Per\u00fa, Ecuador o Bolivia \u00a1Tu carrera en la aviaci\u00f3n comienza aqu\u00ed! Acomp\u00e1\u00f1anos el 24 de Octubre en Zoom y conoce c\u00f3mo obtener tu licencia de piloto comercial con ADF Flight SchoolEn ADF Flight School y estamos muy emocionados\u2026","rel":"","context":"Entrada similar","block_context":{"text":"Entrada similar","link":""},"img":{"alt_text":"","src":"https:\/\/i0.wp.com\/adfairways.net\/wp-content\/uploads\/2024\/09\/Peru-Bolivia-Ecuador-1080x1080-1.jpg?resize=350%2C200&ssl=1","width":350,"height":200,"srcset":"https:\/\/i0.wp.com\/adfairways.net\/wp-content\/uploads\/2024\/09\/Peru-Bolivia-Ecuador-1080x1080-1.jpg?resize=350%2C200&ssl=1 1x, https:\/\/i0.wp.com\/adfairways.net\/wp-content\/uploads\/2024\/09\/Peru-Bolivia-Ecuador-1080x1080-1.jpg?resize=525%2C300&ssl=1 1.5x, https:\/\/i0.wp.com\/adfairways.net\/wp-content\/uploads\/2024\/09\/Peru-Bolivia-Ecuador-1080x1080-1.jpg?resize=700%2C400&ssl=1 2x, https:\/\/i0.wp.com\/adfairways.net\/wp-content\/uploads\/2024\/09\/Peru-Bolivia-Ecuador-1080x1080-1.jpg?resize=1050%2C600&ssl=1 3x"},"classes":[]},{"id":40297,"url":"https:\/\/adfairways.net\/es\/guatemala-estudiar-aviacion-miami-piloto-comercial\/","url_meta":{"origin":41225,"position":4},"title":"\ud83c\udfc5\ud83c\uddec\ud83c\uddf9 \u00a1Convi\u00e9rtete en Piloto Comercial! \u2708\ufe0f Estudia Aviaci\u00f3n en Miami con ADF Flight School \ud83c\udf34\ud83d\udcbc","author":"adfschool","date":"marzo 17, 2025","format":false,"excerpt":"\ud83c\udf0d \u00bfVives en Guatemala y sue\u00f1as con ser piloto comercial? \u2708\ufe0f Descubre c\u00f3mo estudiar en Miami con ADF Flight School Si tu sue\u00f1o es convertirte en\u00a0piloto comercial\u00a0y obtener una licencia con\u00a0certificaci\u00f3n FAA\u00a0que te permita trabajar en aerol\u00edneas de todo el mundo, esta es tu oportunidad. ADF Flight School, una de\u2026","rel":"","context":"Entrada similar","block_context":{"text":"Entrada similar","link":""},"img":{"alt_text":"","src":"https:\/\/i0.wp.com\/adfairways.net\/wp-content\/uploads\/2025\/03\/Guatemala-1080x1080-1.jpg?resize=350%2C200&ssl=1","width":350,"height":200,"srcset":"https:\/\/i0.wp.com\/adfairways.net\/wp-content\/uploads\/2025\/03\/Guatemala-1080x1080-1.jpg?resize=350%2C200&ssl=1 1x, https:\/\/i0.wp.com\/adfairways.net\/wp-content\/uploads\/2025\/03\/Guatemala-1080x1080-1.jpg?resize=525%2C300&ssl=1 1.5x, https:\/\/i0.wp.com\/adfairways.net\/wp-content\/uploads\/2025\/03\/Guatemala-1080x1080-1.jpg?resize=700%2C400&ssl=1 2x, https:\/\/i0.wp.com\/adfairways.net\/wp-content\/uploads\/2025\/03\/Guatemala-1080x1080-1.jpg?resize=1050%2C600&ssl=1 3x"},"classes":[]},{"id":41087,"url":"https:\/\/adfairways.net\/es\/piloto-comercial-miami-mexico-panama-colombia\/","url_meta":{"origin":41225,"position":5},"title":"\u00bfQuieres ser piloto comercial y estudiar en Miami? Descubre ADF Airways","author":"adfschool","date":"abril 1, 2025","format":false,"excerpt":"\u00a1Tu sue\u00f1o de volar comienza aqu\u00ed!\u200b \u00a1ADF Flight School te trae una charla virtual exclusiva para guiarte en el proceso! \ud83c\udfa4\ud83d\ude80\u200b Si vives en M\u00e9xico, Panam\u00e1 o Colombia y sue\u00f1as con una carrera en la aviaci\u00f3n comercial, esta es tu oportunidad. ADF Airways, la escuela de aviaci\u00f3n en Miami con\u2026","rel":"","context":"Entrada similar","block_context":{"text":"Entrada similar","link":""},"img":{"alt_text":"","src":"https:\/\/i0.wp.com\/adfairways.net\/wp-content\/uploads\/2025\/04\/MCP-1080x1080-1.jpg?resize=350%2C200&ssl=1","width":350,"height":200,"srcset":"https:\/\/i0.wp.com\/adfairways.net\/wp-content\/uploads\/2025\/04\/MCP-1080x1080-1.jpg?resize=350%2C200&ssl=1 1x, https:\/\/i0.wp.com\/adfairways.net\/wp-content\/uploads\/2025\/04\/MCP-1080x1080-1.jpg?resize=525%2C300&ssl=1 1.5x, https:\/\/i0.wp.com\/adfairways.net\/wp-content\/uploads\/2025\/04\/MCP-1080x1080-1.jpg?resize=700%2C400&ssl=1 2x, https:\/\/i0.wp.com\/adfairways.net\/wp-content\/uploads\/2025\/04\/MCP-1080x1080-1.jpg?resize=1050%2C600&ssl=1 3x"},"classes":[]}],"jetpack_sharing_enabled":true,"_links":{"self":[{"href":"https:\/\/adfairways.net\/es\/wp-json\/wp\/v2\/pages\/41225","targetHints":{"allow":["GET"]}}],"collection":[{"href":"https:\/\/adfairways.net\/es\/wp-json\/wp\/v2\/pages"}],"about":[{"href":"https:\/\/adfairways.net\/es\/wp-json\/wp\/v2\/types\/page"}],"author":[{"embeddable":true,"href":"https:\/\/adfairways.net\/es\/wp-json\/wp\/v2\/users\/1"}],"replies":[{"embeddable":true,"href":"https:\/\/adfairways.net\/es\/wp-json\/wp\/v2\/comments?post=41225"}],"version-history":[{"count":7,"href":"https:\/\/adfairways.net\/es\/wp-json\/wp\/v2\/pages\/41225\/revisions"}],"predecessor-version":[{"id":41257,"href":"https:\/\/adfairways.net\/es\/wp-json\/wp\/v2\/pages\/41225\/revisions\/41257"}],"wp:featuredmedia":[{"embeddable":true,"href":"https:\/\/adfairways.net\/es\/wp-json\/wp\/v2\/media\/41226"}],"wp:attachment":[{"href":"https:\/\/adfairways.net\/es\/wp-json\/wp\/v2\/media?parent=41225"}],"curies":[{"name":"wp","href":"https:\/\/api.w.org\/{rel}","templated":true}]}}