{"id":40935,"date":"2025-03-18T16:09:32","date_gmt":"2025-03-18T21:09:32","guid":{"rendered":"https:\/\/adfairways.net\/?page_id=40935"},"modified":"2025-03-31T15:56:56","modified_gmt":"2025-03-31T20:56:56","slug":"charla-aviacion-miami-lima-2025","status":"publish","type":"page","link":"https:\/\/adfairways.net\/es\/charla-aviacion-miami-lima-2025\/","title":{"rendered":"Charla Presencial | Lima 12 Abril"},"content":{"rendered":"\t\t<div data-elementor-type=\"wp-post\" data-elementor-id=\"40935\" class=\"elementor elementor-40935\" data-elementor-post-type=\"page\">\n\t\t\t\t<div class=\"elementor-element elementor-element-f7312f9 e-flex e-con-boxed e-con e-parent\" data-id=\"f7312f9\" data-element_type=\"container\" data-e-type=\"container\">\n\t\t\t\t\t<div class=\"e-con-inner\">\n\t\t\t\t<div class=\"elementor-element elementor-element-0904a0e elementor-widget elementor-widget-heading\" data-id=\"0904a0e\" data-element_type=\"widget\" data-e-type=\"widget\" data-widget_type=\"heading.default\">\n\t\t\t\t<div class=\"elementor-widget-container\">\n\t\t\t\t\t<h2 class=\"elementor-heading-title elementor-size-default\"><img decoding=\"async\" role=\"img\" class=\"emoji\" alt=\"\ud83c\uddf5\ud83c\uddea\" src=\"https:\/\/s.w.org\/images\/core\/emoji\/15.0.3\/svg\/1f1f5-1f1ea.svg\"><img decoding=\"async\" role=\"img\" class=\"emoji\" alt=\"\u2708\ufe0f\" src=\"https:\/\/s.w.org\/images\/core\/emoji\/15.0.3\/svg\/2708.svg\"> \u00a1Vive tu Sue\u00f1o de Ser Piloto Comercial en Miami! <img decoding=\"async\" role=\"img\" class=\"emoji\" alt=\"\u2728\" src=\"https:\/\/s.w.org\/images\/core\/emoji\/15.0.3\/svg\/2728.svg\"> Charla Presencial en Lima | Cupos Limitados<\/h2>\t\t\t\t<\/div>\n\t\t\t\t<\/div>\n\t\t\t\t\t<\/div>\n\t\t\t\t<\/div>\n\t\t\t\t<section class=\"elementor-section elementor-top-section elementor-element elementor-element-256f0f1 elementor-section-boxed elementor-section-height-default elementor-section-height-default\" data-id=\"256f0f1\" data-element_type=\"section\" data-e-type=\"section\">\n\t\t\t\t\t\t<div class=\"elementor-container elementor-column-gap-default\">\n\t\t\t\t\t<div class=\"elementor-column elementor-col-100 elementor-top-column elementor-element elementor-element-819b8c2 top column-style-top\" data-id=\"819b8c2\" data-element_type=\"column\" data-e-type=\"column\">\n\t\t\t<div class=\"elementor-widget-wrap elementor-element-populated\">\n\t\t\t\t\t\t<div class=\"elementor-element elementor-element-347ffc0 elementor-widget elementor-widget-text-editor\" data-id=\"347ffc0\" data-element_type=\"widget\" data-e-type=\"widget\" data-widget_type=\"text-editor.default\">\n\t\t\t\t<div class=\"elementor-widget-container\">\n\t\t\t\t\t\t\t\t\t<p style=\"text-align: center;\"><strong>\u00bfImaginas despegar desde Miami hacia los cielos del mundo como piloto comercial? \ud83c\udf0e\ud83d\udeeb<\/strong><br \/>En\u00a0<strong>ADF Flight School<\/strong>, la escuela l\u00edder en aviaci\u00f3n de Estados Unidos, te guiamos para convertirte en un profesional de alto vuelo.\u00a0<strong>\u00a1Asiste a nuestra charla exclusiva en Lima y descubre c\u00f3mo lograrlo!<\/strong><\/p>\t\t\t\t\t\t\t\t<\/div>\n\t\t\t\t<\/div>\n\t\t\t\t<div class=\"elementor-element elementor-element-664ae18 elementor-widget elementor-widget-image\" data-id=\"664ae18\" data-element_type=\"widget\" data-e-type=\"widget\" data-widget_type=\"image.default\">\n\t\t\t\t<div class=\"elementor-widget-container\">\n\t\t\t\t\t\t\t\t\t\t\t\t\t\t\t<img fetchpriority=\"high\" decoding=\"async\" width=\"1680\" height=\"561\" src=\"https:\/\/adfairways.net\/wp-content\/uploads\/2025\/03\/Lima-1680x561-2.jpg\" class=\"attachment-full size-full wp-image-40952\" alt=\"\" srcset=\"https:\/\/adfairways.net\/wp-content\/uploads\/2025\/03\/Lima-1680x561-2.jpg 1680w, https:\/\/adfairways.net\/wp-content\/uploads\/2025\/03\/Lima-1680x561-2-1024x342.jpg 1024w, https:\/\/adfairways.net\/wp-content\/uploads\/2025\/03\/Lima-1680x561-2-768x256.jpg 768w, https:\/\/adfairways.net\/wp-content\/uploads\/2025\/03\/Lima-1680x561-2-1320x441.jpg 1320w\" sizes=\"(max-width: 1680px) 100vw, 1680px\" \/>\t\t\t\t\t\t\t\t\t\t\t\t\t\t\t<\/div>\n\t\t\t\t<\/div>\n\t\t\t\t\t<\/div>\n\t\t<\/div>\n\t\t\t\t\t<\/div>\n\t\t<\/section>\n\t\t\t\t<section class=\"elementor-section elementor-top-section elementor-element elementor-element-e67ddd3 elementor-section-boxed elementor-section-height-default elementor-section-height-default\" data-id=\"e67ddd3\" data-element_type=\"section\" data-e-type=\"section\">\n\t\t\t\t\t\t<div class=\"elementor-container elementor-column-gap-default\">\n\t\t\t\t\t<div class=\"elementor-column elementor-col-50 elementor-top-column elementor-element elementor-element-f8523be top column-style-top\" data-id=\"f8523be\" data-element_type=\"column\" data-e-type=\"column\">\n\t\t\t<div class=\"elementor-widget-wrap elementor-element-populated\">\n\t\t\t\t\t\t<div class=\"elementor-element elementor-element-88ac9e1 elementor-widget elementor-widget-text-editor\" data-id=\"88ac9e1\" data-element_type=\"widget\" data-e-type=\"widget\" data-widget_type=\"text-editor.default\">\n\t\t\t\t<div class=\"elementor-widget-container\">\n\t\t\t\t\t\t\t\t\t<p style=\"color: #808080; font-size: 18px; font-weight: 300;\"><span style=\"font-weight: bolder;\">Te contaremos:<\/span><\/p><ol style=\"color: #808080; font-size: 18px; font-weight: 300;\" start=\"1\"><li><img decoding=\"async\" class=\"emoji\" role=\"img\" draggable=\"false\" src=\"https:\/\/s.w.org\/images\/core\/emoji\/15.0.3\/svg\/2705.svg\" alt=\"\u2705\" \/>\u00a0Programa intensivo con licencia FAA (\u00a1Piloto Comercial en 12 meses!).<\/li><li><img decoding=\"async\" class=\"emoji\" role=\"img\" draggable=\"false\" src=\"https:\/\/s.w.org\/images\/core\/emoji\/15.0.3\/svg\/2705.svg\" alt=\"\u2705\" \/>\u00a0Asesor\u00eda especializada para tu visa M1 (te guiamos paso a paso).<\/li><li><img decoding=\"async\" class=\"emoji\" role=\"img\" draggable=\"false\" src=\"https:\/\/s.w.org\/images\/core\/emoji\/15.0.3\/svg\/2705.svg\" alt=\"\u2705\" \/>\u00a0Servicio de bienvenida y housing\u00a0<img decoding=\"async\" class=\"emoji\" role=\"img\" draggable=\"false\" src=\"https:\/\/s.w.org\/images\/core\/emoji\/15.0.3\/svg\/1f3e0.svg\" alt=\"\ud83c\udfe0\" \/>: Alojamiento seguro cerca de la academia.<\/li><li><img decoding=\"async\" class=\"emoji\" role=\"img\" draggable=\"false\" src=\"https:\/\/s.w.org\/images\/core\/emoji\/15.0.3\/svg\/2705.svg\" alt=\"\u2705\" \/>\u00a0Soporte 360\u00b0: Desde tu llegada hasta tu primer vuelo.<\/li><\/ol><h3><strong><img decoding=\"async\" class=\"emoji\" role=\"img\" draggable=\"false\" src=\"https:\/\/s.w.org\/images\/core\/emoji\/15.0.3\/svg\/1f31f.svg\" alt=\"\ud83c\udf1f\" \/><\/strong> \u00bfQu\u00e9 Descubrir\u00e1s en Esta Charla?<\/h3><ol start=\"1\"><li><p><strong><img decoding=\"async\" class=\"emoji\" role=\"img\" draggable=\"false\" src=\"https:\/\/s.w.org\/images\/core\/emoji\/15.0.3\/svg\/1f6e9.svg\" alt=\"\ud83d\udee9\ufe0f\" \/> Ventajas de Estudiar en Miami:<\/strong><\/p><ul><li><p><strong style=\"color: var( --e-global-color-2763d45 ); font-family: var( --e-global-typography-text-font-family ), Sans-serif; font-size: var( --e-global-typography-text-font-size );\">Vida en Miami<\/strong><span style=\"color: var( --e-global-color-2763d45 ); font-family: var( --e-global-typography-text-font-family ), Sans-serif; font-size: var( --e-global-typography-text-font-size ); font-weight: var( --e-global-typography-text-font-weight );\">: Clima perfecto, multiculturalidad y oportunidades \u00fanicas.<\/span><\/p><\/li><\/ul><\/li><li><p><strong><img decoding=\"async\" class=\"emoji\" role=\"img\" draggable=\"false\" src=\"https:\/\/s.w.org\/images\/core\/emoji\/15.0.3\/svg\/1f393.svg\" alt=\"\ud83c\udf93\" \/> Programas de ADF Flight School:<\/strong><\/p><ul><li><p>Entrenamiento pr\u00e1ctico en aviones de \u00faltima generaci\u00f3n.<\/p><\/li><\/ul><\/li><\/ol><p><strong>\u00a0<\/strong><\/p>\t\t\t\t\t\t\t\t<\/div>\n\t\t\t\t<\/div>\n\t\t\t\t\t<\/div>\n\t\t<\/div>\n\t\t\t\t<div class=\"elementor-column elementor-col-50 elementor-top-column elementor-element elementor-element-87be209 top column-style-top\" data-id=\"87be209\" data-element_type=\"column\" data-e-type=\"column\">\n\t\t\t<div class=\"elementor-widget-wrap elementor-element-populated\">\n\t\t\t\t\t\t<div class=\"elementor-element elementor-element-83bc6d5 elementor-widget elementor-widget-text-editor\" data-id=\"83bc6d5\" data-element_type=\"widget\" data-e-type=\"widget\" data-widget_type=\"text-editor.default\">\n\t\t\t\t<div class=\"elementor-widget-container\">\n\t\t\t\t\t\t\t\t\t<h3><strong><img decoding=\"async\" class=\"emoji\" role=\"img\" draggable=\"false\" src=\"https:\/\/s.w.org\/images\/core\/emoji\/15.0.3\/svg\/1f525.svg\" alt=\"\ud83d\udd25\" \/><\/strong>\u00bfPor Qu\u00e9 Debes Asistir?<\/h3><ul><li><p><strong><img decoding=\"async\" class=\"emoji\" role=\"img\" draggable=\"false\" src=\"https:\/\/s.w.org\/images\/core\/emoji\/15.0.3\/svg\/1f4bc.svg\" alt=\"\ud83d\udcbc\" \/> Oportunidad \u00danica<\/strong>: Charla\u00a0<strong>solo disponible en Lima este 2025<\/strong>.<\/p><\/li><\/ul><div><div><img decoding=\"async\" class=\"emoji\" role=\"img\" draggable=\"false\" src=\"https:\/\/s.w.org\/images\/core\/emoji\/15.0.3\/svg\/1f1f5-1f1ea.svg\" alt=\"\ud83c\uddf5\ud83c\uddea\" \/> \u00a1Es tu oportunidad de estudiar aviaci\u00f3n en EE.UU. con todo incluido!<\/div><div><img decoding=\"async\" class=\"emoji\" role=\"img\" draggable=\"false\" src=\"https:\/\/s.w.org\/images\/core\/emoji\/15.0.3\/svg\/1f449.svg\" alt=\"\ud83d\udc49\" \/> \u00a1Reserva tu cupo ahora!<\/div><\/div>\t\t\t\t\t\t\t\t<\/div>\n\t\t\t\t<\/div>\n\t\t\t\t<div class=\"elementor-element elementor-element-b6fee65 elementor-widget elementor-widget-heading\" data-id=\"b6fee65\" data-element_type=\"widget\" data-e-type=\"widget\" data-widget_type=\"heading.default\">\n\t\t\t\t<div class=\"elementor-widget-container\">\n\t\t\t\t\t<h2 class=\"elementor-heading-title elementor-size-default\">\ud83d\udcf2 Reg\u00edstrate Ahora:<\/h2>\t\t\t\t<\/div>\n\t\t\t\t<\/div>\n\t\t\t\t<div class=\"elementor-element elementor-element-8dbcc26 elementor-widget elementor-widget-html\" data-id=\"8dbcc26\" data-element_type=\"widget\" data-e-type=\"widget\" data-widget_type=\"html.default\">\n\t\t\t\t<div class=\"elementor-widget-container\">\n\t\t\t\t\t<script type=\"text\/javascript\" src=\"https:\/\/api.clientify.net\/web-marketing\/superforms\/script\/231624.js\"><\/script>\t\t\t\t<\/div>\n\t\t\t\t<\/div>\n\t\t\t\t<div class=\"elementor-element elementor-element-68bb751 elementor-widget elementor-widget-text-editor\" data-id=\"68bb751\" data-element_type=\"widget\" data-e-type=\"widget\" data-widget_type=\"text-editor.default\">\n\t\t\t\t<div class=\"elementor-widget-container\">\n\t\t\t\t\t\t\t\t\t<h3>\u00a0Detalles del Evento:<\/h3><p><strong><img decoding=\"async\" class=\"emoji\" role=\"img\" draggable=\"false\" src=\"https:\/\/s.w.org\/images\/core\/emoji\/15.0.3\/svg\/1f5d3.svg\" alt=\"\ud83d\uddd3\ufe0f\" \/> Fecha:<\/strong> Sabado 12 de abril de 2025<br \/><strong><img decoding=\"async\" class=\"emoji\" role=\"img\" draggable=\"false\" src=\"https:\/\/s.w.org\/images\/core\/emoji\/15.0.3\/svg\/23f0.svg\" alt=\"\u23f0\" \/> Hora:<\/strong>\u00a011:00 a. m. (hora Per\u00fa)<br \/><strong><img decoding=\"async\" class=\"emoji\" role=\"img\" draggable=\"false\" src=\"https:\/\/s.w.org\/images\/core\/emoji\/15.0.3\/svg\/1f4cd.svg\" alt=\"\ud83d\udccd\" \/> Lugar:<\/strong>\u00a0<i>\u00a0Lugar: Hotel Ibis Reducto Miraflores (Av. Reducto 1057)<\/i><\/p>\t\t\t\t\t\t\t\t<\/div>\n\t\t\t\t<\/div>\n\t\t\t\t<div class=\"elementor-element elementor-element-6f6d421 elementor-widget elementor-widget-text-editor\" data-id=\"6f6d421\" data-element_type=\"widget\" data-e-type=\"widget\" data-widget_type=\"text-editor.default\">\n\t\t\t\t<div class=\"elementor-widget-container\">\n\t\t\t\t\t\t\t\t\t<h3><strong>\u23f3 \u00a1Cupos limitados!<\/strong><\/h3><p><em>\u00bfPreguntas?<\/em> Escr\u00edbenos a WhatsApp: +51 954 808 438 \ud83d\udcac<\/p>\t\t\t\t\t\t\t\t<\/div>\n\t\t\t\t<\/div>\n\t\t\t\t\t<\/div>\n\t\t<\/div>\n\t\t\t\t\t<\/div>\n\t\t<\/section>\n\t\t<div class=\"elementor-element elementor-element-4fdc2f3 e-flex e-con-boxed e-con e-parent\" data-id=\"4fdc2f3\" data-element_type=\"container\" data-e-type=\"container\">\n\t\t\t\t\t<div class=\"e-con-inner\">\n\t\t<div class=\"elementor-element elementor-element-a0c190a e-con-full e-flex e-con e-child\" data-id=\"a0c190a\" data-element_type=\"container\" data-e-type=\"container\">\n\t\t\t\t<\/div>\n\t\t<div class=\"elementor-element elementor-element-1a5315a e-con-full e-flex e-con e-child\" data-id=\"1a5315a\" data-element_type=\"container\" data-e-type=\"container\">\n\t\t\t\t<div class=\"elementor-element elementor-element-32e1125 elementor-widget elementor-widget-video\" data-id=\"32e1125\" data-element_type=\"widget\" data-e-type=\"widget\" data-settings=\"{&quot;video_type&quot;:&quot;hosted&quot;,&quot;controls&quot;:&quot;yes&quot;}\" data-widget_type=\"video.default\">\n\t\t\t\t<div class=\"elementor-widget-container\">\n\t\t\t\t\t\t\t<div class=\"e-hosted-video elementor-wrapper elementor-open-inline\">\n\t\t\t\t\t<video class=\"elementor-video\" src=\"https:\/\/adfairways.net\/wp-content\/uploads\/2025\/03\/ADF-Lima.mov\" controls=\"\" preload=\"metadata\" controlsList=\"nodownload\"><\/video>\n\t\t\t\t<\/div>\n\t\t\t\t\t\t<\/div>\n\t\t\t\t<\/div>\n\t\t\t\t<\/div>\n\t\t<div class=\"elementor-element elementor-element-dd5d5df e-con-full e-flex e-con e-child\" data-id=\"dd5d5df\" data-element_type=\"container\" data-e-type=\"container\">\n\t\t\t\t<\/div>\n\t\t\t\t\t<\/div>\n\t\t\t\t<\/div>\n\t\t\t\t<\/div>\n\t\t","protected":false},"excerpt":{"rendered":"<p>\u00a1Vive tu Sue\u00f1o de Ser Piloto Comercial en Miami! Charla Presencial en Lima | Cupos Limitados \u00bfImaginas despegar desde Miami hacia los cielos del mundo como piloto comercial? \ud83c\udf0e\ud83d\udeebEn\u00a0ADF Flight School, la escuela l\u00edder en aviaci\u00f3n de Estados Unidos, te guiamos para convertirte en un profesional de alto vuelo.\u00a0\u00a1Asiste a nuestra charla exclusiva en Lima [&hellip;]<\/p>\n","protected":false},"author":1,"featured_media":40946,"parent":0,"menu_order":0,"comment_status":"closed","ping_status":"closed","template":"","meta":{"footnotes":""},"class_list":["post-40935","page","type-page","status-publish","has-post-thumbnail","hentry"],"jetpack-related-posts":[{"id":42962,"url":"https:\/\/adfairways.net\/es\/conviertete-en-piloto-comercial-charla-presencial-lima\/","url_meta":{"origin":40935,"position":0},"title":"Convi\u00e9rtete en Piloto Comercial &#8211; Charla Presencial Lima","author":"adfschool","date":"septiembre 11, 2025","format":false,"excerpt":"\u2708\ufe0f Charla Presencial en Lima \u2013 Convi\u00e9rtete en Piloto Comercial en EE. UU. \ud83c\udf0d \u00bfVives en Lima y sue\u00f1as con ser piloto comercial y trabajar en aerol\u00edneas internacionales? Esta es tu oportunidad de dar el primer paso hacia tu futuro profesional en la aviaci\u00f3n. ADF Flight School, escuela de aviaci\u00f3n\u2026","rel":"","context":"Entrada similar","block_context":{"text":"Entrada similar","link":""},"img":{"alt_text":"","src":"https:\/\/i0.wp.com\/adfairways.net\/wp-content\/uploads\/2025\/09\/Lima-1080x1080-2.jpg?resize=350%2C200&ssl=1","width":350,"height":200,"srcset":"https:\/\/i0.wp.com\/adfairways.net\/wp-content\/uploads\/2025\/09\/Lima-1080x1080-2.jpg?resize=350%2C200&ssl=1 1x, https:\/\/i0.wp.com\/adfairways.net\/wp-content\/uploads\/2025\/09\/Lima-1080x1080-2.jpg?resize=525%2C300&ssl=1 1.5x, https:\/\/i0.wp.com\/adfairways.net\/wp-content\/uploads\/2025\/09\/Lima-1080x1080-2.jpg?resize=700%2C400&ssl=1 2x, https:\/\/i0.wp.com\/adfairways.net\/wp-content\/uploads\/2025\/09\/Lima-1080x1080-2.jpg?resize=1050%2C600&ssl=1 3x"},"classes":[]},{"id":43693,"url":"https:\/\/adfairways.net\/es\/charla-presencial-lima-estudie-aviacion-miami\/","url_meta":{"origin":40935,"position":1},"title":"Charla Presencial en Lima 28 de Marzo | Estudie Aviaci\u00f3n en Miami","author":"adfschool","date":"febrero 26, 2026","format":false,"excerpt":"Tu Primer Paso para Convertirte en Piloto Profesional Charla presencial en Liama, Per\u00fa \u2014 28 de marzo, 10:30 a.m. Si vives en Lima y sue\u00f1as con convertirte en piloto profesional, esta es tu oportunidad.ADF Flight School, ubicada en Miami, Florida, US, te invita a una charla presencial gratuita donde conocer\u00e1s\u2026","rel":"","context":"Entrada similar","block_context":{"text":"Entrada similar","link":""},"img":{"alt_text":"","src":"https:\/\/i0.wp.com\/adfairways.net\/wp-content\/uploads\/2026\/02\/Lima-Peru-1080x1080-1.jpg?resize=350%2C200&ssl=1","width":350,"height":200,"srcset":"https:\/\/i0.wp.com\/adfairways.net\/wp-content\/uploads\/2026\/02\/Lima-Peru-1080x1080-1.jpg?resize=350%2C200&ssl=1 1x, https:\/\/i0.wp.com\/adfairways.net\/wp-content\/uploads\/2026\/02\/Lima-Peru-1080x1080-1.jpg?resize=525%2C300&ssl=1 1.5x, https:\/\/i0.wp.com\/adfairways.net\/wp-content\/uploads\/2026\/02\/Lima-Peru-1080x1080-1.jpg?resize=700%2C400&ssl=1 2x, https:\/\/i0.wp.com\/adfairways.net\/wp-content\/uploads\/2026\/02\/Lima-Peru-1080x1080-1.jpg?resize=1050%2C600&ssl=1 3x"},"classes":[]},{"id":42542,"url":"https:\/\/adfairways.net\/es\/piloto-comercial-lima-peru\/","url_meta":{"origin":40935,"position":2},"title":"Charla Virtual Piloto Comercial Lima, Per\u00fa","author":"adfschool","date":"julio 30, 2025","format":false,"excerpt":"\u00a1Haz despegar tu carrera como piloto desde Lima, Per\u00fa! \u2708\ufe0f Charla Virtual Exclusiva - ADF Flight School Te invitamos a dar el primer paso para hacer realidad ese sue\u00f1o. Si vives en Per\u00fa y est\u00e1s pensando en estudiar aviaci\u00f3n, no te pierdas esta charla virtual desde Lima: resolveremos todas tus\u2026","rel":"","context":"Entrada similar","block_context":{"text":"Entrada similar","link":""},"img":{"alt_text":"","src":"https:\/\/i0.wp.com\/adfairways.net\/wp-content\/uploads\/2025\/07\/Lima-1080x1080-1.jpg?resize=350%2C200&ssl=1","width":350,"height":200,"srcset":"https:\/\/i0.wp.com\/adfairways.net\/wp-content\/uploads\/2025\/07\/Lima-1080x1080-1.jpg?resize=350%2C200&ssl=1 1x, https:\/\/i0.wp.com\/adfairways.net\/wp-content\/uploads\/2025\/07\/Lima-1080x1080-1.jpg?resize=525%2C300&ssl=1 1.5x, https:\/\/i0.wp.com\/adfairways.net\/wp-content\/uploads\/2025\/07\/Lima-1080x1080-1.jpg?resize=700%2C400&ssl=1 2x, https:\/\/i0.wp.com\/adfairways.net\/wp-content\/uploads\/2025\/07\/Lima-1080x1080-1.jpg?resize=1050%2C600&ssl=1 3x"},"classes":[]},{"id":43067,"url":"https:\/\/adfairways.net\/es\/charla-presencial-bogota-conviertete-piloto-comercial\/","url_meta":{"origin":40935,"position":3},"title":"Charla Presencial en Bogot\u00e1 \u2013 Convi\u00e9rtete en Piloto Comercial","author":"adfschool","date":"octubre 2, 2025","format":false,"excerpt":"\ud83c\udf0d \u00bfSue\u00f1as con ser piloto comercial y trabajar en aerol\u00edneas internacionales? \ud83d\udeeb Convierte tu pasi\u00f3n en profesi\u00f3n: Inicia tu formaci\u00f3n como piloto comercial con nosotros. \ud83d\udccd Charla Presencial \u2013 Octubre 25 \u2013 11:00 a.m.Esta es tu oportunidad de dar el primer paso. ADF Flight School, escuela de aviaci\u00f3n ubicada en\u2026","rel":"","context":"Entrada similar","block_context":{"text":"Entrada similar","link":""},"img":{"alt_text":"","src":"https:\/\/i0.wp.com\/adfairways.net\/wp-content\/uploads\/2025\/10\/Bogota-1080x1080-1.jpg?resize=350%2C200&ssl=1","width":350,"height":200,"srcset":"https:\/\/i0.wp.com\/adfairways.net\/wp-content\/uploads\/2025\/10\/Bogota-1080x1080-1.jpg?resize=350%2C200&ssl=1 1x, https:\/\/i0.wp.com\/adfairways.net\/wp-content\/uploads\/2025\/10\/Bogota-1080x1080-1.jpg?resize=525%2C300&ssl=1 1.5x, https:\/\/i0.wp.com\/adfairways.net\/wp-content\/uploads\/2025\/10\/Bogota-1080x1080-1.jpg?resize=700%2C400&ssl=1 2x, https:\/\/i0.wp.com\/adfairways.net\/wp-content\/uploads\/2025\/10\/Bogota-1080x1080-1.jpg?resize=1050%2C600&ssl=1 3x"},"classes":[]},{"id":43665,"url":"https:\/\/adfairways.net\/es\/charla-presencial-en-cuenca\/","url_meta":{"origin":40935,"position":4},"title":"Charla presencial en Cuenca | Formaci\u00f3n de pilotos","author":"adfschool","date":"febrero 25, 2026","format":false,"excerpt":"\u00bfSue\u00f1as con ser piloto comercial y trabajar en aerol\u00edneas internacionales? Charla presencial en Cuenca, Ecuador \u2014 21 de marzo, 10:00 a.m. Charla presencial gratuita \u2014 \u00a1Cupo limitado!ADF Flight School invita a estudiantes y personas interesadas en la aviaci\u00f3n a una charla presencial en Cuenca, Azuay, Ecuador. En esta sesi\u00f3n conocer\u00e1\u2026","rel":"","context":"Entrada similar","block_context":{"text":"Entrada similar","link":""},"img":{"alt_text":"","src":"https:\/\/i0.wp.com\/adfairways.net\/wp-content\/uploads\/2026\/02\/Cuenca-Ecuador-1080x1080-1.jpg?resize=350%2C200&ssl=1","width":350,"height":200,"srcset":"https:\/\/i0.wp.com\/adfairways.net\/wp-content\/uploads\/2026\/02\/Cuenca-Ecuador-1080x1080-1.jpg?resize=350%2C200&ssl=1 1x, https:\/\/i0.wp.com\/adfairways.net\/wp-content\/uploads\/2026\/02\/Cuenca-Ecuador-1080x1080-1.jpg?resize=525%2C300&ssl=1 1.5x, https:\/\/i0.wp.com\/adfairways.net\/wp-content\/uploads\/2026\/02\/Cuenca-Ecuador-1080x1080-1.jpg?resize=700%2C400&ssl=1 2x, https:\/\/i0.wp.com\/adfairways.net\/wp-content\/uploads\/2026\/02\/Cuenca-Ecuador-1080x1080-1.jpg?resize=1050%2C600&ssl=1 3x"},"classes":[]},{"id":42653,"url":"https:\/\/adfairways.net\/es\/piloto-comercial-bucaramanga\/","url_meta":{"origin":40935,"position":5},"title":"Piloto Charla presencial Bucaramanga Colombia","author":"adfschool","date":"agosto 16, 2025","format":false,"excerpt":"\u2708\ufe0f \u00a1ATERRIZAMOS EN BUCARAMANGA! \ud83d\udeeb Convierte tu pasi\u00f3n en profesi\u00f3n: Inicia tu formaci\u00f3n como piloto comercial con nosotros. \ud83d\udccd Charla Presencial \u2013 Septiembre 13 \u2013 11:00 a.m.\u00bfSue\u00f1as con ser piloto comercial y volar en aerol\u00edneas internacionales? \ud83c\udf0dAhora tu oportunidad est\u00e1 m\u00e1s cerca que nunca. ADF Flight School, la escuela de\u2026","rel":"","context":"Entrada similar","block_context":{"text":"Entrada similar","link":""},"img":{"alt_text":"","src":"https:\/\/i0.wp.com\/adfairways.net\/wp-content\/uploads\/2025\/08\/Bucaramanga-1080x1080-1.jpg?resize=350%2C200&ssl=1","width":350,"height":200,"srcset":"https:\/\/i0.wp.com\/adfairways.net\/wp-content\/uploads\/2025\/08\/Bucaramanga-1080x1080-1.jpg?resize=350%2C200&ssl=1 1x, https:\/\/i0.wp.com\/adfairways.net\/wp-content\/uploads\/2025\/08\/Bucaramanga-1080x1080-1.jpg?resize=525%2C300&ssl=1 1.5x, https:\/\/i0.wp.com\/adfairways.net\/wp-content\/uploads\/2025\/08\/Bucaramanga-1080x1080-1.jpg?resize=700%2C400&ssl=1 2x, https:\/\/i0.wp.com\/adfairways.net\/wp-content\/uploads\/2025\/08\/Bucaramanga-1080x1080-1.jpg?resize=1050%2C600&ssl=1 3x"},"classes":[]}],"jetpack_sharing_enabled":true,"_links":{"self":[{"href":"https:\/\/adfairways.net\/es\/wp-json\/wp\/v2\/pages\/40935","targetHints":{"allow":["GET"]}}],"collection":[{"href":"https:\/\/adfairways.net\/es\/wp-json\/wp\/v2\/pages"}],"about":[{"href":"https:\/\/adfairways.net\/es\/wp-json\/wp\/v2\/types\/page"}],"author":[{"embeddable":true,"href":"https:\/\/adfairways.net\/es\/wp-json\/wp\/v2\/users\/1"}],"replies":[{"embeddable":true,"href":"https:\/\/adfairways.net\/es\/wp-json\/wp\/v2\/comments?post=40935"}],"version-history":[{"count":32,"href":"https:\/\/adfairways.net\/es\/wp-json\/wp\/v2\/pages\/40935\/revisions"}],"predecessor-version":[{"id":41178,"href":"https:\/\/adfairways.net\/es\/wp-json\/wp\/v2\/pages\/40935\/revisions\/41178"}],"wp:featuredmedia":[{"embeddable":true,"href":"https:\/\/adfairways.net\/es\/wp-json\/wp\/v2\/media\/40946"}],"wp:attachment":[{"href":"https:\/\/adfairways.net\/es\/wp-json\/wp\/v2\/media?parent=40935"}],"curies":[{"name":"wp","href":"https:\/\/api.w.org\/{rel}","templated":true}]}}