{"id":39431,"date":"2024-11-06T21:48:42","date_gmt":"2024-11-07T02:48:42","guid":{"rendered":"https:\/\/adfairways.net\/?page_id=39431"},"modified":"2024-11-06T22:24:36","modified_gmt":"2024-11-07T03:24:36","slug":"atencion-a-todos-los-futuros-pilotos-bogota-colombia","status":"publish","type":"page","link":"https:\/\/adfairways.net\/es\/atencion-a-todos-los-futuros-pilotos-bogota-colombia\/","title":{"rendered":"\ud83d\udee9\ufe0f \u00a1Atenci\u00f3n, futuros pilotos de Bogot\u00e1 Colombia! \ud83c\udde8\ud83c\uddf4\u2708\ufe0f \ud83c\udf1f"},"content":{"rendered":"\t\t<div data-elementor-type=\"wp-post\" data-elementor-id=\"39431\" class=\"elementor elementor-39431\" data-elementor-post-type=\"page\">\n\t\t\t\t\t\t<section class=\"elementor-section elementor-top-section elementor-element elementor-element-256f0f1 elementor-section-boxed elementor-section-height-default elementor-section-height-default\" data-id=\"256f0f1\" data-element_type=\"section\" data-e-type=\"section\">\n\t\t\t\t\t\t<div class=\"elementor-container elementor-column-gap-default\">\n\t\t\t\t\t<div class=\"elementor-column elementor-col-100 elementor-top-column elementor-element elementor-element-819b8c2 top column-style-top\" data-id=\"819b8c2\" data-element_type=\"column\" data-e-type=\"column\">\n\t\t\t<div class=\"elementor-widget-wrap elementor-element-populated\">\n\t\t\t\t\t\t<div class=\"elementor-element elementor-element-664ae18 elementor-widget elementor-widget-image\" data-id=\"664ae18\" data-element_type=\"widget\" data-e-type=\"widget\" data-widget_type=\"image.default\">\n\t\t\t\t<div class=\"elementor-widget-container\">\n\t\t\t\t\t\t\t\t\t\t\t\t\t\t\t<img fetchpriority=\"high\" decoding=\"async\" width=\"1680\" height=\"561\" src=\"https:\/\/adfairways.net\/wp-content\/uploads\/2024\/11\/Bogota-1680x561-1.jpg\" class=\"attachment-full size-full wp-image-39428\" alt=\"\" srcset=\"https:\/\/adfairways.net\/wp-content\/uploads\/2024\/11\/Bogota-1680x561-1.jpg 1680w, https:\/\/adfairways.net\/wp-content\/uploads\/2024\/11\/Bogota-1680x561-1-1024x342.jpg 1024w, https:\/\/adfairways.net\/wp-content\/uploads\/2024\/11\/Bogota-1680x561-1-768x256.jpg 768w, https:\/\/adfairways.net\/wp-content\/uploads\/2024\/11\/Bogota-1680x561-1-1320x441.jpg 1320w\" sizes=\"(max-width: 1680px) 100vw, 1680px\" \/>\t\t\t\t\t\t\t\t\t\t\t\t\t\t\t<\/div>\n\t\t\t\t<\/div>\n\t\t\t\t\t<\/div>\n\t\t<\/div>\n\t\t\t\t\t<\/div>\n\t\t<\/section>\n\t\t\t\t<section class=\"elementor-section elementor-top-section elementor-element elementor-element-e67ddd3 elementor-section-boxed elementor-section-height-default elementor-section-height-default\" data-id=\"e67ddd3\" data-element_type=\"section\" data-e-type=\"section\">\n\t\t\t\t\t\t<div class=\"elementor-container elementor-column-gap-default\">\n\t\t\t\t\t<div class=\"elementor-column elementor-col-100 elementor-top-column elementor-element elementor-element-f8523be top column-style-top\" data-id=\"f8523be\" data-element_type=\"column\" data-e-type=\"column\">\n\t\t\t<div class=\"elementor-widget-wrap elementor-element-populated\">\n\t\t\t\t\t\t<div class=\"elementor-element elementor-element-347ffc0 elementor-widget elementor-widget-text-editor\" data-id=\"347ffc0\" data-element_type=\"widget\" data-e-type=\"widget\" data-widget_type=\"text-editor.default\">\n\t\t\t\t<div class=\"elementor-widget-container\">\n\t\t\t\t\t\t\t\t\t<h3 style=\"text-align: center;\">\u00bfTienes el sue\u00f1o de convertirte en piloto comercial y surcar los cielos?<\/h3><p style=\"text-align: center;\"><img decoding=\"async\" class=\"emoji\" role=\"img\" draggable=\"false\" src=\"https:\/\/s.w.org\/images\/core\/emoji\/15.0.3\/svg\/2708.svg\" alt=\"\u2708\ufe0f\" \/> <strong>ADF Flight School<\/strong> te invita a una <strong>charla presencial en Bogot\u00e1<\/strong> para conocer c\u00f3mo puedes alcanzar este objetivo.<\/p>\t\t\t\t\t\t\t\t<\/div>\n\t\t\t\t<\/div>\n\t\t\t\t\t<\/div>\n\t\t<\/div>\n\t\t\t\t\t<\/div>\n\t\t<\/section>\n\t\t\t\t<section class=\"elementor-section elementor-top-section elementor-element elementor-element-eaffbe7 elementor-section-boxed elementor-section-height-default elementor-section-height-default\" data-id=\"eaffbe7\" data-element_type=\"section\" data-e-type=\"section\">\n\t\t\t\t\t\t<div class=\"elementor-container elementor-column-gap-default\">\n\t\t\t\t\t<div class=\"elementor-column elementor-col-50 elementor-top-column elementor-element elementor-element-a654b6f top column-style-top\" data-id=\"a654b6f\" data-element_type=\"column\" data-e-type=\"column\">\n\t\t\t<div class=\"elementor-widget-wrap elementor-element-populated\">\n\t\t\t\t\t\t<div class=\"elementor-element elementor-element-bfa9f3e elementor-widget elementor-widget-text-editor\" data-id=\"bfa9f3e\" data-element_type=\"widget\" data-e-type=\"widget\" data-widget_type=\"text-editor.default\">\n\t\t\t\t<div class=\"elementor-widget-container\">\n\t\t\t\t\t\t\t\t\t<p>En esta charla exclusiva, descubrir\u00e1s lo que se necesita para estudiar en una de las mejores <strong>escuelas de aviaci\u00f3n en Miami<\/strong> y convertirte en piloto profesional con certificaci\u00f3n de la <strong>FAA (Administraci\u00f3n Federal de Aviaci\u00f3n de Estados Unidos)<\/strong> \ud83c\udfc5.<\/p><h3>\ud83c\udf1f \u00bfQu\u00e9 encontrar\u00e1s en este evento?<\/h3><ul><li><p><strong>\ud83d\udcda Informaci\u00f3n detallada sobre nuestros programas de formaci\u00f3n de pilotos<\/strong> en ADF Flight School, desde cursos b\u00e1sicos hasta la licencia de piloto comercial con certificaci\u00f3n FAA, reconocida a nivel mundial.<\/p><\/li><li><p><strong>\ud83c\udf0d Beneficios de estudiar en Estados Unidos<\/strong>: Te explicaremos por qu\u00e9 Miami es el lugar ideal para formarte y c\u00f3mo este paso puede abrirte puertas en aerol\u00edneas de todo el mundo.<\/p><\/li><li><p><strong>\ud83e\udded Gu\u00eda paso a paso para ser piloto<\/strong>: Resolveremos todas tus preguntas sobre el proceso de inscripci\u00f3n, los requisitos y las oportunidades laborales en la industria de la aviaci\u00f3n.<\/p><\/li><li><p><strong>\ud83d\udc68\u200d\ud83c\udfeb Interacci\u00f3n directa con expertos<\/strong>: Conoce a nuestros instructores y aprende de su experiencia en la formaci\u00f3n de pilotos de alto nivel.<\/p><\/li><\/ul><p>\u00a0<\/p><p>\u00a0<\/p>\t\t\t\t\t\t\t\t<\/div>\n\t\t\t\t<\/div>\n\t\t\t\t\t<\/div>\n\t\t<\/div>\n\t\t\t\t<div class=\"elementor-column elementor-col-50 elementor-top-column elementor-element elementor-element-56142a9 top column-style-top\" data-id=\"56142a9\" data-element_type=\"column\" data-e-type=\"column\">\n\t\t\t<div class=\"elementor-widget-wrap elementor-element-populated\">\n\t\t\t\t\t\t<div class=\"elementor-element elementor-element-ef8fba0 elementor-widget elementor-widget-text-editor\" data-id=\"ef8fba0\" data-element_type=\"widget\" data-e-type=\"widget\" data-widget_type=\"text-editor.default\">\n\t\t\t\t<div class=\"elementor-widget-container\">\n\t\t\t\t\t\t\t\t\t<div><h3>\ud83c\udf9f\ufe0f \u00a1No te lo pierdas!<\/h3><p><strong>\ud83d\uddd3\ufe0f Fecha y hora<\/strong>: Noviembre 30, 11:00 a.m.<\/p><p><strong>\u26a0\ufe0f Cupos limitados<\/strong>: La entrada es gratuita, pero el espacio es limitado. \u00a1Asegura tu lugar y da el primer paso hacia una carrera que te llevar\u00e1 a lo m\u00e1s alto! \ud83d\ude80<\/p><\/div>\t\t\t\t\t\t\t\t<\/div>\n\t\t\t\t<\/div>\n\t\t\t\t<div class=\"elementor-element elementor-element-e90556a elementor-widget elementor-widget-heading\" data-id=\"e90556a\" data-element_type=\"widget\" data-e-type=\"widget\" data-widget_type=\"heading.default\">\n\t\t\t\t<div class=\"elementor-widget-container\">\n\t\t\t\t\t<h2 class=\"elementor-heading-title elementor-size-default\">\u00a1Inscr\u00edbete ya!<\/h2>\t\t\t\t<\/div>\n\t\t\t\t<\/div>\n\t\t\t\t<div class=\"elementor-element elementor-element-756d7ce elementor-widget elementor-widget-html\" data-id=\"756d7ce\" data-element_type=\"widget\" data-e-type=\"widget\" data-widget_type=\"html.default\">\n\t\t\t\t<div class=\"elementor-widget-container\">\n\t\t\t\t\t<script type=\"text\/javascript\" src=\"https:\/\/api.clientify.net\/web-marketing\/superforms\/script\/213950.js\"><\/script>\t\t\t\t<\/div>\n\t\t\t\t<\/div>\n\t\t\t\t\t<\/div>\n\t\t<\/div>\n\t\t\t\t\t<\/div>\n\t\t<\/section>\n\t\t\t\t<section class=\"elementor-section elementor-top-section elementor-element elementor-element-698a4b1 elementor-section-boxed elementor-section-height-default elementor-section-height-default\" data-id=\"698a4b1\" data-element_type=\"section\" data-e-type=\"section\">\n\t\t\t\t\t\t<div class=\"elementor-container elementor-column-gap-default\">\n\t\t\t\t\t<div class=\"elementor-column elementor-col-100 elementor-top-column elementor-element elementor-element-0102f80 top column-style-top\" data-id=\"0102f80\" data-element_type=\"column\" data-e-type=\"column\">\n\t\t\t<div class=\"elementor-widget-wrap elementor-element-populated\">\n\t\t\t\t\t\t<div class=\"elementor-element elementor-element-10171ef elementor-widget elementor-widget-text-editor\" data-id=\"10171ef\" data-element_type=\"widget\" data-e-type=\"widget\" data-widget_type=\"text-editor.default\">\n\t\t\t\t<div class=\"elementor-widget-container\">\n\t\t\t\t\t\t\t\t\t<p>\u00a1No dejes pasar esta oportunidad \u00fanica de estudiar en una de las mejores <b>escuelas de aviaci\u00f3n en Miami, Florida,<\/b> y despegar hacia un futuro brillante como<b> <\/b>piloto comercial! <img decoding=\"async\" class=\"emoji alignleft\" role=\"img\" draggable=\"false\" src=\"https:\/\/s.w.org\/images\/core\/emoji\/15.0.3\/svg\/2708.svg\" alt=\"\u2708\ufe0f\" \/><img decoding=\"async\" class=\"emoji alignleft\" role=\"img\" draggable=\"false\" src=\"https:\/\/s.w.org\/images\/core\/emoji\/15.0.3\/svg\/1f320.svg\" alt=\"\ud83c\udf20\" \/><\/p><p style=\"text-align: center;\"><em><b>\u00a1Te esperamos!<\/b><\/em><\/p>\t\t\t\t\t\t\t\t<\/div>\n\t\t\t\t<\/div>\n\t\t\t\t\t<\/div>\n\t\t<\/div>\n\t\t\t\t\t<\/div>\n\t\t<\/section>\n\t\t\t\t<\/div>\n\t\t","protected":false},"excerpt":{"rendered":"<p>\u00bfTienes el sue\u00f1o de convertirte en piloto comercial y surcar los cielos? ADF Flight School te invita a una charla presencial en Bogot\u00e1 para conocer c\u00f3mo puedes alcanzar este objetivo. En esta charla exclusiva, descubrir\u00e1s lo que se necesita para estudiar en una de las mejores escuelas de aviaci\u00f3n en Miami y convertirte en piloto [&hellip;]<\/p>\n","protected":false},"author":1,"featured_media":39282,"parent":0,"menu_order":0,"comment_status":"closed","ping_status":"closed","template":"","meta":{"footnotes":""},"class_list":["post-39431","page","type-page","status-publish","has-post-thumbnail","hentry"],"jetpack-related-posts":[{"id":43067,"url":"https:\/\/adfairways.net\/es\/charla-presencial-bogota-conviertete-piloto-comercial\/","url_meta":{"origin":39431,"position":0},"title":"Charla Presencial en Bogot\u00e1 \u2013 Convi\u00e9rtete en Piloto Comercial","author":"adfschool","date":"octubre 2, 2025","format":false,"excerpt":"\ud83c\udf0d \u00bfSue\u00f1as con ser piloto comercial y trabajar en aerol\u00edneas internacionales? \ud83d\udeeb Convierte tu pasi\u00f3n en profesi\u00f3n: Inicia tu formaci\u00f3n como piloto comercial con nosotros. \ud83d\udccd Charla Presencial \u2013 Octubre 25 \u2013 11:00 a.m.Esta es tu oportunidad de dar el primer paso. ADF Flight School, escuela de aviaci\u00f3n ubicada en\u2026","rel":"","context":"Entrada similar","block_context":{"text":"Entrada similar","link":""},"img":{"alt_text":"","src":"https:\/\/i0.wp.com\/adfairways.net\/wp-content\/uploads\/2025\/10\/Bogota-1080x1080-1.jpg?resize=350%2C200&ssl=1","width":350,"height":200,"srcset":"https:\/\/i0.wp.com\/adfairways.net\/wp-content\/uploads\/2025\/10\/Bogota-1080x1080-1.jpg?resize=350%2C200&ssl=1 1x, https:\/\/i0.wp.com\/adfairways.net\/wp-content\/uploads\/2025\/10\/Bogota-1080x1080-1.jpg?resize=525%2C300&ssl=1 1.5x, https:\/\/i0.wp.com\/adfairways.net\/wp-content\/uploads\/2025\/10\/Bogota-1080x1080-1.jpg?resize=700%2C400&ssl=1 2x, https:\/\/i0.wp.com\/adfairways.net\/wp-content\/uploads\/2025\/10\/Bogota-1080x1080-1.jpg?resize=1050%2C600&ssl=1 3x"},"classes":[]},{"id":42838,"url":"https:\/\/adfairways.net\/es\/charla-virtual-buenos-aires\/","url_meta":{"origin":39431,"position":1},"title":"Charla Virtual en Buenos Aires","author":"adfschool","date":"septiembre 5, 2025","format":false,"excerpt":"\ud83c\udf0d \u00bfVives en Buenos Aires y sue\u00f1as con convertirte en piloto comercial y trabajar en aerol\u00edneas de todo el mundo?Esta es tu oportunidad. ADF Flight School, escuela de aviaci\u00f3n con m\u00e1s de 40 a\u00f1os de experiencia en Miami, Florida (EE. UU.), te invita a una charla virtual gratuita donde descubrir\u00e1s\u2026","rel":"","context":"Entrada similar","block_context":{"text":"Entrada similar","link":""},"img":{"alt_text":"","src":"https:\/\/i0.wp.com\/adfairways.net\/wp-content\/uploads\/2025\/09\/Buenos-Aires-1080x1080-1.jpg?resize=350%2C200&ssl=1","width":350,"height":200,"srcset":"https:\/\/i0.wp.com\/adfairways.net\/wp-content\/uploads\/2025\/09\/Buenos-Aires-1080x1080-1.jpg?resize=350%2C200&ssl=1 1x, https:\/\/i0.wp.com\/adfairways.net\/wp-content\/uploads\/2025\/09\/Buenos-Aires-1080x1080-1.jpg?resize=525%2C300&ssl=1 1.5x, https:\/\/i0.wp.com\/adfairways.net\/wp-content\/uploads\/2025\/09\/Buenos-Aires-1080x1080-1.jpg?resize=700%2C400&ssl=1 2x, https:\/\/i0.wp.com\/adfairways.net\/wp-content\/uploads\/2025\/09\/Buenos-Aires-1080x1080-1.jpg?resize=1050%2C600&ssl=1 3x"},"classes":[]},{"id":43693,"url":"https:\/\/adfairways.net\/es\/charla-presencial-lima-estudie-aviacion-miami\/","url_meta":{"origin":39431,"position":2},"title":"Charla Presencial en Lima 28 de Marzo | Estudie Aviaci\u00f3n en Miami","author":"adfschool","date":"febrero 26, 2026","format":false,"excerpt":"Tu Primer Paso para Convertirte en Piloto Profesional Charla presencial en Liama, Per\u00fa \u2014 28 de marzo, 10:30 a.m. Si vives en Lima y sue\u00f1as con convertirte en piloto profesional, esta es tu oportunidad.ADF Flight School, ubicada en Miami, Florida, US, te invita a una charla presencial gratuita donde conocer\u00e1s\u2026","rel":"","context":"Entrada similar","block_context":{"text":"Entrada similar","link":""},"img":{"alt_text":"","src":"https:\/\/i0.wp.com\/adfairways.net\/wp-content\/uploads\/2026\/02\/Lima-Peru-1080x1080-1.jpg?resize=350%2C200&ssl=1","width":350,"height":200,"srcset":"https:\/\/i0.wp.com\/adfairways.net\/wp-content\/uploads\/2026\/02\/Lima-Peru-1080x1080-1.jpg?resize=350%2C200&ssl=1 1x, https:\/\/i0.wp.com\/adfairways.net\/wp-content\/uploads\/2026\/02\/Lima-Peru-1080x1080-1.jpg?resize=525%2C300&ssl=1 1.5x, https:\/\/i0.wp.com\/adfairways.net\/wp-content\/uploads\/2026\/02\/Lima-Peru-1080x1080-1.jpg?resize=700%2C400&ssl=1 2x, https:\/\/i0.wp.com\/adfairways.net\/wp-content\/uploads\/2026\/02\/Lima-Peru-1080x1080-1.jpg?resize=1050%2C600&ssl=1 3x"},"classes":[]},{"id":43123,"url":"https:\/\/adfairways.net\/es\/guayaquil-conviertete-en-piloto-comercial\/","url_meta":{"origin":39431,"position":3},"title":"Charla Presencial en Guayaquil \u2013 Convi\u00e9rtete en Piloto Comercial","author":"adfschool","date":"octubre 22, 2025","format":false,"excerpt":"\ud83c\udf0d\u2708\ufe0f Aterrizamos en Guayaquil, Ecuador Tu primer paso para alcanzar el sue\u00f1o de volar! \ud83d\udccd Charla Presencial \u2013 Noviembre 15 \u2013 10:00 a.m.ADF Flight School, con m\u00e1s de 40 a\u00f1os de experiencia formando pilotos comerciales en todo el mundo, llega a Guayaquil para una charla presencial exclusiva donde conocer\u00e1s todo\u2026","rel":"","context":"Entrada similar","block_context":{"text":"Entrada similar","link":""},"img":{"alt_text":"","src":"https:\/\/i0.wp.com\/adfairways.net\/wp-content\/uploads\/2025\/10\/Guayaquil-Ecuador-1080x1080-1.jpg?resize=350%2C200&ssl=1","width":350,"height":200,"srcset":"https:\/\/i0.wp.com\/adfairways.net\/wp-content\/uploads\/2025\/10\/Guayaquil-Ecuador-1080x1080-1.jpg?resize=350%2C200&ssl=1 1x, https:\/\/i0.wp.com\/adfairways.net\/wp-content\/uploads\/2025\/10\/Guayaquil-Ecuador-1080x1080-1.jpg?resize=525%2C300&ssl=1 1.5x, https:\/\/i0.wp.com\/adfairways.net\/wp-content\/uploads\/2025\/10\/Guayaquil-Ecuador-1080x1080-1.jpg?resize=700%2C400&ssl=1 2x, https:\/\/i0.wp.com\/adfairways.net\/wp-content\/uploads\/2025\/10\/Guayaquil-Ecuador-1080x1080-1.jpg?resize=1050%2C600&ssl=1 3x"},"classes":[]},{"id":43224,"url":"https:\/\/adfairways.net\/es\/medellin-conviertete-piloto-comercial\/","url_meta":{"origin":39431,"position":4},"title":"Charla Presencial en Medell\u00edn \u2013 Convi\u00e9rtete en Piloto Comercial","author":"adfschool","date":"noviembre 13, 2025","format":false,"excerpt":"Tu primer paso para alcanzar el sue\u00f1o de volar! \ud83c\udf0d\u2708\ufe0f Aterrizamos en Medell\u00edn, Colombia \ud83d\udccd Charla Presencial \u2013 Diciembre 13 \u2013 10:00 a.m.ADF Flight School, con m\u00e1s de 40 a\u00f1os de experiencia formando pilotos comerciales en todo el mundo, llega a Medell\u00edn para una charla presencial exclusiva donde conocer\u00e1s todo\u2026","rel":"","context":"Entrada similar","block_context":{"text":"Entrada similar","link":""},"img":{"alt_text":"","src":"https:\/\/i0.wp.com\/adfairways.net\/wp-content\/uploads\/2025\/11\/Medellin-1080x1080-1.jpg?resize=350%2C200&ssl=1","width":350,"height":200,"srcset":"https:\/\/i0.wp.com\/adfairways.net\/wp-content\/uploads\/2025\/11\/Medellin-1080x1080-1.jpg?resize=350%2C200&ssl=1 1x, https:\/\/i0.wp.com\/adfairways.net\/wp-content\/uploads\/2025\/11\/Medellin-1080x1080-1.jpg?resize=525%2C300&ssl=1 1.5x, https:\/\/i0.wp.com\/adfairways.net\/wp-content\/uploads\/2025\/11\/Medellin-1080x1080-1.jpg?resize=700%2C400&ssl=1 2x, https:\/\/i0.wp.com\/adfairways.net\/wp-content\/uploads\/2025\/11\/Medellin-1080x1080-1.jpg?resize=1050%2C600&ssl=1 3x"},"classes":[]},{"id":42812,"url":"https:\/\/adfairways.net\/es\/charla-virtual-piloto-comercial-madrid-espana\/","url_meta":{"origin":39431,"position":5},"title":"Charla Virtual Piloto Comercial Madrid, Espa\u00f1a","author":"adfschool","date":"septiembre 3, 2025","format":false,"excerpt":"\u00bfSue\u00f1as con ser piloto de aerol\u00ednea y volar alrededor del mundo? \ud83c\udf0d Si vives en Madrid o cualquier ciudad de Espa\u00f1a, esta es tu oportunidad para descubrir c\u00f3mo iniciar tu formaci\u00f3n como Piloto Comercial con una escuela de aviaci\u00f3n reconocida en Estados Unidos. \u2708\ufe0f C\u00f3mo Convertirte en Piloto Comercial desde\u2026","rel":"","context":"Entrada similar","block_context":{"text":"Entrada similar","link":""},"img":{"alt_text":"","src":"https:\/\/i0.wp.com\/adfairways.net\/wp-content\/uploads\/2025\/09\/Espana-1080x1080-1.jpg?resize=350%2C200&ssl=1","width":350,"height":200,"srcset":"https:\/\/i0.wp.com\/adfairways.net\/wp-content\/uploads\/2025\/09\/Espana-1080x1080-1.jpg?resize=350%2C200&ssl=1 1x, https:\/\/i0.wp.com\/adfairways.net\/wp-content\/uploads\/2025\/09\/Espana-1080x1080-1.jpg?resize=525%2C300&ssl=1 1.5x, https:\/\/i0.wp.com\/adfairways.net\/wp-content\/uploads\/2025\/09\/Espana-1080x1080-1.jpg?resize=700%2C400&ssl=1 2x, https:\/\/i0.wp.com\/adfairways.net\/wp-content\/uploads\/2025\/09\/Espana-1080x1080-1.jpg?resize=1050%2C600&ssl=1 3x"},"classes":[]}],"jetpack_sharing_enabled":true,"_links":{"self":[{"href":"https:\/\/adfairways.net\/es\/wp-json\/wp\/v2\/pages\/39431","targetHints":{"allow":["GET"]}}],"collection":[{"href":"https:\/\/adfairways.net\/es\/wp-json\/wp\/v2\/pages"}],"about":[{"href":"https:\/\/adfairways.net\/es\/wp-json\/wp\/v2\/types\/page"}],"author":[{"embeddable":true,"href":"https:\/\/adfairways.net\/es\/wp-json\/wp\/v2\/users\/1"}],"replies":[{"embeddable":true,"href":"https:\/\/adfairways.net\/es\/wp-json\/wp\/v2\/comments?post=39431"}],"version-history":[{"count":5,"href":"https:\/\/adfairways.net\/es\/wp-json\/wp\/v2\/pages\/39431\/revisions"}],"predecessor-version":[{"id":39456,"href":"https:\/\/adfairways.net\/es\/wp-json\/wp\/v2\/pages\/39431\/revisions\/39456"}],"wp:featuredmedia":[{"embeddable":true,"href":"https:\/\/adfairways.net\/es\/wp-json\/wp\/v2\/media\/39282"}],"wp:attachment":[{"href":"https:\/\/adfairways.net\/es\/wp-json\/wp\/v2\/media?parent=39431"}],"curies":[{"name":"wp","href":"https:\/\/api.w.org\/{rel}","templated":true}]}}