{"id":38671,"date":"2024-08-02T17:35:59","date_gmt":"2024-08-02T22:35:59","guid":{"rendered":"https:\/\/adfairways.net\/?page_id=38671"},"modified":"2024-08-05T13:01:18","modified_gmt":"2024-08-05T18:01:18","slug":"charla-presencial-quito","status":"publish","type":"page","link":"https:\/\/adfairways.net\/es\/eventos\/charla-presencial-quito\/","title":{"rendered":"\u00a1Atenci\u00f3n a todos los futuros pilotos de Ecuador! \u2708\ufe0f \ud83c\udf1f \ud83c\uddea\ud83c\udde8"},"content":{"rendered":"\t\t<div data-elementor-type=\"wp-post\" data-elementor-id=\"38671\" class=\"elementor elementor-38671\" data-elementor-post-type=\"page\">\n\t\t\t\t\t\t<section class=\"elementor-section elementor-top-section elementor-element elementor-element-256f0f1 elementor-section-boxed elementor-section-height-default elementor-section-height-default\" data-id=\"256f0f1\" data-element_type=\"section\" data-e-type=\"section\">\n\t\t\t\t\t\t<div class=\"elementor-container elementor-column-gap-default\">\n\t\t\t\t\t<div class=\"elementor-column elementor-col-100 elementor-top-column elementor-element elementor-element-819b8c2 top column-style-top\" data-id=\"819b8c2\" data-element_type=\"column\" data-e-type=\"column\">\n\t\t\t<div class=\"elementor-widget-wrap elementor-element-populated\">\n\t\t\t\t\t\t<div class=\"elementor-element elementor-element-664ae18 elementor-widget elementor-widget-image\" data-id=\"664ae18\" data-element_type=\"widget\" data-e-type=\"widget\" data-widget_type=\"image.default\">\n\t\t\t\t<div class=\"elementor-widget-container\">\n\t\t\t\t\t\t\t\t\t\t\t\t\t\t\t<img fetchpriority=\"high\" decoding=\"async\" width=\"1680\" height=\"561\" src=\"https:\/\/adfairways.net\/wp-content\/uploads\/2024\/08\/Ecuador-1680x561-1.jpg\" class=\"attachment-full size-full wp-image-38686\" alt=\"\" srcset=\"https:\/\/adfairways.net\/wp-content\/uploads\/2024\/08\/Ecuador-1680x561-1.jpg 1680w, https:\/\/adfairways.net\/wp-content\/uploads\/2024\/08\/Ecuador-1680x561-1-1024x342.jpg 1024w, https:\/\/adfairways.net\/wp-content\/uploads\/2024\/08\/Ecuador-1680x561-1-768x256.jpg 768w, https:\/\/adfairways.net\/wp-content\/uploads\/2024\/08\/Ecuador-1680x561-1-1320x441.jpg 1320w\" sizes=\"(max-width: 1680px) 100vw, 1680px\" \/>\t\t\t\t\t\t\t\t\t\t\t\t\t\t\t<\/div>\n\t\t\t\t<\/div>\n\t\t\t\t\t<\/div>\n\t\t<\/div>\n\t\t\t\t\t<\/div>\n\t\t<\/section>\n\t\t\t\t<section class=\"elementor-section elementor-top-section elementor-element elementor-element-e67ddd3 elementor-section-boxed elementor-section-height-default elementor-section-height-default\" data-id=\"e67ddd3\" data-element_type=\"section\" data-e-type=\"section\">\n\t\t\t\t\t\t<div class=\"elementor-container elementor-column-gap-default\">\n\t\t\t\t\t<div class=\"elementor-column elementor-col-50 elementor-top-column elementor-element elementor-element-f8523be top column-style-top\" data-id=\"f8523be\" data-element_type=\"column\" data-e-type=\"column\">\n\t\t\t<div class=\"elementor-widget-wrap elementor-element-populated\">\n\t\t\t\t\t\t<div class=\"elementor-element elementor-element-347ffc0 elementor-widget elementor-widget-text-editor\" data-id=\"347ffc0\" data-element_type=\"widget\" data-e-type=\"widget\" data-widget_type=\"text-editor.default\">\n\t\t\t\t<div class=\"elementor-widget-container\">\n\t\t\t\t\t\t\t\t\t<p>\u00bfSue\u00f1as con volar y explorar el mundo desde las alturas? <img decoding=\"async\" class=\"emoji\" role=\"img\" draggable=\"false\" src=\"https:\/\/s.w.org\/images\/core\/emoji\/15.0.3\/svg\/1f30d.svg\" alt=\"\ud83c\udf0d\" \/> \u00a1Este es tu momento! Ven a nuestra charla presencial en QUITO y descubre todo sobre ADF Flight School, donde formamos a los mejores pilotos del futuro.<\/p><div>\u00a0<\/div><div><img decoding=\"async\" class=\"emoji\" role=\"img\" draggable=\"false\" src=\"https:\/\/s.w.org\/images\/core\/emoji\/15.0.3\/svg\/1f393.svg\" alt=\"\ud83c\udf93\" \/> \u00bfQu\u00e9 podr\u00e1s esperar?<\/div><div>\u00a0<\/div><ol><li>Informaci\u00f3n exclusiva sobre nuestros programas de formaci\u00f3n.<\/li><li>Entender\u00e1s la importancia de estudiar en Estados Unidos y la amplia oferta laboral en el mundo de la aviaci\u00f3n.<\/li><li>Resolver todas tus dudas sobre el proceso de inscripci\u00f3n y las oportunidades de carrera.<\/li><li>* Y mucho m\u00e1s <img decoding=\"async\" class=\"emoji\" role=\"img\" draggable=\"false\" src=\"https:\/\/s.w.org\/images\/core\/emoji\/15.0.3\/svg\/2728.svg\" alt=\"\u2728\" \/><img decoding=\"async\" class=\"emoji\" role=\"img\" draggable=\"false\" src=\"https:\/\/s.w.org\/images\/core\/emoji\/15.0.3\/svg\/1f929.svg\" alt=\"\ud83e\udd29\" \/><\/li><\/ol><div>\u00a0<\/div><div><img decoding=\"async\" class=\"emoji\" role=\"img\" draggable=\"false\" src=\"https:\/\/s.w.org\/images\/core\/emoji\/15.0.3\/svg\/1f680.svg\" alt=\"\ud83d\ude80\" \/> \u00a1Pero eso no es todo! Los cupos son LIMITADOS, as\u00ed que asegura tu lugar y no te quedes fuera de esta experiencia que podr\u00eda cambiar tu vida.<\/div><div>\u00a0<\/div><div><strong>Fecha y hora:<\/strong> S\u00e1bado 31 de agosto, 10:30 a.m.<\/div><div><strong>Lugar:<\/strong> Hotel Dann Carlton<\/div><div>\u00a0<\/div>\t\t\t\t\t\t\t\t<\/div>\n\t\t\t\t<\/div>\n\t\t\t\t\t<\/div>\n\t\t<\/div>\n\t\t\t\t<div class=\"elementor-column elementor-col-50 elementor-top-column elementor-element elementor-element-87be209 top column-style-top\" data-id=\"87be209\" data-element_type=\"column\" data-e-type=\"column\">\n\t\t\t<div class=\"elementor-widget-wrap elementor-element-populated\">\n\t\t\t\t\t\t<div class=\"elementor-element elementor-element-83bc6d5 elementor-widget elementor-widget-text-editor\" data-id=\"83bc6d5\" data-element_type=\"widget\" data-e-type=\"widget\" data-widget_type=\"text-editor.default\">\n\t\t\t\t<div class=\"elementor-widget-container\">\n\t\t\t\t\t\t\t\t\t<div><em><strong>\u00a1No dejes pasar esta oportunidad \u00fanica de despegar hacia un futuro brillante en la aviaci\u00f3n! \u2708\ufe0f\ud83c\udf20 \u00a1Te esperamos!<\/strong><\/em><\/div><div>\u00a0<\/div><div class=\"x_1037454378elementToProof\">\u2705 Escr\u00edbenos al DM para compartirte el enlace de registro \u203c\ufe0f<\/div>\t\t\t\t\t\t\t\t<\/div>\n\t\t\t\t<\/div>\n\t\t\t\t<div class=\"elementor-element elementor-element-b6fee65 elementor-widget elementor-widget-heading\" data-id=\"b6fee65\" data-element_type=\"widget\" data-e-type=\"widget\" data-widget_type=\"heading.default\">\n\t\t\t\t<div class=\"elementor-widget-container\">\n\t\t\t\t\t<h2 class=\"elementor-heading-title elementor-size-default\">\u00a1Inscr\u00edbete ya!<\/h2>\t\t\t\t<\/div>\n\t\t\t\t<\/div>\n\t\t\t\t<div class=\"elementor-element elementor-element-8dbcc26 elementor-widget elementor-widget-html\" data-id=\"8dbcc26\" data-element_type=\"widget\" data-e-type=\"widget\" data-widget_type=\"html.default\">\n\t\t\t\t<div class=\"elementor-widget-container\">\n\t\t\t\t\t<script type=\"text\/javascript\" src=\"https:\/\/api.clientify.net\/web-marketing\/superforms\/script\/199630.js\"><\/script>\t\t\t\t<\/div>\n\t\t\t\t<\/div>\n\t\t\t\t\t<\/div>\n\t\t<\/div>\n\t\t\t\t\t<\/div>\n\t\t<\/section>\n\t\t\t\t<\/div>\n\t\t","protected":false},"excerpt":{"rendered":"<p>\u00bfSue\u00f1as con volar y explorar el mundo desde las alturas? \u00a1Este es tu momento! Ven a nuestra charla presencial en QUITO y descubre todo sobre ADF Flight School, donde formamos a los mejores pilotos del futuro. \u00a0 \u00bfQu\u00e9 podr\u00e1s esperar?\u00a0 Informaci\u00f3n exclusiva sobre nuestros programas de formaci\u00f3n. Entender\u00e1s la importancia de estudiar en Estados Unidos [&hellip;]<\/p>\n","protected":false},"author":1,"featured_media":38674,"parent":5442,"menu_order":0,"comment_status":"closed","ping_status":"closed","template":"","meta":{"footnotes":""},"class_list":["post-38671","page","type-page","status-publish","has-post-thumbnail","hentry"],"jetpack-related-posts":[{"id":38799,"url":"https:\/\/adfairways.net\/es\/atencion-a-todos-los-futuros-pilotos-de-medellin\/","url_meta":{"origin":38671,"position":0},"title":"\u00a1Atenci\u00f3n a todos los futuros pilotos de Medell\u00edn! \u2708\ufe0f \ud83c\udf1f","author":"adfschool","date":"agosto 12, 2024","format":false,"excerpt":"\u00bfSue\u00f1as con volar y explorar el mundo desde las alturas? \u00a1Este es tu momento! Ven a nuestra charla presencial en MEDELL\u00cdN Colombia y descubre todo sobre ADF Flight School, donde formamos a los mejores pilotos del futuro.\u00a0 \u00bfQu\u00e9 podr\u00e1s esperar? Informaci\u00f3n exclusiva sobre nuestros programas de formaci\u00f3n. Entender\u00e1s la importancia\u2026","rel":"","context":"Entrada similar","block_context":{"text":"Entrada similar","link":""},"img":{"alt_text":"","src":"https:\/\/i0.wp.com\/adfairways.net\/wp-content\/uploads\/2024\/08\/Medellin-1080x1080-1.jpg?resize=350%2C200&ssl=1","width":350,"height":200,"srcset":"https:\/\/i0.wp.com\/adfairways.net\/wp-content\/uploads\/2024\/08\/Medellin-1080x1080-1.jpg?resize=350%2C200&ssl=1 1x, https:\/\/i0.wp.com\/adfairways.net\/wp-content\/uploads\/2024\/08\/Medellin-1080x1080-1.jpg?resize=525%2C300&ssl=1 1.5x, https:\/\/i0.wp.com\/adfairways.net\/wp-content\/uploads\/2024\/08\/Medellin-1080x1080-1.jpg?resize=700%2C400&ssl=1 2x, https:\/\/i0.wp.com\/adfairways.net\/wp-content\/uploads\/2024\/08\/Medellin-1080x1080-1.jpg?resize=1050%2C600&ssl=1 3x"},"classes":[]},{"id":39836,"url":"https:\/\/adfairways.net\/atencion-a-todos-los-futuros-pilotos-ecuador\/","url_meta":{"origin":38671,"position":1},"title":"\u00a1Atenci\u00f3n a todos los futuros pilotos Ecuador! \u2708\ufe0f \ud83c\udf1f \ud83c\uddea\ud83c\udde8","author":"adfschool","date":"febrero 11, 2025","format":false,"excerpt":"\u00bfSue\u00f1as con volar y explorar el mundo desde las alturas? \ud83c\udf0d \u00a1Este es tu momento! Ven a nuestra charla presencial en GUAYAQUIL y descubre todo sobre ADF Flight School, donde formamos a los mejores pilotos del futuro. ADF Flight School te invita a una charla presencial en Guayaquil, donde descubrir\u00e1s\u2026","rel":"","context":"Entrada similar","block_context":{"text":"Entrada similar","link":""},"img":{"alt_text":"","src":"https:\/\/i0.wp.com\/adfairways.net\/wp-content\/uploads\/2025\/02\/Ecuador-1080x1350-2.jpg?resize=350%2C200&ssl=1","width":350,"height":200,"srcset":"https:\/\/i0.wp.com\/adfairways.net\/wp-content\/uploads\/2025\/02\/Ecuador-1080x1350-2.jpg?resize=350%2C200&ssl=1 1x, https:\/\/i0.wp.com\/adfairways.net\/wp-content\/uploads\/2025\/02\/Ecuador-1080x1350-2.jpg?resize=525%2C300&ssl=1 1.5x, https:\/\/i0.wp.com\/adfairways.net\/wp-content\/uploads\/2025\/02\/Ecuador-1080x1350-2.jpg?resize=700%2C400&ssl=1 2x, https:\/\/i0.wp.com\/adfairways.net\/wp-content\/uploads\/2025\/02\/Ecuador-1080x1350-2.jpg?resize=1050%2C600&ssl=1 3x"},"classes":[]},{"id":38713,"url":"https:\/\/adfairways.net\/es\/atencion-futuros-pilotos-peru\/","url_meta":{"origin":38671,"position":2},"title":"\u00a1Atenci\u00f3n a todos los futuros pilotos de Per\u00fa! \u2708\ufe0f \ud83c\udf1f \ud83c\uddf5\ud83c\uddea","author":"adfschool","date":"agosto 12, 2024","format":false,"excerpt":"\u00bfSue\u00f1as con volar y explorar el mundo desde las alturas? \ud83c\udf0d \u00a1Este es tu momento! Ven a nuestra charla presencial en LIMA y descubre todo sobre ADF Flight School, donde formamos a los mejores pilotos del futuro.\u00a0\ud83c\udf93 \u00bfQu\u00e9 podr\u00e1s esperar?\u00a0Informaci\u00f3n exclusiva sobre nuestros programas de formaci\u00f3n.Entender\u00e1s la importancia de estudiar\u2026","rel":"","context":"Entrada similar","block_context":{"text":"Entrada similar","link":""},"img":{"alt_text":"","src":"https:\/\/i0.wp.com\/adfairways.net\/wp-content\/uploads\/2024\/08\/Lima-1080x1080-1-1.jpg?resize=350%2C200&ssl=1","width":350,"height":200,"srcset":"https:\/\/i0.wp.com\/adfairways.net\/wp-content\/uploads\/2024\/08\/Lima-1080x1080-1-1.jpg?resize=350%2C200&ssl=1 1x, https:\/\/i0.wp.com\/adfairways.net\/wp-content\/uploads\/2024\/08\/Lima-1080x1080-1-1.jpg?resize=525%2C300&ssl=1 1.5x, https:\/\/i0.wp.com\/adfairways.net\/wp-content\/uploads\/2024\/08\/Lima-1080x1080-1-1.jpg?resize=700%2C400&ssl=1 2x, https:\/\/i0.wp.com\/adfairways.net\/wp-content\/uploads\/2024\/08\/Lima-1080x1080-1-1.jpg?resize=1050%2C600&ssl=1 3x"},"classes":[]},{"id":39278,"url":"https:\/\/adfairways.net\/atencion-futuros-pilotos-guayaquil\/","url_meta":{"origin":38671,"position":3},"title":"\u00a1Atenci\u00f3n a todos los futuros pilotos de Guayaquil \u2708\ufe0f \ud83c\udf1f \ud83c\uddea\ud83c\udde8","author":"adfschool","date":"octubre 3, 2024","format":false,"excerpt":"\u00bfSue\u00f1as con volar y explorar el mundo desde las alturas? \ud83c\udf0d \u00a1Este es tu momento! Ven a nuestra charla presencial en GUAYAQUIL y descubre todo sobre ADF Flight School, donde formamos a los mejores pilotos del futuro. ADF Flight School te invita a una charla presencial en Guayaquil, donde descubrir\u00e1s\u2026","rel":"","context":"Entrada similar","block_context":{"text":"Entrada similar","link":""},"img":{"alt_text":"","src":"https:\/\/i0.wp.com\/adfairways.net\/wp-content\/uploads\/2024\/10\/Guayaquil-1080x1080-1.jpg?resize=350%2C200&ssl=1","width":350,"height":200,"srcset":"https:\/\/i0.wp.com\/adfairways.net\/wp-content\/uploads\/2024\/10\/Guayaquil-1080x1080-1.jpg?resize=350%2C200&ssl=1 1x, https:\/\/i0.wp.com\/adfairways.net\/wp-content\/uploads\/2024\/10\/Guayaquil-1080x1080-1.jpg?resize=525%2C300&ssl=1 1.5x, https:\/\/i0.wp.com\/adfairways.net\/wp-content\/uploads\/2024\/10\/Guayaquil-1080x1080-1.jpg?resize=700%2C400&ssl=1 2x, https:\/\/i0.wp.com\/adfairways.net\/wp-content\/uploads\/2024\/10\/Guayaquil-1080x1080-1.jpg?resize=1050%2C600&ssl=1 3x"},"classes":[]},{"id":39226,"url":"https:\/\/adfairways.net\/es\/atencion-a-todos-los-futuros-pilotos-de-peru-%e2%9c%88%ef%b8%8f%f0%9f%8c%9f%f0%9f%87%b5%f0%9f%87%aa\/","url_meta":{"origin":38671,"position":4},"title":"\u00a1Atenci\u00f3n a todos los futuros pilotos de Per\u00fa! \u2708\ufe0f\ud83c\udf1f\ud83c\uddf5\ud83c\uddea","author":"adfschool","date":"septiembre 26, 2024","format":false,"excerpt":"\u00bfVives en Piura y sue\u00f1as con ser piloto comercial? \ud83c\udf0d \u00a1Esta es tu oportunidad para estudiar en una escuela de aviaci\u00f3n en Miami, Florida y obtener la certificaci\u00f3n FAA que te permitir\u00e1 trabajar con aerol\u00edneas a nivel mundial! ADF Flight School te invita a una charla presencial en PIURA, donde\u2026","rel":"","context":"Entrada similar","block_context":{"text":"Entrada similar","link":""},"img":{"alt_text":"","src":"https:\/\/i0.wp.com\/adfairways.net\/wp-content\/uploads\/2024\/09\/Piura-1080x1080-1.jpg?resize=350%2C200&ssl=1","width":350,"height":200,"srcset":"https:\/\/i0.wp.com\/adfairways.net\/wp-content\/uploads\/2024\/09\/Piura-1080x1080-1.jpg?resize=350%2C200&ssl=1 1x, https:\/\/i0.wp.com\/adfairways.net\/wp-content\/uploads\/2024\/09\/Piura-1080x1080-1.jpg?resize=525%2C300&ssl=1 1.5x, https:\/\/i0.wp.com\/adfairways.net\/wp-content\/uploads\/2024\/09\/Piura-1080x1080-1.jpg?resize=700%2C400&ssl=1 2x, https:\/\/i0.wp.com\/adfairways.net\/wp-content\/uploads\/2024\/09\/Piura-1080x1080-1.jpg?resize=1050%2C600&ssl=1 3x"},"classes":[]},{"id":39205,"url":"https:\/\/adfairways.net\/atencion-pilotos-peru\/","url_meta":{"origin":38671,"position":5},"title":"\u00a1Atenci\u00f3n a todos los futuros pilotos de Per\u00fa! \u2708\ufe0f\ud83c\udf1f\ud83c\uddf5\ud83c\uddea","author":"adfschool","date":"septiembre 26, 2024","format":false,"excerpt":"\u00bfVives en Piura y sue\u00f1as con ser piloto comercial? \ud83c\udf0d \u00a1Esta es tu oportunidad para estudiar en una escuela de aviaci\u00f3n en Miami, Florida y obtener la certificaci\u00f3n FAA que te permitir\u00e1 trabajar con aerol\u00edneas a nivel mundial!ADF Flight School te invita a una charla presencial en PIURA, donde descubrir\u00e1s\u2026","rel":"","context":"Entrada similar","block_context":{"text":"Entrada similar","link":""},"img":{"alt_text":"Piura-Piloto-Privado","src":"https:\/\/i0.wp.com\/adfairways.net\/wp-content\/uploads\/2024\/09\/Piura-1080x1080-1.jpg?resize=350%2C200&ssl=1","width":350,"height":200,"srcset":"https:\/\/i0.wp.com\/adfairways.net\/wp-content\/uploads\/2024\/09\/Piura-1080x1080-1.jpg?resize=350%2C200&ssl=1 1x, https:\/\/i0.wp.com\/adfairways.net\/wp-content\/uploads\/2024\/09\/Piura-1080x1080-1.jpg?resize=525%2C300&ssl=1 1.5x, https:\/\/i0.wp.com\/adfairways.net\/wp-content\/uploads\/2024\/09\/Piura-1080x1080-1.jpg?resize=700%2C400&ssl=1 2x, https:\/\/i0.wp.com\/adfairways.net\/wp-content\/uploads\/2024\/09\/Piura-1080x1080-1.jpg?resize=1050%2C600&ssl=1 3x"},"classes":[]}],"jetpack_sharing_enabled":true,"_links":{"self":[{"href":"https:\/\/adfairways.net\/es\/wp-json\/wp\/v2\/pages\/38671","targetHints":{"allow":["GET"]}}],"collection":[{"href":"https:\/\/adfairways.net\/es\/wp-json\/wp\/v2\/pages"}],"about":[{"href":"https:\/\/adfairways.net\/es\/wp-json\/wp\/v2\/types\/page"}],"author":[{"embeddable":true,"href":"https:\/\/adfairways.net\/es\/wp-json\/wp\/v2\/users\/1"}],"replies":[{"embeddable":true,"href":"https:\/\/adfairways.net\/es\/wp-json\/wp\/v2\/comments?post=38671"}],"version-history":[{"count":14,"href":"https:\/\/adfairways.net\/es\/wp-json\/wp\/v2\/pages\/38671\/revisions"}],"predecessor-version":[{"id":38694,"href":"https:\/\/adfairways.net\/es\/wp-json\/wp\/v2\/pages\/38671\/revisions\/38694"}],"up":[{"embeddable":true,"href":"https:\/\/adfairways.net\/es\/wp-json\/wp\/v2\/pages\/5442"}],"wp:featuredmedia":[{"embeddable":true,"href":"https:\/\/adfairways.net\/es\/wp-json\/wp\/v2\/media\/38674"}],"wp:attachment":[{"href":"https:\/\/adfairways.net\/es\/wp-json\/wp\/v2\/media?parent=38671"}],"curies":[{"name":"wp","href":"https:\/\/api.w.org\/{rel}","templated":true}]}}