{"id":38592,"date":"2024-07-15T14:34:27","date_gmt":"2024-07-15T19:34:27","guid":{"rendered":"https:\/\/adfairways.net\/eventos\/virtual-meeting-spain\/"},"modified":"2024-07-15T19:05:11","modified_gmt":"2024-07-16T00:05:11","slug":"virtual-meeting-espana","status":"publish","type":"page","link":"https:\/\/adfairways.net\/es\/eventos\/virtual-meeting-espana\/","title":{"rendered":"Virtual meeting Espa\u00f1a"},"content":{"rendered":"\t\t<div data-elementor-type=\"wp-post\" data-elementor-id=\"38592\" class=\"elementor elementor-38592 elementor-38569\" data-elementor-post-type=\"page\">\n\t\t\t\t\t\t<section class=\"elementor-section elementor-top-section elementor-element elementor-element-256f0f1 elementor-section-boxed elementor-section-height-default elementor-section-height-default\" data-id=\"256f0f1\" data-element_type=\"section\" data-e-type=\"section\">\n\t\t\t\t\t\t<div class=\"elementor-container elementor-column-gap-default\">\n\t\t\t\t\t<div class=\"elementor-column elementor-col-100 elementor-top-column elementor-element elementor-element-819b8c2 top column-style-top\" data-id=\"819b8c2\" data-element_type=\"column\" data-e-type=\"column\">\n\t\t\t<div class=\"elementor-widget-wrap elementor-element-populated\">\n\t\t\t\t\t\t<div class=\"elementor-element elementor-element-664ae18 elementor-widget elementor-widget-image\" data-id=\"664ae18\" data-element_type=\"widget\" data-e-type=\"widget\" data-widget_type=\"image.default\">\n\t\t\t\t<div class=\"elementor-widget-container\">\n\t\t\t\t\t\t\t\t\t\t\t\t\t\t\t<img fetchpriority=\"high\" decoding=\"async\" width=\"1680\" height=\"561\" src=\"https:\/\/adfairways.net\/wp-content\/uploads\/2024\/07\/Espana-banner-1680x651-1.jpg\" class=\"attachment-full size-full wp-image-38585\" alt=\"\" srcset=\"https:\/\/adfairways.net\/wp-content\/uploads\/2024\/07\/Espana-banner-1680x651-1.jpg 1680w, https:\/\/adfairways.net\/wp-content\/uploads\/2024\/07\/Espana-banner-1680x651-1-1024x342.jpg 1024w, https:\/\/adfairways.net\/wp-content\/uploads\/2024\/07\/Espana-banner-1680x651-1-768x256.jpg 768w, https:\/\/adfairways.net\/wp-content\/uploads\/2024\/07\/Espana-banner-1680x651-1-1320x441.jpg 1320w\" sizes=\"(max-width: 1680px) 100vw, 1680px\" \/>\t\t\t\t\t\t\t\t\t\t\t\t\t\t\t<\/div>\n\t\t\t\t<\/div>\n\t\t\t\t\t<\/div>\n\t\t<\/div>\n\t\t\t\t\t<\/div>\n\t\t<\/section>\n\t\t\t\t<section class=\"elementor-section elementor-top-section elementor-element elementor-element-e67ddd3 elementor-section-boxed elementor-section-height-default elementor-section-height-default\" data-id=\"e67ddd3\" data-element_type=\"section\" data-e-type=\"section\">\n\t\t\t\t\t\t<div class=\"elementor-container elementor-column-gap-default\">\n\t\t\t\t\t<div class=\"elementor-column elementor-col-16 elementor-top-column elementor-element elementor-element-217cf1a top column-style-top\" data-id=\"217cf1a\" data-element_type=\"column\" data-e-type=\"column\">\n\t\t\t<div class=\"elementor-widget-wrap\">\n\t\t\t\t\t\t\t<\/div>\n\t\t<\/div>\n\t\t\t\t<div class=\"elementor-column elementor-col-66 elementor-top-column elementor-element elementor-element-f8523be top column-style-top\" data-id=\"f8523be\" data-element_type=\"column\" data-e-type=\"column\">\n\t\t\t<div class=\"elementor-widget-wrap elementor-element-populated\">\n\t\t\t\t\t\t<div class=\"elementor-element elementor-element-551c08f elementor-widget elementor-widget-text-editor\" data-id=\"551c08f\" data-element_type=\"widget\" data-e-type=\"widget\" data-widget_type=\"text-editor.default\">\n\t\t\t\t<div class=\"elementor-widget-container\">\n\t\t\t\t\t\t\t\t\t<div><p>\u00a1Hola! Somos ADF Flight School y estamos muy contentos de saber que est\u00e1s interesado en comenzar tu carrera de aviaci\u00f3n.<\/p><p>\u00a0<\/p><\/div>\t\t\t\t\t\t\t\t<\/div>\n\t\t\t\t<\/div>\n\t\t\t\t<div class=\"elementor-element elementor-element-a47a042 elementor-widget elementor-widget-text-editor\" data-id=\"a47a042\" data-element_type=\"widget\" data-e-type=\"widget\" data-widget_type=\"text-editor.default\">\n\t\t\t\t<div class=\"elementor-widget-container\">\n\t\t\t\t\t\t\t\t\t<div>Queremos invitarte a nuestra reuni\u00f3n de Zoom el pr\u00f3ximo jueves 15 de agosto\u00a0<br \/>a las 7:00 pm hora Espa\u00f1a y 1:00 p.m., (hora local Miami).<\/div><div>\u00a0<\/div><div>Conocer\u00e1s c\u00f3mo puedes convertirte en piloto comercial y obtener tu licencia de la FAA. \u00a1Nos vemos pronto por Zoom!<\/div><div><div class=\"x_2113319799elementToProof\" style=\"font-family: Aptos, Aptos_EmbeddedFont, Aptos_MSFontService, Calibri, Helvetica, sans-serif; font-size: 12pt; color: #000000;\"><div class=\"x_2113319799elementToProof\">\u00a0<\/div><\/div><\/div>\t\t\t\t\t\t\t\t<\/div>\n\t\t\t\t<\/div>\n\t\t\t\t<div class=\"elementor-element elementor-element-ef2d3d7 elementor-align-center elementor-widget elementor-widget-button\" data-id=\"ef2d3d7\" data-element_type=\"widget\" data-e-type=\"widget\" data-widget_type=\"button.default\">\n\t\t\t\t<div class=\"elementor-widget-container\">\n\t\t\t\t\t\t\t\t\t<div class=\"elementor-button-wrapper\">\n\t\t\t\t\t<a class=\"elementor-button elementor-button-link elementor-size-xl\" href=\"https:\/\/us06web.zoom.us\/j\/81552201946\">\n\t\t\t\t\t\t<span class=\"elementor-button-content-wrapper\">\n\t\t\t\t\t\t<span class=\"elementor-button-icon\">\n\t\t\t\t<i aria-hidden=\"true\" class=\"icon icon-video-camera\"><\/i>\t\t\t<\/span>\n\t\t\t\t\t\t\t\t\t<span class=\"elementor-button-text\">Register<\/span>\n\t\t\t\t\t<\/span>\n\t\t\t\t\t<\/a>\n\t\t\t\t<\/div>\n\t\t\t\t\t\t\t\t<\/div>\n\t\t\t\t<\/div>\n\t\t\t\t\t<\/div>\n\t\t<\/div>\n\t\t\t\t<div class=\"elementor-column elementor-col-16 elementor-top-column elementor-element elementor-element-87be209 top column-style-top\" data-id=\"87be209\" data-element_type=\"column\" data-e-type=\"column\">\n\t\t\t<div class=\"elementor-widget-wrap\">\n\t\t\t\t\t\t\t<\/div>\n\t\t<\/div>\n\t\t\t\t\t<\/div>\n\t\t<\/section>\n\t\t\t\t<\/div>\n\t\t","protected":false},"excerpt":{"rendered":"<p>\u00a1Hola! Somos ADF Flight School y estamos muy contentos de saber que est\u00e1s interesado en comenzar tu carrera de aviaci\u00f3n. \u00a0 Queremos invitarte a nuestra reuni\u00f3n de Zoom el pr\u00f3ximo jueves 15 de agosto\u00a0a las 7:00 pm hora Espa\u00f1a y 1:00 p.m., (hora local Miami).\u00a0Conocer\u00e1s c\u00f3mo puedes convertirte en piloto comercial y obtener tu licencia [&hellip;]<\/p>\n","protected":false},"author":1,"featured_media":38573,"parent":5442,"menu_order":0,"comment_status":"closed","ping_status":"closed","template":"","meta":{"footnotes":""},"class_list":["post-38592","page","type-page","status-publish","has-post-thumbnail","hentry"],"jetpack-related-posts":[{"id":42812,"url":"https:\/\/adfairways.net\/es\/charla-virtual-piloto-comercial-madrid-espana\/","url_meta":{"origin":38592,"position":0},"title":"Charla Virtual Piloto Comercial Madrid, Espa\u00f1a","author":"adfschool","date":"septiembre 3, 2025","format":false,"excerpt":"\u00bfSue\u00f1as con ser piloto de aerol\u00ednea y volar alrededor del mundo? \ud83c\udf0d Si vives en Madrid o cualquier ciudad de Espa\u00f1a, esta es tu oportunidad para descubrir c\u00f3mo iniciar tu formaci\u00f3n como Piloto Comercial con una escuela de aviaci\u00f3n reconocida en Estados Unidos. \u2708\ufe0f C\u00f3mo Convertirte en Piloto Comercial desde\u2026","rel":"","context":"Entrada similar","block_context":{"text":"Entrada similar","link":""},"img":{"alt_text":"","src":"https:\/\/i0.wp.com\/adfairways.net\/wp-content\/uploads\/2025\/09\/Espana-1080x1080-1.jpg?resize=350%2C200&ssl=1","width":350,"height":200,"srcset":"https:\/\/i0.wp.com\/adfairways.net\/wp-content\/uploads\/2025\/09\/Espana-1080x1080-1.jpg?resize=350%2C200&ssl=1 1x, https:\/\/i0.wp.com\/adfairways.net\/wp-content\/uploads\/2025\/09\/Espana-1080x1080-1.jpg?resize=525%2C300&ssl=1 1.5x, https:\/\/i0.wp.com\/adfairways.net\/wp-content\/uploads\/2025\/09\/Espana-1080x1080-1.jpg?resize=700%2C400&ssl=1 2x, https:\/\/i0.wp.com\/adfairways.net\/wp-content\/uploads\/2025\/09\/Espana-1080x1080-1.jpg?resize=1050%2C600&ssl=1 3x"},"classes":[]},{"id":43935,"url":"https:\/\/adfairways.net\/es\/charla-virtual-piloto-madrid-espana\/","url_meta":{"origin":38592,"position":1},"title":"Convi\u00e9rtete en Piloto Comercial en EE.UU.: Charla Informativa para Espa\u00f1a","author":"adfschool","date":"abril 1, 2026","format":false,"excerpt":"\u00bfResides en Espa\u00f1a y sue\u00f1as con una carrera en la aviaci\u00f3n internacional? \u00bfSue\u00f1as con ser piloto? No pierdas la oportunidad de formarte bajo los est\u00e1ndares m\u00e1s exigentes del mundo. \u00danete a nuestra sesi\u00f3n informativa virtual con ADF Flight School y descubre c\u00f3mo obtener tu licencia FAA en Miami, la certificaci\u00f3n\u2026","rel":"","context":"Entrada similar","block_context":{"text":"Entrada similar","link":""},"img":{"alt_text":"","src":"https:\/\/i0.wp.com\/adfairways.net\/wp-content\/uploads\/2026\/04\/Madrid-Espana-1080x1080-1.jpg?resize=350%2C200&ssl=1","width":350,"height":200,"srcset":"https:\/\/i0.wp.com\/adfairways.net\/wp-content\/uploads\/2026\/04\/Madrid-Espana-1080x1080-1.jpg?resize=350%2C200&ssl=1 1x, https:\/\/i0.wp.com\/adfairways.net\/wp-content\/uploads\/2026\/04\/Madrid-Espana-1080x1080-1.jpg?resize=525%2C300&ssl=1 1.5x, https:\/\/i0.wp.com\/adfairways.net\/wp-content\/uploads\/2026\/04\/Madrid-Espana-1080x1080-1.jpg?resize=700%2C400&ssl=1 2x, https:\/\/i0.wp.com\/adfairways.net\/wp-content\/uploads\/2026\/04\/Madrid-Espana-1080x1080-1.jpg?resize=1050%2C600&ssl=1 3x"},"classes":[]},{"id":41258,"url":"https:\/\/adfairways.net\/es\/charla-virtual-piloto-tegucigalpa-honduras-8-mayo-2025\/","url_meta":{"origin":38592,"position":2},"title":"Charla virtual &#8211; Tegucigalpa, Honduras","author":"adfschool","date":"abril 14, 2025","format":false,"excerpt":"\u2708\ufe0f \u00bfQuieres ser piloto comercial y estudiar en Miami? \u00a1ADF Flight School te ayuda a despegar tu carrera! Si vives en Tegucigalpa, Honduras y sue\u00f1as con una carrera en la aviaci\u00f3n comercial, ADF Flight School, escuela de aviaci\u00f3n en Miami certificada por la FAA, te invita a una charla virtual\u2026","rel":"","context":"Entrada similar","block_context":{"text":"Entrada similar","link":""},"img":{"alt_text":"","src":"https:\/\/i0.wp.com\/adfairways.net\/wp-content\/uploads\/2025\/04\/Tegucigalpa-1080x1080-1.jpg?resize=350%2C200&ssl=1","width":350,"height":200,"srcset":"https:\/\/i0.wp.com\/adfairways.net\/wp-content\/uploads\/2025\/04\/Tegucigalpa-1080x1080-1.jpg?resize=350%2C200&ssl=1 1x, https:\/\/i0.wp.com\/adfairways.net\/wp-content\/uploads\/2025\/04\/Tegucigalpa-1080x1080-1.jpg?resize=525%2C300&ssl=1 1.5x, https:\/\/i0.wp.com\/adfairways.net\/wp-content\/uploads\/2025\/04\/Tegucigalpa-1080x1080-1.jpg?resize=700%2C400&ssl=1 2x, https:\/\/i0.wp.com\/adfairways.net\/wp-content\/uploads\/2025\/04\/Tegucigalpa-1080x1080-1.jpg?resize=1050%2C600&ssl=1 3x"},"classes":[]},{"id":39371,"url":"https:\/\/adfairways.net\/es\/pilotos-privados-o-comerciales-colombia-panama\/","url_meta":{"origin":38592,"position":3},"title":"Private or Commercial Pilot meeeting Colombia and Panam\u00e1","author":"adfschool","date":"octubre 10, 2024","format":false,"excerpt":"\u00bfVives en Panam\u00e1 y\/o Colombia y sue\u00f1as con convertirte en piloto mientras estudias en una de las mejores escuelas de aviaci\u00f3n en Miami? \u00a1\u00danete a nuestra reuni\u00f3n gratuita por Zoom este jueves 14 de noviembre! \ud83d\udeeb Descubre c\u00f3mo obtener tu licencia de piloto comercial FAA y comenzar tu carrera en\u2026","rel":"","context":"Entrada similar","block_context":{"text":"Entrada similar","link":""},"img":{"alt_text":"","src":"https:\/\/i0.wp.com\/adfairways.net\/wp-content\/uploads\/2024\/10\/CP-1080x1920-english.jpg?resize=350%2C200&ssl=1","width":350,"height":200,"srcset":"https:\/\/i0.wp.com\/adfairways.net\/wp-content\/uploads\/2024\/10\/CP-1080x1920-english.jpg?resize=350%2C200&ssl=1 1x, https:\/\/i0.wp.com\/adfairways.net\/wp-content\/uploads\/2024\/10\/CP-1080x1920-english.jpg?resize=525%2C300&ssl=1 1.5x, https:\/\/i0.wp.com\/adfairways.net\/wp-content\/uploads\/2024\/10\/CP-1080x1920-english.jpg?resize=700%2C400&ssl=1 2x, https:\/\/i0.wp.com\/adfairways.net\/wp-content\/uploads\/2024\/10\/CP-1080x1920-english.jpg?resize=1050%2C600&ssl=1 3x"},"classes":[]},{"id":41087,"url":"https:\/\/adfairways.net\/es\/piloto-comercial-miami-mexico-panama-colombia\/","url_meta":{"origin":38592,"position":4},"title":"\u00bfQuieres ser piloto comercial y estudiar en Miami? Descubre ADF Airways","author":"adfschool","date":"abril 1, 2025","format":false,"excerpt":"\u00a1Tu sue\u00f1o de volar comienza aqu\u00ed!\u200b \u00a1ADF Flight School te trae una charla virtual exclusiva para guiarte en el proceso! \ud83c\udfa4\ud83d\ude80\u200b Si vives en M\u00e9xico, Panam\u00e1 o Colombia y sue\u00f1as con una carrera en la aviaci\u00f3n comercial, esta es tu oportunidad. ADF Airways, la escuela de aviaci\u00f3n en Miami con\u2026","rel":"","context":"Entrada similar","block_context":{"text":"Entrada similar","link":""},"img":{"alt_text":"","src":"https:\/\/i0.wp.com\/adfairways.net\/wp-content\/uploads\/2025\/04\/MCP-1080x1080-1.jpg?resize=350%2C200&ssl=1","width":350,"height":200,"srcset":"https:\/\/i0.wp.com\/adfairways.net\/wp-content\/uploads\/2025\/04\/MCP-1080x1080-1.jpg?resize=350%2C200&ssl=1 1x, https:\/\/i0.wp.com\/adfairways.net\/wp-content\/uploads\/2025\/04\/MCP-1080x1080-1.jpg?resize=525%2C300&ssl=1 1.5x, https:\/\/i0.wp.com\/adfairways.net\/wp-content\/uploads\/2025\/04\/MCP-1080x1080-1.jpg?resize=700%2C400&ssl=1 2x, https:\/\/i0.wp.com\/adfairways.net\/wp-content\/uploads\/2025\/04\/MCP-1080x1080-1.jpg?resize=1050%2C600&ssl=1 3x"},"classes":[]},{"id":42011,"url":"https:\/\/adfairways.net\/es\/charla-piloto-san-salvador\/","url_meta":{"origin":38592,"position":5},"title":"Charla Virtual San Salvador, El Salvador","author":"adfschool","date":"mayo 27, 2025","format":false,"excerpt":"\u2708\ufe0f \u00bfVives en San Salvador y sue\u00f1as con ser piloto comercial? \ud83c\udf0d \u00a1Imagina trabajar para aerol\u00edneas alrededor del mundo y formarte como piloto en Estados Unidos! En ADF Flight School, escuela de aviaci\u00f3n ubicada en Miami, Florida y certificada por la FAA, te ense\u00f1amos c\u00f3mo hacerlo realidad. \ud83c\udf93 Te guiamos\u2026","rel":"","context":"Entrada similar","block_context":{"text":"Entrada similar","link":""},"img":{"alt_text":"","src":"https:\/\/i0.wp.com\/adfairways.net\/wp-content\/uploads\/2025\/05\/San-Salvador-1080x1080-1.jpg?resize=350%2C200&ssl=1","width":350,"height":200,"srcset":"https:\/\/i0.wp.com\/adfairways.net\/wp-content\/uploads\/2025\/05\/San-Salvador-1080x1080-1.jpg?resize=350%2C200&ssl=1 1x, https:\/\/i0.wp.com\/adfairways.net\/wp-content\/uploads\/2025\/05\/San-Salvador-1080x1080-1.jpg?resize=525%2C300&ssl=1 1.5x, https:\/\/i0.wp.com\/adfairways.net\/wp-content\/uploads\/2025\/05\/San-Salvador-1080x1080-1.jpg?resize=700%2C400&ssl=1 2x, https:\/\/i0.wp.com\/adfairways.net\/wp-content\/uploads\/2025\/05\/San-Salvador-1080x1080-1.jpg?resize=1050%2C600&ssl=1 3x"},"classes":[]}],"jetpack_sharing_enabled":true,"_links":{"self":[{"href":"https:\/\/adfairways.net\/es\/wp-json\/wp\/v2\/pages\/38592","targetHints":{"allow":["GET"]}}],"collection":[{"href":"https:\/\/adfairways.net\/es\/wp-json\/wp\/v2\/pages"}],"about":[{"href":"https:\/\/adfairways.net\/es\/wp-json\/wp\/v2\/types\/page"}],"author":[{"embeddable":true,"href":"https:\/\/adfairways.net\/es\/wp-json\/wp\/v2\/users\/1"}],"replies":[{"embeddable":true,"href":"https:\/\/adfairways.net\/es\/wp-json\/wp\/v2\/comments?post=38592"}],"version-history":[{"count":9,"href":"https:\/\/adfairways.net\/es\/wp-json\/wp\/v2\/pages\/38592\/revisions"}],"predecessor-version":[{"id":38641,"href":"https:\/\/adfairways.net\/es\/wp-json\/wp\/v2\/pages\/38592\/revisions\/38641"}],"up":[{"embeddable":true,"href":"https:\/\/adfairways.net\/es\/wp-json\/wp\/v2\/pages\/5442"}],"wp:featuredmedia":[{"embeddable":true,"href":"https:\/\/adfairways.net\/es\/wp-json\/wp\/v2\/media\/38573"}],"wp:attachment":[{"href":"https:\/\/adfairways.net\/es\/wp-json\/wp\/v2\/media?parent=38592"}],"curies":[{"name":"wp","href":"https:\/\/api.w.org\/{rel}","templated":true}]}}