{"id":38465,"date":"2024-06-28T08:29:30","date_gmt":"2024-06-28T13:29:30","guid":{"rendered":"https:\/\/adfairways.net\/eventos\/virtual-meeting-argentina-uruguay-paraguay-chile\/"},"modified":"2024-06-28T08:51:48","modified_gmt":"2024-06-28T13:51:48","slug":"charla-virtual-argentina-uruguay-paraguay-chile","status":"publish","type":"page","link":"https:\/\/adfairways.net\/es\/eventos\/charla-virtual-argentina-uruguay-paraguay-chile\/","title":{"rendered":"Charla Virtual Argentina, Uruguay, Paraguay, Chile"},"content":{"rendered":"\t\t<div data-elementor-type=\"wp-post\" data-elementor-id=\"38465\" class=\"elementor elementor-38465 elementor-38453\" data-elementor-post-type=\"page\">\n\t\t\t\t\t\t<section class=\"elementor-section elementor-top-section elementor-element elementor-element-256f0f1 elementor-section-boxed elementor-section-height-default elementor-section-height-default\" data-id=\"256f0f1\" data-element_type=\"section\" data-e-type=\"section\">\n\t\t\t\t\t\t<div class=\"elementor-container elementor-column-gap-default\">\n\t\t\t\t\t<div class=\"elementor-column elementor-col-100 elementor-top-column elementor-element elementor-element-819b8c2 top column-style-top\" data-id=\"819b8c2\" data-element_type=\"column\" data-e-type=\"column\">\n\t\t\t<div class=\"elementor-widget-wrap elementor-element-populated\">\n\t\t\t\t\t\t<div class=\"elementor-element elementor-element-664ae18 elementor-widget elementor-widget-image\" data-id=\"664ae18\" data-element_type=\"widget\" data-e-type=\"widget\" data-widget_type=\"image.default\">\n\t\t\t\t<div class=\"elementor-widget-container\">\n\t\t\t\t\t\t\t\t\t\t\t\t\t\t\t<img fetchpriority=\"high\" decoding=\"async\" width=\"1680\" height=\"561\" src=\"https:\/\/adfairways.net\/wp-content\/uploads\/2024\/06\/AUPC-banner-1680x651-1.jpg\" class=\"attachment-full size-full wp-image-38473\" alt=\"\" srcset=\"https:\/\/adfairways.net\/wp-content\/uploads\/2024\/06\/AUPC-banner-1680x651-1.jpg 1680w, https:\/\/adfairways.net\/wp-content\/uploads\/2024\/06\/AUPC-banner-1680x651-1-1024x342.jpg 1024w, https:\/\/adfairways.net\/wp-content\/uploads\/2024\/06\/AUPC-banner-1680x651-1-768x256.jpg 768w, https:\/\/adfairways.net\/wp-content\/uploads\/2024\/06\/AUPC-banner-1680x651-1-1320x441.jpg 1320w\" sizes=\"(max-width: 1680px) 100vw, 1680px\" \/>\t\t\t\t\t\t\t\t\t\t\t\t\t\t\t<\/div>\n\t\t\t\t<\/div>\n\t\t\t\t\t<\/div>\n\t\t<\/div>\n\t\t\t\t\t<\/div>\n\t\t<\/section>\n\t\t\t\t<section class=\"elementor-section elementor-top-section elementor-element elementor-element-e67ddd3 elementor-section-boxed elementor-section-height-default elementor-section-height-default\" data-id=\"e67ddd3\" data-element_type=\"section\" data-e-type=\"section\">\n\t\t\t\t\t\t<div class=\"elementor-container elementor-column-gap-default\">\n\t\t\t\t\t<div class=\"elementor-column elementor-col-16 elementor-top-column elementor-element elementor-element-217cf1a top column-style-top\" data-id=\"217cf1a\" data-element_type=\"column\" data-e-type=\"column\">\n\t\t\t<div class=\"elementor-widget-wrap\">\n\t\t\t\t\t\t\t<\/div>\n\t\t<\/div>\n\t\t\t\t<div class=\"elementor-column elementor-col-66 elementor-top-column elementor-element elementor-element-f8523be top column-style-top\" data-id=\"f8523be\" data-element_type=\"column\" data-e-type=\"column\">\n\t\t\t<div class=\"elementor-widget-wrap elementor-element-populated\">\n\t\t\t\t\t\t<div class=\"elementor-element elementor-element-551c08f elementor-widget elementor-widget-text-editor\" data-id=\"551c08f\" data-element_type=\"widget\" data-e-type=\"widget\" data-widget_type=\"text-editor.default\">\n\t\t\t\t<div class=\"elementor-widget-container\">\n\t\t\t\t\t\t\t\t\t<div class=\"x_1748833709elementToProof\">\u00a1Hola! Somos ADF Flight School y estamos muy contentos de saber que est\u00e1s interesado en comenzar tu carrera de aviaci\u00f3n. Queremos invitarte a nuestra reuni\u00f3n de Zoom<\/div><div>\u00a0<\/div>\t\t\t\t\t\t\t\t<\/div>\n\t\t\t\t<\/div>\n\t\t\t\t<div class=\"elementor-element elementor-element-a47a042 elementor-widget elementor-widget-text-editor\" data-id=\"a47a042\" data-element_type=\"widget\" data-e-type=\"widget\" data-widget_type=\"text-editor.default\">\n\t\t\t\t<div class=\"elementor-widget-container\">\n\t\t\t\t\t\t\t\t\t<div><div>Pr\u00f3ximo jueves 25 de julio<\/div><div>\u00a0<\/div><div>6:00 pm hora Paraguay, Chile y Miami.\u00a0<\/div><div>7:00 pm hora Argentina y Uruguay.<\/div><div>\u00a0<\/div><div class=\"x_1748833709elementToProof\">Conocer\u00e1s c\u00f3mo puedes convertirte en piloto comercial y obtener tu licencia de la FAA. \u00a1Nos vemos pronto por Zoom!<\/div><div class=\"x_1748833709elementToProof\">\u00a0<\/div><\/div>\t\t\t\t\t\t\t\t<\/div>\n\t\t\t\t<\/div>\n\t\t\t\t<div class=\"elementor-element elementor-element-ef2d3d7 elementor-align-center elementor-widget elementor-widget-button\" data-id=\"ef2d3d7\" data-element_type=\"widget\" data-e-type=\"widget\" data-widget_type=\"button.default\">\n\t\t\t\t<div class=\"elementor-widget-container\">\n\t\t\t\t\t\t\t\t\t<div class=\"elementor-button-wrapper\">\n\t\t\t\t\t<a class=\"elementor-button elementor-button-link elementor-size-xl\" href=\"https:\/\/us06web.zoom.us\/j\/86094311212\">\n\t\t\t\t\t\t<span class=\"elementor-button-content-wrapper\">\n\t\t\t\t\t\t<span class=\"elementor-button-icon\">\n\t\t\t\t<i aria-hidden=\"true\" class=\"icon icon-video-camera\"><\/i>\t\t\t<\/span>\n\t\t\t\t\t\t\t\t\t<span class=\"elementor-button-text\">Register<\/span>\n\t\t\t\t\t<\/span>\n\t\t\t\t\t<\/a>\n\t\t\t\t<\/div>\n\t\t\t\t\t\t\t\t<\/div>\n\t\t\t\t<\/div>\n\t\t\t\t\t<\/div>\n\t\t<\/div>\n\t\t\t\t<div class=\"elementor-column elementor-col-16 elementor-top-column elementor-element elementor-element-87be209 top column-style-top\" data-id=\"87be209\" data-element_type=\"column\" data-e-type=\"column\">\n\t\t\t<div class=\"elementor-widget-wrap\">\n\t\t\t\t\t\t\t<\/div>\n\t\t<\/div>\n\t\t\t\t\t<\/div>\n\t\t<\/section>\n\t\t\t\t<\/div>\n\t\t","protected":false},"excerpt":{"rendered":"<p>\u00a1Hola! Somos ADF Flight School y estamos muy contentos de saber que est\u00e1s interesado en comenzar tu carrera de aviaci\u00f3n. Queremos invitarte a nuestra reuni\u00f3n de Zoom\u00a0Pr\u00f3ximo jueves 25 de julio\u00a06:00 pm hora Paraguay, Chile y Miami.\u00a07:00 pm hora Argentina y Uruguay.\u00a0Conocer\u00e1s c\u00f3mo puedes convertirte en piloto comercial y obtener tu licencia de la FAA. [&hellip;]<\/p>\n","protected":false},"author":1,"featured_media":38469,"parent":5442,"menu_order":0,"comment_status":"closed","ping_status":"closed","template":"","meta":{"footnotes":""},"class_list":["post-38465","page","type-page","status-publish","has-post-thumbnail","hentry"],"jetpack-related-posts":[{"id":38453,"url":"https:\/\/adfairways.net\/events\/virtual-meeting-argentina-uruguay-paraguay-chile\/","url_meta":{"origin":38465,"position":0},"title":"Virtual meeting Argentina, Uruguay, Paraguay, Chile","author":"adfschool","date":"junio 28, 2024","format":false,"excerpt":"Hello! We are ADF Flight School, and we are very excited to know that you are interested in starting your aviation career. We would like to invite you to our Zoom meeting\u00a0Next Thursday, July 25th\u00a06:00 pm Paraguay, Chile, and Miami time.7:00 pm Argentina and Uruguay time.\u00a0You will learn how you\u2026","rel":"","context":"Entrada similar","block_context":{"text":"Entrada similar","link":""},"img":{"alt_text":"","src":"https:\/\/i0.wp.com\/adfairways.net\/wp-content\/uploads\/2024\/06\/AUPC-1080x1080-english-1.jpg?resize=350%2C200&ssl=1","width":350,"height":200,"srcset":"https:\/\/i0.wp.com\/adfairways.net\/wp-content\/uploads\/2024\/06\/AUPC-1080x1080-english-1.jpg?resize=350%2C200&ssl=1 1x, https:\/\/i0.wp.com\/adfairways.net\/wp-content\/uploads\/2024\/06\/AUPC-1080x1080-english-1.jpg?resize=525%2C300&ssl=1 1.5x, https:\/\/i0.wp.com\/adfairways.net\/wp-content\/uploads\/2024\/06\/AUPC-1080x1080-english-1.jpg?resize=700%2C400&ssl=1 2x, https:\/\/i0.wp.com\/adfairways.net\/wp-content\/uploads\/2024\/06\/AUPC-1080x1080-english-1.jpg?resize=1050%2C600&ssl=1 3x"},"classes":[]},{"id":5442,"url":"https:\/\/adfairways.net\/es\/eventos\/","url_meta":{"origin":38465,"position":1},"title":"Eventos","author":"adfschool","date":"junio 13, 2019","format":false,"excerpt":"Eventos PR\u00d3XIMOS EVENTOS ADF Flight School, ubicada en Miami, Florida, organizamos varios eventos dise\u00f1ados para futuros pilotos como t\u00fa. Estas reuniones son una excelente oportunidad para resolver todas tus dudas sobre nuestra formaci\u00f3n y el proceso para obtener tu licencia de piloto. Adem\u00e1s, todos nuestros eventos son completamente gratuitos.\u00a0\u00a1Esperamos verte\u2026","rel":"","context":"Entrada similar","block_context":{"text":"Entrada similar","link":""},"img":{"alt_text":"","src":"https:\/\/i0.wp.com\/adfairways.net\/wp-content\/uploads\/2026\/03\/Argentina-1080x1080-1-1024x1024.jpg?resize=350%2C200&ssl=1","width":350,"height":200,"srcset":"https:\/\/i0.wp.com\/adfairways.net\/wp-content\/uploads\/2026\/03\/Argentina-1080x1080-1-1024x1024.jpg?resize=350%2C200&ssl=1 1x, https:\/\/i0.wp.com\/adfairways.net\/wp-content\/uploads\/2026\/03\/Argentina-1080x1080-1-1024x1024.jpg?resize=525%2C300&ssl=1 1.5x, https:\/\/i0.wp.com\/adfairways.net\/wp-content\/uploads\/2026\/03\/Argentina-1080x1080-1-1024x1024.jpg?resize=700%2C400&ssl=1 2x"},"classes":[]},{"id":17757,"url":"https:\/\/adfairways.net\/events\/","url_meta":{"origin":38465,"position":2},"title":"Events","author":"adfschool","date":"agosto 25, 2021","format":false,"excerpt":"Events COMING EVENTS ADF Flight School, located in Miami, Florida, organizes several events designed for future pilots like you. These meetings are an excellent opportunity to answer all your questions about our training and the process to obtain your\u00a0FAA\u00a0pilot\u2019s license. Plus, all our events are completely free.We look forward to\u2026","rel":"","context":"Entrada similar","block_context":{"text":"Entrada similar","link":""},"img":{"alt_text":"","src":"https:\/\/i0.wp.com\/adfairways.net\/wp-content\/uploads\/2026\/03\/Argentina-1080x1080-1-1024x1024.jpg?resize=350%2C200&ssl=1","width":350,"height":200,"srcset":"https:\/\/i0.wp.com\/adfairways.net\/wp-content\/uploads\/2026\/03\/Argentina-1080x1080-1-1024x1024.jpg?resize=350%2C200&ssl=1 1x, https:\/\/i0.wp.com\/adfairways.net\/wp-content\/uploads\/2026\/03\/Argentina-1080x1080-1-1024x1024.jpg?resize=525%2C300&ssl=1 1.5x, https:\/\/i0.wp.com\/adfairways.net\/wp-content\/uploads\/2026\/03\/Argentina-1080x1080-1-1024x1024.jpg?resize=700%2C400&ssl=1 2x"},"classes":[]},{"id":35222,"url":"https:\/\/adfairways.net\/es\/events\/virtual-meeting-argentina-bolivia-ecuador-uruguay-and-paraguay-peru-20230615\/","url_meta":{"origin":38465,"position":3},"title":"Virtual Meeting &#8211; Argentina, Bolivia, Ecuador, Uruguay, Paraguay and Peru &#8211; June 15, 2023","author":"Ramon","date":"mayo 9, 2023","format":false,"excerpt":"Welcome! You are invited to join our meeting ADF FLIGHT SCHOOL VIRTUAL MEETING Argentina, Bolivia, Ecuador, UruguayParaguay and Peru on Thursday, June 15th, 2023.6:00 pm Ecuador, Per\u00fa7:00 pm Bolivia, Paraguay7:00 pm Miami8:00 pm Argentina, UruguayAfter registering, you will receive a confirmation email about joining the meeting. Register Ready to take\u2026","rel":"","context":"Entrada similar","block_context":{"text":"Entrada similar","link":""},"img":{"alt_text":"","src":"https:\/\/i0.wp.com\/adfairways.net\/wp-content\/uploads\/2023\/05\/Virtual-Meeting-Argentina-Bolivia-Ecuador-Uruguay-Paraguay-Peru-20230615-banner.jpg?resize=350%2C200&ssl=1","width":350,"height":200,"srcset":"https:\/\/i0.wp.com\/adfairways.net\/wp-content\/uploads\/2023\/05\/Virtual-Meeting-Argentina-Bolivia-Ecuador-Uruguay-Paraguay-Peru-20230615-banner.jpg?resize=350%2C200&ssl=1 1x, https:\/\/i0.wp.com\/adfairways.net\/wp-content\/uploads\/2023\/05\/Virtual-Meeting-Argentina-Bolivia-Ecuador-Uruguay-Paraguay-Peru-20230615-banner.jpg?resize=525%2C300&ssl=1 1.5x, https:\/\/i0.wp.com\/adfairways.net\/wp-content\/uploads\/2023\/05\/Virtual-Meeting-Argentina-Bolivia-Ecuador-Uruguay-Paraguay-Peru-20230615-banner.jpg?resize=700%2C400&ssl=1 2x, https:\/\/i0.wp.com\/adfairways.net\/wp-content\/uploads\/2023\/05\/Virtual-Meeting-Argentina-Bolivia-Ecuador-Uruguay-Paraguay-Peru-20230615-banner.jpg?resize=1050%2C600&ssl=1 3x, https:\/\/i0.wp.com\/adfairways.net\/wp-content\/uploads\/2023\/05\/Virtual-Meeting-Argentina-Bolivia-Ecuador-Uruguay-Paraguay-Peru-20230615-banner.jpg?resize=1400%2C800&ssl=1 4x"},"classes":[]},{"id":43583,"url":"https:\/\/adfairways.net\/es\/estudia-aviacion-en-ee-uu-desde-paraguay\/","url_meta":{"origin":38465,"position":4},"title":"Estudia Aviaci\u00f3n en EE.UU. desde Paraguay","author":"adfschool","date":"febrero 23, 2026","format":false,"excerpt":"\u2708\ufe0f Charla Virtual ADF Flight School \u2013 Asunci\u00f3n, Paraguay \ud83c\udf93 Convi\u00e9rtete en Piloto Comercial en Estados Unidos ADF Flight School invita a todos los interesados en convertirse en Piloto Comercial FAA a participar en esta charla virtual exclusiva para Asunci\u00f3n \u2013 Paraguay.En esta sesi\u00f3n informativa conocer\u00e1s c\u00f3mo iniciar tu formaci\u00f3n\u2026","rel":"","context":"Entrada similar","block_context":{"text":"Entrada similar","link":""},"img":{"alt_text":"","src":"https:\/\/i0.wp.com\/adfairways.net\/wp-content\/uploads\/2026\/02\/Paraguay-1080x1080-1.jpg?resize=350%2C200&ssl=1","width":350,"height":200,"srcset":"https:\/\/i0.wp.com\/adfairways.net\/wp-content\/uploads\/2026\/02\/Paraguay-1080x1080-1.jpg?resize=350%2C200&ssl=1 1x, https:\/\/i0.wp.com\/adfairways.net\/wp-content\/uploads\/2026\/02\/Paraguay-1080x1080-1.jpg?resize=525%2C300&ssl=1 1.5x, https:\/\/i0.wp.com\/adfairways.net\/wp-content\/uploads\/2026\/02\/Paraguay-1080x1080-1.jpg?resize=700%2C400&ssl=1 2x, https:\/\/i0.wp.com\/adfairways.net\/wp-content\/uploads\/2026\/02\/Paraguay-1080x1080-1.jpg?resize=1050%2C600&ssl=1 3x"},"classes":[]},{"id":41225,"url":"https:\/\/adfairways.net\/es\/charla-virtual-piloto-santiago-chile\/","url_meta":{"origin":38465,"position":5},"title":"\ud83d\udeeb \u00bfEst\u00e1s en Santiago de Chile y sue\u00f1as con ser piloto comercial?","author":"adfschool","date":"abril 14, 2025","format":false,"excerpt":"\ud83d\udee9\ufe0f ADF Flight School te invita a descubrir c\u00f3mo lograrlo desde una de las mejores escuelas de aviaci\u00f3n en Miami, Florida. \u00a1Con\u00e9ctate a nuestra charla virtual y da tu primer paso para volar alto!\u00bfQuieres estudiar aviaci\u00f3n en Estados Unidos y obtener tu licencia como piloto comercial FAA?Te esperamos en nuestra\u2026","rel":"","context":"Entrada similar","block_context":{"text":"Entrada similar","link":""},"img":{"alt_text":"Santiago de Chile y sue\u00f1as con ser piloto comercial","src":"https:\/\/i0.wp.com\/adfairways.net\/wp-content\/uploads\/2025\/04\/Santiago-de-Chile-1080x1080-1.jpg?resize=350%2C200&ssl=1","width":350,"height":200,"srcset":"https:\/\/i0.wp.com\/adfairways.net\/wp-content\/uploads\/2025\/04\/Santiago-de-Chile-1080x1080-1.jpg?resize=350%2C200&ssl=1 1x, https:\/\/i0.wp.com\/adfairways.net\/wp-content\/uploads\/2025\/04\/Santiago-de-Chile-1080x1080-1.jpg?resize=525%2C300&ssl=1 1.5x, https:\/\/i0.wp.com\/adfairways.net\/wp-content\/uploads\/2025\/04\/Santiago-de-Chile-1080x1080-1.jpg?resize=700%2C400&ssl=1 2x, https:\/\/i0.wp.com\/adfairways.net\/wp-content\/uploads\/2025\/04\/Santiago-de-Chile-1080x1080-1.jpg?resize=1050%2C600&ssl=1 3x"},"classes":[]}],"jetpack_sharing_enabled":true,"_links":{"self":[{"href":"https:\/\/adfairways.net\/es\/wp-json\/wp\/v2\/pages\/38465","targetHints":{"allow":["GET"]}}],"collection":[{"href":"https:\/\/adfairways.net\/es\/wp-json\/wp\/v2\/pages"}],"about":[{"href":"https:\/\/adfairways.net\/es\/wp-json\/wp\/v2\/types\/page"}],"author":[{"embeddable":true,"href":"https:\/\/adfairways.net\/es\/wp-json\/wp\/v2\/users\/1"}],"replies":[{"embeddable":true,"href":"https:\/\/adfairways.net\/es\/wp-json\/wp\/v2\/comments?post=38465"}],"version-history":[{"count":5,"href":"https:\/\/adfairways.net\/es\/wp-json\/wp\/v2\/pages\/38465\/revisions"}],"predecessor-version":[{"id":38477,"href":"https:\/\/adfairways.net\/es\/wp-json\/wp\/v2\/pages\/38465\/revisions\/38477"}],"up":[{"embeddable":true,"href":"https:\/\/adfairways.net\/es\/wp-json\/wp\/v2\/pages\/5442"}],"wp:featuredmedia":[{"embeddable":true,"href":"https:\/\/adfairways.net\/es\/wp-json\/wp\/v2\/media\/38469"}],"wp:attachment":[{"href":"https:\/\/adfairways.net\/es\/wp-json\/wp\/v2\/media?parent=38465"}],"curies":[{"name":"wp","href":"https:\/\/api.w.org\/{rel}","templated":true}]}}