{"id":37936,"date":"2024-05-10T14:07:36","date_gmt":"2024-05-10T19:07:36","guid":{"rendered":"https:\/\/adfairways.net\/eventos\/virtual-meeting-nicaragua-honduras-venezuela-el-salvador-may-30th\/"},"modified":"2024-05-10T14:22:54","modified_gmt":"2024-05-10T19:22:54","slug":"virtual-meeting-nicaragua-honduras-venezuela-el-salvador-may-30th","status":"publish","type":"page","link":"https:\/\/adfairways.net\/es\/eventos\/virtual-meeting-nicaragua-honduras-venezuela-el-salvador-may-30th\/","title":{"rendered":"Charla Virtual &#8211; Nicaragua, Honduras, Venezuela, El Salvador May0 30"},"content":{"rendered":"\t\t<div data-elementor-type=\"wp-post\" data-elementor-id=\"37936\" class=\"elementor elementor-37936 elementor-37913\" data-elementor-post-type=\"page\">\n\t\t\t\t\t\t<section class=\"elementor-section elementor-top-section elementor-element elementor-element-256f0f1 elementor-section-boxed elementor-section-height-default elementor-section-height-default\" data-id=\"256f0f1\" data-element_type=\"section\" data-e-type=\"section\">\n\t\t\t\t\t\t<div class=\"elementor-container elementor-column-gap-default\">\n\t\t\t\t\t<div class=\"elementor-column elementor-col-100 elementor-top-column elementor-element elementor-element-819b8c2 top column-style-top\" data-id=\"819b8c2\" data-element_type=\"column\" data-e-type=\"column\">\n\t\t\t<div class=\"elementor-widget-wrap elementor-element-populated\">\n\t\t\t\t\t\t<div class=\"elementor-element elementor-element-664ae18 elementor-widget elementor-widget-image\" data-id=\"664ae18\" data-element_type=\"widget\" data-e-type=\"widget\" data-widget_type=\"image.default\">\n\t\t\t\t<div class=\"elementor-widget-container\">\n\t\t\t\t\t\t\t\t\t\t\t\t\t\t\t<img fetchpriority=\"high\" decoding=\"async\" width=\"1680\" height=\"561\" src=\"https:\/\/adfairways.net\/wp-content\/uploads\/2024\/05\/NHVS-1680x561-1.jpg\" class=\"attachment-full size-full wp-image-37931\" alt=\"\" srcset=\"https:\/\/adfairways.net\/wp-content\/uploads\/2024\/05\/NHVS-1680x561-1.jpg 1680w, https:\/\/adfairways.net\/wp-content\/uploads\/2024\/05\/NHVS-1680x561-1-1024x342.jpg 1024w, https:\/\/adfairways.net\/wp-content\/uploads\/2024\/05\/NHVS-1680x561-1-768x256.jpg 768w, https:\/\/adfairways.net\/wp-content\/uploads\/2024\/05\/NHVS-1680x561-1-1320x441.jpg 1320w\" sizes=\"(max-width: 1680px) 100vw, 1680px\" \/>\t\t\t\t\t\t\t\t\t\t\t\t\t\t\t<\/div>\n\t\t\t\t<\/div>\n\t\t\t\t\t<\/div>\n\t\t<\/div>\n\t\t\t\t\t<\/div>\n\t\t<\/section>\n\t\t\t\t<section class=\"elementor-section elementor-top-section elementor-element elementor-element-e67ddd3 elementor-section-boxed elementor-section-height-default elementor-section-height-default\" data-id=\"e67ddd3\" data-element_type=\"section\" data-e-type=\"section\">\n\t\t\t\t\t\t<div class=\"elementor-container elementor-column-gap-default\">\n\t\t\t\t\t<div class=\"elementor-column elementor-col-16 elementor-top-column elementor-element elementor-element-217cf1a top column-style-top\" data-id=\"217cf1a\" data-element_type=\"column\" data-e-type=\"column\">\n\t\t\t<div class=\"elementor-widget-wrap\">\n\t\t\t\t\t\t\t<\/div>\n\t\t<\/div>\n\t\t\t\t<div class=\"elementor-column elementor-col-66 elementor-top-column elementor-element elementor-element-f8523be top column-style-top\" data-id=\"f8523be\" data-element_type=\"column\" data-e-type=\"column\">\n\t\t\t<div class=\"elementor-widget-wrap elementor-element-populated\">\n\t\t\t\t\t\t<div class=\"elementor-element elementor-element-551c08f elementor-widget elementor-widget-text-editor\" data-id=\"551c08f\" data-element_type=\"widget\" data-e-type=\"widget\" data-widget_type=\"text-editor.default\">\n\t\t\t\t<div class=\"elementor-widget-container\">\n\t\t\t\t\t\t\t\t\t<div class=\"x_23565122elementToProof\">\u00a1Hola! Somos ADF Flight School y nos complace saber que est\u00e1s interesado en iniciar tu carrera en aviaci\u00f3n. Es por eso que queremos invitarte a nuestra reuni\u00f3n en Zoom:<\/div>\t\t\t\t\t\t\t\t<\/div>\n\t\t\t\t<\/div>\n\t\t\t\t<div class=\"elementor-element elementor-element-a47a042 elementor-widget elementor-widget-text-editor\" data-id=\"a47a042\" data-element_type=\"widget\" data-e-type=\"widget\" data-widget_type=\"text-editor.default\">\n\t\t\t\t<div class=\"elementor-widget-container\">\n\t\t\t\t\t\t\t\t\t<div style=\"font-family: Aptos, Aptos_EmbeddedFont, Aptos_MSFontService, Calibri, Helvetica, sans-serif; font-size: 12pt; color: #000000;\"><div>Pr\u00f3ximo jueves 30 de mayo.<\/div><div>\u00a0<\/div><div>6:30 pm (hora de Nicaragua, Honduras y El Salvador)\u00a0<\/div><div>8:30 pm (hora de Venezuela y Miami)<\/div><div>\u00a0<\/div><div>Aprender\u00e1s c\u00f3mo puedes convertirte en piloto comercial y obtener tu licencia de la FAA. \u2708\ufe0f<\/div><div>\u00a0<\/div><div>Te esperamos en Zoom.<\/div><\/div>\t\t\t\t\t\t\t\t<\/div>\n\t\t\t\t<\/div>\n\t\t\t\t<div class=\"elementor-element elementor-element-ef2d3d7 elementor-align-center elementor-widget elementor-widget-button\" data-id=\"ef2d3d7\" data-element_type=\"widget\" data-e-type=\"widget\" data-widget_type=\"button.default\">\n\t\t\t\t<div class=\"elementor-widget-container\">\n\t\t\t\t\t\t\t\t\t<div class=\"elementor-button-wrapper\">\n\t\t\t\t\t<a class=\"elementor-button elementor-button-link elementor-size-xl\" href=\"https:\/\/us06web.zoom.us\/meeting\/register\/tZIlcOGsqzovH9RSc629Odqyfwf9-7cN4evE\">\n\t\t\t\t\t\t<span class=\"elementor-button-content-wrapper\">\n\t\t\t\t\t\t<span class=\"elementor-button-icon\">\n\t\t\t\t<i aria-hidden=\"true\" class=\"icon icon-video-camera\"><\/i>\t\t\t<\/span>\n\t\t\t\t\t\t\t\t\t<span class=\"elementor-button-text\">Registrar<\/span>\n\t\t\t\t\t<\/span>\n\t\t\t\t\t<\/a>\n\t\t\t\t<\/div>\n\t\t\t\t\t\t\t\t<\/div>\n\t\t\t\t<\/div>\n\t\t\t\t\t<\/div>\n\t\t<\/div>\n\t\t\t\t<div class=\"elementor-column elementor-col-16 elementor-top-column elementor-element elementor-element-87be209 top column-style-top\" data-id=\"87be209\" data-element_type=\"column\" data-e-type=\"column\">\n\t\t\t<div class=\"elementor-widget-wrap\">\n\t\t\t\t\t\t\t<\/div>\n\t\t<\/div>\n\t\t\t\t\t<\/div>\n\t\t<\/section>\n\t\t\t\t<\/div>\n\t\t","protected":false},"excerpt":{"rendered":"<p>\u00a1Hola! Somos ADF Flight School y nos complace saber que est\u00e1s interesado en iniciar tu carrera en aviaci\u00f3n. Es por eso que queremos invitarte a nuestra reuni\u00f3n en Zoom:Pr\u00f3ximo jueves 30 de mayo.\u00a06:30 pm (hora de Nicaragua, Honduras y El Salvador)\u00a08:30 pm (hora de Venezuela y Miami)\u00a0Aprender\u00e1s c\u00f3mo puedes convertirte en piloto comercial y obtener [&hellip;]<\/p>\n","protected":false},"author":1,"featured_media":37923,"parent":5442,"menu_order":0,"comment_status":"closed","ping_status":"closed","template":"","meta":{"footnotes":""},"class_list":["post-37936","page","type-page","status-publish","has-post-thumbnail","hentry"],"jetpack-related-posts":[{"id":37913,"url":"https:\/\/adfairways.net\/events\/virtual-meeting-nicaragua-honduras-venezuela-el-salvador-may-30th\/","url_meta":{"origin":37936,"position":0},"title":"Virtual meeting &#8211; Nicaragua, Honduras, Venezuela, El Salvador May 30th","author":"adfschool","date":"mayo 10, 2024","format":false,"excerpt":"Hello! We are ADF Flight School and we are pleased to know that you are interested in starting your career in aviation. That's why we want to invite you to our Zoom meeting:Next Thursday, May 30th.\u00a06:30 pm (Nicaragua, Honduras, and El Salvador time)8:30 pm (Venezuela and Miami time)\u00a0You will learn\u2026","rel":"","context":"Entrada similar","block_context":{"text":"Entrada similar","link":""},"img":{"alt_text":"","src":"https:\/\/i0.wp.com\/adfairways.net\/wp-content\/uploads\/2024\/05\/NHVS-1080x1080-english.jpg?resize=350%2C200&ssl=1","width":350,"height":200,"srcset":"https:\/\/i0.wp.com\/adfairways.net\/wp-content\/uploads\/2024\/05\/NHVS-1080x1080-english.jpg?resize=350%2C200&ssl=1 1x, https:\/\/i0.wp.com\/adfairways.net\/wp-content\/uploads\/2024\/05\/NHVS-1080x1080-english.jpg?resize=525%2C300&ssl=1 1.5x, https:\/\/i0.wp.com\/adfairways.net\/wp-content\/uploads\/2024\/05\/NHVS-1080x1080-english.jpg?resize=700%2C400&ssl=1 2x, https:\/\/i0.wp.com\/adfairways.net\/wp-content\/uploads\/2024\/05\/NHVS-1080x1080-english.jpg?resize=1050%2C600&ssl=1 3x"},"classes":[]},{"id":39030,"url":"https:\/\/adfairways.net\/es\/piloto-comercial-faa-charla-virtual-sv-hn-ni-ve-miami\/","url_meta":{"origin":37936,"position":1},"title":"Piloto Comercial con Licencia FAA charla virtual sv-hn-ni-ve-miami","author":"adfschool","date":"septiembre 23, 2024","format":false,"excerpt":"\u00a1Convi\u00e9rtete en piloto comercial! Charla virtual El Salvador Honduras Nicaragua Venezuela Miami Estudia en la escuela de aviaci\u00f3n en Miami con ADF Flight School.\u00danete a nuestra reuni\u00f3n por Zoom el 17 de octubre.\u00a0\u00a1Te esperamos!Somos ADF Flight School Miami y estamos emocionados de que est\u00e9s interesado en iniciar tu carrera como\u2026","rel":"","context":"Entrada similar","block_context":{"text":"Entrada similar","link":""},"img":{"alt_text":"","src":"https:\/\/i0.wp.com\/adfairways.net\/wp-content\/uploads\/2024\/09\/NHVS-1080x1080-1.jpg?resize=350%2C200&ssl=1","width":350,"height":200,"srcset":"https:\/\/i0.wp.com\/adfairways.net\/wp-content\/uploads\/2024\/09\/NHVS-1080x1080-1.jpg?resize=350%2C200&ssl=1 1x, https:\/\/i0.wp.com\/adfairways.net\/wp-content\/uploads\/2024\/09\/NHVS-1080x1080-1.jpg?resize=525%2C300&ssl=1 1.5x, https:\/\/i0.wp.com\/adfairways.net\/wp-content\/uploads\/2024\/09\/NHVS-1080x1080-1.jpg?resize=700%2C400&ssl=1 2x, https:\/\/i0.wp.com\/adfairways.net\/wp-content\/uploads\/2024\/09\/NHVS-1080x1080-1.jpg?resize=1050%2C600&ssl=1 3x"},"classes":[]},{"id":5442,"url":"https:\/\/adfairways.net\/es\/eventos\/","url_meta":{"origin":37936,"position":2},"title":"Eventos","author":"adfschool","date":"junio 13, 2019","format":false,"excerpt":"Eventos PR\u00d3XIMOS EVENTOS ADF Flight School, ubicada en Miami, Florida, organizamos varios eventos dise\u00f1ados para futuros pilotos como t\u00fa. Estas reuniones son una excelente oportunidad para resolver todas tus dudas sobre nuestra formaci\u00f3n y el proceso para obtener tu licencia de piloto. Adem\u00e1s, todos nuestros eventos son completamente gratuitos.\u00a0\u00a1Esperamos verte\u2026","rel":"","context":"Entrada similar","block_context":{"text":"Entrada similar","link":""},"img":{"alt_text":"","src":"https:\/\/i0.wp.com\/adfairways.net\/wp-content\/uploads\/2026\/03\/Argentina-1080x1080-1-1024x1024.jpg?resize=350%2C200&ssl=1","width":350,"height":200,"srcset":"https:\/\/i0.wp.com\/adfairways.net\/wp-content\/uploads\/2026\/03\/Argentina-1080x1080-1-1024x1024.jpg?resize=350%2C200&ssl=1 1x, https:\/\/i0.wp.com\/adfairways.net\/wp-content\/uploads\/2026\/03\/Argentina-1080x1080-1-1024x1024.jpg?resize=525%2C300&ssl=1 1.5x, https:\/\/i0.wp.com\/adfairways.net\/wp-content\/uploads\/2026\/03\/Argentina-1080x1080-1-1024x1024.jpg?resize=700%2C400&ssl=1 2x"},"classes":[]},{"id":41258,"url":"https:\/\/adfairways.net\/es\/charla-virtual-piloto-tegucigalpa-honduras-8-mayo-2025\/","url_meta":{"origin":37936,"position":3},"title":"Charla virtual &#8211; Tegucigalpa, Honduras","author":"adfschool","date":"abril 14, 2025","format":false,"excerpt":"\u2708\ufe0f \u00bfQuieres ser piloto comercial y estudiar en Miami? \u00a1ADF Flight School te ayuda a despegar tu carrera! Si vives en Tegucigalpa, Honduras y sue\u00f1as con una carrera en la aviaci\u00f3n comercial, ADF Flight School, escuela de aviaci\u00f3n en Miami certificada por la FAA, te invita a una charla virtual\u2026","rel":"","context":"Entrada similar","block_context":{"text":"Entrada similar","link":""},"img":{"alt_text":"","src":"https:\/\/i0.wp.com\/adfairways.net\/wp-content\/uploads\/2025\/04\/Tegucigalpa-1080x1080-1.jpg?resize=350%2C200&ssl=1","width":350,"height":200,"srcset":"https:\/\/i0.wp.com\/adfairways.net\/wp-content\/uploads\/2025\/04\/Tegucigalpa-1080x1080-1.jpg?resize=350%2C200&ssl=1 1x, https:\/\/i0.wp.com\/adfairways.net\/wp-content\/uploads\/2025\/04\/Tegucigalpa-1080x1080-1.jpg?resize=525%2C300&ssl=1 1.5x, https:\/\/i0.wp.com\/adfairways.net\/wp-content\/uploads\/2025\/04\/Tegucigalpa-1080x1080-1.jpg?resize=700%2C400&ssl=1 2x, https:\/\/i0.wp.com\/adfairways.net\/wp-content\/uploads\/2025\/04\/Tegucigalpa-1080x1080-1.jpg?resize=1050%2C600&ssl=1 3x"},"classes":[]},{"id":42011,"url":"https:\/\/adfairways.net\/es\/charla-piloto-san-salvador\/","url_meta":{"origin":37936,"position":4},"title":"Charla Virtual San Salvador, El Salvador","author":"adfschool","date":"mayo 27, 2025","format":false,"excerpt":"\u2708\ufe0f \u00bfVives en San Salvador y sue\u00f1as con ser piloto comercial? \ud83c\udf0d \u00a1Imagina trabajar para aerol\u00edneas alrededor del mundo y formarte como piloto en Estados Unidos! En ADF Flight School, escuela de aviaci\u00f3n ubicada en Miami, Florida y certificada por la FAA, te ense\u00f1amos c\u00f3mo hacerlo realidad. \ud83c\udf93 Te guiamos\u2026","rel":"","context":"Entrada similar","block_context":{"text":"Entrada similar","link":""},"img":{"alt_text":"","src":"https:\/\/i0.wp.com\/adfairways.net\/wp-content\/uploads\/2025\/05\/San-Salvador-1080x1080-1.jpg?resize=350%2C200&ssl=1","width":350,"height":200,"srcset":"https:\/\/i0.wp.com\/adfairways.net\/wp-content\/uploads\/2025\/05\/San-Salvador-1080x1080-1.jpg?resize=350%2C200&ssl=1 1x, https:\/\/i0.wp.com\/adfairways.net\/wp-content\/uploads\/2025\/05\/San-Salvador-1080x1080-1.jpg?resize=525%2C300&ssl=1 1.5x, https:\/\/i0.wp.com\/adfairways.net\/wp-content\/uploads\/2025\/05\/San-Salvador-1080x1080-1.jpg?resize=700%2C400&ssl=1 2x, https:\/\/i0.wp.com\/adfairways.net\/wp-content\/uploads\/2025\/05\/San-Salvador-1080x1080-1.jpg?resize=1050%2C600&ssl=1 3x"},"classes":[]},{"id":17757,"url":"https:\/\/adfairways.net\/events\/","url_meta":{"origin":37936,"position":5},"title":"Events","author":"adfschool","date":"agosto 25, 2021","format":false,"excerpt":"Events COMING EVENTS ADF Flight School, located in Miami, Florida, organizes several events designed for future pilots like you. These meetings are an excellent opportunity to answer all your questions about our training and the process to obtain your\u00a0FAA\u00a0pilot\u2019s license. Plus, all our events are completely free.We look forward to\u2026","rel":"","context":"Entrada similar","block_context":{"text":"Entrada similar","link":""},"img":{"alt_text":"","src":"https:\/\/i0.wp.com\/adfairways.net\/wp-content\/uploads\/2026\/03\/Argentina-1080x1080-1-1024x1024.jpg?resize=350%2C200&ssl=1","width":350,"height":200,"srcset":"https:\/\/i0.wp.com\/adfairways.net\/wp-content\/uploads\/2026\/03\/Argentina-1080x1080-1-1024x1024.jpg?resize=350%2C200&ssl=1 1x, https:\/\/i0.wp.com\/adfairways.net\/wp-content\/uploads\/2026\/03\/Argentina-1080x1080-1-1024x1024.jpg?resize=525%2C300&ssl=1 1.5x, https:\/\/i0.wp.com\/adfairways.net\/wp-content\/uploads\/2026\/03\/Argentina-1080x1080-1-1024x1024.jpg?resize=700%2C400&ssl=1 2x"},"classes":[]}],"jetpack_sharing_enabled":true,"_links":{"self":[{"href":"https:\/\/adfairways.net\/es\/wp-json\/wp\/v2\/pages\/37936","targetHints":{"allow":["GET"]}}],"collection":[{"href":"https:\/\/adfairways.net\/es\/wp-json\/wp\/v2\/pages"}],"about":[{"href":"https:\/\/adfairways.net\/es\/wp-json\/wp\/v2\/types\/page"}],"author":[{"embeddable":true,"href":"https:\/\/adfairways.net\/es\/wp-json\/wp\/v2\/users\/1"}],"replies":[{"embeddable":true,"href":"https:\/\/adfairways.net\/es\/wp-json\/wp\/v2\/comments?post=37936"}],"version-history":[{"count":4,"href":"https:\/\/adfairways.net\/es\/wp-json\/wp\/v2\/pages\/37936\/revisions"}],"predecessor-version":[{"id":37940,"href":"https:\/\/adfairways.net\/es\/wp-json\/wp\/v2\/pages\/37936\/revisions\/37940"}],"up":[{"embeddable":true,"href":"https:\/\/adfairways.net\/es\/wp-json\/wp\/v2\/pages\/5442"}],"wp:featuredmedia":[{"embeddable":true,"href":"https:\/\/adfairways.net\/es\/wp-json\/wp\/v2\/media\/37923"}],"wp:attachment":[{"href":"https:\/\/adfairways.net\/es\/wp-json\/wp\/v2\/media?parent=37936"}],"curies":[{"name":"wp","href":"https:\/\/api.w.org\/{rel}","templated":true}]}}