{"id":37294,"date":"2024-03-07T15:46:02","date_gmt":"2024-03-07T20:46:02","guid":{"rendered":"https:\/\/adfairways.net\/?page_id=37294"},"modified":"2024-03-07T16:19:43","modified_gmt":"2024-03-07T21:19:43","slug":"virtual-argentina-thursday-march-21","status":"publish","type":"page","link":"https:\/\/adfairways.net\/es\/eventos\/virtual-argentina-thursday-march-21\/","title":{"rendered":"Charla Virtual &#8211; Argentina &#8211; Jueves  21 de Marzo"},"content":{"rendered":"\t\t<div data-elementor-type=\"wp-post\" data-elementor-id=\"37294\" class=\"elementor elementor-37294\" data-elementor-post-type=\"page\">\n\t\t\t\t\t\t<section class=\"elementor-section elementor-top-section elementor-element elementor-element-256f0f1 elementor-section-boxed elementor-section-height-default elementor-section-height-default\" data-id=\"256f0f1\" data-element_type=\"section\" data-e-type=\"section\">\n\t\t\t\t\t\t<div class=\"elementor-container elementor-column-gap-default\">\n\t\t\t\t\t<div class=\"elementor-column elementor-col-100 elementor-top-column elementor-element elementor-element-819b8c2 top column-style-top\" data-id=\"819b8c2\" data-element_type=\"column\" data-e-type=\"column\">\n\t\t\t<div class=\"elementor-widget-wrap elementor-element-populated\">\n\t\t\t\t\t\t<div class=\"elementor-element elementor-element-664ae18 elementor-widget elementor-widget-image\" data-id=\"664ae18\" data-element_type=\"widget\" data-e-type=\"widget\" data-widget_type=\"image.default\">\n\t\t\t\t<div class=\"elementor-widget-container\">\n\t\t\t\t\t\t\t\t\t\t\t\t\t\t\t<img fetchpriority=\"high\" decoding=\"async\" width=\"1680\" height=\"561\" src=\"https:\/\/adfairways.net\/wp-content\/uploads\/2024\/03\/Argentina-1680x561-1.jpg\" class=\"attachment-full size-full wp-image-37308\" alt=\"\" srcset=\"https:\/\/adfairways.net\/wp-content\/uploads\/2024\/03\/Argentina-1680x561-1.jpg 1680w, https:\/\/adfairways.net\/wp-content\/uploads\/2024\/03\/Argentina-1680x561-1-1024x342.jpg 1024w, https:\/\/adfairways.net\/wp-content\/uploads\/2024\/03\/Argentina-1680x561-1-768x256.jpg 768w, https:\/\/adfairways.net\/wp-content\/uploads\/2024\/03\/Argentina-1680x561-1-1320x441.jpg 1320w\" sizes=\"(max-width: 1680px) 100vw, 1680px\" \/>\t\t\t\t\t\t\t\t\t\t\t\t\t\t\t<\/div>\n\t\t\t\t<\/div>\n\t\t\t\t\t<\/div>\n\t\t<\/div>\n\t\t\t\t\t<\/div>\n\t\t<\/section>\n\t\t\t\t<section class=\"elementor-section elementor-top-section elementor-element elementor-element-e67ddd3 elementor-section-boxed elementor-section-height-default elementor-section-height-default\" data-id=\"e67ddd3\" data-element_type=\"section\" data-e-type=\"section\">\n\t\t\t\t\t\t<div class=\"elementor-container elementor-column-gap-default\">\n\t\t\t\t\t<div class=\"elementor-column elementor-col-16 elementor-top-column elementor-element elementor-element-217cf1a top column-style-top\" data-id=\"217cf1a\" data-element_type=\"column\" data-e-type=\"column\">\n\t\t\t<div class=\"elementor-widget-wrap\">\n\t\t\t\t\t\t\t<\/div>\n\t\t<\/div>\n\t\t\t\t<div class=\"elementor-column elementor-col-66 elementor-top-column elementor-element elementor-element-f8523be top column-style-top\" data-id=\"f8523be\" data-element_type=\"column\" data-e-type=\"column\">\n\t\t\t<div class=\"elementor-widget-wrap elementor-element-populated\">\n\t\t\t\t\t\t<div class=\"elementor-element elementor-element-551c08f elementor-widget elementor-widget-text-editor\" data-id=\"551c08f\" data-element_type=\"widget\" data-e-type=\"widget\" data-widget_type=\"text-editor.default\">\n\t\t\t\t<div class=\"elementor-widget-container\">\n\t\t\t\t\t\t\t\t\t<p><strong>\u00a1Hola!<\/strong> Somos <strong>ADF Flight School<\/strong> y nos complace saber que est\u00e1s interesado en iniciar tu carrera en aviaci\u00f3n. Es por eso que queremos invitarte a nuestra reuni\u00f3n en Zoom:<\/p>\t\t\t\t\t\t\t\t<\/div>\n\t\t\t\t<\/div>\n\t\t\t\t<div class=\"elementor-element elementor-element-cb468ce elementor-widget elementor-widget-text-editor\" data-id=\"cb468ce\" data-element_type=\"widget\" data-e-type=\"widget\" data-widget_type=\"text-editor.default\">\n\t\t\t\t<div class=\"elementor-widget-container\">\n\t\t\t\t\t\t\t\t\t<div>Pr\u00f3ximo jueves 21 de marzo.<\/div><div>\u00a0<\/div><div>6:00 pm (hora de Argentina)<\/div><div>4:00 pm (hora local de Miami)<\/div><div>\u00a0<\/div><div>Aprender\u00e1s c\u00f3mo puedes convertirte en piloto comercial y obtener tu licencia de la FAA. \u2708\ufe0f<\/div><div>\u00a0<\/div><div>Te esperamos en Zoom.<\/div>\t\t\t\t\t\t\t\t<\/div>\n\t\t\t\t<\/div>\n\t\t\t\t<div class=\"elementor-element elementor-element-ef2d3d7 elementor-align-center elementor-widget elementor-widget-button\" data-id=\"ef2d3d7\" data-element_type=\"widget\" data-e-type=\"widget\" data-widget_type=\"button.default\">\n\t\t\t\t<div class=\"elementor-widget-container\">\n\t\t\t\t\t\t\t\t\t<div class=\"elementor-button-wrapper\">\n\t\t\t\t\t<a class=\"elementor-button elementor-button-link elementor-size-xl\" href=\"https:\/\/us06web.zoom.us\/meeting\/register\/tZMpc-CurjwtGNxB3uzvTeUX4dOtlxJxGaXE\">\n\t\t\t\t\t\t<span class=\"elementor-button-content-wrapper\">\n\t\t\t\t\t\t<span class=\"elementor-button-icon\">\n\t\t\t\t<i aria-hidden=\"true\" class=\"icon icon-video-camera\"><\/i>\t\t\t<\/span>\n\t\t\t\t\t\t\t\t\t<span class=\"elementor-button-text\">Register<\/span>\n\t\t\t\t\t<\/span>\n\t\t\t\t\t<\/a>\n\t\t\t\t<\/div>\n\t\t\t\t\t\t\t\t<\/div>\n\t\t\t\t<\/div>\n\t\t\t\t\t<\/div>\n\t\t<\/div>\n\t\t\t\t<div class=\"elementor-column elementor-col-16 elementor-top-column elementor-element elementor-element-87be209 top column-style-top\" data-id=\"87be209\" data-element_type=\"column\" data-e-type=\"column\">\n\t\t\t<div class=\"elementor-widget-wrap\">\n\t\t\t\t\t\t\t<\/div>\n\t\t<\/div>\n\t\t\t\t\t<\/div>\n\t\t<\/section>\n\t\t\t\t<\/div>\n\t\t","protected":false},"excerpt":{"rendered":"<p>\u00a1Hola! Somos ADF Flight School y nos complace saber que est\u00e1s interesado en iniciar tu carrera en aviaci\u00f3n. Es por eso que queremos invitarte a nuestra reuni\u00f3n en Zoom: Pr\u00f3ximo jueves 21 de marzo.\u00a06:00 pm (hora de Argentina)4:00 pm (hora local de Miami)\u00a0Aprender\u00e1s c\u00f3mo puedes convertirte en piloto comercial y obtener tu licencia de la [&hellip;]<\/p>\n","protected":false},"author":1,"featured_media":37301,"parent":5442,"menu_order":0,"comment_status":"closed","ping_status":"closed","template":"","meta":{"footnotes":""},"class_list":["post-37294","page","type-page","status-publish","has-post-thumbnail","hentry"],"jetpack-related-posts":[{"id":41258,"url":"https:\/\/adfairways.net\/es\/charla-virtual-piloto-tegucigalpa-honduras-8-mayo-2025\/","url_meta":{"origin":37294,"position":0},"title":"Charla virtual &#8211; Tegucigalpa, Honduras","author":"adfschool","date":"abril 14, 2025","format":false,"excerpt":"\u2708\ufe0f \u00bfQuieres ser piloto comercial y estudiar en Miami? \u00a1ADF Flight School te ayuda a despegar tu carrera! Si vives en Tegucigalpa, Honduras y sue\u00f1as con una carrera en la aviaci\u00f3n comercial, ADF Flight School, escuela de aviaci\u00f3n en Miami certificada por la FAA, te invita a una charla virtual\u2026","rel":"","context":"Entrada similar","block_context":{"text":"Entrada similar","link":""},"img":{"alt_text":"","src":"https:\/\/i0.wp.com\/adfairways.net\/wp-content\/uploads\/2025\/04\/Tegucigalpa-1080x1080-1.jpg?resize=350%2C200&ssl=1","width":350,"height":200,"srcset":"https:\/\/i0.wp.com\/adfairways.net\/wp-content\/uploads\/2025\/04\/Tegucigalpa-1080x1080-1.jpg?resize=350%2C200&ssl=1 1x, https:\/\/i0.wp.com\/adfairways.net\/wp-content\/uploads\/2025\/04\/Tegucigalpa-1080x1080-1.jpg?resize=525%2C300&ssl=1 1.5x, https:\/\/i0.wp.com\/adfairways.net\/wp-content\/uploads\/2025\/04\/Tegucigalpa-1080x1080-1.jpg?resize=700%2C400&ssl=1 2x, https:\/\/i0.wp.com\/adfairways.net\/wp-content\/uploads\/2025\/04\/Tegucigalpa-1080x1080-1.jpg?resize=1050%2C600&ssl=1 3x"},"classes":[]},{"id":42561,"url":"https:\/\/adfairways.net\/es\/charla-virtual-piloto-comercial-santiago-chile\/","url_meta":{"origin":37294,"position":1},"title":"Charla Virtual Piloto Comercial Santiago, Chile","author":"adfschool","date":"julio 30, 2025","format":false,"excerpt":"\u00a1Haz despegar tu carrera como piloto Comercial! \u2708\ufe0f \u00a1Bienvenidos a bordo, Santiago de Chile! Resides en Santiago o en cualquier ciudad de Chile y sue\u00f1a con ser piloto comercial, te invitamos\u00a0 este jueves 28 de agosto a las 7:00 p.m. te contaremos todo sobre nuestra formaci\u00f3n en Miami, los pasos\u2026","rel":"","context":"Entrada similar","block_context":{"text":"Entrada similar","link":""},"img":{"alt_text":"","src":"https:\/\/i0.wp.com\/adfairways.net\/wp-content\/uploads\/2025\/07\/Santiago-1080x1080-1.jpg?resize=350%2C200&ssl=1","width":350,"height":200,"srcset":"https:\/\/i0.wp.com\/adfairways.net\/wp-content\/uploads\/2025\/07\/Santiago-1080x1080-1.jpg?resize=350%2C200&ssl=1 1x, https:\/\/i0.wp.com\/adfairways.net\/wp-content\/uploads\/2025\/07\/Santiago-1080x1080-1.jpg?resize=525%2C300&ssl=1 1.5x, https:\/\/i0.wp.com\/adfairways.net\/wp-content\/uploads\/2025\/07\/Santiago-1080x1080-1.jpg?resize=700%2C400&ssl=1 2x, https:\/\/i0.wp.com\/adfairways.net\/wp-content\/uploads\/2025\/07\/Santiago-1080x1080-1.jpg?resize=1050%2C600&ssl=1 3x"},"classes":[]},{"id":42011,"url":"https:\/\/adfairways.net\/es\/charla-piloto-san-salvador\/","url_meta":{"origin":37294,"position":2},"title":"Charla Virtual San Salvador, El Salvador","author":"adfschool","date":"mayo 27, 2025","format":false,"excerpt":"\u2708\ufe0f \u00bfVives en San Salvador y sue\u00f1as con ser piloto comercial? \ud83c\udf0d \u00a1Imagina trabajar para aerol\u00edneas alrededor del mundo y formarte como piloto en Estados Unidos! En ADF Flight School, escuela de aviaci\u00f3n ubicada en Miami, Florida y certificada por la FAA, te ense\u00f1amos c\u00f3mo hacerlo realidad. \ud83c\udf93 Te guiamos\u2026","rel":"","context":"Entrada similar","block_context":{"text":"Entrada similar","link":""},"img":{"alt_text":"","src":"https:\/\/i0.wp.com\/adfairways.net\/wp-content\/uploads\/2025\/05\/San-Salvador-1080x1080-1.jpg?resize=350%2C200&ssl=1","width":350,"height":200,"srcset":"https:\/\/i0.wp.com\/adfairways.net\/wp-content\/uploads\/2025\/05\/San-Salvador-1080x1080-1.jpg?resize=350%2C200&ssl=1 1x, https:\/\/i0.wp.com\/adfairways.net\/wp-content\/uploads\/2025\/05\/San-Salvador-1080x1080-1.jpg?resize=525%2C300&ssl=1 1.5x, https:\/\/i0.wp.com\/adfairways.net\/wp-content\/uploads\/2025\/05\/San-Salvador-1080x1080-1.jpg?resize=700%2C400&ssl=1 2x, https:\/\/i0.wp.com\/adfairways.net\/wp-content\/uploads\/2025\/05\/San-Salvador-1080x1080-1.jpg?resize=1050%2C600&ssl=1 3x"},"classes":[]},{"id":41087,"url":"https:\/\/adfairways.net\/es\/piloto-comercial-miami-mexico-panama-colombia\/","url_meta":{"origin":37294,"position":3},"title":"\u00bfQuieres ser piloto comercial y estudiar en Miami? Descubre ADF Airways","author":"adfschool","date":"abril 1, 2025","format":false,"excerpt":"\u00a1Tu sue\u00f1o de volar comienza aqu\u00ed!\u200b \u00a1ADF Flight School te trae una charla virtual exclusiva para guiarte en el proceso! \ud83c\udfa4\ud83d\ude80\u200b Si vives en M\u00e9xico, Panam\u00e1 o Colombia y sue\u00f1as con una carrera en la aviaci\u00f3n comercial, esta es tu oportunidad. ADF Airways, la escuela de aviaci\u00f3n en Miami con\u2026","rel":"","context":"Entrada similar","block_context":{"text":"Entrada similar","link":""},"img":{"alt_text":"","src":"https:\/\/i0.wp.com\/adfairways.net\/wp-content\/uploads\/2025\/04\/MCP-1080x1080-1.jpg?resize=350%2C200&ssl=1","width":350,"height":200,"srcset":"https:\/\/i0.wp.com\/adfairways.net\/wp-content\/uploads\/2025\/04\/MCP-1080x1080-1.jpg?resize=350%2C200&ssl=1 1x, https:\/\/i0.wp.com\/adfairways.net\/wp-content\/uploads\/2025\/04\/MCP-1080x1080-1.jpg?resize=525%2C300&ssl=1 1.5x, https:\/\/i0.wp.com\/adfairways.net\/wp-content\/uploads\/2025\/04\/MCP-1080x1080-1.jpg?resize=700%2C400&ssl=1 2x, https:\/\/i0.wp.com\/adfairways.net\/wp-content\/uploads\/2025\/04\/MCP-1080x1080-1.jpg?resize=1050%2C600&ssl=1 3x"},"classes":[]},{"id":43583,"url":"https:\/\/adfairways.net\/es\/estudia-aviacion-en-ee-uu-desde-paraguay\/","url_meta":{"origin":37294,"position":4},"title":"Estudia Aviaci\u00f3n en EE.UU. desde Paraguay","author":"adfschool","date":"febrero 23, 2026","format":false,"excerpt":"\u2708\ufe0f Charla Virtual ADF Flight School \u2013 Asunci\u00f3n, Paraguay \ud83c\udf93 Convi\u00e9rtete en Piloto Comercial en Estados Unidos ADF Flight School invita a todos los interesados en convertirse en Piloto Comercial FAA a participar en esta charla virtual exclusiva para Asunci\u00f3n \u2013 Paraguay.En esta sesi\u00f3n informativa conocer\u00e1s c\u00f3mo iniciar tu formaci\u00f3n\u2026","rel":"","context":"Entrada similar","block_context":{"text":"Entrada similar","link":""},"img":{"alt_text":"","src":"https:\/\/i0.wp.com\/adfairways.net\/wp-content\/uploads\/2026\/02\/Paraguay-1080x1080-1.jpg?resize=350%2C200&ssl=1","width":350,"height":200,"srcset":"https:\/\/i0.wp.com\/adfairways.net\/wp-content\/uploads\/2026\/02\/Paraguay-1080x1080-1.jpg?resize=350%2C200&ssl=1 1x, https:\/\/i0.wp.com\/adfairways.net\/wp-content\/uploads\/2026\/02\/Paraguay-1080x1080-1.jpg?resize=525%2C300&ssl=1 1.5x, https:\/\/i0.wp.com\/adfairways.net\/wp-content\/uploads\/2026\/02\/Paraguay-1080x1080-1.jpg?resize=700%2C400&ssl=1 2x, https:\/\/i0.wp.com\/adfairways.net\/wp-content\/uploads\/2026\/02\/Paraguay-1080x1080-1.jpg?resize=1050%2C600&ssl=1 3x"},"classes":[]},{"id":43665,"url":"https:\/\/adfairways.net\/es\/charla-presencial-en-cuenca\/","url_meta":{"origin":37294,"position":5},"title":"Charla presencial en Cuenca | Formaci\u00f3n de pilotos","author":"adfschool","date":"febrero 25, 2026","format":false,"excerpt":"\u00bfSue\u00f1as con ser piloto comercial y trabajar en aerol\u00edneas internacionales? Charla presencial en Cuenca, Ecuador \u2014 21 de marzo, 10:00 a.m. Charla presencial gratuita \u2014 \u00a1Cupo limitado!ADF Flight School invita a estudiantes y personas interesadas en la aviaci\u00f3n a una charla presencial en Cuenca, Azuay, Ecuador. En esta sesi\u00f3n conocer\u00e1\u2026","rel":"","context":"Entrada similar","block_context":{"text":"Entrada similar","link":""},"img":{"alt_text":"","src":"https:\/\/i0.wp.com\/adfairways.net\/wp-content\/uploads\/2026\/02\/Cuenca-Ecuador-1080x1080-1.jpg?resize=350%2C200&ssl=1","width":350,"height":200,"srcset":"https:\/\/i0.wp.com\/adfairways.net\/wp-content\/uploads\/2026\/02\/Cuenca-Ecuador-1080x1080-1.jpg?resize=350%2C200&ssl=1 1x, https:\/\/i0.wp.com\/adfairways.net\/wp-content\/uploads\/2026\/02\/Cuenca-Ecuador-1080x1080-1.jpg?resize=525%2C300&ssl=1 1.5x, https:\/\/i0.wp.com\/adfairways.net\/wp-content\/uploads\/2026\/02\/Cuenca-Ecuador-1080x1080-1.jpg?resize=700%2C400&ssl=1 2x, https:\/\/i0.wp.com\/adfairways.net\/wp-content\/uploads\/2026\/02\/Cuenca-Ecuador-1080x1080-1.jpg?resize=1050%2C600&ssl=1 3x"},"classes":[]}],"jetpack_sharing_enabled":true,"_links":{"self":[{"href":"https:\/\/adfairways.net\/es\/wp-json\/wp\/v2\/pages\/37294","targetHints":{"allow":["GET"]}}],"collection":[{"href":"https:\/\/adfairways.net\/es\/wp-json\/wp\/v2\/pages"}],"about":[{"href":"https:\/\/adfairways.net\/es\/wp-json\/wp\/v2\/types\/page"}],"author":[{"embeddable":true,"href":"https:\/\/adfairways.net\/es\/wp-json\/wp\/v2\/users\/1"}],"replies":[{"embeddable":true,"href":"https:\/\/adfairways.net\/es\/wp-json\/wp\/v2\/comments?post=37294"}],"version-history":[{"count":18,"href":"https:\/\/adfairways.net\/es\/wp-json\/wp\/v2\/pages\/37294\/revisions"}],"predecessor-version":[{"id":37343,"href":"https:\/\/adfairways.net\/es\/wp-json\/wp\/v2\/pages\/37294\/revisions\/37343"}],"up":[{"embeddable":true,"href":"https:\/\/adfairways.net\/es\/wp-json\/wp\/v2\/pages\/5442"}],"wp:featuredmedia":[{"embeddable":true,"href":"https:\/\/adfairways.net\/es\/wp-json\/wp\/v2\/media\/37301"}],"wp:attachment":[{"href":"https:\/\/adfairways.net\/es\/wp-json\/wp\/v2\/media?parent=37294"}],"curies":[{"name":"wp","href":"https:\/\/api.w.org\/{rel}","templated":true}]}}