{"id":36975,"date":"2024-01-26T10:39:09","date_gmt":"2024-01-26T15:39:09","guid":{"rendered":"https:\/\/adfairways.net\/eventos\/virtual-panama-thursday-february-22nd\/"},"modified":"2024-01-26T10:52:22","modified_gmt":"2024-01-26T15:52:22","slug":"virtual-panama-feb-22","status":"publish","type":"page","link":"https:\/\/adfairways.net\/es\/eventos\/virtual-panama-feb-22\/","title":{"rendered":"Charla Virtual &#8211; Panam\u00e1 &#8211; jueves, 22 Febrero"},"content":{"rendered":"\t\t<div data-elementor-type=\"wp-post\" data-elementor-id=\"36975\" class=\"elementor elementor-36975 elementor-36968\" data-elementor-post-type=\"page\">\n\t\t\t\t\t\t<section class=\"elementor-section elementor-top-section elementor-element elementor-element-256f0f1 elementor-section-boxed elementor-section-height-default elementor-section-height-default\" data-id=\"256f0f1\" data-element_type=\"section\" data-e-type=\"section\">\n\t\t\t\t\t\t<div class=\"elementor-container elementor-column-gap-default\">\n\t\t\t\t\t<div class=\"elementor-column elementor-col-100 elementor-top-column elementor-element elementor-element-819b8c2 top column-style-top\" data-id=\"819b8c2\" data-element_type=\"column\" data-e-type=\"column\">\n\t\t\t<div class=\"elementor-widget-wrap elementor-element-populated\">\n\t\t\t\t\t\t<div class=\"elementor-element elementor-element-664ae18 elementor-widget elementor-widget-image\" data-id=\"664ae18\" data-element_type=\"widget\" data-e-type=\"widget\" data-widget_type=\"image.default\">\n\t\t\t\t<div class=\"elementor-widget-container\">\n\t\t\t\t\t\t\t\t\t\t\t\t\t\t\t<img fetchpriority=\"high\" decoding=\"async\" width=\"1680\" height=\"561\" src=\"https:\/\/adfairways.net\/wp-content\/uploads\/2024\/01\/Panama-1680x561-1.jpg\" class=\"attachment-full size-full wp-image-36982\" alt=\"\" srcset=\"https:\/\/adfairways.net\/wp-content\/uploads\/2024\/01\/Panama-1680x561-1.jpg 1680w, https:\/\/adfairways.net\/wp-content\/uploads\/2024\/01\/Panama-1680x561-1-1024x342.jpg 1024w, https:\/\/adfairways.net\/wp-content\/uploads\/2024\/01\/Panama-1680x561-1-768x256.jpg 768w, https:\/\/adfairways.net\/wp-content\/uploads\/2024\/01\/Panama-1680x561-1-1320x441.jpg 1320w\" sizes=\"(max-width: 1680px) 100vw, 1680px\" \/>\t\t\t\t\t\t\t\t\t\t\t\t\t\t\t<\/div>\n\t\t\t\t<\/div>\n\t\t\t\t\t<\/div>\n\t\t<\/div>\n\t\t\t\t\t<\/div>\n\t\t<\/section>\n\t\t\t\t<section class=\"elementor-section elementor-top-section elementor-element elementor-element-e67ddd3 elementor-section-boxed elementor-section-height-default elementor-section-height-default\" data-id=\"e67ddd3\" data-element_type=\"section\" data-e-type=\"section\">\n\t\t\t\t\t\t<div class=\"elementor-container elementor-column-gap-default\">\n\t\t\t\t\t<div class=\"elementor-column elementor-col-16 elementor-top-column elementor-element elementor-element-217cf1a top column-style-top\" data-id=\"217cf1a\" data-element_type=\"column\" data-e-type=\"column\">\n\t\t\t<div class=\"elementor-widget-wrap\">\n\t\t\t\t\t\t\t<\/div>\n\t\t<\/div>\n\t\t\t\t<div class=\"elementor-column elementor-col-66 elementor-top-column elementor-element elementor-element-f8523be top column-style-top\" data-id=\"f8523be\" data-element_type=\"column\" data-e-type=\"column\">\n\t\t\t<div class=\"elementor-widget-wrap elementor-element-populated\">\n\t\t\t\t\t\t<div class=\"elementor-element elementor-element-551c08f elementor-widget elementor-widget-text-editor\" data-id=\"551c08f\" data-element_type=\"widget\" data-e-type=\"widget\" data-widget_type=\"text-editor.default\">\n\t\t\t\t<div class=\"elementor-widget-container\">\n\t\t\t\t\t\t\t\t\t<p>\u00a1Hola! Somos ADF Flight School y nos complace saber que est\u00e1s interesado en iniciar tu carrera en aviaci\u00f3n. Es por eso que queremos invitarte a nuestra reuni\u00f3n en Zoom:<\/p>\n\t\t\t\t\t\t\t\t<\/div>\n\t\t\t\t<\/div>\n\t\t\t\t<div class=\"elementor-element elementor-element-cb468ce elementor-widget elementor-widget-text-editor\" data-id=\"cb468ce\" data-element_type=\"widget\" data-e-type=\"widget\" data-widget_type=\"text-editor.default\">\n\t\t\t\t<div class=\"elementor-widget-container\">\n\t\t\t\t\t\t\t\t\t<p>Pr\u00f3ximo<strong> jueves 22 de febrero.<\/strong><\/p>\n<ul>\n<li>\n<div>6:00 pm <strong>(hora de Panam\u00e1)<\/strong><\/div>\n<div><\/div>\n<\/li>\n<li>\n<div>6:00 pm <strong>(hora local de Miami)<\/strong><\/div>\n<div><\/div>\n<div>Aprender\u00e1s c\u00f3mo puedes convertirte en piloto comercial y obtener tu licencia de la <strong>FAA<\/strong>. \u2708\ufe0f<\/div>\n<div><\/div>\n<div class=\"x_1253107131elementToProof\">Te esperamos en Zoom.<\/div>\n<\/li>\n<\/ul>\n\t\t\t\t\t\t\t\t<\/div>\n\t\t\t\t<\/div>\n\t\t\t\t<div class=\"elementor-element elementor-element-ef2d3d7 elementor-align-center elementor-widget elementor-widget-button\" data-id=\"ef2d3d7\" data-element_type=\"widget\" data-e-type=\"widget\" data-widget_type=\"button.default\">\n\t\t\t\t<div class=\"elementor-widget-container\">\n\t\t\t\t\t\t\t\t\t<div class=\"elementor-button-wrapper\">\n\t\t\t\t\t<a class=\"elementor-button elementor-button-link elementor-size-xl\" href=\"https:\/\/us06web.zoom.us\/meeting\/register\/tZApcOyprDIsHddrEfnWU05fJEqjVAnxfUGG\">\n\t\t\t\t\t\t<span class=\"elementor-button-content-wrapper\">\n\t\t\t\t\t\t<span class=\"elementor-button-icon\">\n\t\t\t\t<i aria-hidden=\"true\" class=\"icon icon-video-camera\"><\/i>\t\t\t<\/span>\n\t\t\t\t\t\t\t\t\t<span class=\"elementor-button-text\">Registrar<\/span>\n\t\t\t\t\t<\/span>\n\t\t\t\t\t<\/a>\n\t\t\t\t<\/div>\n\t\t\t\t\t\t\t\t<\/div>\n\t\t\t\t<\/div>\n\t\t\t\t\t<\/div>\n\t\t<\/div>\n\t\t\t\t<div class=\"elementor-column elementor-col-16 elementor-top-column elementor-element elementor-element-87be209 top column-style-top\" data-id=\"87be209\" data-element_type=\"column\" data-e-type=\"column\">\n\t\t\t<div class=\"elementor-widget-wrap\">\n\t\t\t\t\t\t\t<\/div>\n\t\t<\/div>\n\t\t\t\t\t<\/div>\n\t\t<\/section>\n\t\t\t\t<\/div>\n\t\t","protected":false},"excerpt":{"rendered":"<p>\u00a1Hola! Somos ADF Flight School y nos complace saber que est\u00e1s interesado en iniciar tu carrera en aviaci\u00f3n. Es por eso que queremos invitarte a nuestra reuni\u00f3n en Zoom: Pr\u00f3ximo jueves 22 de febrero. 6:00 pm (hora de Panam\u00e1) 6:00 pm (hora local de Miami) Aprender\u00e1s c\u00f3mo puedes convertirte en piloto comercial y obtener tu [&hellip;]<\/p>\n","protected":false},"author":1,"featured_media":36978,"parent":5442,"menu_order":0,"comment_status":"closed","ping_status":"closed","template":"","meta":{"footnotes":""},"class_list":["post-36975","page","type-page","status-publish","has-post-thumbnail","hentry"],"jetpack-related-posts":[{"id":39371,"url":"https:\/\/adfairways.net\/es\/pilotos-privados-o-comerciales-colombia-panama\/","url_meta":{"origin":36975,"position":0},"title":"Private or Commercial Pilot meeeting Colombia and Panam\u00e1","author":"adfschool","date":"octubre 10, 2024","format":false,"excerpt":"\u00bfVives en Panam\u00e1 y\/o Colombia y sue\u00f1as con convertirte en piloto mientras estudias en una de las mejores escuelas de aviaci\u00f3n en Miami? \u00a1\u00danete a nuestra reuni\u00f3n gratuita por Zoom este jueves 14 de noviembre! \ud83d\udeeb Descubre c\u00f3mo obtener tu licencia de piloto comercial FAA y comenzar tu carrera en\u2026","rel":"","context":"Entrada similar","block_context":{"text":"Entrada similar","link":""},"img":{"alt_text":"","src":"https:\/\/i0.wp.com\/adfairways.net\/wp-content\/uploads\/2024\/10\/CP-1080x1920-english.jpg?resize=350%2C200&ssl=1","width":350,"height":200,"srcset":"https:\/\/i0.wp.com\/adfairways.net\/wp-content\/uploads\/2024\/10\/CP-1080x1920-english.jpg?resize=350%2C200&ssl=1 1x, https:\/\/i0.wp.com\/adfairways.net\/wp-content\/uploads\/2024\/10\/CP-1080x1920-english.jpg?resize=525%2C300&ssl=1 1.5x, https:\/\/i0.wp.com\/adfairways.net\/wp-content\/uploads\/2024\/10\/CP-1080x1920-english.jpg?resize=700%2C400&ssl=1 2x, https:\/\/i0.wp.com\/adfairways.net\/wp-content\/uploads\/2024\/10\/CP-1080x1920-english.jpg?resize=1050%2C600&ssl=1 3x"},"classes":[]},{"id":41087,"url":"https:\/\/adfairways.net\/es\/piloto-comercial-miami-mexico-panama-colombia\/","url_meta":{"origin":36975,"position":1},"title":"\u00bfQuieres ser piloto comercial y estudiar en Miami? Descubre ADF Airways","author":"adfschool","date":"abril 1, 2025","format":false,"excerpt":"\u00a1Tu sue\u00f1o de volar comienza aqu\u00ed!\u200b \u00a1ADF Flight School te trae una charla virtual exclusiva para guiarte en el proceso! \ud83c\udfa4\ud83d\ude80\u200b Si vives en M\u00e9xico, Panam\u00e1 o Colombia y sue\u00f1as con una carrera en la aviaci\u00f3n comercial, esta es tu oportunidad. ADF Airways, la escuela de aviaci\u00f3n en Miami con\u2026","rel":"","context":"Entrada similar","block_context":{"text":"Entrada similar","link":""},"img":{"alt_text":"","src":"https:\/\/i0.wp.com\/adfairways.net\/wp-content\/uploads\/2025\/04\/MCP-1080x1080-1.jpg?resize=350%2C200&ssl=1","width":350,"height":200,"srcset":"https:\/\/i0.wp.com\/adfairways.net\/wp-content\/uploads\/2025\/04\/MCP-1080x1080-1.jpg?resize=350%2C200&ssl=1 1x, https:\/\/i0.wp.com\/adfairways.net\/wp-content\/uploads\/2025\/04\/MCP-1080x1080-1.jpg?resize=525%2C300&ssl=1 1.5x, https:\/\/i0.wp.com\/adfairways.net\/wp-content\/uploads\/2025\/04\/MCP-1080x1080-1.jpg?resize=700%2C400&ssl=1 2x, https:\/\/i0.wp.com\/adfairways.net\/wp-content\/uploads\/2025\/04\/MCP-1080x1080-1.jpg?resize=1050%2C600&ssl=1 3x"},"classes":[]},{"id":41258,"url":"https:\/\/adfairways.net\/es\/charla-virtual-piloto-tegucigalpa-honduras-8-mayo-2025\/","url_meta":{"origin":36975,"position":2},"title":"Charla virtual &#8211; Tegucigalpa, Honduras","author":"adfschool","date":"abril 14, 2025","format":false,"excerpt":"\u2708\ufe0f \u00bfQuieres ser piloto comercial y estudiar en Miami? \u00a1ADF Flight School te ayuda a despegar tu carrera! Si vives en Tegucigalpa, Honduras y sue\u00f1as con una carrera en la aviaci\u00f3n comercial, ADF Flight School, escuela de aviaci\u00f3n en Miami certificada por la FAA, te invita a una charla virtual\u2026","rel":"","context":"Entrada similar","block_context":{"text":"Entrada similar","link":""},"img":{"alt_text":"","src":"https:\/\/i0.wp.com\/adfairways.net\/wp-content\/uploads\/2025\/04\/Tegucigalpa-1080x1080-1.jpg?resize=350%2C200&ssl=1","width":350,"height":200,"srcset":"https:\/\/i0.wp.com\/adfairways.net\/wp-content\/uploads\/2025\/04\/Tegucigalpa-1080x1080-1.jpg?resize=350%2C200&ssl=1 1x, https:\/\/i0.wp.com\/adfairways.net\/wp-content\/uploads\/2025\/04\/Tegucigalpa-1080x1080-1.jpg?resize=525%2C300&ssl=1 1.5x, https:\/\/i0.wp.com\/adfairways.net\/wp-content\/uploads\/2025\/04\/Tegucigalpa-1080x1080-1.jpg?resize=700%2C400&ssl=1 2x, https:\/\/i0.wp.com\/adfairways.net\/wp-content\/uploads\/2025\/04\/Tegucigalpa-1080x1080-1.jpg?resize=1050%2C600&ssl=1 3x"},"classes":[]},{"id":42561,"url":"https:\/\/adfairways.net\/es\/charla-virtual-piloto-comercial-santiago-chile\/","url_meta":{"origin":36975,"position":3},"title":"Charla Virtual Piloto Comercial Santiago, Chile","author":"adfschool","date":"julio 30, 2025","format":false,"excerpt":"\u00a1Haz despegar tu carrera como piloto Comercial! \u2708\ufe0f \u00a1Bienvenidos a bordo, Santiago de Chile! Resides en Santiago o en cualquier ciudad de Chile y sue\u00f1a con ser piloto comercial, te invitamos\u00a0 este jueves 28 de agosto a las 7:00 p.m. te contaremos todo sobre nuestra formaci\u00f3n en Miami, los pasos\u2026","rel":"","context":"Entrada similar","block_context":{"text":"Entrada similar","link":""},"img":{"alt_text":"","src":"https:\/\/i0.wp.com\/adfairways.net\/wp-content\/uploads\/2025\/07\/Santiago-1080x1080-1.jpg?resize=350%2C200&ssl=1","width":350,"height":200,"srcset":"https:\/\/i0.wp.com\/adfairways.net\/wp-content\/uploads\/2025\/07\/Santiago-1080x1080-1.jpg?resize=350%2C200&ssl=1 1x, https:\/\/i0.wp.com\/adfairways.net\/wp-content\/uploads\/2025\/07\/Santiago-1080x1080-1.jpg?resize=525%2C300&ssl=1 1.5x, https:\/\/i0.wp.com\/adfairways.net\/wp-content\/uploads\/2025\/07\/Santiago-1080x1080-1.jpg?resize=700%2C400&ssl=1 2x, https:\/\/i0.wp.com\/adfairways.net\/wp-content\/uploads\/2025\/07\/Santiago-1080x1080-1.jpg?resize=1050%2C600&ssl=1 3x"},"classes":[]},{"id":42011,"url":"https:\/\/adfairways.net\/es\/charla-piloto-san-salvador\/","url_meta":{"origin":36975,"position":4},"title":"Charla Virtual San Salvador, El Salvador","author":"adfschool","date":"mayo 27, 2025","format":false,"excerpt":"\u2708\ufe0f \u00bfVives en San Salvador y sue\u00f1as con ser piloto comercial? \ud83c\udf0d \u00a1Imagina trabajar para aerol\u00edneas alrededor del mundo y formarte como piloto en Estados Unidos! En ADF Flight School, escuela de aviaci\u00f3n ubicada en Miami, Florida y certificada por la FAA, te ense\u00f1amos c\u00f3mo hacerlo realidad. \ud83c\udf93 Te guiamos\u2026","rel":"","context":"Entrada similar","block_context":{"text":"Entrada similar","link":""},"img":{"alt_text":"","src":"https:\/\/i0.wp.com\/adfairways.net\/wp-content\/uploads\/2025\/05\/San-Salvador-1080x1080-1.jpg?resize=350%2C200&ssl=1","width":350,"height":200,"srcset":"https:\/\/i0.wp.com\/adfairways.net\/wp-content\/uploads\/2025\/05\/San-Salvador-1080x1080-1.jpg?resize=350%2C200&ssl=1 1x, https:\/\/i0.wp.com\/adfairways.net\/wp-content\/uploads\/2025\/05\/San-Salvador-1080x1080-1.jpg?resize=525%2C300&ssl=1 1.5x, https:\/\/i0.wp.com\/adfairways.net\/wp-content\/uploads\/2025\/05\/San-Salvador-1080x1080-1.jpg?resize=700%2C400&ssl=1 2x, https:\/\/i0.wp.com\/adfairways.net\/wp-content\/uploads\/2025\/05\/San-Salvador-1080x1080-1.jpg?resize=1050%2C600&ssl=1 3x"},"classes":[]},{"id":41345,"url":"https:\/\/adfairways.net\/es\/charla-piloto-comercial-managua\/","url_meta":{"origin":36975,"position":5},"title":"Charla Virtual en Managua: C\u00f3mo Ser Piloto Comercial","author":"adfschool","date":"mayo 6, 2025","format":false,"excerpt":"\u00bfQuieres ser piloto y trabajar en una aerol\u00ednea comercial? Desde Managua al cielo: da el primer paso hacia una carrera como piloto profesional Hay sue\u00f1os que no pueden quedarse en tierra.Si alguna vez miraste al cielo y te imaginaste en la cabina de un avi\u00f3n, esta es tu oportunidad. En\u2026","rel":"","context":"Entrada similar","block_context":{"text":"Entrada similar","link":""},"img":{"alt_text":"","src":"https:\/\/i0.wp.com\/adfairways.net\/wp-content\/uploads\/2025\/05\/Managua-1080x1080-1.jpg?resize=350%2C200&ssl=1","width":350,"height":200,"srcset":"https:\/\/i0.wp.com\/adfairways.net\/wp-content\/uploads\/2025\/05\/Managua-1080x1080-1.jpg?resize=350%2C200&ssl=1 1x, https:\/\/i0.wp.com\/adfairways.net\/wp-content\/uploads\/2025\/05\/Managua-1080x1080-1.jpg?resize=525%2C300&ssl=1 1.5x, https:\/\/i0.wp.com\/adfairways.net\/wp-content\/uploads\/2025\/05\/Managua-1080x1080-1.jpg?resize=700%2C400&ssl=1 2x, https:\/\/i0.wp.com\/adfairways.net\/wp-content\/uploads\/2025\/05\/Managua-1080x1080-1.jpg?resize=1050%2C600&ssl=1 3x"},"classes":[]}],"jetpack_sharing_enabled":true,"_links":{"self":[{"href":"https:\/\/adfairways.net\/es\/wp-json\/wp\/v2\/pages\/36975","targetHints":{"allow":["GET"]}}],"collection":[{"href":"https:\/\/adfairways.net\/es\/wp-json\/wp\/v2\/pages"}],"about":[{"href":"https:\/\/adfairways.net\/es\/wp-json\/wp\/v2\/types\/page"}],"author":[{"embeddable":true,"href":"https:\/\/adfairways.net\/es\/wp-json\/wp\/v2\/users\/1"}],"replies":[{"embeddable":true,"href":"https:\/\/adfairways.net\/es\/wp-json\/wp\/v2\/comments?post=36975"}],"version-history":[{"count":10,"href":"https:\/\/adfairways.net\/es\/wp-json\/wp\/v2\/pages\/36975\/revisions"}],"predecessor-version":[{"id":36989,"href":"https:\/\/adfairways.net\/es\/wp-json\/wp\/v2\/pages\/36975\/revisions\/36989"}],"up":[{"embeddable":true,"href":"https:\/\/adfairways.net\/es\/wp-json\/wp\/v2\/pages\/5442"}],"wp:featuredmedia":[{"embeddable":true,"href":"https:\/\/adfairways.net\/es\/wp-json\/wp\/v2\/media\/36978"}],"wp:attachment":[{"href":"https:\/\/adfairways.net\/es\/wp-json\/wp\/v2\/media?parent=36975"}],"curies":[{"name":"wp","href":"https:\/\/api.w.org\/{rel}","templated":true}]}}