{"id":35527,"date":"2023-07-05T14:00:38","date_gmt":"2023-07-05T19:00:38","guid":{"rendered":"https:\/\/adfairways.net\/?page_id=35527"},"modified":"2024-04-06T13:11:23","modified_gmt":"2024-04-06T18:11:23","slug":"f-air-2023","status":"publish","type":"page","link":"https:\/\/adfairways.net\/es\/eventos\/f-air-2023\/","title":{"rendered":"FIDAE 2024"},"content":{"rendered":"\t\t<div data-elementor-type=\"wp-post\" data-elementor-id=\"35527\" class=\"elementor elementor-35527\" data-elementor-post-type=\"page\">\n\t\t\t\t\t\t<section class=\"elementor-section elementor-top-section elementor-element elementor-element-256f0f1 elementor-section-boxed elementor-section-height-default elementor-section-height-default\" data-id=\"256f0f1\" data-element_type=\"section\" data-e-type=\"section\">\n\t\t\t\t\t\t<div class=\"elementor-container elementor-column-gap-default\">\n\t\t\t\t\t<div class=\"elementor-column elementor-col-100 elementor-top-column elementor-element elementor-element-819b8c2 top column-style-top\" data-id=\"819b8c2\" data-element_type=\"column\" data-e-type=\"column\">\n\t\t\t<div class=\"elementor-widget-wrap elementor-element-populated\">\n\t\t\t\t\t\t<div class=\"elementor-element elementor-element-664ae18 elementor-widget elementor-widget-image\" data-id=\"664ae18\" data-element_type=\"widget\" data-e-type=\"widget\" data-widget_type=\"image.default\">\n\t\t\t\t<div class=\"elementor-widget-container\">\n\t\t\t\t\t\t\t\t\t\t\t\t\t\t\t<img fetchpriority=\"high\" decoding=\"async\" width=\"1160\" height=\"330\" src=\"https:\/\/adfairways.net\/wp-content\/uploads\/2024\/04\/Hola-fidae.jpg\" class=\"attachment-full size-full wp-image-37893\" alt=\"\" srcset=\"https:\/\/adfairways.net\/wp-content\/uploads\/2024\/04\/Hola-fidae.jpg 1160w, https:\/\/adfairways.net\/wp-content\/uploads\/2024\/04\/Hola-fidae-1024x291.jpg 1024w, https:\/\/adfairways.net\/wp-content\/uploads\/2024\/04\/Hola-fidae-768x218.jpg 768w\" sizes=\"(max-width: 1160px) 100vw, 1160px\" \/>\t\t\t\t\t\t\t\t\t\t\t\t\t\t\t<\/div>\n\t\t\t\t<\/div>\n\t\t\t\t\t<\/div>\n\t\t<\/div>\n\t\t\t\t\t<\/div>\n\t\t<\/section>\n\t\t\t\t<section class=\"elementor-section elementor-top-section elementor-element elementor-element-e67ddd3 elementor-section-boxed elementor-section-height-default elementor-section-height-default\" data-id=\"e67ddd3\" data-element_type=\"section\" data-e-type=\"section\">\n\t\t\t\t\t\t<div class=\"elementor-container elementor-column-gap-default\">\n\t\t\t\t\t<div class=\"elementor-column elementor-col-100 elementor-top-column elementor-element elementor-element-217cf1a top column-style-top\" data-id=\"217cf1a\" data-element_type=\"column\" data-e-type=\"column\">\n\t\t\t<div class=\"elementor-widget-wrap elementor-element-populated\">\n\t\t\t\t\t\t<div class=\"elementor-element elementor-element-4d60c12 elementor-widget elementor-widget-text-editor\" data-id=\"4d60c12\" data-element_type=\"widget\" data-e-type=\"widget\" data-widget_type=\"text-editor.default\">\n\t\t\t\t<div class=\"elementor-widget-container\">\n\t\t\t\t\t\t\t\t\t<p>Gracias por visitarnos en <strong>FIDAE 2024<\/strong> e interesarte en nuestra escuela.<br \/>Est\u00e1s a punto de cumplir tu sue\u00f1o de volar. En <strong>ADF Flight School<\/strong> te acompa\u00f1aremos a cumplir tus metas y llegar tan alto como quieras.<\/p><p>D\u00e9janos tus datos para contactarte lo m\u00e1s pronto posible. Nuestros orientadores acad\u00e9micos est\u00e1n dispuestos para brindarte toda la informaci\u00f3n que necesites y resolver tus dudas.<\/p><p><em>\u00a1Te estamos esperando!<\/em><\/p>\t\t\t\t\t\t\t\t<\/div>\n\t\t\t\t<\/div>\n\t\t\t\t\t<\/div>\n\t\t<\/div>\n\t\t\t\t\t<\/div>\n\t\t<\/section>\n\t\t\t\t<section class=\"elementor-section elementor-top-section elementor-element elementor-element-74c4f0c elementor-section-boxed elementor-section-height-default elementor-section-height-default\" data-id=\"74c4f0c\" data-element_type=\"section\" data-e-type=\"section\">\n\t\t\t\t\t\t<div class=\"elementor-container elementor-column-gap-default\">\n\t\t\t\t\t<div class=\"elementor-column elementor-col-100 elementor-top-column elementor-element elementor-element-55bc2b9 top column-style-top\" data-id=\"55bc2b9\" data-element_type=\"column\" data-e-type=\"column\">\n\t\t\t<div class=\"elementor-widget-wrap elementor-element-populated\">\n\t\t\t\t\t\t<div class=\"elementor-element elementor-element-2350738 elementor-widget elementor-widget-heading\" data-id=\"2350738\" data-element_type=\"widget\" data-e-type=\"widget\" data-widget_type=\"heading.default\">\n\t\t\t\t<div class=\"elementor-widget-container\">\n\t\t\t\t\t<h6 class=\"elementor-heading-title elementor-size-default\">Diligencia los datos y recibir\u00e1s informaci\u00f3n<\/h6>\t\t\t\t<\/div>\n\t\t\t\t<\/div>\n\t\t\t\t<div class=\"elementor-element elementor-element-bf455e1 elementor-widget elementor-widget-html\" data-id=\"bf455e1\" data-element_type=\"widget\" data-e-type=\"widget\" data-widget_type=\"html.default\">\n\t\t\t\t<div class=\"elementor-widget-container\">\n\t\t\t\t\t<script type=\"text\/javascript\" src=\"https:\/\/api.clientify.net\/web-marketing\/superforms\/script\/139108.js\"><\/script>\t\t\t\t<\/div>\n\t\t\t\t<\/div>\n\t\t\t\t\t<\/div>\n\t\t<\/div>\n\t\t\t\t\t<\/div>\n\t\t<\/section>\n\t\t\t\t<\/div>\n\t\t","protected":false},"excerpt":{"rendered":"<p>Gracias por visitarnos en FIDAE 2024 e interesarte en nuestra escuela.Est\u00e1s a punto de cumplir tu sue\u00f1o de volar. En ADF Flight School te acompa\u00f1aremos a cumplir tus metas y llegar tan alto como quieras. D\u00e9janos tus datos para contactarte lo m\u00e1s pronto posible. Nuestros orientadores acad\u00e9micos est\u00e1n dispuestos para brindarte toda la informaci\u00f3n que [&hellip;]<\/p>\n","protected":false},"author":1,"featured_media":37893,"parent":5442,"menu_order":0,"comment_status":"closed","ping_status":"closed","template":"","meta":{"footnotes":""},"class_list":["post-35527","page","type-page","status-publish","has-post-thumbnail","hentry"],"jetpack-related-posts":[{"id":43885,"url":"https:\/\/adfairways.net\/es\/fidae-2026\/","url_meta":{"origin":35527,"position":0},"title":"FIDAE 2026","author":"adfschool","date":"marzo 31, 2026","format":false,"excerpt":"Si llegaste hasta aqu\u00ed, es porque tu sue\u00f1o de volar ya despeg\u00f3. \u2708\ufe0f Ahora es momento de llevarlo a nuevas alturas. D\u00e9janos tus datos y descubre todo lo que ADF Flight School tiene preparado para ti.","rel":"","context":"Entrada similar","block_context":{"text":"Entrada similar","link":""},"img":{"alt_text":"","src":"https:\/\/adfairways.net\/wp-content\/uploads\/2026\/03\/fidae-2026.svg","width":350,"height":200},"classes":[]},{"id":42653,"url":"https:\/\/adfairways.net\/es\/piloto-comercial-bucaramanga\/","url_meta":{"origin":35527,"position":1},"title":"Piloto Charla presencial Bucaramanga Colombia","author":"adfschool","date":"agosto 16, 2025","format":false,"excerpt":"\u2708\ufe0f \u00a1ATERRIZAMOS EN BUCARAMANGA! \ud83d\udeeb Convierte tu pasi\u00f3n en profesi\u00f3n: Inicia tu formaci\u00f3n como piloto comercial con nosotros. \ud83d\udccd Charla Presencial \u2013 Septiembre 13 \u2013 11:00 a.m.\u00bfSue\u00f1as con ser piloto comercial y volar en aerol\u00edneas internacionales? \ud83c\udf0dAhora tu oportunidad est\u00e1 m\u00e1s cerca que nunca. ADF Flight School, la escuela de\u2026","rel":"","context":"Entrada similar","block_context":{"text":"Entrada similar","link":""},"img":{"alt_text":"","src":"https:\/\/i0.wp.com\/adfairways.net\/wp-content\/uploads\/2025\/08\/Bucaramanga-1080x1080-1.jpg?resize=350%2C200&ssl=1","width":350,"height":200,"srcset":"https:\/\/i0.wp.com\/adfairways.net\/wp-content\/uploads\/2025\/08\/Bucaramanga-1080x1080-1.jpg?resize=350%2C200&ssl=1 1x, https:\/\/i0.wp.com\/adfairways.net\/wp-content\/uploads\/2025\/08\/Bucaramanga-1080x1080-1.jpg?resize=525%2C300&ssl=1 1.5x, https:\/\/i0.wp.com\/adfairways.net\/wp-content\/uploads\/2025\/08\/Bucaramanga-1080x1080-1.jpg?resize=700%2C400&ssl=1 2x, https:\/\/i0.wp.com\/adfairways.net\/wp-content\/uploads\/2025\/08\/Bucaramanga-1080x1080-1.jpg?resize=1050%2C600&ssl=1 3x"},"classes":[]},{"id":43067,"url":"https:\/\/adfairways.net\/es\/charla-presencial-bogota-conviertete-piloto-comercial\/","url_meta":{"origin":35527,"position":2},"title":"Charla Presencial en Bogot\u00e1 \u2013 Convi\u00e9rtete en Piloto Comercial","author":"adfschool","date":"octubre 2, 2025","format":false,"excerpt":"\ud83c\udf0d \u00bfSue\u00f1as con ser piloto comercial y trabajar en aerol\u00edneas internacionales? \ud83d\udeeb Convierte tu pasi\u00f3n en profesi\u00f3n: Inicia tu formaci\u00f3n como piloto comercial con nosotros. \ud83d\udccd Charla Presencial \u2013 Octubre 25 \u2013 11:00 a.m.Esta es tu oportunidad de dar el primer paso. ADF Flight School, escuela de aviaci\u00f3n ubicada en\u2026","rel":"","context":"Entrada similar","block_context":{"text":"Entrada similar","link":""},"img":{"alt_text":"","src":"https:\/\/i0.wp.com\/adfairways.net\/wp-content\/uploads\/2025\/10\/Bogota-1080x1080-1.jpg?resize=350%2C200&ssl=1","width":350,"height":200,"srcset":"https:\/\/i0.wp.com\/adfairways.net\/wp-content\/uploads\/2025\/10\/Bogota-1080x1080-1.jpg?resize=350%2C200&ssl=1 1x, https:\/\/i0.wp.com\/adfairways.net\/wp-content\/uploads\/2025\/10\/Bogota-1080x1080-1.jpg?resize=525%2C300&ssl=1 1.5x, https:\/\/i0.wp.com\/adfairways.net\/wp-content\/uploads\/2025\/10\/Bogota-1080x1080-1.jpg?resize=700%2C400&ssl=1 2x, https:\/\/i0.wp.com\/adfairways.net\/wp-content\/uploads\/2025\/10\/Bogota-1080x1080-1.jpg?resize=1050%2C600&ssl=1 3x"},"classes":[]},{"id":42602,"url":"https:\/\/adfairways.net\/es\/piloto-comercial-cartagena\/","url_meta":{"origin":35527,"position":3},"title":"Charla presencial Cartagena Colombia","author":"adfschool","date":"agosto 5, 2025","format":false,"excerpt":"\u00bfHas so\u00f1ado con volar aviones y convertirte en piloto profesional? \u2708\ufe0f \u00a1ATERRIZAMOS EN CARTAGENA \u00bfVives en Cartagena y sue\u00f1as con ser piloto comercial?Esta es tu oportunidad de dar el primer paso para volar alto y formarte en una de las mejores escuelas de aviaci\u00f3n en Estados Unidos: ADF Flight School,\u2026","rel":"","context":"Entrada similar","block_context":{"text":"Entrada similar","link":""},"img":{"alt_text":"","src":"https:\/\/i0.wp.com\/adfairways.net\/wp-content\/uploads\/2025\/08\/Cartagena-1080x1080-1.jpg?resize=350%2C200&ssl=1","width":350,"height":200,"srcset":"https:\/\/i0.wp.com\/adfairways.net\/wp-content\/uploads\/2025\/08\/Cartagena-1080x1080-1.jpg?resize=350%2C200&ssl=1 1x, https:\/\/i0.wp.com\/adfairways.net\/wp-content\/uploads\/2025\/08\/Cartagena-1080x1080-1.jpg?resize=525%2C300&ssl=1 1.5x, https:\/\/i0.wp.com\/adfairways.net\/wp-content\/uploads\/2025\/08\/Cartagena-1080x1080-1.jpg?resize=700%2C400&ssl=1 2x, https:\/\/i0.wp.com\/adfairways.net\/wp-content\/uploads\/2025\/08\/Cartagena-1080x1080-1.jpg?resize=1050%2C600&ssl=1 3x"},"classes":[]},{"id":39205,"url":"https:\/\/adfairways.net\/atencion-pilotos-peru\/","url_meta":{"origin":35527,"position":4},"title":"\u00a1Atenci\u00f3n a todos los futuros pilotos de Per\u00fa! \u2708\ufe0f\ud83c\udf1f\ud83c\uddf5\ud83c\uddea","author":"adfschool","date":"septiembre 26, 2024","format":false,"excerpt":"\u00bfVives en Piura y sue\u00f1as con ser piloto comercial? \ud83c\udf0d \u00a1Esta es tu oportunidad para estudiar en una escuela de aviaci\u00f3n en Miami, Florida y obtener la certificaci\u00f3n FAA que te permitir\u00e1 trabajar con aerol\u00edneas a nivel mundial!ADF Flight School te invita a una charla presencial en PIURA, donde descubrir\u00e1s\u2026","rel":"","context":"Entrada similar","block_context":{"text":"Entrada similar","link":""},"img":{"alt_text":"Piura-Piloto-Privado","src":"https:\/\/i0.wp.com\/adfairways.net\/wp-content\/uploads\/2024\/09\/Piura-1080x1080-1.jpg?resize=350%2C200&ssl=1","width":350,"height":200,"srcset":"https:\/\/i0.wp.com\/adfairways.net\/wp-content\/uploads\/2024\/09\/Piura-1080x1080-1.jpg?resize=350%2C200&ssl=1 1x, https:\/\/i0.wp.com\/adfairways.net\/wp-content\/uploads\/2024\/09\/Piura-1080x1080-1.jpg?resize=525%2C300&ssl=1 1.5x, https:\/\/i0.wp.com\/adfairways.net\/wp-content\/uploads\/2024\/09\/Piura-1080x1080-1.jpg?resize=700%2C400&ssl=1 2x, https:\/\/i0.wp.com\/adfairways.net\/wp-content\/uploads\/2024\/09\/Piura-1080x1080-1.jpg?resize=1050%2C600&ssl=1 3x"},"classes":[]},{"id":43946,"url":"https:\/\/adfairways.net\/es\/charla-piloto-comercial-republica-dominicana-santo-domingo-2026\/","url_meta":{"origin":35527,"position":5},"title":"Charla Virtual: C\u00f3mo ser Piloto Comercial en EE.UU. desde Santo Domingo (RD) | 21 Mayo 2026","author":"adfschool","date":"abril 22, 2026","format":false,"excerpt":"\u00bfQuieres ser piloto? \u00danete a nuestra charla presencial en el 21 de mayo Descubre c\u00f3mo obtener tu licencia FAA en Miami. \u00a1Cupos limitados! Tu primer paso para conquistar los cielos comienza en Santo Domingo. Descubre c\u00f3mo estudiar en una de las mejores escuelas de aviaci\u00f3n de Miami y obt\u00e9n tu\u2026","rel":"","context":"Entrada similar","block_context":{"text":"Entrada similar","link":""},"img":{"alt_text":"","src":"https:\/\/i0.wp.com\/adfairways.net\/wp-content\/uploads\/2026\/04\/Republica-Dominicana-1080x1080-1.jpg?resize=350%2C200&ssl=1","width":350,"height":200,"srcset":"https:\/\/i0.wp.com\/adfairways.net\/wp-content\/uploads\/2026\/04\/Republica-Dominicana-1080x1080-1.jpg?resize=350%2C200&ssl=1 1x, https:\/\/i0.wp.com\/adfairways.net\/wp-content\/uploads\/2026\/04\/Republica-Dominicana-1080x1080-1.jpg?resize=525%2C300&ssl=1 1.5x, https:\/\/i0.wp.com\/adfairways.net\/wp-content\/uploads\/2026\/04\/Republica-Dominicana-1080x1080-1.jpg?resize=700%2C400&ssl=1 2x, https:\/\/i0.wp.com\/adfairways.net\/wp-content\/uploads\/2026\/04\/Republica-Dominicana-1080x1080-1.jpg?resize=1050%2C600&ssl=1 3x"},"classes":[]}],"jetpack_sharing_enabled":true,"_links":{"self":[{"href":"https:\/\/adfairways.net\/es\/wp-json\/wp\/v2\/pages\/35527","targetHints":{"allow":["GET"]}}],"collection":[{"href":"https:\/\/adfairways.net\/es\/wp-json\/wp\/v2\/pages"}],"about":[{"href":"https:\/\/adfairways.net\/es\/wp-json\/wp\/v2\/types\/page"}],"author":[{"embeddable":true,"href":"https:\/\/adfairways.net\/es\/wp-json\/wp\/v2\/users\/1"}],"replies":[{"embeddable":true,"href":"https:\/\/adfairways.net\/es\/wp-json\/wp\/v2\/comments?post=35527"}],"version-history":[{"count":7,"href":"https:\/\/adfairways.net\/es\/wp-json\/wp\/v2\/pages\/35527\/revisions"}],"predecessor-version":[{"id":37901,"href":"https:\/\/adfairways.net\/es\/wp-json\/wp\/v2\/pages\/35527\/revisions\/37901"}],"up":[{"embeddable":true,"href":"https:\/\/adfairways.net\/es\/wp-json\/wp\/v2\/pages\/5442"}],"wp:featuredmedia":[{"embeddable":true,"href":"https:\/\/adfairways.net\/es\/wp-json\/wp\/v2\/media\/37893"}],"wp:attachment":[{"href":"https:\/\/adfairways.net\/es\/wp-json\/wp\/v2\/media?parent=35527"}],"curies":[{"name":"wp","href":"https:\/\/api.w.org\/{rel}","templated":true}]}}