{"id":33984,"date":"2022-12-05T11:23:46","date_gmt":"2022-12-05T16:23:46","guid":{"rendered":"https:\/\/adfairways.net\/order\/"},"modified":"2024-01-03T20:31:18","modified_gmt":"2024-01-04T01:31:18","slug":"order","status":"publish","type":"page","link":"https:\/\/adfairways.net\/es\/order\/","title":{"rendered":"Orden"},"content":{"rendered":"\t\t<div data-elementor-type=\"wp-page\" data-elementor-id=\"33984\" class=\"elementor elementor-33984 elementor-33833\" data-elementor-post-type=\"page\">\n\t\t\t\t\t\t<section class=\"elementor-section elementor-top-section elementor-element elementor-element-6291db6 elementor-section-boxed elementor-section-height-default elementor-section-height-default\" data-id=\"6291db6\" data-element_type=\"section\" data-e-type=\"section\">\n\t\t\t\t\t\t<div class=\"elementor-container elementor-column-gap-default\">\n\t\t\t\t\t<div class=\"elementor-column elementor-col-100 elementor-top-column elementor-element elementor-element-9a2d71d top column-style-top\" data-id=\"9a2d71d\" data-element_type=\"column\" data-e-type=\"column\">\n\t\t\t<div class=\"elementor-widget-wrap elementor-element-populated\">\n\t\t\t\t\t\t<div class=\"elementor-element elementor-element-9ee642d elementor-widget elementor-widget-html\" data-id=\"9ee642d\" data-element_type=\"widget\" data-e-type=\"widget\" data-widget_type=\"html.default\">\n\t\t\t\t<div class=\"elementor-widget-container\">\n\t\t\t\t\t<link rel=\"stylesheet\" href=\"https:\/\/cdn.jsdelivr.net\/npm\/bootstrap@4.3.1\/dist\/css\/bootstrap.min.css\" integrity=\"sha384-ggOyR0iXCbMQv3Xipma34MD+dH\/1fQ784\/j6cY\/iJTQUOhcWr7x9JvoRxT2MZw1T\" crossorigin=\"anonymous\">\n<script src=\"https:\/\/code.jquery.com\/jquery-3.3.1.slim.min.js\" integrity=\"sha384-q8i\/X+965DzO0rT7abK41JStQIAqVgRVzpbzo5smXKp4YfRvH+8abtTE1Pi6jizo\" crossorigin=\"anonymous\"><\/script>\n<script src=\"https:\/\/cdn.jsdelivr.net\/npm\/popper.js@1.14.7\/dist\/umd\/popper.min.js\" integrity=\"sha384-UO2eT0CpHqdSJQ6hJty5KVphtPhzWj9WO1clHTMGa3JDZwrnQq4sF86dIHNDz0W1\" crossorigin=\"anonymous\"><\/script>\n<script src=\"https:\/\/cdn.jsdelivr.net\/npm\/bootstrap@4.3.1\/dist\/js\/bootstrap.min.js\" integrity=\"sha384-JjSmVgyd0p3pXB1rRibZUAYoIIy6OrQ6VrjIEaFf\/nJGzIxFDsf4x0xIM+B07jRM\" crossorigin=\"anonymous\"><\/script>\n\n<div id=\"container-loader\" class=\"no-show-spinner\">\n    <div class=\"loader\"><\/div>\n<\/div>\n<div class=\"general-container\">\n\t<div id=\"images\">\n\t\t<div class=\"container-header\">\n\t\t\t<div class=\"circle\">1<\/div><label for=\"username\" class=\"label-username\">Seleccione un Producto<\/label>\n\t\t    <\/div>\n        <\/div>\n        <div class=\"container\">\n          <div class=\"row\">\n            <div class=\"col-sm\">\n                        <img decoding=\"async\" id=\"atp-ctp-registration\" class=\"my-image alignnone size-medium\" src=\"https:\/\/adfairways.net\/wp-content\/uploads\/2023\/06\/adf-airways-shop-atp-ctp-pre-registration.png\" alt=\"\" onclick=\"assignValue(120000, 'ATP-CTP Pre-Registration', 'atp-ctp-registration')\">\n                        <center><strong>$1,200.00<\/strong><\/center>\n            <\/div>\n            <div class=\"col-sm\">\n                        <img decoding=\"async\" id=\"registration-fee\" class=\"my-image alignnone size-medium\" src=\"https:\/\/adfairways.net\/wp-content\/uploads\/2022\/12\/adf-airways-shop-registration-fee.jpeg\" alt=\"\" onclick=\"assignValue(60000, 'Registration Fee', 'registration-fee')\">\n                        <center><strong>$600.00<\/strong><\/center>\n            <\/div>\n            <div class=\"col-sm\">\n                        <img decoding=\"async\" id=\"complete-welcome-package\" class=\"my-image alignnone size-medium\" src=\"https:\/\/adfairways.net\/wp-content\/uploads\/2022\/12\/adf-airways-shop-welcome-package-complete.jpeg\" alt=\"\" onclick=\"assignValue(40000, 'Complete Welcome Package', 'complete-welcome-package')\">\n                        <center><strong>$400.00<\/strong><\/center>\n            <\/div>\n          <\/div>\n          <div class=\"row\">\n            <div class=\"col-sm\">\n                        <img decoding=\"async\" id=\"atp-ctp-remaining-balance\" class=\"my-image alignnone size-medium\" src=\"https:\/\/adfairways.net\/wp-content\/uploads\/2022\/12\/adf-airways-shop-atp-ctp-remaining-balance.png\" alt=\"\" onclick=\"assignValue(279900, 'ATP-CTP Remaining Balance', 'atp-ctp-remaining-balance')\">\n                        <center><strong>$2,799.00<\/strong><\/center>\n            <\/div>\n            <div class=\"col-sm\">\n                        <img decoding=\"async\" id=\"initial-deposit\" class=\"my-image alignnone size-medium\" src=\"https:\/\/adfairways.net\/wp-content\/uploads\/2022\/12\/adf-airways-shop-initial-deposit.jpeg\" alt=\"\" onclick=\"assignValue(1599000, 'Initial Deposit', 'initial-deposit')\">\n                        <center><strong>$15,990.00<\/strong><\/center>\n            <\/div>\n            <div class=\"col-sm\">\n                        <img decoding=\"async\" id=\"standard-welcome-package\" class=\"my-image alignnone size-medium\" src=\"https:\/\/adfairways.net\/wp-content\/uploads\/2022\/12\/adf-airways-shop-welcome-package-standard.jpeg\" onclick=\"assignValue(30000, 'Standard Welcome Package', 'standard-welcome-package')\">\n                        <center><strong>$300.00<\/strong><\/center>\n            <\/div>\n          <\/div>\n          <div class=\"row\">\n            <div class=\"col-sm\">\n                        <img decoding=\"async\" id=\"pilot-certificate-conversion\" class=\"my-image alignnone size-medium\" src=\"https:\/\/adfairways.net\/wp-content\/uploads\/2023\/01\/adf-airways-shop-pilot-certificate-conversion.png\" onclick=\"assignValue(25000, 'Pilot Certificate Conversion', 'pilot-certificate-conversion')\">\n                        <center><strong>$250.00<\/strong><\/center>\n            <\/div>\n            <div class=\"col-sm\">\n                        <img decoding=\"async\" id=\"recurrent-deposits\" class=\"my-image alignnone size-medium\" src=\"https:\/\/adfairways.net\/wp-content\/uploads\/2022\/12\/adf-airways-shop-recurrent-deposits.jpeg\" onclick=\"assignValue(500000, 'Recurrent Deposits', 'recurrent-deposits')\">\n                        <center><strong>$5,000.00<\/strong><\/center>\n            <\/div>\n            <div class=\"col-sm\">\n                        <img decoding=\"async\" id=\"housing-welcome-package\" class=\"my-image alignnone size-medium\" src=\"https:\/\/adfairways.net\/wp-content\/uploads\/2023\/03\/adf-airways-shop-welcome-package-housing.png\n\" alt=\"\" onclick=\"assignValue(10000, 'Housing Welcome Package', 'housing-welcome-package')\">\n                        <center><strong>$100.00<\/strong><\/center>\n            <\/div>\n          <\/div>\n          <div class=\"row\">\n            <div class=\"col-sm\">\n                        &nbsp;\n            <\/div>\n            <div class=\"col-sm\">\n                        <img decoding=\"async\" id=\"drone-pilot\" class=\"my-image alignnone size-medium\" src=\"https:\/\/adfairways.net\/wp-content\/uploads\/2022\/12\/adf-airways-shop-drone-pilot.png\" onclick=\"assignValue(25000, 'Drone Pilot Ground School', 'drone-pilot')\">\n                        <center><strong>$250.00<\/strong><\/center>\n            <\/div>\n            <div class=\"col-sm\">\n                        &nbsp;\n            <\/div>\n        <\/div>\n    <\/div>\n\t<div id=\"inputs\" class=\"mt-20\">\n\t\t<div class=\"container-header\">\n    \t\t<div class=\"circle\">2<\/div>\n    \t\t<label for=\"username\" class=\"label-username\">Nombre del Estudiante<\/label>\n        <\/div>\n\t\t<br>\n\t\t<input type=\"text\" id=\"username\" name=\"username\" size=\"64\">\n\t\t<br>\n\t\t<button id=\"captureName\" onclick=\"process()\">Pago con Seguridad<\/button>\n\t\t<span id=\"error\" class=\"hide-error\">*Debe seleccionar un product y entrar el nombre del estudiante<\/span>\n\t\t<p>&nbsp;<\/p>\n\t\t<p>&nbsp;<\/p>\n   <\/div>\n<\/div>\n\n<script type=\"text\/javascript\">\n\n\tvar name, amount, program;\n\tvar classNameDefault = 'my-image alignnone size-medium';\n\tinitValues();\n\n\tfunction hideError(value) {\n\t\tvar element = document.getElementById('error');\n\t\tif(value) {\n\t\t\telement.className = 'hide-error';\n\t\t} else {\n\t\t\telement.className = '';\n\t\t}\n\t}\n\n\tfunction showSpinner(value) {\n\t\tvar body = document.body;\n\t\tvar spinner = document.getElementById('container-loader');\n\t\tif(value) {\n\t\t\tspinner.className = 'show-spinner';\n\t\t\tbody.className = 'opacity-05';\n\t\t} else {\n\t\t\tspinner.className = 'no-show-spinner';\n\t\t\tbody.className = '';\n\t\t}\n\t}\n\n\tfunction setDefaultClasses() {\n\t\t\n\t\tvar element = document.getElementById('atp-ctp-registration');\n\t\telement.className = classNameDefault;\n\t\telement = document.getElementById('atp-ctp-remaining-balance');\n\t\telement.className = classNameDefault;\n\t\telement = document.getElementById('complete-welcome-package');\n\t\telement.className = classNameDefault;\n\t\telement = document.getElementById('initial-deposit');\n\t\telement.className = classNameDefault;\n\t\telement = document.getElementById('standard-welcome-package');\n\t\telement.className = classNameDefault;\n\t\telement = document.getElementById('registration-fee');\n\t\telement.className = classNameDefault;\n\t\telement = document.getElementById('recurrent-deposits');\n\t\telement.className = classNameDefault;\n\t\telement = document.getElementById('housing-welcome-package');\n\t\telement.className = classNameDefault;\n\t\telement = document.getElementById('pilot-certificate-conversion');\n\t\telement.className = classNameDefault;\n\t\telement = document.getElementById('drone-pilot');\n\t\telement.className = classNameDefault;\n\t}\n\n\tfunction assignValue(costo, programa, id) {\n\t\tprogram = programa;\n\t\tamount = costo;\n\t\tsetDefaultClasses();\n\n\t\tvar element = document.getElementById(id);\n\t\telement.className = classNameDefault + ' marcada';\n\t}\n\n\tfunction initValues() {\n\t\tname = '';\n\t\tamount = 0;\n\t\tprogram = '';\n\t\tvar inputName = document.getElementById('username');\n\t\tinputName.value = '';\n\t}\n\nasync function process(){\n\thideError(true);\n\tvar name = document.getElementById('username').value;\n\t\n\tif (name === '' || amount === 0 || program === '') {\n\t\thideError(false);\n\t\t\n\t} else {\n\t\tshowSpinner(true);\n\t\tconst Response = await fetch('https:\/\/parseapi.back4app.com\/functions\/sendPayload', {\n\t\t\tmethod: 'POST',\n\t\t \theaders: {\n                                'X-Parse-Application-Id': 'OMZJebxJTCZtHWWaTDr86w1nrnrwKNPTTYKiqoJ7',\n                                 'X-Parse-REST-API-Key': 'r4rRHKV3d6jxQQdxioQapp55dZ9ufCltLbUif4zu',\n\t\t\t \t'Content-Type': 'application\/json'\n\t\t\t},\n\t\t \tbody: JSON.stringify({\n\t\t\t\t\"name\": name,\n\t\t    \t\"program\": program,\n\t\t    \t\"amount\": amount\n\t\t\t})\n\t\t});\n\t\tconst json = await Response.json();\n\t\tinitValues();\n\t\tsetDefaultClasses();\n\t\tif(json?.result?.data) {\n\t\t\twindow.open(json.result.data.paymentLink, \"_blank\");\n\t\t\tshowSpinner(false);\n\t\t}\n\t\t\n\t}\n}\n<\/script>\n\n<style type=\"text\/css\">\n\t.ml-10 {\n\t\tmargin-left: 10px;\n\t}\n\t.mt-10 {\n\t\tmargin-top: 10px;\n\t}\n\t.mt-20 {\n\t\tmargin-top: 20px;\n\t}\n\t.general-container {\n\t\t\/*width: 950px;*\/\n\t\t    margin-left: auto;\n    margin-right: auto;\n\t}\n  .marcada {\n  \t outline: 6px  solid; \n  }\n\n  .my-image {\n  \twidth: 100%;\n    margin-left: auto;\n    margin-right: auto;\n    display: block;\n    margin-top: 15px;\n    margin-left: 0px !important;\n    margin-right: 0 !important;\n    height: 240px;\n    border: 6px !important;\n}\n  }\n\n  div#inputs {\n}\n\n.label-username {\n    font-size: 24px;\n    font-weight: 600;\n}\n\ninput#username {\n    margin-top: 10px;\n    width: 100%;\n    border: 1px solid;\n    height: 30px;\n    padding: 10px;\n    font-size: 16px;\n}\n\nbutton#captureName {\n    color: #fff;\n    background-color: #6dab3c;\n    font-size: 24px;\n    text-align: center;\n    width: 30%;\n}\n\n.circle {\n  border-radius: 50%;\n    width: 14px;\n    height: 14px;\n    padding: 10px;\n    background: #007552;\n    border: 3px solid #007552;\n    color: #FFF;\n    font-weight: 600;\n    text-align: center;\n    display: flex;\n    margin-right: 10px;\n    align-items: center;\n    justify-content: center;\n}\n\nspan#error {\n    color: red;\n}\n\n.hide-error {\n\tdisplay: none;\n}\n\n.loader {\n  border: 16px solid #f3f3f3;\n  border-radius: 50%;\n  border-top: 16px solid #007552;\n  width: 120px;\n  height: 120px;\n  -webkit-animation: spin 2s linear infinite; \/* Safari *\/\n  animation: spin 2s linear infinite;\n      top: 45%;\n    left: 44%;\n    position: absolute;\n}\n\n\/* Safari *\/\n@-webkit-keyframes spin {\n  0% { -webkit-transform: rotate(0deg); }\n  100% { -webkit-transform: rotate(360deg); }\n}\n\n@keyframes spin {\n  0% { transform: rotate(0deg); }\n  100% { transform: rotate(360deg); }\n}\n\n#container-loader {\n\t\/*height: 113%;\n    position: absolute;\n    background-color: #efefef61;\n    width: 48%;\n    left: 33%;*\/\n}\n\n.no-show-spinner {\n\tdisplay: none;\n}\n\n.show-spinner {\n\tdisplay: block;\n}\n\n.container-header {\n\tdisplay: flex;\n    align-items: center;\n}\n\n.opacity-05 {\n\topacity: 0.5;\n}\n<\/style>\t\t\t\t<\/div>\n\t\t\t\t<\/div>\n\t\t\t\t\t<\/div>\n\t\t<\/div>\n\t\t\t\t\t<\/div>\n\t\t<\/section>\n\t\t\t\t<\/div>\n\t\t","protected":false},"excerpt":{"rendered":"<p>1Seleccione un Producto $1,200.00 $600.00 $400.00 $2,799.00 $15,990.00 $300.00 $250.00 $5,000.00 $100.00 &nbsp; $250.00 &nbsp; 2 Nombre del Estudiante Pago con Seguridad *Debe seleccionar un product y entrar el nombre del estudiante &nbsp; &nbsp;<\/p>\n","protected":false},"author":1,"featured_media":0,"parent":0,"menu_order":0,"comment_status":"closed","ping_status":"closed","template":"","meta":{"footnotes":""},"class_list":["post-33984","page","type-page","status-publish","hentry"],"jetpack-related-posts":[{"id":33833,"url":"https:\/\/adfairways.net\/order\/","url_meta":{"origin":33984,"position":0},"title":"Order","author":"adfschool","date":"diciembre 5, 2022","format":false,"excerpt":"1Select a Product $1,200.00 $600.00 $400.00 $2,799.00 $15,990.00 $300.00 $250.00 $5,000.00 $100.00 $250.00 2 Student Name Secure Payment *You must select a product and enter a name \u00a0 \u00a0","rel":"","context":"Entrada similar","block_context":{"text":"Entrada similar","link":""},"img":{"alt_text":"","src":"","width":0,"height":0},"classes":[]},{"id":43507,"url":"https:\/\/adfairways.net\/es\/preguntas-frecuentes\/","url_meta":{"origin":33984,"position":1},"title":"Preguntas Frecuentes","author":"adfschool","date":"febrero 10, 2026","format":false,"excerpt":"\u2708\ufe0f Preguntas Frecuentes ADF Flight School En ADF Flight School nos importa que nuestros estudiantes y egresados cumplan su sueno y realmente alcancen las metas que proyectaron. Para esto contamos con el mejor equipo humano, las mas innovadoras tecnolog\u00edas y equipos y una espectacular metodolog\u00eda de estudio dise\u00f1ada para alcanzar\u2026","rel":"","context":"Entrada similar","block_context":{"text":"Entrada similar","link":""},"img":{"alt_text":"","src":"https:\/\/i0.wp.com\/adfairways.net\/wp-content\/uploads\/2024\/01\/LogotipoADF.png?resize=350%2C200&ssl=1","width":350,"height":200},"classes":[]},{"id":43723,"url":"https:\/\/adfairways.net\/es\/charla-virtual-informativa-tegucigalpa-honduras\/","url_meta":{"origin":33984,"position":2},"title":"Convi\u00e9rtete en Piloto Comercial: Charla Virtual en Tegucigalpa","author":"adfschool","date":"marzo 2, 2026","format":false,"excerpt":"\u00danete a la Charla Virtual de ADF Flight School este 26 de Marzo Cumple tu sue\u00f1o de volar y estudia en una de las mejores escuelas de aviaci\u00f3n de EE.UU. \u00bfVives en Honduras y sue\u00f1as con surcar los cielos? Esta es tu oportunidad de obtener una licencia FAA y proyectar\u2026","rel":"","context":"Entrada similar","block_context":{"text":"Entrada similar","link":""},"img":{"alt_text":"charla virtual de Tegucigalpa - Honduras","src":"https:\/\/i0.wp.com\/adfairways.net\/wp-content\/uploads\/2026\/03\/Tegucigalpa-Honduras-1080x1080-1.jpg?resize=350%2C200&ssl=1","width":350,"height":200,"srcset":"https:\/\/i0.wp.com\/adfairways.net\/wp-content\/uploads\/2026\/03\/Tegucigalpa-Honduras-1080x1080-1.jpg?resize=350%2C200&ssl=1 1x, https:\/\/i0.wp.com\/adfairways.net\/wp-content\/uploads\/2026\/03\/Tegucigalpa-Honduras-1080x1080-1.jpg?resize=525%2C300&ssl=1 1.5x, https:\/\/i0.wp.com\/adfairways.net\/wp-content\/uploads\/2026\/03\/Tegucigalpa-Honduras-1080x1080-1.jpg?resize=700%2C400&ssl=1 2x, https:\/\/i0.wp.com\/adfairways.net\/wp-content\/uploads\/2026\/03\/Tegucigalpa-Honduras-1080x1080-1.jpg?resize=1050%2C600&ssl=1 3x"},"classes":[]},{"id":39371,"url":"https:\/\/adfairways.net\/es\/pilotos-privados-o-comerciales-colombia-panama\/","url_meta":{"origin":33984,"position":3},"title":"Private or Commercial Pilot meeeting Colombia and Panam\u00e1","author":"adfschool","date":"octubre 10, 2024","format":false,"excerpt":"\u00bfVives en Panam\u00e1 y\/o Colombia y sue\u00f1as con convertirte en piloto mientras estudias en una de las mejores escuelas de aviaci\u00f3n en Miami? \u00a1\u00danete a nuestra reuni\u00f3n gratuita por Zoom este jueves 14 de noviembre! \ud83d\udeeb Descubre c\u00f3mo obtener tu licencia de piloto comercial FAA y comenzar tu carrera en\u2026","rel":"","context":"Entrada similar","block_context":{"text":"Entrada similar","link":""},"img":{"alt_text":"","src":"https:\/\/i0.wp.com\/adfairways.net\/wp-content\/uploads\/2024\/10\/CP-1080x1920-english.jpg?resize=350%2C200&ssl=1","width":350,"height":200,"srcset":"https:\/\/i0.wp.com\/adfairways.net\/wp-content\/uploads\/2024\/10\/CP-1080x1920-english.jpg?resize=350%2C200&ssl=1 1x, https:\/\/i0.wp.com\/adfairways.net\/wp-content\/uploads\/2024\/10\/CP-1080x1920-english.jpg?resize=525%2C300&ssl=1 1.5x, https:\/\/i0.wp.com\/adfairways.net\/wp-content\/uploads\/2024\/10\/CP-1080x1920-english.jpg?resize=700%2C400&ssl=1 2x, https:\/\/i0.wp.com\/adfairways.net\/wp-content\/uploads\/2024\/10\/CP-1080x1920-english.jpg?resize=1050%2C600&ssl=1 3x"},"classes":[]},{"id":4004,"url":"https:\/\/adfairways.net\/es\/","url_meta":{"origin":33984,"position":4},"title":"Miami Flight schools","author":"adfschool","date":"abril 1, 2019","format":false,"excerpt":"Escuela de Aviaci\u00f3n en Miami Gracias por visitar ADF Flight School, localizada en el Aeropuerto Ejecutivo de Miami, Florida. ADF es una escuela de vuelo dedicada a dar soporte a aquellas personas cuyo sue\u00f1o es llegar a ser Piloto de l\u00ednea a\u00e9rea, o desempe\u00f1arse en cualquier otra de las posibilidades\u2026","rel":"","context":"Entrada similar","block_context":{"text":"Entrada similar","link":""},"img":{"alt_text":"Miami Flight schools","src":"https:\/\/i0.wp.com\/adfairways.net\/wp-content\/uploads\/2023\/09\/adfschool-bg-1-1.jpg?resize=350%2C200&ssl=1","width":350,"height":200,"srcset":"https:\/\/i0.wp.com\/adfairways.net\/wp-content\/uploads\/2023\/09\/adfschool-bg-1-1.jpg?resize=350%2C200&ssl=1 1x, https:\/\/i0.wp.com\/adfairways.net\/wp-content\/uploads\/2023\/09\/adfschool-bg-1-1.jpg?resize=525%2C300&ssl=1 1.5x, https:\/\/i0.wp.com\/adfairways.net\/wp-content\/uploads\/2023\/09\/adfschool-bg-1-1.jpg?resize=700%2C400&ssl=1 2x, https:\/\/i0.wp.com\/adfairways.net\/wp-content\/uploads\/2023\/09\/adfschool-bg-1-1.jpg?resize=1050%2C600&ssl=1 3x"},"classes":[]},{"id":43452,"url":"https:\/\/adfairways.net\/es\/costa-rica-piloto-comercial\/","url_meta":{"origin":33984,"position":5},"title":"\u00bfVives en Costa Rica y sue\u00f1as con ser Piloto?","author":"adfschool","date":"enero 26, 2026","format":false,"excerpt":"Tu Licencia FAA en Estados Unidos \u00bfBuscas la mejor opci\u00f3n entre las escuelas de aviaci\u00f3n en San Jos\u00e9? Elevamos tus est\u00e1ndares. ADF Flight School te ofrece la oportunidad de formarte en Miami bajo la certificaci\u00f3n m\u00e1s respetada del mundo. \u00danete a nuestra charla exclusiva para Costa Rica y descubre c\u00f3mo\u2026","rel":"","context":"Entrada similar","block_context":{"text":"Entrada similar","link":""},"img":{"alt_text":"","src":"https:\/\/i0.wp.com\/adfairways.net\/wp-content\/uploads\/2026\/01\/San-Jose-Costa-Rica-1080x1080-1.jpg?resize=350%2C200&ssl=1","width":350,"height":200,"srcset":"https:\/\/i0.wp.com\/adfairways.net\/wp-content\/uploads\/2026\/01\/San-Jose-Costa-Rica-1080x1080-1.jpg?resize=350%2C200&ssl=1 1x, https:\/\/i0.wp.com\/adfairways.net\/wp-content\/uploads\/2026\/01\/San-Jose-Costa-Rica-1080x1080-1.jpg?resize=525%2C300&ssl=1 1.5x, https:\/\/i0.wp.com\/adfairways.net\/wp-content\/uploads\/2026\/01\/San-Jose-Costa-Rica-1080x1080-1.jpg?resize=700%2C400&ssl=1 2x, https:\/\/i0.wp.com\/adfairways.net\/wp-content\/uploads\/2026\/01\/San-Jose-Costa-Rica-1080x1080-1.jpg?resize=1050%2C600&ssl=1 3x"},"classes":[]}],"jetpack_sharing_enabled":true,"_links":{"self":[{"href":"https:\/\/adfairways.net\/es\/wp-json\/wp\/v2\/pages\/33984","targetHints":{"allow":["GET"]}}],"collection":[{"href":"https:\/\/adfairways.net\/es\/wp-json\/wp\/v2\/pages"}],"about":[{"href":"https:\/\/adfairways.net\/es\/wp-json\/wp\/v2\/types\/page"}],"author":[{"embeddable":true,"href":"https:\/\/adfairways.net\/es\/wp-json\/wp\/v2\/users\/1"}],"replies":[{"embeddable":true,"href":"https:\/\/adfairways.net\/es\/wp-json\/wp\/v2\/comments?post=33984"}],"version-history":[{"count":12,"href":"https:\/\/adfairways.net\/es\/wp-json\/wp\/v2\/pages\/33984\/revisions"}],"predecessor-version":[{"id":36795,"href":"https:\/\/adfairways.net\/es\/wp-json\/wp\/v2\/pages\/33984\/revisions\/36795"}],"wp:attachment":[{"href":"https:\/\/adfairways.net\/es\/wp-json\/wp\/v2\/media?parent=33984"}],"curies":[{"name":"wp","href":"https:\/\/api.w.org\/{rel}","templated":true}]}}