{"id":32171,"date":"2022-05-12T18:30:04","date_gmt":"2022-05-12T23:30:04","guid":{"rendered":"https:\/\/adfairways.net\/?page_id=32171"},"modified":"2023-04-17T14:35:44","modified_gmt":"2023-04-17T19:35:44","slug":"proceso-de-registro","status":"publish","type":"page","link":"https:\/\/adfairways.net\/es\/proceso-de-registro\/","title":{"rendered":"Proceso de Registro"},"content":{"rendered":"\t\t<div data-elementor-type=\"wp-post\" data-elementor-id=\"32171\" class=\"elementor elementor-32171\" data-elementor-post-type=\"page\">\n\t\t\t\t\t\t<section class=\"elementor-section elementor-top-section elementor-element elementor-element-5256dac elementor-section-boxed elementor-section-height-default elementor-section-height-default\" data-id=\"5256dac\" data-element_type=\"section\" data-e-type=\"section\" data-settings=\"{&quot;background_background&quot;:&quot;classic&quot;}\">\n\t\t\t\t\t\t<div class=\"elementor-container elementor-column-gap-default\">\n\t\t\t\t\t<div class=\"elementor-column elementor-col-100 elementor-top-column elementor-element elementor-element-02360db top column-style-top\" data-id=\"02360db\" data-element_type=\"column\" data-e-type=\"column\">\n\t\t\t<div class=\"elementor-widget-wrap elementor-element-populated\">\n\t\t\t\t\t\t<div class=\"elementor-element elementor-element-90c450c elementor-widget elementor-widget-text-editor\" data-id=\"90c450c\" data-element_type=\"widget\" data-e-type=\"widget\" data-widget_type=\"text-editor.default\">\n\t\t\t\t<div class=\"elementor-widget-container\">\n\t\t\t\t\t\t\t\t\t<p>Para inscribirse a nuestro programa \u00fanicamente debe adquirir el Kit de Materiales de estudio. Para ello, el d\u00eda que se acerque a la escuela a realizar la compra, deber\u00e1 cumplir con los siguientes requisitos:<\/p>\t\t\t\t\t\t\t\t<\/div>\n\t\t\t\t<\/div>\n\t\t\t\t\t<\/div>\n\t\t<\/div>\n\t\t\t\t\t<\/div>\n\t\t<\/section>\n\t\t\t\t<section class=\"elementor-section elementor-top-section elementor-element elementor-element-65149e5 elementor-section-boxed elementor-section-height-default elementor-section-height-default\" data-id=\"65149e5\" data-element_type=\"section\" data-e-type=\"section\">\n\t\t\t\t\t\t<div class=\"elementor-container elementor-column-gap-default\">\n\t\t\t\t\t<div class=\"elementor-column elementor-col-33 elementor-top-column elementor-element elementor-element-570d271 top column-style-top\" data-id=\"570d271\" data-element_type=\"column\" data-e-type=\"column\">\n\t\t\t<div class=\"elementor-widget-wrap elementor-element-populated\">\n\t\t\t\t\t\t<div class=\"elementor-element elementor-element-17cf2f9 mapa elementor-widget elementor-widget-spacer\" data-id=\"17cf2f9\" data-element_type=\"widget\" data-e-type=\"widget\" data-widget_type=\"spacer.default\">\n\t\t\t\t<div class=\"elementor-widget-container\">\n\t\t\t\t\t\t\t<div class=\"elementor-spacer\">\n\t\t\t<div class=\"elementor-spacer-inner\"><\/div>\n\t\t<\/div>\n\t\t\t\t\t\t<\/div>\n\t\t\t\t<\/div>\n\t\t\t\t<div class=\"elementor-element elementor-element-2b79de6 elementor-widget elementor-widget-text-editor\" data-id=\"2b79de6\" data-element_type=\"widget\" data-e-type=\"widget\" data-widget_type=\"text-editor.default\">\n\t\t\t\t<div class=\"elementor-widget-container\">\n\t\t\t\t\t\t\t\t\t<ol><li>Fotograf\u00eda 5X5 fondo blanco<\/li><li>Aplicaci\u00f3n de estudiante local. Estos formularios deben ser llenados en su totalidad y deben estar firmados.<\/li><li>Traer el pasaporte vigente.<\/li><li>Estimado de Costos firmado.<\/li><li>Tarjeta de cr\u00e9dito.<\/li><li>Aprobar una entrevista de admisi\u00f3n con el Jefe de Pilotos en caso de que el ingl\u00e9s no sea su idioma materno.<\/li><li>Completar una revisi\u00f3n de competencias matem\u00e1ticas b\u00e1sicas (esto es un requisito de ADF Flight School)<\/li><\/ol>\t\t\t\t\t\t\t\t<\/div>\n\t\t\t\t<\/div>\n\t\t\t\t\t<\/div>\n\t\t<\/div>\n\t\t\t\t<div class=\"elementor-column elementor-col-33 elementor-top-column elementor-element elementor-element-7381383 top column-style-top\" data-id=\"7381383\" data-element_type=\"column\" data-e-type=\"column\">\n\t\t\t<div class=\"elementor-widget-wrap\">\n\t\t\t\t\t\t\t<\/div>\n\t\t<\/div>\n\t\t\t\t<div class=\"elementor-column elementor-col-33 elementor-top-column elementor-element elementor-element-ea8ba6c top column-style-top\" data-id=\"ea8ba6c\" data-element_type=\"column\" data-e-type=\"column\">\n\t\t\t<div class=\"elementor-widget-wrap elementor-element-populated\">\n\t\t\t\t\t\t<div class=\"elementor-element elementor-element-a81fa1d elementor-widget elementor-widget-text-editor\" data-id=\"a81fa1d\" data-element_type=\"widget\" data-e-type=\"widget\" data-widget_type=\"text-editor.default\">\n\t\t\t\t<div class=\"elementor-widget-container\">\n\t\t\t\t\t\t\t\t\t<p>Durante este d\u00eda se crear\u00e1 la cuenta de estudiante en nuestro sistema. Una vez realizado este proceso, el Registro e Inducci\u00f3n se llevar\u00e1 a cabo el siguiente mi\u00e9rcoles. Recibir\u00e1 un correo electr\u00f3nico con las instrucciones y un enlace de zoom en el cual se debe conectar a la hora indicada.<\/p>\t\t\t\t\t\t\t\t<\/div>\n\t\t\t\t<\/div>\n\t\t\t\t\t<\/div>\n\t\t<\/div>\n\t\t\t\t\t<\/div>\n\t\t<\/section>\n\t\t\t\t<section class=\"elementor-section elementor-top-section elementor-element elementor-element-f8774cb elementor-section-boxed elementor-section-height-default elementor-section-height-default\" data-id=\"f8774cb\" data-element_type=\"section\" data-e-type=\"section\">\n\t\t\t\t\t\t<div class=\"elementor-container elementor-column-gap-default\">\n\t\t\t\t\t<div class=\"elementor-column elementor-col-100 elementor-top-column elementor-element elementor-element-7cb364f top column-style-top\" data-id=\"7cb364f\" data-element_type=\"column\" data-e-type=\"column\">\n\t\t\t<div class=\"elementor-widget-wrap elementor-element-populated\">\n\t\t\t\t\t\t<div class=\"elementor-element elementor-element-46d0238 elementor-widget elementor-widget-spacer\" data-id=\"46d0238\" data-element_type=\"widget\" data-e-type=\"widget\" data-widget_type=\"spacer.default\">\n\t\t\t\t<div class=\"elementor-widget-container\">\n\t\t\t\t\t\t\t<div class=\"elementor-spacer\">\n\t\t\t<div class=\"elementor-spacer-inner\"><\/div>\n\t\t<\/div>\n\t\t\t\t\t\t<\/div>\n\t\t\t\t<\/div>\n\t\t\t\t\t<\/div>\n\t\t<\/div>\n\t\t\t\t\t<\/div>\n\t\t<\/section>\n\t\t\t\t<section class=\"elementor-section elementor-top-section elementor-element elementor-element-8a62f5e elementor-section-boxed elementor-section-height-default elementor-section-height-default\" data-id=\"8a62f5e\" data-element_type=\"section\" data-e-type=\"section\" data-settings=\"{&quot;background_background&quot;:&quot;video&quot;,&quot;background_video_link&quot;:&quot;https:\\\/\\\/adfairways.net\\\/wp-content\\\/uploads\\\/2021\\\/08\\\/sky.mov&quot;,&quot;shape_divider_top&quot;:&quot;mountains&quot;}\">\n\t\t\t\t\t\t\t\t<div class=\"elementor-background-video-container elementor-hidden-mobile\">\n\t\t\t\t\t\t\t\t\t\t\t\t\t<video class=\"elementor-background-video-hosted\" role=\"presentation\" autoplay muted playsinline loop><\/video>\n\t\t\t\t\t\t\t\t\t\t\t<\/div>\n\t\t\t\t\t\t\t\t\t<div class=\"elementor-background-overlay\"><\/div>\n\t\t\t\t\t\t<div class=\"elementor-shape elementor-shape-top\" aria-hidden=\"true\" data-negative=\"false\">\n\t\t\t<svg xmlns=\"http:\/\/www.w3.org\/2000\/svg\" viewBox=\"0 0 1000 100\" preserveAspectRatio=\"none\">\n\t<path class=\"elementor-shape-fill\" opacity=\"0.33\" d=\"M473,67.3c-203.9,88.3-263.1-34-320.3,0C66,119.1,0,59.7,0,59.7V0h1000v59.7 c0,0-62.1,26.1-94.9,29.3c-32.8,3.3-62.8-12.3-75.8-22.1C806,49.6,745.3,8.7,694.9,4.7S492.4,59,473,67.3z\"\/>\n\t<path class=\"elementor-shape-fill\" opacity=\"0.66\" d=\"M734,67.3c-45.5,0-77.2-23.2-129.1-39.1c-28.6-8.7-150.3-10.1-254,39.1 s-91.7-34.4-149.2,0C115.7,118.3,0,39.8,0,39.8V0h1000v36.5c0,0-28.2-18.5-92.1-18.5C810.2,18.1,775.7,67.3,734,67.3z\"\/>\n\t<path class=\"elementor-shape-fill\" d=\"M766.1,28.9c-200-57.5-266,65.5-395.1,19.5C242,1.8,242,5.4,184.8,20.6C128,35.8,132.3,44.9,89.9,52.5C28.6,63.7,0,0,0,0 h1000c0,0-9.9,40.9-83.6,48.1S829.6,47,766.1,28.9z\"\/>\n<\/svg>\t\t<\/div>\n\t\t\t\t\t<div class=\"elementor-container elementor-column-gap-default\">\n\t\t\t\t\t<div class=\"elementor-column elementor-col-50 elementor-top-column elementor-element elementor-element-cba6df5 top column-style-top\" data-id=\"cba6df5\" data-element_type=\"column\" data-e-type=\"column\">\n\t\t\t<div class=\"elementor-widget-wrap elementor-element-populated\">\n\t\t\t\t\t\t<div class=\"elementor-element elementor-element-109b3ea elementor-hidden-desktop elementor-widget elementor-widget-spacer\" data-id=\"109b3ea\" data-element_type=\"widget\" data-e-type=\"widget\" data-widget_type=\"spacer.default\">\n\t\t\t\t<div class=\"elementor-widget-container\">\n\t\t\t\t\t\t\t<div class=\"elementor-spacer\">\n\t\t\t<div class=\"elementor-spacer-inner\"><\/div>\n\t\t<\/div>\n\t\t\t\t\t\t<\/div>\n\t\t\t\t<\/div>\n\t\t\t\t<div class=\"elementor-element elementor-element-1414df9 elementor-widget elementor-widget-text-editor\" data-id=\"1414df9\" data-element_type=\"widget\" data-e-type=\"widget\" data-widget_type=\"text-editor.default\">\n\t\t\t\t<div class=\"elementor-widget-container\">\n\t\t\t\t\t\t\t\t\t<p>\u00bfListo para despegar?<\/p>\t\t\t\t\t\t\t\t<\/div>\n\t\t\t\t<\/div>\n\t\t\t\t<div class=\"elementor-element elementor-element-1e0b403 elementor-widget elementor-widget-heading\" data-id=\"1e0b403\" data-element_type=\"widget\" data-e-type=\"widget\" data-widget_type=\"heading.default\">\n\t\t\t\t<div class=\"elementor-widget-container\">\n\t\t\t\t\t<h3 class=\"elementor-heading-title elementor-size-large\">Cont\u00e1ctanos<\/h3>\t\t\t\t<\/div>\n\t\t\t\t<\/div>\n\t\t\t\t<div class=\"elementor-element elementor-element-66522ad elementor-widget elementor-widget-text-editor\" data-id=\"66522ad\" data-element_type=\"widget\" data-e-type=\"widget\" data-widget_type=\"text-editor.default\">\n\t\t\t\t<div class=\"elementor-widget-container\">\n\t\t\t\t\t\t\t\t\t<script type=\"text\/javascript\" src=\"https:\/\/api.clientify.net\/web-marketing\/superforms\/script\/124158.js\"><\/script>\t\t\t\t\t\t\t\t<\/div>\n\t\t\t\t<\/div>\n\t\t\t\t\t<\/div>\n\t\t<\/div>\n\t\t\t\t<div class=\"elementor-column elementor-col-50 elementor-top-column elementor-element elementor-element-3471369 elementor-hidden-tablet elementor-hidden-phone top column-style-top\" data-id=\"3471369\" data-element_type=\"column\" data-e-type=\"column\">\n\t\t\t<div class=\"elementor-widget-wrap elementor-element-populated\">\n\t\t\t\t\t\t<div class=\"elementor-element elementor-element-0191d4a elementor-widget elementor-widget-spacer\" data-id=\"0191d4a\" data-element_type=\"widget\" data-e-type=\"widget\" data-widget_type=\"spacer.default\">\n\t\t\t\t<div class=\"elementor-widget-container\">\n\t\t\t\t\t\t\t<div class=\"elementor-spacer\">\n\t\t\t<div class=\"elementor-spacer-inner\"><\/div>\n\t\t<\/div>\n\t\t\t\t\t\t<\/div>\n\t\t\t\t<\/div>\n\t\t\t\t<div class=\"elementor-element elementor-element-2048f02 elementor-invisible elementor-widget elementor-widget-image\" data-id=\"2048f02\" data-element_type=\"widget\" data-e-type=\"widget\" data-settings=\"{&quot;_animation&quot;:&quot;fadeIn&quot;}\" data-widget_type=\"image.default\">\n\t\t\t\t<div class=\"elementor-widget-container\">\n\t\t\t\t\t\t\t\t\t\t\t\t\t\t\t<img fetchpriority=\"high\" decoding=\"async\" width=\"863\" height=\"441\" src=\"https:\/\/adfairways.net\/wp-content\/uploads\/2019\/05\/ADF-Flight-School-positive.png\" class=\"attachment-large size-large wp-image-12996\" alt=\"ADF Flight School\" srcset=\"https:\/\/adfairways.net\/wp-content\/uploads\/2019\/05\/ADF-Flight-School-positive.png 863w, https:\/\/adfairways.net\/wp-content\/uploads\/2019\/05\/ADF-Flight-School-positive-768x392.png 768w, https:\/\/adfairways.net\/wp-content\/uploads\/2019\/05\/ADF-Flight-School-positive-600x307.png 600w\" sizes=\"(max-width: 863px) 100vw, 863px\" \/>\t\t\t\t\t\t\t\t\t\t\t\t\t\t\t<\/div>\n\t\t\t\t<\/div>\n\t\t\t\t<div class=\"elementor-element elementor-element-8f23595 elementor-invisible elementor-widget elementor-widget-image\" data-id=\"8f23595\" data-element_type=\"widget\" data-e-type=\"widget\" data-settings=\"{&quot;_animation&quot;:&quot;fadeInUp&quot;}\" data-widget_type=\"image.default\">\n\t\t\t\t<div class=\"elementor-widget-container\">\n\t\t\t\t\t\t\t\t\t\t\t\t\t\t\t<img decoding=\"async\" width=\"900\" height=\"432\" src=\"https:\/\/adfairways.net\/wp-content\/uploads\/2021\/08\/its-time-to-take-off-1024x491.png\" class=\"attachment-large size-large wp-image-15699\" alt=\"\" srcset=\"https:\/\/adfairways.net\/wp-content\/uploads\/2021\/08\/its-time-to-take-off-1024x491.png 1024w, https:\/\/adfairways.net\/wp-content\/uploads\/2021\/08\/its-time-to-take-off-768x368.png 768w, https:\/\/adfairways.net\/wp-content\/uploads\/2021\/08\/its-time-to-take-off-600x288.png 600w, https:\/\/adfairways.net\/wp-content\/uploads\/2021\/08\/its-time-to-take-off.png 1122w\" sizes=\"(max-width: 900px) 100vw, 900px\" \/>\t\t\t\t\t\t\t\t\t\t\t\t\t\t\t<\/div>\n\t\t\t\t<\/div>\n\t\t\t\t\t<\/div>\n\t\t<\/div>\n\t\t\t\t\t<\/div>\n\t\t<\/section>\n\t\t\t\t<\/div>\n\t\t","protected":false},"excerpt":{"rendered":"<p>Para inscribirse a nuestro programa \u00fanicamente debe adquirir el Kit de Materiales de estudio. Para ello, el d\u00eda que se acerque a la escuela a realizar la compra, deber\u00e1 cumplir con los siguientes requisitos: Fotograf\u00eda 5X5 fondo blanco Aplicaci\u00f3n de estudiante local. Estos formularios deben ser llenados en su totalidad y deben estar firmados. Traer [&hellip;]<\/p>\n","protected":false},"author":1,"featured_media":0,"parent":0,"menu_order":0,"comment_status":"closed","ping_status":"closed","template":"","meta":{"footnotes":""},"class_list":["post-32171","page","type-page","status-publish","hentry"],"jetpack-related-posts":[{"id":43507,"url":"https:\/\/adfairways.net\/es\/preguntas-frecuentes\/","url_meta":{"origin":32171,"position":0},"title":"Preguntas Frecuentes","author":"adfschool","date":"febrero 10, 2026","format":false,"excerpt":"\u2708\ufe0f Preguntas Frecuentes ADF Flight School En ADF Flight School nos importa que nuestros estudiantes y egresados cumplan su sueno y realmente alcancen las metas que proyectaron. Para esto contamos con el mejor equipo humano, las mas innovadoras tecnolog\u00edas y equipos y una espectacular metodolog\u00eda de estudio dise\u00f1ada para alcanzar\u2026","rel":"","context":"Entrada similar","block_context":{"text":"Entrada similar","link":""},"img":{"alt_text":"","src":"https:\/\/i0.wp.com\/adfairways.net\/wp-content\/uploads\/2024\/01\/LogotipoADF.png?resize=350%2C200&ssl=1","width":350,"height":200},"classes":[]},{"id":43946,"url":"https:\/\/adfairways.net\/es\/charla-piloto-comercial-republica-dominicana-santo-domingo-2026\/","url_meta":{"origin":32171,"position":1},"title":"Charla Virtual: C\u00f3mo ser Piloto Comercial en EE.UU. desde Santo Domingo (RD) | 21 Mayo 2026","author":"adfschool","date":"abril 22, 2026","format":false,"excerpt":"\u00bfQuieres ser piloto? \u00danete a nuestra charla presencial en el 21 de mayo Descubre c\u00f3mo obtener tu licencia FAA en Miami. \u00a1Cupos limitados! Tu primer paso para conquistar los cielos comienza en Santo Domingo. Descubre c\u00f3mo estudiar en una de las mejores escuelas de aviaci\u00f3n de Miami y obt\u00e9n tu\u2026","rel":"","context":"Entrada similar","block_context":{"text":"Entrada similar","link":""},"img":{"alt_text":"","src":"https:\/\/i0.wp.com\/adfairways.net\/wp-content\/uploads\/2026\/04\/Republica-Dominicana-1080x1080-1.jpg?resize=350%2C200&ssl=1","width":350,"height":200,"srcset":"https:\/\/i0.wp.com\/adfairways.net\/wp-content\/uploads\/2026\/04\/Republica-Dominicana-1080x1080-1.jpg?resize=350%2C200&ssl=1 1x, https:\/\/i0.wp.com\/adfairways.net\/wp-content\/uploads\/2026\/04\/Republica-Dominicana-1080x1080-1.jpg?resize=525%2C300&ssl=1 1.5x, https:\/\/i0.wp.com\/adfairways.net\/wp-content\/uploads\/2026\/04\/Republica-Dominicana-1080x1080-1.jpg?resize=700%2C400&ssl=1 2x, https:\/\/i0.wp.com\/adfairways.net\/wp-content\/uploads\/2026\/04\/Republica-Dominicana-1080x1080-1.jpg?resize=1050%2C600&ssl=1 3x"},"classes":[]},{"id":43723,"url":"https:\/\/adfairways.net\/es\/charla-virtual-informativa-tegucigalpa-honduras\/","url_meta":{"origin":32171,"position":2},"title":"Convi\u00e9rtete en Piloto Comercial: Charla Virtual en Tegucigalpa","author":"adfschool","date":"marzo 2, 2026","format":false,"excerpt":"\u00danete a la Charla Virtual de ADF Flight School este 26 de Marzo Cumple tu sue\u00f1o de volar y estudia en una de las mejores escuelas de aviaci\u00f3n de EE.UU. \u00bfVives en Honduras y sue\u00f1as con surcar los cielos? Esta es tu oportunidad de obtener una licencia FAA y proyectar\u2026","rel":"","context":"Entrada similar","block_context":{"text":"Entrada similar","link":""},"img":{"alt_text":"charla virtual de Tegucigalpa - Honduras","src":"https:\/\/i0.wp.com\/adfairways.net\/wp-content\/uploads\/2026\/03\/Tegucigalpa-Honduras-1080x1080-1.jpg?resize=350%2C200&ssl=1","width":350,"height":200,"srcset":"https:\/\/i0.wp.com\/adfairways.net\/wp-content\/uploads\/2026\/03\/Tegucigalpa-Honduras-1080x1080-1.jpg?resize=350%2C200&ssl=1 1x, https:\/\/i0.wp.com\/adfairways.net\/wp-content\/uploads\/2026\/03\/Tegucigalpa-Honduras-1080x1080-1.jpg?resize=525%2C300&ssl=1 1.5x, https:\/\/i0.wp.com\/adfairways.net\/wp-content\/uploads\/2026\/03\/Tegucigalpa-Honduras-1080x1080-1.jpg?resize=700%2C400&ssl=1 2x, https:\/\/i0.wp.com\/adfairways.net\/wp-content\/uploads\/2026\/03\/Tegucigalpa-Honduras-1080x1080-1.jpg?resize=1050%2C600&ssl=1 3x"},"classes":[]},{"id":42653,"url":"https:\/\/adfairways.net\/es\/piloto-comercial-bucaramanga\/","url_meta":{"origin":32171,"position":3},"title":"Piloto Charla presencial Bucaramanga Colombia","author":"adfschool","date":"agosto 16, 2025","format":false,"excerpt":"\u2708\ufe0f \u00a1ATERRIZAMOS EN BUCARAMANGA! \ud83d\udeeb Convierte tu pasi\u00f3n en profesi\u00f3n: Inicia tu formaci\u00f3n como piloto comercial con nosotros. \ud83d\udccd Charla Presencial \u2013 Septiembre 13 \u2013 11:00 a.m.\u00bfSue\u00f1as con ser piloto comercial y volar en aerol\u00edneas internacionales? \ud83c\udf0dAhora tu oportunidad est\u00e1 m\u00e1s cerca que nunca. ADF Flight School, la escuela de\u2026","rel":"","context":"Entrada similar","block_context":{"text":"Entrada similar","link":""},"img":{"alt_text":"","src":"https:\/\/i0.wp.com\/adfairways.net\/wp-content\/uploads\/2025\/08\/Bucaramanga-1080x1080-1.jpg?resize=350%2C200&ssl=1","width":350,"height":200,"srcset":"https:\/\/i0.wp.com\/adfairways.net\/wp-content\/uploads\/2025\/08\/Bucaramanga-1080x1080-1.jpg?resize=350%2C200&ssl=1 1x, https:\/\/i0.wp.com\/adfairways.net\/wp-content\/uploads\/2025\/08\/Bucaramanga-1080x1080-1.jpg?resize=525%2C300&ssl=1 1.5x, https:\/\/i0.wp.com\/adfairways.net\/wp-content\/uploads\/2025\/08\/Bucaramanga-1080x1080-1.jpg?resize=700%2C400&ssl=1 2x, https:\/\/i0.wp.com\/adfairways.net\/wp-content\/uploads\/2025\/08\/Bucaramanga-1080x1080-1.jpg?resize=1050%2C600&ssl=1 3x"},"classes":[]},{"id":43665,"url":"https:\/\/adfairways.net\/es\/charla-presencial-en-cuenca\/","url_meta":{"origin":32171,"position":4},"title":"Charla presencial en Cuenca | Formaci\u00f3n de pilotos","author":"adfschool","date":"febrero 25, 2026","format":false,"excerpt":"\u00bfSue\u00f1as con ser piloto comercial y trabajar en aerol\u00edneas internacionales? Charla presencial en Cuenca, Ecuador \u2014 21 de marzo, 10:00 a.m. Charla presencial gratuita \u2014 \u00a1Cupo limitado!ADF Flight School invita a estudiantes y personas interesadas en la aviaci\u00f3n a una charla presencial en Cuenca, Azuay, Ecuador. En esta sesi\u00f3n conocer\u00e1\u2026","rel":"","context":"Entrada similar","block_context":{"text":"Entrada similar","link":""},"img":{"alt_text":"","src":"https:\/\/i0.wp.com\/adfairways.net\/wp-content\/uploads\/2026\/02\/Cuenca-Ecuador-1080x1080-1.jpg?resize=350%2C200&ssl=1","width":350,"height":200,"srcset":"https:\/\/i0.wp.com\/adfairways.net\/wp-content\/uploads\/2026\/02\/Cuenca-Ecuador-1080x1080-1.jpg?resize=350%2C200&ssl=1 1x, https:\/\/i0.wp.com\/adfairways.net\/wp-content\/uploads\/2026\/02\/Cuenca-Ecuador-1080x1080-1.jpg?resize=525%2C300&ssl=1 1.5x, https:\/\/i0.wp.com\/adfairways.net\/wp-content\/uploads\/2026\/02\/Cuenca-Ecuador-1080x1080-1.jpg?resize=700%2C400&ssl=1 2x, https:\/\/i0.wp.com\/adfairways.net\/wp-content\/uploads\/2026\/02\/Cuenca-Ecuador-1080x1080-1.jpg?resize=1050%2C600&ssl=1 3x"},"classes":[]},{"id":42962,"url":"https:\/\/adfairways.net\/es\/conviertete-en-piloto-comercial-charla-presencial-lima\/","url_meta":{"origin":32171,"position":5},"title":"Convi\u00e9rtete en Piloto Comercial &#8211; Charla Presencial Lima","author":"adfschool","date":"septiembre 11, 2025","format":false,"excerpt":"\u2708\ufe0f Charla Presencial en Lima \u2013 Convi\u00e9rtete en Piloto Comercial en EE. UU. \ud83c\udf0d \u00bfVives en Lima y sue\u00f1as con ser piloto comercial y trabajar en aerol\u00edneas internacionales? Esta es tu oportunidad de dar el primer paso hacia tu futuro profesional en la aviaci\u00f3n. ADF Flight School, escuela de aviaci\u00f3n\u2026","rel":"","context":"Entrada similar","block_context":{"text":"Entrada similar","link":""},"img":{"alt_text":"","src":"https:\/\/i0.wp.com\/adfairways.net\/wp-content\/uploads\/2025\/09\/Lima-1080x1080-2.jpg?resize=350%2C200&ssl=1","width":350,"height":200,"srcset":"https:\/\/i0.wp.com\/adfairways.net\/wp-content\/uploads\/2025\/09\/Lima-1080x1080-2.jpg?resize=350%2C200&ssl=1 1x, https:\/\/i0.wp.com\/adfairways.net\/wp-content\/uploads\/2025\/09\/Lima-1080x1080-2.jpg?resize=525%2C300&ssl=1 1.5x, https:\/\/i0.wp.com\/adfairways.net\/wp-content\/uploads\/2025\/09\/Lima-1080x1080-2.jpg?resize=700%2C400&ssl=1 2x, https:\/\/i0.wp.com\/adfairways.net\/wp-content\/uploads\/2025\/09\/Lima-1080x1080-2.jpg?resize=1050%2C600&ssl=1 3x"},"classes":[]}],"jetpack_sharing_enabled":true,"_links":{"self":[{"href":"https:\/\/adfairways.net\/es\/wp-json\/wp\/v2\/pages\/32171","targetHints":{"allow":["GET"]}}],"collection":[{"href":"https:\/\/adfairways.net\/es\/wp-json\/wp\/v2\/pages"}],"about":[{"href":"https:\/\/adfairways.net\/es\/wp-json\/wp\/v2\/types\/page"}],"author":[{"embeddable":true,"href":"https:\/\/adfairways.net\/es\/wp-json\/wp\/v2\/users\/1"}],"replies":[{"embeddable":true,"href":"https:\/\/adfairways.net\/es\/wp-json\/wp\/v2\/comments?post=32171"}],"version-history":[{"count":0,"href":"https:\/\/adfairways.net\/es\/wp-json\/wp\/v2\/pages\/32171\/revisions"}],"wp:attachment":[{"href":"https:\/\/adfairways.net\/es\/wp-json\/wp\/v2\/media?parent=32171"}],"curies":[{"name":"wp","href":"https:\/\/api.w.org\/{rel}","templated":true}]}}