{"id":29862,"date":"2022-01-20T18:40:46","date_gmt":"2022-01-20T23:40:46","guid":{"rendered":"https:\/\/adfairways.net\/?page_id=29862"},"modified":"2023-03-23T15:09:48","modified_gmt":"2023-03-23T20:09:48","slug":"politicas-de-provacidad","status":"publish","type":"page","link":"https:\/\/adfairways.net\/es\/politicas-de-provacidad\/","title":{"rendered":"Pol\u00edticas de Privacidad"},"content":{"rendered":"\t\t<div data-elementor-type=\"wp-post\" data-elementor-id=\"29862\" class=\"elementor elementor-29862\" data-elementor-post-type=\"page\">\n\t\t\t\t\t\t<section class=\"elementor-section elementor-top-section elementor-element elementor-element-063998e elementor-section-boxed elementor-section-height-default elementor-section-height-default\" data-id=\"063998e\" data-element_type=\"section\" data-e-type=\"section\">\n\t\t\t\t\t\t<div class=\"elementor-container elementor-column-gap-default\">\n\t\t\t\t\t<div class=\"elementor-column elementor-col-25 elementor-top-column elementor-element elementor-element-591d4ad top column-style-top\" data-id=\"591d4ad\" data-element_type=\"column\" data-e-type=\"column\">\n\t\t\t<div class=\"elementor-widget-wrap\">\n\t\t\t\t\t\t\t<\/div>\n\t\t<\/div>\n\t\t\t\t<div class=\"elementor-column elementor-col-50 elementor-top-column elementor-element elementor-element-218b9cf top column-style-top\" data-id=\"218b9cf\" data-element_type=\"column\" data-e-type=\"column\">\n\t\t\t<div class=\"elementor-widget-wrap elementor-element-populated\">\n\t\t\t\t\t\t<div class=\"elementor-element elementor-element-7a6ce9f elementor-widget elementor-widget-text-editor\" data-id=\"7a6ce9f\" data-element_type=\"widget\" data-e-type=\"widget\" data-widget_type=\"text-editor.default\">\n\t\t\t\t<div class=\"elementor-widget-container\">\n\t\t\t\t\t\t\t\t\t<p>Este aviso de privacidad revela las pr\u00e1cticas de privacidad de <strong>ADF Airways<\/strong> y nuestro sitio web; <a href=\"http:\/\/www.adfairways.net\">http:\/\/www.adfairways.net<\/a>. Este aviso de privacidad se aplica \u00fanicamente a la informaci\u00f3n recopilada por este sitio web, excepto donde se indique lo contrario. Le notificar\u00e1 lo siguiente:<\/p><ul><li>Qu\u00e9 informaci\u00f3n recopilamos;<\/li><li>Con qui\u00e9n se comparte;<\/li><li>C\u00f3mo se puede corregir;<\/li><li>C\u00f3mo se asegura;<\/li><li>C\u00f3mo se comunicar\u00e1n los cambios de pol\u00edtica; y<\/li><li>C\u00f3mo abordar las preocupaciones sobre el uso indebido de datos personales.<\/li><\/ul><p>Recopilaci\u00f3n, uso y uso compartido de la informaci\u00f3n Somos los \u00fanicos propietarios de la informaci\u00f3n recopilada en este sitio. Solo tenemos acceso a\/recopilamos informaci\u00f3n que usted nos proporciona voluntariamente por correo electr\u00f3nico u otro contacto directo suyo. No venderemos ni alquilaremos esta informaci\u00f3n a nadie.<\/p><p>Usaremos su informaci\u00f3n para responderle, con respecto a la raz\u00f3n por la que se comunic\u00f3 con nosotros. No compartiremos su informaci\u00f3n con ning\u00fan tercero fuera de nuestra organizaci\u00f3n, excepto cuando sea necesario para cumplir con su solicitud, por ejemplo, para enviar un pedido.<\/p><p>A menos que nos solicite que no lo hagamos, es posible que nos comuniquemos con usted por correo electr\u00f3nico en el futuro para informarle sobre ofertas especiales, nuevos productos o servicios, o cambios en esta pol\u00edtica de privacidad.<\/p><p>Su acceso y control sobre la informaci\u00f3n Puede optar por no recibir nuestros contactos en el futuro en cualquier momento. Puede hacer lo siguiente en cualquier momento poni\u00e9ndose en contacto con nosotros a trav\u00e9s de la direcci\u00f3n de correo electr\u00f3nico o el n\u00famero de tel\u00e9fono proporcionado en nuestro sitio web:<\/p><ul><li>Ver qu\u00e9 datos tenemos sobre usted, si los hay.<\/li><li>Cambiar\/corregir cualquier dato que tengamos sobre usted.<\/li><li>Pedirnos que eliminemos cualquier dato que tengamos sobre usted.<\/li><li>Expresar cualquier inquietud que tenga sobre el uso que hacemos de sus datos.<\/li><\/ul><p>Registro Para utilizar este sitio web, el usuario primero debe completar el formulario de registro. Durante el registro, se requiere que el usuario proporcione cierta informaci\u00f3n (como el nombre y la direcci\u00f3n de correo electr\u00f3nico). Esta informaci\u00f3n se utiliza para comunicarnos con usted acerca de los productos\/servicios en nuestro sitio en los que ha expresado inter\u00e9s. A su elecci\u00f3n, tambi\u00e9n puede proporcionar informaci\u00f3n demogr\u00e1fica (como sexo o edad) sobre usted, pero no es obligatorio.<\/p><p>Pedidos Le solicitamos informaci\u00f3n en nuestro formulario de pedido. Para comprarnos, debe proporcionar informaci\u00f3n de contacto (como nombre y direcci\u00f3n de env\u00edo) e informaci\u00f3n financiera (como n\u00famero de tarjeta de cr\u00e9dito, fecha de vencimiento). Esta informaci\u00f3n se utiliza con fines de facturaci\u00f3n y para completar sus pedidos. Si tenemos problemas para procesar un pedido, utilizaremos esta informaci\u00f3n para comunicarnos con usted.<br \/>Compartir Compartimos informaci\u00f3n demogr\u00e1fica agregada con nuestros socios y anunciantes. Esto no est\u00e1 vinculado a ninguna informaci\u00f3n personal que pueda identificar a cualquier persona individual.<br \/>Y\/o: utilizamos una empresa de env\u00edos externa para enviar los pedidos y una empresa de procesamiento de tarjetas de cr\u00e9dito para facturar a los usuarios los bienes y servicios. Estas empresas no retienen, comparten, almacenan ni utilizan informaci\u00f3n de identificaci\u00f3n personal para fines secundarios m\u00e1s all\u00e1 de completar su pedido.<br \/>Y\/o: Nos asociamos con un tercero para proporcionar servicios espec\u00edficos. Cuando el usuario se registra para estos servicios, compartiremos nombres u otra informaci\u00f3n de contacto que sea necesaria para que el tercero brinde estos servicios. Estas partes no pueden usar informaci\u00f3n de identificaci\u00f3n personal, excepto con el fin de proporcionar estos servicios.<\/p><p>Seguridad<br \/>Tomamos precauciones para proteger su informaci\u00f3n. Cuando env\u00eda informaci\u00f3n confidencial a trav\u00e9s del sitio web, su informaci\u00f3n est\u00e1 protegida tanto en l\u00ednea como fuera de l\u00ednea.<br \/>Siempre que recopilemos informaci\u00f3n confidencial (como datos de tarjetas de cr\u00e9dito), esa informaci\u00f3n se cifra y se nos transmite de forma segura. Puede verificar esto buscando un \u00edcono de candado cerrado en la parte inferior de su navegador web, o buscando &#8220;https&#8221; al comienzo de la direcci\u00f3n de la p\u00e1gina web.<\/p><p>Si bien utilizamos el cifrado para proteger la informaci\u00f3n confidencial transmitida en l\u00ednea, tambi\u00e9n protegemos su informaci\u00f3n fuera de l\u00ednea. Solo los empleados que necesitan la informaci\u00f3n para realizar un trabajo espec\u00edfico (por ejemplo, facturaci\u00f3n o servicio al cliente) tienen acceso a la informaci\u00f3n de identificaci\u00f3n personal. Las computadoras\/servidores en los que almacenamos informaci\u00f3n de identificaci\u00f3n personal se mantienen en un entorno seguro.<\/p><p>Cookies Utilizamos &#8220;cookies&#8221; en este sitio. Una cookie es una pieza de datos almacenada en el disco duro de un visitante del sitio para ayudarnos a mejorar su acceso a nuestro sitio e identificar a los visitantes que repiten en nuestro sitio. Por ejemplo, cuando usamos una cookie para identificarlo, no tendr\u00e1 que iniciar sesi\u00f3n con una contrase\u00f1a m\u00e1s de una vez, lo que le ahorrar\u00e1 tiempo mientras est\u00e9 en nuestro sitio.<\/p><p>Las cookies tambi\u00e9n pueden permitirnos rastrear y orientar los intereses de nuestros usuarios para mejorar su experiencia en nuestro sitio. El uso de una cookie no est\u00e1 vinculado de ninguna manera a ninguna informaci\u00f3n de identificaci\u00f3n personal en nuestro sitio.<\/p><p>Algunos de nuestros socios comerciales pueden usar cookies en nuestro sitio (por ejemplo, los anunciantes).<\/p><p>Sin embargo, no tenemos acceso ni control sobre estas cookies.<br \/>Enlaces Este sitio web contiene enlaces a otros sitios. Tenga en cuenta que no somos responsables del contenido o las pr\u00e1cticas de privacidad de dichos otros sitios. Alentamos a nuestros usuarios a estar atentos cuando abandonan nuestro sitio y a leer las declaraciones de privacidad de cualquier otro sitio que recopile informaci\u00f3n de identificaci\u00f3n personal.<br \/>Encuestas y concursos De vez en cuando, nuestro sitio solicita informaci\u00f3n a trav\u00e9s de encuestas o concursos. La participaci\u00f3n en estas encuestas o concursos es completamente voluntaria y usted puede optar por participar o no y por lo tanto divulgar esta informaci\u00f3n.<\/p><p>La informaci\u00f3n solicitada puede incluir informaci\u00f3n de contacto (como nombre y direcci\u00f3n de env\u00edo) e informaci\u00f3n demogr\u00e1fica (como c\u00f3digo postal, nivel de edad). La informaci\u00f3n de contacto se utilizar\u00e1 para notificar a los ganadores y otorgar premios. La informaci\u00f3n de la encuesta se utilizar\u00e1 con el prop\u00f3sito de monitorear o mejorar el uso y la satisfacci\u00f3n de este sitio.<\/p><p><strong>Notificaci\u00f3n de Cambios<\/strong><br \/>Cada vez que se realicen cambios importantes en el aviso de privacidad, especifique c\u00f3mo notificar\u00e1 a los consumidores.<\/p><p>Otras disposiciones exigidas por la ley Es posible que se requieran muchas otras disposiciones y\/o pr\u00e1cticas como resultado de leyes, tratados internacionales o pr\u00e1cticas de la industria. Depende de usted determinar qu\u00e9 pr\u00e1cticas adicionales se deben seguir y\/o qu\u00e9 divulgaciones adicionales se requieren. Preste especial atenci\u00f3n a la Ley de protecci\u00f3n de la privacidad en l\u00ednea de California (CalOPPA), que se modifica con frecuencia y ahora incluye un requisito de divulgaci\u00f3n para las se\u00f1ales de &#8220;No rastrear&#8221;.<\/p><p><br \/>Si cree que no cumplimos con esta pol\u00edtica de privacidad, debe comunicarse con nosotros de inmediato por tel\u00e9fono a <a href=\"fly@adfairways.net\">fly@adfairways.net<\/a> o por correo electr\u00f3nico al (305) 233 \u2013 6648.<\/p>\t\t\t\t\t\t\t\t<\/div>\n\t\t\t\t<\/div>\n\t\t\t\t\t<\/div>\n\t\t<\/div>\n\t\t\t\t<div class=\"elementor-column elementor-col-25 elementor-top-column elementor-element elementor-element-1f1234c top column-style-top\" data-id=\"1f1234c\" data-element_type=\"column\" data-e-type=\"column\">\n\t\t\t<div class=\"elementor-widget-wrap\">\n\t\t\t\t\t\t\t<\/div>\n\t\t<\/div>\n\t\t\t\t\t<\/div>\n\t\t<\/section>\n\t\t\t\t<\/div>\n\t\t","protected":false},"excerpt":{"rendered":"<p>Este aviso de privacidad revela las pr\u00e1cticas de privacidad de ADF Airways y nuestro sitio web; http:\/\/www.adfairways.net. Este aviso de privacidad se aplica \u00fanicamente a la informaci\u00f3n recopilada por este sitio web, excepto donde se indique lo contrario. Le notificar\u00e1 lo siguiente: Qu\u00e9 informaci\u00f3n recopilamos; Con qui\u00e9n se comparte; C\u00f3mo se puede corregir; C\u00f3mo se [&hellip;]<\/p>\n","protected":false},"author":1,"featured_media":0,"parent":0,"menu_order":0,"comment_status":"closed","ping_status":"closed","template":"","meta":{"footnotes":""},"class_list":["post-29862","page","type-page","status-publish","hentry"],"jetpack-related-posts":[{"id":43507,"url":"https:\/\/adfairways.net\/es\/preguntas-frecuentes\/","url_meta":{"origin":29862,"position":0},"title":"Preguntas Frecuentes","author":"adfschool","date":"febrero 10, 2026","format":false,"excerpt":"\u2708\ufe0f Preguntas Frecuentes ADF Flight School En ADF Flight School nos importa que nuestros estudiantes y egresados cumplan su sueno y realmente alcancen las metas que proyectaron. Para esto contamos con el mejor equipo humano, las mas innovadoras tecnolog\u00edas y equipos y una espectacular metodolog\u00eda de estudio dise\u00f1ada para alcanzar\u2026","rel":"","context":"Entrada similar","block_context":{"text":"Entrada similar","link":""},"img":{"alt_text":"","src":"https:\/\/i0.wp.com\/adfairways.net\/wp-content\/uploads\/2024\/01\/LogotipoADF.png?resize=350%2C200&ssl=1","width":350,"height":200},"classes":[]},{"id":41538,"url":"https:\/\/adfairways.net\/es\/charla-piloto-comercial-asuncion\/","url_meta":{"origin":29862,"position":1},"title":"Charla presencial Asunci\u00f3n Paraguay","author":"adfschool","date":"mayo 8, 2025","format":false,"excerpt":"\u00bfHas so\u00f1ado con volar aviones y convertirte en piloto profesional? Ese sue\u00f1o puede comenzar mucho antes de lo que imaginas, y queremos ayudarte a hacerlo realidad.ADF Flight School, escuela de aviaci\u00f3n con m\u00e1s de 40 a\u00f1os de experiencia y ubicada en Miami, Florida (EE. UU.), te invita a una charla\u2026","rel":"","context":"Entrada similar","block_context":{"text":"Entrada similar","link":""},"img":{"alt_text":"","src":"https:\/\/i0.wp.com\/adfairways.net\/wp-content\/uploads\/2025\/05\/Asuncion-1080x1080-1.jpg?resize=350%2C200&ssl=1","width":350,"height":200,"srcset":"https:\/\/i0.wp.com\/adfairways.net\/wp-content\/uploads\/2025\/05\/Asuncion-1080x1080-1.jpg?resize=350%2C200&ssl=1 1x, https:\/\/i0.wp.com\/adfairways.net\/wp-content\/uploads\/2025\/05\/Asuncion-1080x1080-1.jpg?resize=525%2C300&ssl=1 1.5x, https:\/\/i0.wp.com\/adfairways.net\/wp-content\/uploads\/2025\/05\/Asuncion-1080x1080-1.jpg?resize=700%2C400&ssl=1 2x, https:\/\/i0.wp.com\/adfairways.net\/wp-content\/uploads\/2025\/05\/Asuncion-1080x1080-1.jpg?resize=1050%2C600&ssl=1 3x"},"classes":[]},{"id":42602,"url":"https:\/\/adfairways.net\/es\/piloto-comercial-cartagena\/","url_meta":{"origin":29862,"position":2},"title":"Charla presencial Cartagena Colombia","author":"adfschool","date":"agosto 5, 2025","format":false,"excerpt":"\u00bfHas so\u00f1ado con volar aviones y convertirte en piloto profesional? \u2708\ufe0f \u00a1ATERRIZAMOS EN CARTAGENA \u00bfVives en Cartagena y sue\u00f1as con ser piloto comercial?Esta es tu oportunidad de dar el primer paso para volar alto y formarte en una de las mejores escuelas de aviaci\u00f3n en Estados Unidos: ADF Flight School,\u2026","rel":"","context":"Entrada similar","block_context":{"text":"Entrada similar","link":""},"img":{"alt_text":"","src":"https:\/\/i0.wp.com\/adfairways.net\/wp-content\/uploads\/2025\/08\/Cartagena-1080x1080-1.jpg?resize=350%2C200&ssl=1","width":350,"height":200,"srcset":"https:\/\/i0.wp.com\/adfairways.net\/wp-content\/uploads\/2025\/08\/Cartagena-1080x1080-1.jpg?resize=350%2C200&ssl=1 1x, https:\/\/i0.wp.com\/adfairways.net\/wp-content\/uploads\/2025\/08\/Cartagena-1080x1080-1.jpg?resize=525%2C300&ssl=1 1.5x, https:\/\/i0.wp.com\/adfairways.net\/wp-content\/uploads\/2025\/08\/Cartagena-1080x1080-1.jpg?resize=700%2C400&ssl=1 2x, https:\/\/i0.wp.com\/adfairways.net\/wp-content\/uploads\/2025\/08\/Cartagena-1080x1080-1.jpg?resize=1050%2C600&ssl=1 3x"},"classes":[]},{"id":39836,"url":"https:\/\/adfairways.net\/atencion-a-todos-los-futuros-pilotos-ecuador\/","url_meta":{"origin":29862,"position":3},"title":"\u00a1Atenci\u00f3n a todos los futuros pilotos Ecuador! \u2708\ufe0f \ud83c\udf1f \ud83c\uddea\ud83c\udde8","author":"adfschool","date":"febrero 11, 2025","format":false,"excerpt":"\u00bfSue\u00f1as con volar y explorar el mundo desde las alturas? \ud83c\udf0d \u00a1Este es tu momento! Ven a nuestra charla presencial en GUAYAQUIL y descubre todo sobre ADF Flight School, donde formamos a los mejores pilotos del futuro. ADF Flight School te invita a una charla presencial en Guayaquil, donde descubrir\u00e1s\u2026","rel":"","context":"Entrada similar","block_context":{"text":"Entrada similar","link":""},"img":{"alt_text":"","src":"https:\/\/i0.wp.com\/adfairways.net\/wp-content\/uploads\/2025\/02\/Ecuador-1080x1350-2.jpg?resize=350%2C200&ssl=1","width":350,"height":200,"srcset":"https:\/\/i0.wp.com\/adfairways.net\/wp-content\/uploads\/2025\/02\/Ecuador-1080x1350-2.jpg?resize=350%2C200&ssl=1 1x, https:\/\/i0.wp.com\/adfairways.net\/wp-content\/uploads\/2025\/02\/Ecuador-1080x1350-2.jpg?resize=525%2C300&ssl=1 1.5x, https:\/\/i0.wp.com\/adfairways.net\/wp-content\/uploads\/2025\/02\/Ecuador-1080x1350-2.jpg?resize=700%2C400&ssl=1 2x, https:\/\/i0.wp.com\/adfairways.net\/wp-content\/uploads\/2025\/02\/Ecuador-1080x1350-2.jpg?resize=1050%2C600&ssl=1 3x"},"classes":[]},{"id":39278,"url":"https:\/\/adfairways.net\/atencion-futuros-pilotos-guayaquil\/","url_meta":{"origin":29862,"position":4},"title":"\u00a1Atenci\u00f3n a todos los futuros pilotos de Guayaquil \u2708\ufe0f \ud83c\udf1f \ud83c\uddea\ud83c\udde8","author":"adfschool","date":"octubre 3, 2024","format":false,"excerpt":"\u00bfSue\u00f1as con volar y explorar el mundo desde las alturas? \ud83c\udf0d \u00a1Este es tu momento! Ven a nuestra charla presencial en GUAYAQUIL y descubre todo sobre ADF Flight School, donde formamos a los mejores pilotos del futuro. ADF Flight School te invita a una charla presencial en Guayaquil, donde descubrir\u00e1s\u2026","rel":"","context":"Entrada similar","block_context":{"text":"Entrada similar","link":""},"img":{"alt_text":"","src":"https:\/\/i0.wp.com\/adfairways.net\/wp-content\/uploads\/2024\/10\/Guayaquil-1080x1080-1.jpg?resize=350%2C200&ssl=1","width":350,"height":200,"srcset":"https:\/\/i0.wp.com\/adfairways.net\/wp-content\/uploads\/2024\/10\/Guayaquil-1080x1080-1.jpg?resize=350%2C200&ssl=1 1x, https:\/\/i0.wp.com\/adfairways.net\/wp-content\/uploads\/2024\/10\/Guayaquil-1080x1080-1.jpg?resize=525%2C300&ssl=1 1.5x, https:\/\/i0.wp.com\/adfairways.net\/wp-content\/uploads\/2024\/10\/Guayaquil-1080x1080-1.jpg?resize=700%2C400&ssl=1 2x, https:\/\/i0.wp.com\/adfairways.net\/wp-content\/uploads\/2024\/10\/Guayaquil-1080x1080-1.jpg?resize=1050%2C600&ssl=1 3x"},"classes":[]},{"id":42653,"url":"https:\/\/adfairways.net\/es\/piloto-comercial-bucaramanga\/","url_meta":{"origin":29862,"position":5},"title":"Piloto Charla presencial Bucaramanga Colombia","author":"adfschool","date":"agosto 16, 2025","format":false,"excerpt":"\u2708\ufe0f \u00a1ATERRIZAMOS EN BUCARAMANGA! \ud83d\udeeb Convierte tu pasi\u00f3n en profesi\u00f3n: Inicia tu formaci\u00f3n como piloto comercial con nosotros. \ud83d\udccd Charla Presencial \u2013 Septiembre 13 \u2013 11:00 a.m.\u00bfSue\u00f1as con ser piloto comercial y volar en aerol\u00edneas internacionales? \ud83c\udf0dAhora tu oportunidad est\u00e1 m\u00e1s cerca que nunca. ADF Flight School, la escuela de\u2026","rel":"","context":"Entrada similar","block_context":{"text":"Entrada similar","link":""},"img":{"alt_text":"","src":"https:\/\/i0.wp.com\/adfairways.net\/wp-content\/uploads\/2025\/08\/Bucaramanga-1080x1080-1.jpg?resize=350%2C200&ssl=1","width":350,"height":200,"srcset":"https:\/\/i0.wp.com\/adfairways.net\/wp-content\/uploads\/2025\/08\/Bucaramanga-1080x1080-1.jpg?resize=350%2C200&ssl=1 1x, https:\/\/i0.wp.com\/adfairways.net\/wp-content\/uploads\/2025\/08\/Bucaramanga-1080x1080-1.jpg?resize=525%2C300&ssl=1 1.5x, https:\/\/i0.wp.com\/adfairways.net\/wp-content\/uploads\/2025\/08\/Bucaramanga-1080x1080-1.jpg?resize=700%2C400&ssl=1 2x, https:\/\/i0.wp.com\/adfairways.net\/wp-content\/uploads\/2025\/08\/Bucaramanga-1080x1080-1.jpg?resize=1050%2C600&ssl=1 3x"},"classes":[]}],"jetpack_sharing_enabled":true,"_links":{"self":[{"href":"https:\/\/adfairways.net\/es\/wp-json\/wp\/v2\/pages\/29862","targetHints":{"allow":["GET"]}}],"collection":[{"href":"https:\/\/adfairways.net\/es\/wp-json\/wp\/v2\/pages"}],"about":[{"href":"https:\/\/adfairways.net\/es\/wp-json\/wp\/v2\/types\/page"}],"author":[{"embeddable":true,"href":"https:\/\/adfairways.net\/es\/wp-json\/wp\/v2\/users\/1"}],"replies":[{"embeddable":true,"href":"https:\/\/adfairways.net\/es\/wp-json\/wp\/v2\/comments?post=29862"}],"version-history":[{"count":0,"href":"https:\/\/adfairways.net\/es\/wp-json\/wp\/v2\/pages\/29862\/revisions"}],"wp:attachment":[{"href":"https:\/\/adfairways.net\/es\/wp-json\/wp\/v2\/media?parent=29862"}],"curies":[{"name":"wp","href":"https:\/\/api.w.org\/{rel}","templated":true}]}}