{"id":14140,"date":"2021-07-26T15:15:35","date_gmt":"2021-07-26T15:15:35","guid":{"rendered":"https:\/\/adfairways.net\/?page_id=14140"},"modified":"2023-11-22T16:08:26","modified_gmt":"2023-11-22T21:08:26","slug":"recursos","status":"publish","type":"page","link":"https:\/\/adfairways.net\/es\/recursos\/","title":{"rendered":"Recursos"},"content":{"rendered":"\t\t<div data-elementor-type=\"wp-post\" data-elementor-id=\"14140\" class=\"elementor elementor-14140\" data-elementor-post-type=\"page\">\n\t\t\t\t\t\t<section class=\"elementor-section elementor-top-section elementor-element elementor-element-785ecf2 elementor-section-boxed elementor-section-height-default elementor-section-height-default\" data-id=\"785ecf2\" data-element_type=\"section\" data-e-type=\"section\">\n\t\t\t\t\t\t<div class=\"elementor-container elementor-column-gap-default\">\n\t\t\t\t\t<div class=\"elementor-column elementor-col-25 elementor-top-column elementor-element elementor-element-5557408 top column-style-top\" data-id=\"5557408\" data-element_type=\"column\" data-e-type=\"column\" data-settings=\"{&quot;background_background&quot;:&quot;classic&quot;}\">\n\t\t\t<div class=\"elementor-widget-wrap elementor-element-populated\">\n\t\t\t\t\t\t<div class=\"elementor-element elementor-element-58bc84e elementor-widget elementor-widget-image\" data-id=\"58bc84e\" data-element_type=\"widget\" data-e-type=\"widget\" data-widget_type=\"image.default\">\n\t\t\t\t<div class=\"elementor-widget-container\">\n\t\t\t\t\t\t\t\t\t\t\t\t\t\t\t\t<a href=\"https:\/\/app.flightschedulepro.com\/Account\/Login\/120837\">\n\t\t\t\t\t\t\t<img decoding=\"async\" src=\"https:\/\/adfairways.net\/wp-content\/uploads\/elementor\/thumbs\/Artboard-1-copy-2-copia-3@6x-q6m929da3iy7rxp9ftf6onyv63gocr1d7pb05bv6pc.png\" title=\"Artboard 1 copy 2 copia 3@6x\" alt=\"Artboard 1 copy 2 copia 3@6x\" loading=\"lazy\" \/>\t\t\t\t\t\t\t\t<\/a>\n\t\t\t\t\t\t\t\t\t\t\t\t\t\t\t<\/div>\n\t\t\t\t<\/div>\n\t\t\t\t<div class=\"elementor-element elementor-element-5170773 elementor-widget elementor-widget-heading\" data-id=\"5170773\" data-element_type=\"widget\" data-e-type=\"widget\" data-widget_type=\"heading.default\">\n\t\t\t\t<div class=\"elementor-widget-container\">\n\t\t\t\t\t<h6 class=\"elementor-heading-title elementor-size-default\"><a href=\"https:\/\/app.flightschedulepro.com\/Account\/Login\/120837\">Flight Schedule Pro<\/a><\/h6>\t\t\t\t<\/div>\n\t\t\t\t<\/div>\n\t\t\t\t<div class=\"elementor-element elementor-element-805c036 elementor-widget-divider--view-line elementor-widget elementor-widget-divider\" data-id=\"805c036\" data-element_type=\"widget\" data-e-type=\"widget\" data-widget_type=\"divider.default\">\n\t\t\t\t<div class=\"elementor-widget-container\">\n\t\t\t\t\t\t\t<div class=\"elementor-divider\">\n\t\t\t<span class=\"elementor-divider-separator\">\n\t\t\t\t\t\t<\/span>\n\t\t<\/div>\n\t\t\t\t\t\t<\/div>\n\t\t\t\t<\/div>\n\t\t\t\t\t<\/div>\n\t\t<\/div>\n\t\t\t\t<div class=\"elementor-column elementor-col-25 elementor-top-column elementor-element elementor-element-2b10db6 top column-style-top\" data-id=\"2b10db6\" data-element_type=\"column\" data-e-type=\"column\" data-settings=\"{&quot;background_background&quot;:&quot;classic&quot;}\">\n\t\t\t<div class=\"elementor-widget-wrap elementor-element-populated\">\n\t\t\t\t\t\t<div class=\"elementor-element elementor-element-3202d00 elementor-widget elementor-widget-image\" data-id=\"3202d00\" data-element_type=\"widget\" data-e-type=\"widget\" data-widget_type=\"image.default\">\n\t\t\t\t<div class=\"elementor-widget-container\">\n\t\t\t\t\t\t\t\t\t\t\t\t\t\t\t\t<a href=\"https:\/\/rsrc.adfairways.net\/parent-resources\/\">\n\t\t\t\t\t\t\t<img decoding=\"async\" src=\"https:\/\/adfairways.net\/wp-content\/uploads\/elementor\/thumbs\/Artboard-1-copy-2@6x-q6m91ubv26dmm6b3vmx5krrhnxisxldntmv8gwhhgw.png\" title=\"Artboard 1 copy 2@6x\" alt=\"Artboard 1 copy 2@6x\" loading=\"lazy\" \/>\t\t\t\t\t\t\t\t<\/a>\n\t\t\t\t\t\t\t\t\t\t\t\t\t\t\t<\/div>\n\t\t\t\t<\/div>\n\t\t\t\t<div class=\"elementor-element elementor-element-b569ca2 elementor-widget elementor-widget-heading\" data-id=\"b569ca2\" data-element_type=\"widget\" data-e-type=\"widget\" data-widget_type=\"heading.default\">\n\t\t\t\t<div class=\"elementor-widget-container\">\n\t\t\t\t\t<h5 class=\"elementor-heading-title elementor-size-default\"><a href=\"https:\/\/rsrc.adfairways.net\/parent-resources\/\">Recursos para padres<\/a><\/h5>\t\t\t\t<\/div>\n\t\t\t\t<\/div>\n\t\t\t\t<div class=\"elementor-element elementor-element-0071ff3 elementor-widget-divider--view-line elementor-widget elementor-widget-divider\" data-id=\"0071ff3\" data-element_type=\"widget\" data-e-type=\"widget\" data-widget_type=\"divider.default\">\n\t\t\t\t<div class=\"elementor-widget-container\">\n\t\t\t\t\t\t\t<div class=\"elementor-divider\">\n\t\t\t<span class=\"elementor-divider-separator\">\n\t\t\t\t\t\t<\/span>\n\t\t<\/div>\n\t\t\t\t\t\t<\/div>\n\t\t\t\t<\/div>\n\t\t\t\t\t<\/div>\n\t\t<\/div>\n\t\t\t\t<div class=\"elementor-column elementor-col-25 elementor-top-column elementor-element elementor-element-146f369 top column-style-top\" data-id=\"146f369\" data-element_type=\"column\" data-e-type=\"column\" data-settings=\"{&quot;background_background&quot;:&quot;classic&quot;}\">\n\t\t\t<div class=\"elementor-widget-wrap elementor-element-populated\">\n\t\t\t\t\t\t<div class=\"elementor-element elementor-element-acf507c elementor-widget elementor-widget-image\" data-id=\"acf507c\" data-element_type=\"widget\" data-e-type=\"widget\" data-widget_type=\"image.default\">\n\t\t\t\t<div class=\"elementor-widget-container\">\n\t\t\t\t\t\t\t\t\t\t\t\t\t\t\t\t<a href=\"https:\/\/rsrc.adfairways.net\/cfi-resources\/\">\n\t\t\t\t\t\t\t<img decoding=\"async\" src=\"https:\/\/adfairways.net\/wp-content\/uploads\/elementor\/thumbs\/Artboard-1-copy-16-copia-6@6x-q6m92oep4visxp3ezzx7sk68o9ejrwp2lrqrtr8vxs.png\" title=\"Artboard 1 copy 16 copia 6@6x\" alt=\"Artboard 1 copy 16 copia 6@6x\" loading=\"lazy\" \/>\t\t\t\t\t\t\t\t<\/a>\n\t\t\t\t\t\t\t\t\t\t\t\t\t\t\t<\/div>\n\t\t\t\t<\/div>\n\t\t\t\t<div class=\"elementor-element elementor-element-3c0ed93 elementor-widget elementor-widget-heading\" data-id=\"3c0ed93\" data-element_type=\"widget\" data-e-type=\"widget\" data-widget_type=\"heading.default\">\n\t\t\t\t<div class=\"elementor-widget-container\">\n\t\t\t\t\t<h5 class=\"elementor-heading-title elementor-size-default\"><a href=\"https:\/\/rsrc.adfairways.net\/cfi-resources\/\">Recursos para CFI<\/a><\/h5>\t\t\t\t<\/div>\n\t\t\t\t<\/div>\n\t\t\t\t<div class=\"elementor-element elementor-element-614ecc0 elementor-widget-divider--view-line elementor-widget elementor-widget-divider\" data-id=\"614ecc0\" data-element_type=\"widget\" data-e-type=\"widget\" data-widget_type=\"divider.default\">\n\t\t\t\t<div class=\"elementor-widget-container\">\n\t\t\t\t\t\t\t<div class=\"elementor-divider\">\n\t\t\t<span class=\"elementor-divider-separator\">\n\t\t\t\t\t\t<\/span>\n\t\t<\/div>\n\t\t\t\t\t\t<\/div>\n\t\t\t\t<\/div>\n\t\t\t\t\t<\/div>\n\t\t<\/div>\n\t\t\t\t<div class=\"elementor-column elementor-col-25 elementor-top-column elementor-element elementor-element-eaccae2 top column-style-top\" data-id=\"eaccae2\" data-element_type=\"column\" data-e-type=\"column\" data-settings=\"{&quot;background_background&quot;:&quot;classic&quot;}\">\n\t\t\t<div class=\"elementor-widget-wrap elementor-element-populated\">\n\t\t\t\t\t\t<div class=\"elementor-element elementor-element-304f8d0 elementor-widget elementor-widget-image\" data-id=\"304f8d0\" data-element_type=\"widget\" data-e-type=\"widget\" data-widget_type=\"image.default\">\n\t\t\t\t<div class=\"elementor-widget-container\">\n\t\t\t\t\t\t\t\t\t\t\t\t\t\t\t\t<a href=\"https:\/\/rsrc.adfairways.net\/student-resources\/\">\n\t\t\t\t\t\t\t<img decoding=\"async\" src=\"https:\/\/adfairways.net\/wp-content\/uploads\/elementor\/thumbs\/Artboard-1-copy-4-copia-6@6x-q6m93qy2x2zk5pjfqykx4sg5124ljhy2f2hoi3nquo.png\" title=\"Artboard 1 copy 4 copia 6@6x\" alt=\"Artboard 1 copy 4 copia 6@6x\" loading=\"lazy\" \/>\t\t\t\t\t\t\t\t<\/a>\n\t\t\t\t\t\t\t\t\t\t\t\t\t\t\t<\/div>\n\t\t\t\t<\/div>\n\t\t\t\t<div class=\"elementor-element elementor-element-943c24c elementor-widget elementor-widget-heading\" data-id=\"943c24c\" data-element_type=\"widget\" data-e-type=\"widget\" data-widget_type=\"heading.default\">\n\t\t\t\t<div class=\"elementor-widget-container\">\n\t\t\t\t\t<h6 class=\"elementor-heading-title elementor-size-default\"><a href=\"https:\/\/rsrc.adfairways.net\/student-resources\/\">RECURSOS PARA ESTUDIANTES <\/a><\/h6>\t\t\t\t<\/div>\n\t\t\t\t<\/div>\n\t\t\t\t<div class=\"elementor-element elementor-element-5652b9e elementor-widget-divider--view-line elementor-widget elementor-widget-divider\" data-id=\"5652b9e\" data-element_type=\"widget\" data-e-type=\"widget\" data-widget_type=\"divider.default\">\n\t\t\t\t<div class=\"elementor-widget-container\">\n\t\t\t\t\t\t\t<div class=\"elementor-divider\">\n\t\t\t<span class=\"elementor-divider-separator\">\n\t\t\t\t\t\t<\/span>\n\t\t<\/div>\n\t\t\t\t\t\t<\/div>\n\t\t\t\t<\/div>\n\t\t\t\t\t<\/div>\n\t\t<\/div>\n\t\t\t\t\t<\/div>\n\t\t<\/section>\n\t\t\t\t<section class=\"elementor-section elementor-top-section elementor-element elementor-element-2868b02a elementor-section-content-middle elementor-section-boxed elementor-section-height-default elementor-section-height-default\" data-id=\"2868b02a\" data-element_type=\"section\" data-e-type=\"section\">\n\t\t\t\t\t\t<div class=\"elementor-container elementor-column-gap-no\">\n\t\t\t\t\t<div class=\"elementor-column elementor-col-100 elementor-top-column elementor-element elementor-element-307c31c8 top column-style-top\" data-id=\"307c31c8\" data-element_type=\"column\" data-e-type=\"column\">\n\t\t\t<div class=\"elementor-widget-wrap elementor-element-populated\">\n\t\t\t\t\t\t<div class=\"elementor-element elementor-element-b89f679 elementor-widget elementor-widget-heading\" data-id=\"b89f679\" data-element_type=\"widget\" data-e-type=\"widget\" data-widget_type=\"heading.default\">\n\t\t\t\t<div class=\"elementor-widget-container\">\n\t\t\t\t\t<h3 class=\"elementor-heading-title elementor-size-default\">DESEA VER M\u00c1S SERVICIOS<\/h3>\t\t\t\t<\/div>\n\t\t\t\t<\/div>\n\t\t\t\t<div class=\"elementor-element elementor-element-6a808c54 elementor-skin-carousel elementor-pagination-type-bullets elementor-pagination-position-outside elementor-widget elementor-widget-media-carousel\" data-id=\"6a808c54\" data-element_type=\"widget\" data-e-type=\"widget\" data-settings=\"{&quot;space_between&quot;:{&quot;unit&quot;:&quot;px&quot;,&quot;size&quot;:29,&quot;sizes&quot;:[]},&quot;slides_per_view&quot;:&quot;4&quot;,&quot;skin&quot;:&quot;carousel&quot;,&quot;effect&quot;:&quot;slide&quot;,&quot;pagination&quot;:&quot;bullets&quot;,&quot;speed&quot;:500,&quot;autoplay&quot;:&quot;yes&quot;,&quot;autoplay_speed&quot;:5000,&quot;loop&quot;:&quot;yes&quot;,&quot;pause_on_hover&quot;:&quot;yes&quot;,&quot;pause_on_interaction&quot;:&quot;yes&quot;,&quot;space_between_tablet&quot;:{&quot;unit&quot;:&quot;px&quot;,&quot;size&quot;:10,&quot;sizes&quot;:[]},&quot;space_between_mobile&quot;:{&quot;unit&quot;:&quot;px&quot;,&quot;size&quot;:10,&quot;sizes&quot;:[]}}\" data-widget_type=\"media-carousel.default\">\n\t\t\t\t<div class=\"elementor-widget-container\">\n\t\t\t\t\t\t\t\t\t<div class=\"elementor-swiper\">\n\t\t\t\t\t<div class=\"elementor-main-swiper swiper\" role=\"region\" aria-roledescription=\"carousel\" aria-label=\"Diapositivas\">\n\t\t\t\t<div class=\"swiper-wrapper\">\n\t\t\t\t\t\t\t\t\t\t\t<div class=\"swiper-slide\" role=\"group\" aria-roledescription=\"slide\">\n\t\t\t\t\t\t\t<a href=\"https:\/\/adfairways.net\/faa-centro-de-examenes\/\">\t\t<div class=\"elementor-carousel-image\" role=\"img\" aria-label=\"faa-centro-de-testeo\" style=\"background-image: url(&#039;https:\/\/adfairways.net\/wp-content\/uploads\/2021\/09\/faa-centro-de-testeo.png&#039;)\">\n\n\t\t\t\n\t\t\t\t\t<\/div>\n\t\t\t\t\t<div class=\"elementor-carousel-image-overlay e-overlay-animation-fade\">\n\t\t\t\t<i class=\"fas fa-plus-circle\"><\/i>\t\t\t<\/div>\n\t\t\t<\/a>\t\t\t\t\t\t<\/div>\n\t\t\t\t\t\t\t\t\t\t\t<div class=\"swiper-slide\" role=\"group\" aria-roledescription=\"slide\">\n\t\t\t\t\t\t\t<a href=\"https:\/\/adfairways.net\/servicios\/soporte-para-visa\/\">\t\t<div class=\"elementor-carousel-image\" role=\"img\" aria-label=\"visa\" style=\"background-image: url(&#039;https:\/\/adfairways.net\/wp-content\/uploads\/2021\/08\/visa.jpg&#039;)\">\n\n\t\t\t\n\t\t\t\t\t<\/div>\n\t\t\t\t\t<div class=\"elementor-carousel-image-overlay e-overlay-animation-fade\">\n\t\t\t\t<i class=\"fas fa-plus-circle\"><\/i>\t\t\t<\/div>\n\t\t\t<\/a>\t\t\t\t\t\t<\/div>\n\t\t\t\t\t\t\t\t\t\t\t<div class=\"swiper-slide\" role=\"group\" aria-roledescription=\"slide\">\n\t\t\t\t\t\t\t<a href=\"https:\/\/adfairways.net\/servicios\/soporte-tsa\/\">\t\t<div class=\"elementor-carousel-image\" role=\"img\" aria-label=\"tsa-application-banner\" style=\"background-image: url(&#039;https:\/\/adfairways.net\/wp-content\/uploads\/2022\/03\/tsa-application-banner-1.jpeg&#039;)\">\n\n\t\t\t\n\t\t\t\t\t<\/div>\n\t\t\t\t\t<div class=\"elementor-carousel-image-overlay e-overlay-animation-fade\">\n\t\t\t\t<i class=\"fas fa-plus-circle\"><\/i>\t\t\t<\/div>\n\t\t\t<\/a>\t\t\t\t\t\t<\/div>\n\t\t\t\t\t\t\t\t\t\t\t<div class=\"swiper-slide\" role=\"group\" aria-roledescription=\"slide\">\n\t\t\t\t\t\t\t<a href=\"https:\/\/adfairways.net\/servicios\/homologacion-de-licencia-extranjera\/\">\t\t<div class=\"elementor-carousel-image\" role=\"img\" aria-label=\"SERVICIOS--HOMOLOGACI\u00d3N-LICENCIA-EXTRANJERA\" style=\"background-image: url(&#039;https:\/\/adfairways.net\/wp-content\/uploads\/2021\/09\/SERVICIOS-HOMOLOGACION-LICENCIA-EXTRANJERA.jpg&#039;)\">\n\n\t\t\t\n\t\t\t\t\t<\/div>\n\t\t\t\t\t<div class=\"elementor-carousel-image-overlay e-overlay-animation-fade\">\n\t\t\t\t<i class=\"fas fa-plus-circle\"><\/i>\t\t\t<\/div>\n\t\t\t<\/a>\t\t\t\t\t\t<\/div>\n\t\t\t\t\t\t\t\t\t\t\t<div class=\"swiper-slide\" role=\"group\" aria-roledescription=\"slide\">\n\t\t\t\t\t\t\t<a href=\"https:\/\/adfairways.net\/servicios\/vivienda-y-manutencion\/\">\t\t<div class=\"elementor-carousel-image\" role=\"img\" aria-label=\"Vivienda-alimentacion-transporte-seguro-medico-desktop\" style=\"background-image: url(&#039;https:\/\/adfairways.net\/wp-content\/uploads\/2021\/07\/Vivienda-alimentacion-transporte-seguro-medico-desktop.jpeg&#039;)\">\n\n\t\t\t\n\t\t\t\t\t<\/div>\n\t\t\t\t\t<div class=\"elementor-carousel-image-overlay e-overlay-animation-fade\">\n\t\t\t\t<i class=\"fas fa-plus-circle\"><\/i>\t\t\t<\/div>\n\t\t\t<\/a>\t\t\t\t\t\t<\/div>\n\t\t\t\t\t\t\t\t\t\t\t<div class=\"swiper-slide\" role=\"group\" aria-roledescription=\"slide\">\n\t\t\t\t\t\t\t<a href=\"https:\/\/adfairways.net\/servicios\/soporte-va\/\">\t\t<div class=\"elementor-carousel-image\" role=\"img\" aria-label=\"SERVICIOS-SOPORTE-VA-verde\" style=\"background-image: url(&#039;https:\/\/adfairways.net\/wp-content\/uploads\/2021\/09\/SERVICIOS-SOPORTE-VA-verde.png&#039;)\">\n\n\t\t\t\n\t\t\t\t\t<\/div>\n\t\t\t\t\t<div class=\"elementor-carousel-image-overlay e-overlay-animation-fade\">\n\t\t\t\t<i class=\"fas fa-plus-circle\"><\/i>\t\t\t<\/div>\n\t\t\t<\/a>\t\t\t\t\t\t<\/div>\n\t\t\t\t\t\t\t\t\t<\/div>\n\t\t\t\t\t\t\t\t\t\t\t\t\t\t\t\t\t\t\t\t<div class=\"swiper-pagination\"><\/div>\n\t\t\t\t\t\t\t\t\t\t\t\t<\/div>\n\t\t\t\t<\/div>\n\t\t\t\t\t\t\t\t<\/div>\n\t\t\t\t<\/div>\n\t\t\t\t\t<\/div>\n\t\t<\/div>\n\t\t\t\t\t<\/div>\n\t\t<\/section>\n\t\t\t\t<\/div>\n\t\t","protected":false},"excerpt":{"rendered":"<p>Flight Schedule Pro Recursos para padres Recursos para CFI RECURSOS PARA ESTUDIANTES DESEA VER M\u00c1S SERVICIOS<\/p>\n","protected":false},"author":1,"featured_media":0,"parent":0,"menu_order":0,"comment_status":"closed","ping_status":"closed","template":"","meta":{"footnotes":""},"class_list":["post-14140","page","type-page","status-publish","hentry"],"jetpack-related-posts":[{"id":17982,"url":"https:\/\/adfairways.net\/resources\/","url_meta":{"origin":14140,"position":0},"title":"Resources","author":"adfschool","date":"agosto 25, 2021","format":false,"excerpt":"Flight Schedule Pro Parent Resources CFI Resources STUDENT RESOURCES SEE MORE SERVICES","rel":"","context":"Entrada similar","block_context":{"text":"Entrada similar","link":""},"img":{"alt_text":"","src":"","width":0,"height":0},"classes":[]},{"id":43583,"url":"https:\/\/adfairways.net\/es\/estudia-aviacion-en-ee-uu-desde-paraguay\/","url_meta":{"origin":14140,"position":1},"title":"Estudia Aviaci\u00f3n en EE.UU. desde Paraguay","author":"adfschool","date":"febrero 23, 2026","format":false,"excerpt":"\u2708\ufe0f Charla Virtual ADF Flight School \u2013 Asunci\u00f3n, Paraguay \ud83c\udf93 Convi\u00e9rtete en Piloto Comercial en Estados Unidos ADF Flight School invita a todos los interesados en convertirse en Piloto Comercial FAA a participar en esta charla virtual exclusiva para Asunci\u00f3n \u2013 Paraguay.En esta sesi\u00f3n informativa conocer\u00e1s c\u00f3mo iniciar tu formaci\u00f3n\u2026","rel":"","context":"Entrada similar","block_context":{"text":"Entrada similar","link":""},"img":{"alt_text":"","src":"https:\/\/i0.wp.com\/adfairways.net\/wp-content\/uploads\/2026\/02\/Paraguay-1080x1080-1.jpg?resize=350%2C200&ssl=1","width":350,"height":200,"srcset":"https:\/\/i0.wp.com\/adfairways.net\/wp-content\/uploads\/2026\/02\/Paraguay-1080x1080-1.jpg?resize=350%2C200&ssl=1 1x, https:\/\/i0.wp.com\/adfairways.net\/wp-content\/uploads\/2026\/02\/Paraguay-1080x1080-1.jpg?resize=525%2C300&ssl=1 1.5x, https:\/\/i0.wp.com\/adfairways.net\/wp-content\/uploads\/2026\/02\/Paraguay-1080x1080-1.jpg?resize=700%2C400&ssl=1 2x, https:\/\/i0.wp.com\/adfairways.net\/wp-content\/uploads\/2026\/02\/Paraguay-1080x1080-1.jpg?resize=1050%2C600&ssl=1 3x"},"classes":[]},{"id":43813,"url":"https:\/\/adfairways.net\/es\/charla-piloto-comercial-argentina\/","url_meta":{"origin":14140,"position":2},"title":"Convi\u00e9rtete en Piloto Profesional en EE.UU.: Charla Virtual para Argentina","author":"adfschool","date":"marzo 20, 2026","format":false,"excerpt":"\u00danete a la Charla Virtual de ADF Flight School para Argentina \u00bfSue\u00f1as con ser piloto? \u00bfEst\u00e1s en Buenos Aires y tu gran sue\u00f1o es volar profesionalmente? Da el primer paso hacia una carrera internacional. \u00danete a la sesi\u00f3n informativa gratuita de ADF Flight School y descubre c\u00f3mo obtener tu licencia\u2026","rel":"","context":"Entrada similar","block_context":{"text":"Entrada similar","link":""},"img":{"alt_text":"","src":"https:\/\/i0.wp.com\/adfairways.net\/wp-content\/uploads\/2026\/03\/Argentina-1080x1080-1.jpg?resize=350%2C200&ssl=1","width":350,"height":200,"srcset":"https:\/\/i0.wp.com\/adfairways.net\/wp-content\/uploads\/2026\/03\/Argentina-1080x1080-1.jpg?resize=350%2C200&ssl=1 1x, https:\/\/i0.wp.com\/adfairways.net\/wp-content\/uploads\/2026\/03\/Argentina-1080x1080-1.jpg?resize=525%2C300&ssl=1 1.5x, https:\/\/i0.wp.com\/adfairways.net\/wp-content\/uploads\/2026\/03\/Argentina-1080x1080-1.jpg?resize=700%2C400&ssl=1 2x, https:\/\/i0.wp.com\/adfairways.net\/wp-content\/uploads\/2026\/03\/Argentina-1080x1080-1.jpg?resize=1050%2C600&ssl=1 3x"},"classes":[]},{"id":43642,"url":"https:\/\/adfairways.net\/es\/charla-virtual-santiago-de-chile\/","url_meta":{"origin":14140,"position":3},"title":"Escuela de Aviaci\u00f3n en Miami para Chile | Certificaci\u00f3n FAA","author":"adfschool","date":"febrero 25, 2026","format":false,"excerpt":"Charla Virtual para Santiago de Chile Estudie Aviaci\u00f3n en Miami y Obtenga su Certificaci\u00f3n FAA Si vive en Santiago de Chile o en cualquier ciudad del pa\u00eds y sue\u00f1a con convertirse en piloto profesional, esta charla es para usted. ADF Flight School, ubicada en Miami, Estados Unidos, le invita a\u2026","rel":"","context":"Entrada similar","block_context":{"text":"Entrada similar","link":""},"img":{"alt_text":"Charla Virtual para Santiago de Chile","src":"https:\/\/i0.wp.com\/adfairways.net\/wp-content\/uploads\/2026\/02\/Santiago-de-Chile-1080x1080-1.jpg?resize=350%2C200&ssl=1","width":350,"height":200,"srcset":"https:\/\/i0.wp.com\/adfairways.net\/wp-content\/uploads\/2026\/02\/Santiago-de-Chile-1080x1080-1.jpg?resize=350%2C200&ssl=1 1x, https:\/\/i0.wp.com\/adfairways.net\/wp-content\/uploads\/2026\/02\/Santiago-de-Chile-1080x1080-1.jpg?resize=525%2C300&ssl=1 1.5x, https:\/\/i0.wp.com\/adfairways.net\/wp-content\/uploads\/2026\/02\/Santiago-de-Chile-1080x1080-1.jpg?resize=700%2C400&ssl=1 2x, https:\/\/i0.wp.com\/adfairways.net\/wp-content\/uploads\/2026\/02\/Santiago-de-Chile-1080x1080-1.jpg?resize=1050%2C600&ssl=1 3x"},"classes":[]},{"id":43935,"url":"https:\/\/adfairways.net\/es\/charla-virtual-piloto-madrid-espana\/","url_meta":{"origin":14140,"position":4},"title":"Convi\u00e9rtete en Piloto Comercial en EE.UU.: Charla Informativa para Espa\u00f1a","author":"adfschool","date":"abril 1, 2026","format":false,"excerpt":"\u00bfResides en Espa\u00f1a y sue\u00f1as con una carrera en la aviaci\u00f3n internacional? \u00bfSue\u00f1as con ser piloto? No pierdas la oportunidad de formarte bajo los est\u00e1ndares m\u00e1s exigentes del mundo. \u00danete a nuestra sesi\u00f3n informativa virtual con ADF Flight School y descubre c\u00f3mo obtener tu licencia FAA en Miami, la certificaci\u00f3n\u2026","rel":"","context":"Entrada similar","block_context":{"text":"Entrada similar","link":""},"img":{"alt_text":"","src":"https:\/\/i0.wp.com\/adfairways.net\/wp-content\/uploads\/2026\/04\/Madrid-Espana-1080x1080-1.jpg?resize=350%2C200&ssl=1","width":350,"height":200,"srcset":"https:\/\/i0.wp.com\/adfairways.net\/wp-content\/uploads\/2026\/04\/Madrid-Espana-1080x1080-1.jpg?resize=350%2C200&ssl=1 1x, https:\/\/i0.wp.com\/adfairways.net\/wp-content\/uploads\/2026\/04\/Madrid-Espana-1080x1080-1.jpg?resize=525%2C300&ssl=1 1.5x, https:\/\/i0.wp.com\/adfairways.net\/wp-content\/uploads\/2026\/04\/Madrid-Espana-1080x1080-1.jpg?resize=700%2C400&ssl=1 2x, https:\/\/i0.wp.com\/adfairways.net\/wp-content\/uploads\/2026\/04\/Madrid-Espana-1080x1080-1.jpg?resize=1050%2C600&ssl=1 3x"},"classes":[]},{"id":43532,"url":"https:\/\/adfairways.net\/es\/escuela-de-aviacion-en-miami-para-guatemala\/","url_meta":{"origin":14140,"position":5},"title":"Estudie Aviaci\u00f3n en Miami y Obtenga su Certificaci\u00f3n FAA","author":"adfschool","date":"febrero 17, 2026","format":false,"excerpt":"Escuela de Aviaci\u00f3n para Estudiantes de Guatemala Convi\u00e9rtase en Piloto Profesional con Licencia Internacional Si vive en Guatemala y sue\u00f1a con convertirse en piloto profesional, esta es su oportunidad de formarse en una de las mejores escuelas de aviaci\u00f3n en Miami.ADF Flight School ofrece programas completos de formaci\u00f3n aeron\u00e1utica con\u2026","rel":"","context":"Entrada similar","block_context":{"text":"Entrada similar","link":""},"img":{"alt_text":"","src":"https:\/\/i0.wp.com\/adfairways.net\/wp-content\/uploads\/2026\/02\/Guatemala-1080x1080-1.jpg?resize=350%2C200&ssl=1","width":350,"height":200,"srcset":"https:\/\/i0.wp.com\/adfairways.net\/wp-content\/uploads\/2026\/02\/Guatemala-1080x1080-1.jpg?resize=350%2C200&ssl=1 1x, https:\/\/i0.wp.com\/adfairways.net\/wp-content\/uploads\/2026\/02\/Guatemala-1080x1080-1.jpg?resize=525%2C300&ssl=1 1.5x, https:\/\/i0.wp.com\/adfairways.net\/wp-content\/uploads\/2026\/02\/Guatemala-1080x1080-1.jpg?resize=700%2C400&ssl=1 2x, https:\/\/i0.wp.com\/adfairways.net\/wp-content\/uploads\/2026\/02\/Guatemala-1080x1080-1.jpg?resize=1050%2C600&ssl=1 3x"},"classes":[]}],"jetpack_sharing_enabled":true,"_links":{"self":[{"href":"https:\/\/adfairways.net\/es\/wp-json\/wp\/v2\/pages\/14140","targetHints":{"allow":["GET"]}}],"collection":[{"href":"https:\/\/adfairways.net\/es\/wp-json\/wp\/v2\/pages"}],"about":[{"href":"https:\/\/adfairways.net\/es\/wp-json\/wp\/v2\/types\/page"}],"author":[{"embeddable":true,"href":"https:\/\/adfairways.net\/es\/wp-json\/wp\/v2\/users\/1"}],"replies":[{"embeddable":true,"href":"https:\/\/adfairways.net\/es\/wp-json\/wp\/v2\/comments?post=14140"}],"version-history":[{"count":14,"href":"https:\/\/adfairways.net\/es\/wp-json\/wp\/v2\/pages\/14140\/revisions"}],"predecessor-version":[{"id":36738,"href":"https:\/\/adfairways.net\/es\/wp-json\/wp\/v2\/pages\/14140\/revisions\/36738"}],"wp:attachment":[{"href":"https:\/\/adfairways.net\/es\/wp-json\/wp\/v2\/media?parent=14140"}],"curies":[{"name":"wp","href":"https:\/\/api.w.org\/{rel}","templated":true}]}}