{"id":13997,"date":"2021-07-23T21:26:40","date_gmt":"2021-07-23T21:26:40","guid":{"rendered":"https:\/\/adfairways.net\/?page_id=13997"},"modified":"2023-04-17T14:44:25","modified_gmt":"2023-04-17T19:44:25","slug":"ifarhu-panama","status":"publish","type":"page","link":"https:\/\/adfairways.net\/es\/ifarhu-panama\/","title":{"rendered":"IFARH\u00da &#8211; PANAMA"},"content":{"rendered":"\t\t<div data-elementor-type=\"wp-post\" data-elementor-id=\"13997\" class=\"elementor elementor-13997\" data-elementor-post-type=\"page\">\n\t\t\t\t\t\t<section class=\"elementor-section elementor-top-section elementor-element elementor-element-d34a4a6 elementor-section-boxed elementor-section-height-default elementor-section-height-default\" data-id=\"d34a4a6\" data-element_type=\"section\" data-e-type=\"section\">\n\t\t\t\t\t\t<div class=\"elementor-container elementor-column-gap-default\">\n\t\t\t\t\t<div class=\"elementor-column elementor-col-100 elementor-top-column elementor-element elementor-element-479bb84 top column-style-top\" data-id=\"479bb84\" data-element_type=\"column\" data-e-type=\"column\" data-settings=\"{&quot;background_background&quot;:&quot;classic&quot;}\">\n\t\t\t<div class=\"elementor-widget-wrap elementor-element-populated\">\n\t\t\t\t\t\t<section class=\"elementor-section elementor-inner-section elementor-element elementor-element-3e30755 elementor-section-height-min-height elementor-section-boxed elementor-section-height-default\" data-id=\"3e30755\" data-element_type=\"section\" data-e-type=\"section\">\n\t\t\t\t\t\t<div class=\"elementor-container elementor-column-gap-default\">\n\t\t\t\t\t<div class=\"elementor-column elementor-col-50 elementor-inner-column elementor-element elementor-element-880e91e top column-style-top\" data-id=\"880e91e\" data-element_type=\"column\" data-e-type=\"column\">\n\t\t\t<div class=\"elementor-widget-wrap\">\n\t\t\t\t\t\t\t<\/div>\n\t\t<\/div>\n\t\t\t\t<div class=\"elementor-column elementor-col-50 elementor-inner-column elementor-element elementor-element-9c2f6d2 top column-style-top\" data-id=\"9c2f6d2\" data-element_type=\"column\" data-e-type=\"column\">\n\t\t\t<div class=\"elementor-widget-wrap\">\n\t\t\t\t\t\t\t<\/div>\n\t\t<\/div>\n\t\t\t\t\t<\/div>\n\t\t<\/section>\n\t\t\t\t\t<\/div>\n\t\t<\/div>\n\t\t\t\t\t<\/div>\n\t\t<\/section>\n\t\t\t\t<section class=\"elementor-section elementor-top-section elementor-element elementor-element-62eb34b elementor-section-boxed elementor-section-height-default elementor-section-height-default\" data-id=\"62eb34b\" data-element_type=\"section\" data-e-type=\"section\">\n\t\t\t\t\t\t<div class=\"elementor-container elementor-column-gap-default\">\n\t\t\t\t\t<div class=\"elementor-column elementor-col-100 elementor-top-column elementor-element elementor-element-ecfbc81 top column-style-top\" data-id=\"ecfbc81\" data-element_type=\"column\" data-e-type=\"column\">\n\t\t\t<div class=\"elementor-widget-wrap elementor-element-populated\">\n\t\t\t\t\t\t<div class=\"elementor-element elementor-element-9c25a42 elementor-widget elementor-widget-spacer\" data-id=\"9c25a42\" data-element_type=\"widget\" data-e-type=\"widget\" data-widget_type=\"spacer.default\">\n\t\t\t\t<div class=\"elementor-widget-container\">\n\t\t\t\t\t\t\t<div class=\"elementor-spacer\">\n\t\t\t<div class=\"elementor-spacer-inner\"><\/div>\n\t\t<\/div>\n\t\t\t\t\t\t<\/div>\n\t\t\t\t<\/div>\n\t\t\t\t<section class=\"elementor-section elementor-inner-section elementor-element elementor-element-bfabd99 elementor-section-boxed elementor-section-height-default elementor-section-height-default\" data-id=\"bfabd99\" data-element_type=\"section\" data-e-type=\"section\">\n\t\t\t\t\t\t<div class=\"elementor-container elementor-column-gap-default\">\n\t\t\t\t\t<div class=\"elementor-column elementor-col-50 elementor-inner-column elementor-element elementor-element-f19f51a top column-style-top\" data-id=\"f19f51a\" data-element_type=\"column\" data-e-type=\"column\">\n\t\t\t<div class=\"elementor-widget-wrap elementor-element-populated\">\n\t\t\t\t\t\t<div class=\"elementor-element elementor-element-3f2d988 elementor-widget elementor-widget-image\" data-id=\"3f2d988\" data-element_type=\"widget\" data-e-type=\"widget\" data-widget_type=\"image.default\">\n\t\t\t\t<div class=\"elementor-widget-container\">\n\t\t\t\t\t\t\t\t\t\t\t\t\t\t\t<img decoding=\"async\" width=\"320\" height=\"120\" src=\"https:\/\/adfairways.net\/wp-content\/uploads\/2021\/07\/bco-ifarhu.png\" class=\"attachment-large size-large wp-image-14003\" alt=\"bco-ifarhu\" \/>\t\t\t\t\t\t\t\t\t\t\t\t\t\t\t<\/div>\n\t\t\t\t<\/div>\n\t\t\t\t\t<\/div>\n\t\t<\/div>\n\t\t\t\t<div class=\"elementor-column elementor-col-50 elementor-inner-column elementor-element elementor-element-6efdf5a top column-style-top\" data-id=\"6efdf5a\" data-element_type=\"column\" data-e-type=\"column\">\n\t\t\t<div class=\"elementor-widget-wrap elementor-element-populated\">\n\t\t\t\t\t\t<div class=\"elementor-element elementor-element-b12d552 elementor-widget elementor-widget-text-editor\" data-id=\"b12d552\" data-element_type=\"widget\" data-e-type=\"widget\" data-widget_type=\"text-editor.default\">\n\t\t\t\t<div class=\"elementor-widget-container\">\n\t\t\t\t\t\t\t\t\t<p>Gracias por su inter\u00e9s en nuestro programa Paname\u00f1o.<br \/>El IFARHU es una instituci\u00f3n gubernamental que provee cr\u00e9ditos para estudios en el exterior hasta por 140000 USD y con plazos de pago hasta por 20 a\u00f1os.<br \/>Los estudiantes interesados en adquirir cr\u00e9dito a trav\u00e9s de esta instituci\u00f3n deben ser ciudadanos paname\u00f1os y cumplir una serie de requisitos exigidos por la instituci\u00f3n. Para mayor informaci\u00f3n, debe acercarse a sus instalaciones en ciudad de Panam\u00e1 o contactar a trav\u00e9s de su p\u00e1gina web: www.ifarhu.gob.pa<\/p>\t\t\t\t\t\t\t\t<\/div>\n\t\t\t\t<\/div>\n\t\t\t\t\t<\/div>\n\t\t<\/div>\n\t\t\t\t\t<\/div>\n\t\t<\/section>\n\t\t\t\t<section class=\"elementor-section elementor-inner-section elementor-element elementor-element-19ed7f8 elementor-section-boxed elementor-section-height-default elementor-section-height-default\" data-id=\"19ed7f8\" data-element_type=\"section\" data-e-type=\"section\">\n\t\t\t\t\t\t<div class=\"elementor-container elementor-column-gap-default\">\n\t\t\t\t\t<div class=\"elementor-column elementor-col-33 elementor-inner-column elementor-element elementor-element-11b6117 top column-style-top\" data-id=\"11b6117\" data-element_type=\"column\" data-e-type=\"column\">\n\t\t\t<div class=\"elementor-widget-wrap\">\n\t\t\t\t\t\t\t<\/div>\n\t\t<\/div>\n\t\t\t\t<div class=\"elementor-column elementor-col-33 elementor-inner-column elementor-element elementor-element-24d3825 dots-background-t top column-style-top\" data-id=\"24d3825\" data-element_type=\"column\" data-e-type=\"column\">\n\t\t\t<div class=\"elementor-widget-wrap\">\n\t\t\t\t\t\t\t<\/div>\n\t\t<\/div>\n\t\t\t\t<div class=\"elementor-column elementor-col-33 elementor-inner-column elementor-element elementor-element-430b9ae top column-style-top\" data-id=\"430b9ae\" data-element_type=\"column\" data-e-type=\"column\">\n\t\t\t<div class=\"elementor-widget-wrap\">\n\t\t\t\t\t\t\t<\/div>\n\t\t<\/div>\n\t\t\t\t\t<\/div>\n\t\t<\/section>\n\t\t\t\t<div class=\"elementor-element elementor-element-b789f1a elementor-widget elementor-widget-spacer\" data-id=\"b789f1a\" data-element_type=\"widget\" data-e-type=\"widget\" data-widget_type=\"spacer.default\">\n\t\t\t\t<div class=\"elementor-widget-container\">\n\t\t\t\t\t\t\t<div class=\"elementor-spacer\">\n\t\t\t<div class=\"elementor-spacer-inner\"><\/div>\n\t\t<\/div>\n\t\t\t\t\t\t<\/div>\n\t\t\t\t<\/div>\n\t\t\t\t\t<\/div>\n\t\t<\/div>\n\t\t\t\t\t<\/div>\n\t\t<\/section>\n\t\t\t\t<section class=\"elementor-section elementor-top-section elementor-element elementor-element-f4002a9 elementor-section-boxed elementor-section-height-default elementor-section-height-default\" data-id=\"f4002a9\" data-element_type=\"section\" data-e-type=\"section\">\n\t\t\t\t\t\t<div class=\"elementor-container elementor-column-gap-default\">\n\t\t\t\t\t<div class=\"elementor-column elementor-col-100 elementor-top-column elementor-element elementor-element-268411c top column-style-top\" data-id=\"268411c\" data-element_type=\"column\" data-e-type=\"column\">\n\t\t\t<div class=\"elementor-widget-wrap elementor-element-populated\">\n\t\t\t\t\t\t<div class=\"elementor-element elementor-element-879972a elementor-widget elementor-widget-spacer\" data-id=\"879972a\" data-element_type=\"widget\" data-e-type=\"widget\" data-widget_type=\"spacer.default\">\n\t\t\t\t<div class=\"elementor-widget-container\">\n\t\t\t\t\t\t\t<div class=\"elementor-spacer\">\n\t\t\t<div class=\"elementor-spacer-inner\"><\/div>\n\t\t<\/div>\n\t\t\t\t\t\t<\/div>\n\t\t\t\t<\/div>\n\t\t\t\t\t<\/div>\n\t\t<\/div>\n\t\t\t\t\t<\/div>\n\t\t<\/section>\n\t\t\t\t<section class=\"elementor-section elementor-top-section elementor-element elementor-element-da1d9d5 elementor-section-boxed elementor-section-height-default elementor-section-height-default\" data-id=\"da1d9d5\" data-element_type=\"section\" data-e-type=\"section\" data-settings=\"{&quot;background_background&quot;:&quot;video&quot;,&quot;background_video_link&quot;:&quot;https:\\\/\\\/adfairways.net\\\/wp-content\\\/uploads\\\/2021\\\/08\\\/sky.mov&quot;,&quot;shape_divider_top&quot;:&quot;mountains&quot;}\">\n\t\t\t\t\t\t\t\t<div class=\"elementor-background-video-container elementor-hidden-mobile\">\n\t\t\t\t\t\t\t\t\t\t\t\t\t<video class=\"elementor-background-video-hosted\" role=\"presentation\" autoplay muted playsinline loop><\/video>\n\t\t\t\t\t\t\t\t\t\t\t<\/div>\n\t\t\t\t\t\t\t\t\t<div class=\"elementor-background-overlay\"><\/div>\n\t\t\t\t\t\t<div class=\"elementor-shape elementor-shape-top\" aria-hidden=\"true\" data-negative=\"false\">\n\t\t\t<svg xmlns=\"http:\/\/www.w3.org\/2000\/svg\" viewBox=\"0 0 1000 100\" preserveAspectRatio=\"none\">\n\t<path class=\"elementor-shape-fill\" opacity=\"0.33\" d=\"M473,67.3c-203.9,88.3-263.1-34-320.3,0C66,119.1,0,59.7,0,59.7V0h1000v59.7 c0,0-62.1,26.1-94.9,29.3c-32.8,3.3-62.8-12.3-75.8-22.1C806,49.6,745.3,8.7,694.9,4.7S492.4,59,473,67.3z\"\/>\n\t<path class=\"elementor-shape-fill\" opacity=\"0.66\" d=\"M734,67.3c-45.5,0-77.2-23.2-129.1-39.1c-28.6-8.7-150.3-10.1-254,39.1 s-91.7-34.4-149.2,0C115.7,118.3,0,39.8,0,39.8V0h1000v36.5c0,0-28.2-18.5-92.1-18.5C810.2,18.1,775.7,67.3,734,67.3z\"\/>\n\t<path class=\"elementor-shape-fill\" d=\"M766.1,28.9c-200-57.5-266,65.5-395.1,19.5C242,1.8,242,5.4,184.8,20.6C128,35.8,132.3,44.9,89.9,52.5C28.6,63.7,0,0,0,0 h1000c0,0-9.9,40.9-83.6,48.1S829.6,47,766.1,28.9z\"\/>\n<\/svg>\t\t<\/div>\n\t\t\t\t\t<div class=\"elementor-container elementor-column-gap-default\">\n\t\t\t\t\t<div class=\"elementor-column elementor-col-50 elementor-top-column elementor-element elementor-element-90b3e81 top column-style-top\" data-id=\"90b3e81\" data-element_type=\"column\" data-e-type=\"column\">\n\t\t\t<div class=\"elementor-widget-wrap elementor-element-populated\">\n\t\t\t\t\t\t<div class=\"elementor-element elementor-element-c9e7f50 elementor-hidden-desktop elementor-widget elementor-widget-spacer\" data-id=\"c9e7f50\" data-element_type=\"widget\" data-e-type=\"widget\" data-widget_type=\"spacer.default\">\n\t\t\t\t<div class=\"elementor-widget-container\">\n\t\t\t\t\t\t\t<div class=\"elementor-spacer\">\n\t\t\t<div class=\"elementor-spacer-inner\"><\/div>\n\t\t<\/div>\n\t\t\t\t\t\t<\/div>\n\t\t\t\t<\/div>\n\t\t\t\t<div class=\"elementor-element elementor-element-a6a1e3f elementor-widget elementor-widget-heading\" data-id=\"a6a1e3f\" data-element_type=\"widget\" data-e-type=\"widget\" data-widget_type=\"heading.default\">\n\t\t\t\t<div class=\"elementor-widget-container\">\n\t\t\t\t\t<h2 class=\"elementor-heading-title elementor-size-large\">\u00bfListo para despegar?<\/h2>\t\t\t\t<\/div>\n\t\t\t\t<\/div>\n\t\t\t\t<div class=\"elementor-element elementor-element-355bb6b elementor-widget elementor-widget-heading\" data-id=\"355bb6b\" data-element_type=\"widget\" data-e-type=\"widget\" data-widget_type=\"heading.default\">\n\t\t\t\t<div class=\"elementor-widget-container\">\n\t\t\t\t\t<h5 class=\"elementor-heading-title elementor-size-medium\">Cont\u00e1ctanos<\/h5>\t\t\t\t<\/div>\n\t\t\t\t<\/div>\n\t\t\t\t<div class=\"elementor-element elementor-element-ead8eb5 elementor-widget elementor-widget-text-editor\" data-id=\"ead8eb5\" data-element_type=\"widget\" data-e-type=\"widget\" data-widget_type=\"text-editor.default\">\n\t\t\t\t<div class=\"elementor-widget-container\">\n\t\t\t\t\t\t\t\t\t<script type=\"text\/javascript\" src=\"https:\/\/api.clientify.net\/web-marketing\/superforms\/script\/124158.js\"><\/script>\t\t\t\t\t\t\t\t<\/div>\n\t\t\t\t<\/div>\n\t\t\t\t\t<\/div>\n\t\t<\/div>\n\t\t\t\t<div class=\"elementor-column elementor-col-50 elementor-top-column elementor-element elementor-element-9baacd4 elementor-hidden-tablet elementor-hidden-phone top column-style-top\" data-id=\"9baacd4\" data-element_type=\"column\" data-e-type=\"column\">\n\t\t\t<div class=\"elementor-widget-wrap elementor-element-populated\">\n\t\t\t\t\t\t<div class=\"elementor-element elementor-element-d6aaca8 elementor-widget elementor-widget-spacer\" data-id=\"d6aaca8\" data-element_type=\"widget\" data-e-type=\"widget\" data-widget_type=\"spacer.default\">\n\t\t\t\t<div class=\"elementor-widget-container\">\n\t\t\t\t\t\t\t<div class=\"elementor-spacer\">\n\t\t\t<div class=\"elementor-spacer-inner\"><\/div>\n\t\t<\/div>\n\t\t\t\t\t\t<\/div>\n\t\t\t\t<\/div>\n\t\t\t\t<div class=\"elementor-element elementor-element-a4cd4fd elementor-invisible elementor-widget elementor-widget-image\" data-id=\"a4cd4fd\" data-element_type=\"widget\" data-e-type=\"widget\" data-settings=\"{&quot;_animation&quot;:&quot;fadeIn&quot;}\" data-widget_type=\"image.default\">\n\t\t\t\t<div class=\"elementor-widget-container\">\n\t\t\t\t\t\t\t\t\t\t\t\t\t\t\t<img fetchpriority=\"high\" decoding=\"async\" width=\"863\" height=\"441\" src=\"https:\/\/adfairways.net\/wp-content\/uploads\/2019\/05\/ADF-Flight-School-positive.png\" class=\"attachment-large size-large wp-image-12996\" alt=\"ADF Flight School\" srcset=\"https:\/\/adfairways.net\/wp-content\/uploads\/2019\/05\/ADF-Flight-School-positive.png 863w, https:\/\/adfairways.net\/wp-content\/uploads\/2019\/05\/ADF-Flight-School-positive-768x392.png 768w, https:\/\/adfairways.net\/wp-content\/uploads\/2019\/05\/ADF-Flight-School-positive-600x307.png 600w\" sizes=\"(max-width: 863px) 100vw, 863px\" \/>\t\t\t\t\t\t\t\t\t\t\t\t\t\t\t<\/div>\n\t\t\t\t<\/div>\n\t\t\t\t<div class=\"elementor-element elementor-element-113da4c elementor-invisible elementor-widget elementor-widget-image\" data-id=\"113da4c\" data-element_type=\"widget\" data-e-type=\"widget\" data-settings=\"{&quot;_animation&quot;:&quot;fadeInUp&quot;}\" data-widget_type=\"image.default\">\n\t\t\t\t<div class=\"elementor-widget-container\">\n\t\t\t\t\t\t\t\t\t\t\t\t\t\t\t<img decoding=\"async\" width=\"900\" height=\"432\" src=\"https:\/\/adfairways.net\/wp-content\/uploads\/2021\/08\/its-time-to-take-off-1024x491.png\" class=\"attachment-large size-large wp-image-15699\" alt=\"\" srcset=\"https:\/\/adfairways.net\/wp-content\/uploads\/2021\/08\/its-time-to-take-off-1024x491.png 1024w, https:\/\/adfairways.net\/wp-content\/uploads\/2021\/08\/its-time-to-take-off-768x368.png 768w, https:\/\/adfairways.net\/wp-content\/uploads\/2021\/08\/its-time-to-take-off-600x288.png 600w, https:\/\/adfairways.net\/wp-content\/uploads\/2021\/08\/its-time-to-take-off.png 1122w\" sizes=\"(max-width: 900px) 100vw, 900px\" \/>\t\t\t\t\t\t\t\t\t\t\t\t\t\t\t<\/div>\n\t\t\t\t<\/div>\n\t\t\t\t\t<\/div>\n\t\t<\/div>\n\t\t\t\t\t<\/div>\n\t\t<\/section>\n\t\t\t\t<\/div>\n\t\t","protected":false},"excerpt":{"rendered":"<p>Gracias por su inter\u00e9s en nuestro programa Paname\u00f1o.El IFARHU es una instituci\u00f3n gubernamental que provee cr\u00e9ditos para estudios en el exterior hasta por 140000 USD y con plazos de pago hasta por 20 a\u00f1os.Los estudiantes interesados en adquirir cr\u00e9dito a trav\u00e9s de esta instituci\u00f3n deben ser ciudadanos paname\u00f1os y cumplir una serie de requisitos exigidos [&hellip;]<\/p>\n","protected":false},"author":1,"featured_media":0,"parent":0,"menu_order":0,"comment_status":"closed","ping_status":"closed","template":"","meta":{"footnotes":""},"class_list":["post-13997","page","type-page","status-publish","hentry"],"jetpack-related-posts":[{"id":43935,"url":"https:\/\/adfairways.net\/es\/charla-virtual-piloto-madrid-espana\/","url_meta":{"origin":13997,"position":0},"title":"Convi\u00e9rtete en Piloto Comercial en EE.UU.: Charla Informativa para Espa\u00f1a","author":"adfschool","date":"abril 1, 2026","format":false,"excerpt":"\u00bfResides en Espa\u00f1a y sue\u00f1as con una carrera en la aviaci\u00f3n internacional? \u00bfSue\u00f1as con ser piloto? No pierdas la oportunidad de formarte bajo los est\u00e1ndares m\u00e1s exigentes del mundo. \u00danete a nuestra sesi\u00f3n informativa virtual con ADF Flight School y descubre c\u00f3mo obtener tu licencia FAA en Miami, la certificaci\u00f3n\u2026","rel":"","context":"Entrada similar","block_context":{"text":"Entrada similar","link":""},"img":{"alt_text":"","src":"https:\/\/i0.wp.com\/adfairways.net\/wp-content\/uploads\/2026\/04\/Madrid-Espana-1080x1080-1.jpg?resize=350%2C200&ssl=1","width":350,"height":200,"srcset":"https:\/\/i0.wp.com\/adfairways.net\/wp-content\/uploads\/2026\/04\/Madrid-Espana-1080x1080-1.jpg?resize=350%2C200&ssl=1 1x, https:\/\/i0.wp.com\/adfairways.net\/wp-content\/uploads\/2026\/04\/Madrid-Espana-1080x1080-1.jpg?resize=525%2C300&ssl=1 1.5x, https:\/\/i0.wp.com\/adfairways.net\/wp-content\/uploads\/2026\/04\/Madrid-Espana-1080x1080-1.jpg?resize=700%2C400&ssl=1 2x, https:\/\/i0.wp.com\/adfairways.net\/wp-content\/uploads\/2026\/04\/Madrid-Espana-1080x1080-1.jpg?resize=1050%2C600&ssl=1 3x"},"classes":[]},{"id":43784,"url":"https:\/\/adfairways.net\/es\/futuros-pilotos-de-panama\/","url_meta":{"origin":13997,"position":1},"title":"Charla Virtual para Futuros Pilotos de Panam\u00e1","author":"adfschool","date":"marzo 16, 2026","format":false,"excerpt":"\u00danete a la Charla Virtual de ADF Flight School este 26 de Marzo \u00bfSue\u00f1as con ser piloto? Conoce c\u00f3mo obtener tu licencia FAA y estudiar aviaci\u00f3n en Miami.\u00a0 Charla Virtual GRATIS: C\u00f3mo Ser Piloto en Estados Unidos. Conoce costos, requisitos y oportunidades laborales. \u00a1Cupos limitados \u00bfPor qu\u00e9 obtener una Licencia\u2026","rel":"","context":"Entrada similar","block_context":{"text":"Entrada similar","link":""},"img":{"alt_text":"","src":"https:\/\/i0.wp.com\/adfairways.net\/wp-content\/uploads\/2026\/03\/Ciudad-de-Panama-1080x1080-1.jpg?resize=350%2C200&ssl=1","width":350,"height":200,"srcset":"https:\/\/i0.wp.com\/adfairways.net\/wp-content\/uploads\/2026\/03\/Ciudad-de-Panama-1080x1080-1.jpg?resize=350%2C200&ssl=1 1x, https:\/\/i0.wp.com\/adfairways.net\/wp-content\/uploads\/2026\/03\/Ciudad-de-Panama-1080x1080-1.jpg?resize=525%2C300&ssl=1 1.5x, https:\/\/i0.wp.com\/adfairways.net\/wp-content\/uploads\/2026\/03\/Ciudad-de-Panama-1080x1080-1.jpg?resize=700%2C400&ssl=1 2x, https:\/\/i0.wp.com\/adfairways.net\/wp-content\/uploads\/2026\/03\/Ciudad-de-Panama-1080x1080-1.jpg?resize=1050%2C600&ssl=1 3x"},"classes":[]},{"id":43507,"url":"https:\/\/adfairways.net\/es\/preguntas-frecuentes\/","url_meta":{"origin":13997,"position":2},"title":"Preguntas Frecuentes","author":"adfschool","date":"febrero 10, 2026","format":false,"excerpt":"\u2708\ufe0f Preguntas Frecuentes ADF Flight School En ADF Flight School nos importa que nuestros estudiantes y egresados cumplan su sueno y realmente alcancen las metas que proyectaron. Para esto contamos con el mejor equipo humano, las mas innovadoras tecnolog\u00edas y equipos y una espectacular metodolog\u00eda de estudio dise\u00f1ada para alcanzar\u2026","rel":"","context":"Entrada similar","block_context":{"text":"Entrada similar","link":""},"img":{"alt_text":"","src":"https:\/\/i0.wp.com\/adfairways.net\/wp-content\/uploads\/2024\/01\/LogotipoADF.png?resize=350%2C200&ssl=1","width":350,"height":200},"classes":[]},{"id":39371,"url":"https:\/\/adfairways.net\/es\/pilotos-privados-o-comerciales-colombia-panama\/","url_meta":{"origin":13997,"position":3},"title":"Private or Commercial Pilot meeeting Colombia and Panam\u00e1","author":"adfschool","date":"octubre 10, 2024","format":false,"excerpt":"\u00bfVives en Panam\u00e1 y\/o Colombia y sue\u00f1as con convertirte en piloto mientras estudias en una de las mejores escuelas de aviaci\u00f3n en Miami? \u00a1\u00danete a nuestra reuni\u00f3n gratuita por Zoom este jueves 14 de noviembre! \ud83d\udeeb Descubre c\u00f3mo obtener tu licencia de piloto comercial FAA y comenzar tu carrera en\u2026","rel":"","context":"Entrada similar","block_context":{"text":"Entrada similar","link":""},"img":{"alt_text":"","src":"https:\/\/i0.wp.com\/adfairways.net\/wp-content\/uploads\/2024\/10\/CP-1080x1920-english.jpg?resize=350%2C200&ssl=1","width":350,"height":200,"srcset":"https:\/\/i0.wp.com\/adfairways.net\/wp-content\/uploads\/2024\/10\/CP-1080x1920-english.jpg?resize=350%2C200&ssl=1 1x, https:\/\/i0.wp.com\/adfairways.net\/wp-content\/uploads\/2024\/10\/CP-1080x1920-english.jpg?resize=525%2C300&ssl=1 1.5x, https:\/\/i0.wp.com\/adfairways.net\/wp-content\/uploads\/2024\/10\/CP-1080x1920-english.jpg?resize=700%2C400&ssl=1 2x, https:\/\/i0.wp.com\/adfairways.net\/wp-content\/uploads\/2024\/10\/CP-1080x1920-english.jpg?resize=1050%2C600&ssl=1 3x"},"classes":[]},{"id":43813,"url":"https:\/\/adfairways.net\/es\/charla-piloto-comercial-argentina\/","url_meta":{"origin":13997,"position":4},"title":"Convi\u00e9rtete en Piloto Profesional en EE.UU.: Charla Virtual para Argentina","author":"adfschool","date":"marzo 20, 2026","format":false,"excerpt":"\u00danete a la Charla Virtual de ADF Flight School para Argentina \u00bfSue\u00f1as con ser piloto? \u00bfEst\u00e1s en Buenos Aires y tu gran sue\u00f1o es volar profesionalmente? Da el primer paso hacia una carrera internacional. \u00danete a la sesi\u00f3n informativa gratuita de ADF Flight School y descubre c\u00f3mo obtener tu licencia\u2026","rel":"","context":"Entrada similar","block_context":{"text":"Entrada similar","link":""},"img":{"alt_text":"","src":"https:\/\/i0.wp.com\/adfairways.net\/wp-content\/uploads\/2026\/03\/Argentina-1080x1080-1.jpg?resize=350%2C200&ssl=1","width":350,"height":200,"srcset":"https:\/\/i0.wp.com\/adfairways.net\/wp-content\/uploads\/2026\/03\/Argentina-1080x1080-1.jpg?resize=350%2C200&ssl=1 1x, https:\/\/i0.wp.com\/adfairways.net\/wp-content\/uploads\/2026\/03\/Argentina-1080x1080-1.jpg?resize=525%2C300&ssl=1 1.5x, https:\/\/i0.wp.com\/adfairways.net\/wp-content\/uploads\/2026\/03\/Argentina-1080x1080-1.jpg?resize=700%2C400&ssl=1 2x, https:\/\/i0.wp.com\/adfairways.net\/wp-content\/uploads\/2026\/03\/Argentina-1080x1080-1.jpg?resize=1050%2C600&ssl=1 3x"},"classes":[]},{"id":43642,"url":"https:\/\/adfairways.net\/es\/charla-virtual-santiago-de-chile\/","url_meta":{"origin":13997,"position":5},"title":"Escuela de Aviaci\u00f3n en Miami para Chile | Certificaci\u00f3n FAA","author":"adfschool","date":"febrero 25, 2026","format":false,"excerpt":"Charla Virtual para Santiago de Chile Estudie Aviaci\u00f3n en Miami y Obtenga su Certificaci\u00f3n FAA Si vive en Santiago de Chile o en cualquier ciudad del pa\u00eds y sue\u00f1a con convertirse en piloto profesional, esta charla es para usted. ADF Flight School, ubicada en Miami, Estados Unidos, le invita a\u2026","rel":"","context":"Entrada similar","block_context":{"text":"Entrada similar","link":""},"img":{"alt_text":"Charla Virtual para Santiago de Chile","src":"https:\/\/i0.wp.com\/adfairways.net\/wp-content\/uploads\/2026\/02\/Santiago-de-Chile-1080x1080-1.jpg?resize=350%2C200&ssl=1","width":350,"height":200,"srcset":"https:\/\/i0.wp.com\/adfairways.net\/wp-content\/uploads\/2026\/02\/Santiago-de-Chile-1080x1080-1.jpg?resize=350%2C200&ssl=1 1x, https:\/\/i0.wp.com\/adfairways.net\/wp-content\/uploads\/2026\/02\/Santiago-de-Chile-1080x1080-1.jpg?resize=525%2C300&ssl=1 1.5x, https:\/\/i0.wp.com\/adfairways.net\/wp-content\/uploads\/2026\/02\/Santiago-de-Chile-1080x1080-1.jpg?resize=700%2C400&ssl=1 2x, https:\/\/i0.wp.com\/adfairways.net\/wp-content\/uploads\/2026\/02\/Santiago-de-Chile-1080x1080-1.jpg?resize=1050%2C600&ssl=1 3x"},"classes":[]}],"jetpack_sharing_enabled":true,"_links":{"self":[{"href":"https:\/\/adfairways.net\/es\/wp-json\/wp\/v2\/pages\/13997","targetHints":{"allow":["GET"]}}],"collection":[{"href":"https:\/\/adfairways.net\/es\/wp-json\/wp\/v2\/pages"}],"about":[{"href":"https:\/\/adfairways.net\/es\/wp-json\/wp\/v2\/types\/page"}],"author":[{"embeddable":true,"href":"https:\/\/adfairways.net\/es\/wp-json\/wp\/v2\/users\/1"}],"replies":[{"embeddable":true,"href":"https:\/\/adfairways.net\/es\/wp-json\/wp\/v2\/comments?post=13997"}],"version-history":[{"count":0,"href":"https:\/\/adfairways.net\/es\/wp-json\/wp\/v2\/pages\/13997\/revisions"}],"wp:attachment":[{"href":"https:\/\/adfairways.net\/es\/wp-json\/wp\/v2\/media?parent=13997"}],"curies":[{"name":"wp","href":"https:\/\/api.w.org\/{rel}","templated":true}]}}