{"id":13635,"date":"2021-07-22T17:32:14","date_gmt":"2021-07-22T17:32:14","guid":{"rendered":"https:\/\/adfairways.net\/?page_id=13635"},"modified":"2023-04-17T14:39:34","modified_gmt":"2023-04-17T19:39:34","slug":"entrevista-de-ingles-y-de-admision","status":"publish","type":"page","link":"https:\/\/adfairways.net\/es\/entrevista-de-ingles-y-de-admision\/","title":{"rendered":"Entrevista de Ingl\u00e9s y de Admisi\u00f3n"},"content":{"rendered":"\t\t<div data-elementor-type=\"wp-post\" data-elementor-id=\"13635\" class=\"elementor elementor-13635\" data-elementor-post-type=\"page\">\n\t\t\t\t\t\t<section class=\"elementor-section elementor-top-section elementor-element elementor-element-947db76 elementor-section-boxed elementor-section-height-default elementor-section-height-default\" data-id=\"947db76\" data-element_type=\"section\" data-e-type=\"section\" data-settings=\"{&quot;background_background&quot;:&quot;classic&quot;}\">\n\t\t\t\t\t\t<div class=\"elementor-container elementor-column-gap-default\">\n\t\t\t\t\t<div class=\"elementor-column elementor-col-100 elementor-top-column elementor-element elementor-element-b4b9c35 top column-style-top\" data-id=\"b4b9c35\" data-element_type=\"column\" data-e-type=\"column\">\n\t\t\t<div class=\"elementor-widget-wrap elementor-element-populated\">\n\t\t\t\t\t\t<div class=\"elementor-element elementor-element-2241001 elementor-widget elementor-widget-text-editor\" data-id=\"2241001\" data-element_type=\"widget\" data-e-type=\"widget\" data-widget_type=\"text-editor.default\">\n\t\t\t\t<div class=\"elementor-widget-container\">\n\t\t\t\t\t\t\t\t\t<p>Recuerde que el Ingl\u00e9s es el idioma universal de la aviaci\u00f3n. No importa en qu\u00e9 pa\u00eds vuele o se entrene, para obtener trabajo en una l\u00ednea a\u00e9rea se\u00a0 debe tener dominio del idioma\u00a0 Ingl\u00e9s.\u00a0<\/p>\t\t\t\t\t\t\t\t<\/div>\n\t\t\t\t<\/div>\n\t\t\t\t\t<\/div>\n\t\t<\/div>\n\t\t\t\t\t<\/div>\n\t\t<\/section>\n\t\t\t\t<section class=\"elementor-section elementor-top-section elementor-element elementor-element-65149e5 elementor-section-boxed elementor-section-height-default elementor-section-height-default\" data-id=\"65149e5\" data-element_type=\"section\" data-e-type=\"section\">\n\t\t\t\t\t\t<div class=\"elementor-container elementor-column-gap-default\">\n\t\t\t\t\t<div class=\"elementor-column elementor-col-33 elementor-top-column elementor-element elementor-element-570d271 top column-style-top\" data-id=\"570d271\" data-element_type=\"column\" data-e-type=\"column\">\n\t\t\t<div class=\"elementor-widget-wrap elementor-element-populated\">\n\t\t\t\t\t\t<div class=\"elementor-element elementor-element-17cf2f9 mapa elementor-widget elementor-widget-spacer\" data-id=\"17cf2f9\" data-element_type=\"widget\" data-e-type=\"widget\" data-widget_type=\"spacer.default\">\n\t\t\t\t<div class=\"elementor-widget-container\">\n\t\t\t\t\t\t\t<div class=\"elementor-spacer\">\n\t\t\t<div class=\"elementor-spacer-inner\"><\/div>\n\t\t<\/div>\n\t\t\t\t\t\t<\/div>\n\t\t\t\t<\/div>\n\t\t\t\t<div class=\"elementor-element elementor-element-2b79de6 elementor-widget elementor-widget-text-editor\" data-id=\"2b79de6\" data-element_type=\"widget\" data-e-type=\"widget\" data-widget_type=\"text-editor.default\">\n\t\t\t\t<div class=\"elementor-widget-container\">\n\t\t\t\t\t\t\t\t\t<p>Nos superamos a diario para que nuestros egresados est\u00e9n por encima del promedio. Por ello es indispensable que los nuevos estudiantes \u00a0lleguen a\u00a0 ADF con un buen nivel de ingl\u00e9s y facilitar as\u00ed, el proceso de aprendizaje.<\/p><p>Los Aspirantes locales e internacionales, cuyo idioma materno no sea el ingl\u00e9s,\u00a0deben realizar un paso adicional para asegurar que nuestros pilotos lleguen a cumplir con los requisitos de ingl\u00e9s de nivel ICAO. Estamos convencidos de lo indispensable que es iniciar los estudios en nuestro programa,\u00a0 con un nivel de ingl\u00e9s adecuado y aumentar de esta forma la probabilidad de \u00e9xito de nuestros pilotos.<\/p>\t\t\t\t\t\t\t\t<\/div>\n\t\t\t\t<\/div>\n\t\t\t\t\t<\/div>\n\t\t<\/div>\n\t\t\t\t<div class=\"elementor-column elementor-col-33 elementor-top-column elementor-element elementor-element-7381383 top column-style-top\" data-id=\"7381383\" data-element_type=\"column\" data-e-type=\"column\">\n\t\t\t<div class=\"elementor-widget-wrap\">\n\t\t\t\t\t\t\t<\/div>\n\t\t<\/div>\n\t\t\t\t<div class=\"elementor-column elementor-col-33 elementor-top-column elementor-element elementor-element-ea8ba6c top column-style-top\" data-id=\"ea8ba6c\" data-element_type=\"column\" data-e-type=\"column\">\n\t\t\t<div class=\"elementor-widget-wrap elementor-element-populated\">\n\t\t\t\t\t\t<div class=\"elementor-element elementor-element-a81fa1d elementor-widget elementor-widget-text-editor\" data-id=\"a81fa1d\" data-element_type=\"widget\" data-e-type=\"widget\" data-widget_type=\"text-editor.default\">\n\t\t\t\t<div class=\"elementor-widget-container\">\n\t\t\t\t\t\t\t\t\t<p><span style=\"color: var( --e-global-color-81bd67d ); font-family: var( --e-global-typography-text-font-family ), Sans-serif; font-size: var( --e-global-typography-text-font-size ); font-weight: var( --e-global-typography-text-font-weight );\">Una vez realizada\u00a0y aprobada\u00a0la entrevista, el estudiante\u00a0recibir\u00e1 un correo oficial con su resultado e indicaciones para iniciar su proceso con soporte de su Orientador Acad\u00e9mico. En caso de reprobar,\u00a0deber\u00e1 realizar nuevamente la entrevista en una fecha futura a pactar.<\/span><\/p>\t\t\t\t\t\t\t\t<\/div>\n\t\t\t\t<\/div>\n\t\t\t\t\t<\/div>\n\t\t<\/div>\n\t\t\t\t\t<\/div>\n\t\t<\/section>\n\t\t\t\t<section class=\"elementor-section elementor-top-section elementor-element elementor-element-f8774cb elementor-section-boxed elementor-section-height-default elementor-section-height-default\" data-id=\"f8774cb\" data-element_type=\"section\" data-e-type=\"section\">\n\t\t\t\t\t\t<div class=\"elementor-container elementor-column-gap-default\">\n\t\t\t\t\t<div class=\"elementor-column elementor-col-100 elementor-top-column elementor-element elementor-element-7cb364f top column-style-top\" data-id=\"7cb364f\" data-element_type=\"column\" data-e-type=\"column\">\n\t\t\t<div class=\"elementor-widget-wrap elementor-element-populated\">\n\t\t\t\t\t\t<div class=\"elementor-element elementor-element-46d0238 elementor-widget elementor-widget-spacer\" data-id=\"46d0238\" data-element_type=\"widget\" data-e-type=\"widget\" data-widget_type=\"spacer.default\">\n\t\t\t\t<div class=\"elementor-widget-container\">\n\t\t\t\t\t\t\t<div class=\"elementor-spacer\">\n\t\t\t<div class=\"elementor-spacer-inner\"><\/div>\n\t\t<\/div>\n\t\t\t\t\t\t<\/div>\n\t\t\t\t<\/div>\n\t\t\t\t\t<\/div>\n\t\t<\/div>\n\t\t\t\t\t<\/div>\n\t\t<\/section>\n\t\t\t\t<section class=\"elementor-section elementor-top-section elementor-element elementor-element-c7b8295 elementor-section-boxed elementor-section-height-default elementor-section-height-default\" data-id=\"c7b8295\" data-element_type=\"section\" data-e-type=\"section\" data-settings=\"{&quot;background_background&quot;:&quot;video&quot;,&quot;background_video_link&quot;:&quot;https:\\\/\\\/adfairways.net\\\/wp-content\\\/uploads\\\/2021\\\/08\\\/sky.mov&quot;,&quot;shape_divider_top&quot;:&quot;mountains&quot;}\">\n\t\t\t\t\t\t\t\t<div class=\"elementor-background-video-container elementor-hidden-mobile\">\n\t\t\t\t\t\t\t\t\t\t\t\t\t<video class=\"elementor-background-video-hosted\" role=\"presentation\" autoplay muted playsinline loop><\/video>\n\t\t\t\t\t\t\t\t\t\t\t<\/div>\n\t\t\t\t\t\t\t\t\t<div class=\"elementor-background-overlay\"><\/div>\n\t\t\t\t\t\t<div class=\"elementor-shape elementor-shape-top\" aria-hidden=\"true\" data-negative=\"false\">\n\t\t\t<svg xmlns=\"http:\/\/www.w3.org\/2000\/svg\" viewBox=\"0 0 1000 100\" preserveAspectRatio=\"none\">\n\t<path class=\"elementor-shape-fill\" opacity=\"0.33\" d=\"M473,67.3c-203.9,88.3-263.1-34-320.3,0C66,119.1,0,59.7,0,59.7V0h1000v59.7 c0,0-62.1,26.1-94.9,29.3c-32.8,3.3-62.8-12.3-75.8-22.1C806,49.6,745.3,8.7,694.9,4.7S492.4,59,473,67.3z\"\/>\n\t<path class=\"elementor-shape-fill\" opacity=\"0.66\" d=\"M734,67.3c-45.5,0-77.2-23.2-129.1-39.1c-28.6-8.7-150.3-10.1-254,39.1 s-91.7-34.4-149.2,0C115.7,118.3,0,39.8,0,39.8V0h1000v36.5c0,0-28.2-18.5-92.1-18.5C810.2,18.1,775.7,67.3,734,67.3z\"\/>\n\t<path class=\"elementor-shape-fill\" d=\"M766.1,28.9c-200-57.5-266,65.5-395.1,19.5C242,1.8,242,5.4,184.8,20.6C128,35.8,132.3,44.9,89.9,52.5C28.6,63.7,0,0,0,0 h1000c0,0-9.9,40.9-83.6,48.1S829.6,47,766.1,28.9z\"\/>\n<\/svg>\t\t<\/div>\n\t\t\t\t\t<div class=\"elementor-container elementor-column-gap-default\">\n\t\t\t\t\t<div class=\"elementor-column elementor-col-50 elementor-top-column elementor-element elementor-element-03fed7a top column-style-top\" data-id=\"03fed7a\" data-element_type=\"column\" data-e-type=\"column\">\n\t\t\t<div class=\"elementor-widget-wrap elementor-element-populated\">\n\t\t\t\t\t\t<div class=\"elementor-element elementor-element-553e392 elementor-hidden-desktop elementor-widget elementor-widget-spacer\" data-id=\"553e392\" data-element_type=\"widget\" data-e-type=\"widget\" data-widget_type=\"spacer.default\">\n\t\t\t\t<div class=\"elementor-widget-container\">\n\t\t\t\t\t\t\t<div class=\"elementor-spacer\">\n\t\t\t<div class=\"elementor-spacer-inner\"><\/div>\n\t\t<\/div>\n\t\t\t\t\t\t<\/div>\n\t\t\t\t<\/div>\n\t\t\t\t<div class=\"elementor-element elementor-element-c7a1372 elementor-widget elementor-widget-text-editor\" data-id=\"c7a1372\" data-element_type=\"widget\" data-e-type=\"widget\" data-widget_type=\"text-editor.default\">\n\t\t\t\t<div class=\"elementor-widget-container\">\n\t\t\t\t\t\t\t\t\t<p>\u00bfListo para despegar?<\/p>\t\t\t\t\t\t\t\t<\/div>\n\t\t\t\t<\/div>\n\t\t\t\t<div class=\"elementor-element elementor-element-0055a92 elementor-widget elementor-widget-heading\" data-id=\"0055a92\" data-element_type=\"widget\" data-e-type=\"widget\" data-widget_type=\"heading.default\">\n\t\t\t\t<div class=\"elementor-widget-container\">\n\t\t\t\t\t<h3 class=\"elementor-heading-title elementor-size-large\">Cont\u00e1ctanos<\/h3>\t\t\t\t<\/div>\n\t\t\t\t<\/div>\n\t\t\t\t<div class=\"elementor-element elementor-element-4d71eb1 elementor-widget elementor-widget-text-editor\" data-id=\"4d71eb1\" data-element_type=\"widget\" data-e-type=\"widget\" data-widget_type=\"text-editor.default\">\n\t\t\t\t<div class=\"elementor-widget-container\">\n\t\t\t\t\t\t\t\t\t<script type=\"text\/javascript\" src=\"https:\/\/api.clientify.net\/web-marketing\/superforms\/script\/124158.js\"><\/script>\t\t\t\t\t\t\t\t<\/div>\n\t\t\t\t<\/div>\n\t\t\t\t\t<\/div>\n\t\t<\/div>\n\t\t\t\t<div class=\"elementor-column elementor-col-50 elementor-top-column elementor-element elementor-element-c35bcd1 elementor-hidden-tablet elementor-hidden-phone top column-style-top\" data-id=\"c35bcd1\" data-element_type=\"column\" data-e-type=\"column\">\n\t\t\t<div class=\"elementor-widget-wrap elementor-element-populated\">\n\t\t\t\t\t\t<div class=\"elementor-element elementor-element-e913ecc elementor-widget elementor-widget-spacer\" data-id=\"e913ecc\" data-element_type=\"widget\" data-e-type=\"widget\" data-widget_type=\"spacer.default\">\n\t\t\t\t<div class=\"elementor-widget-container\">\n\t\t\t\t\t\t\t<div class=\"elementor-spacer\">\n\t\t\t<div class=\"elementor-spacer-inner\"><\/div>\n\t\t<\/div>\n\t\t\t\t\t\t<\/div>\n\t\t\t\t<\/div>\n\t\t\t\t<div class=\"elementor-element elementor-element-3d2b9e2 elementor-invisible elementor-widget elementor-widget-image\" data-id=\"3d2b9e2\" data-element_type=\"widget\" data-e-type=\"widget\" data-settings=\"{&quot;_animation&quot;:&quot;fadeIn&quot;}\" data-widget_type=\"image.default\">\n\t\t\t\t<div class=\"elementor-widget-container\">\n\t\t\t\t\t\t\t\t\t\t\t\t\t\t\t<img fetchpriority=\"high\" decoding=\"async\" width=\"863\" height=\"441\" src=\"https:\/\/adfairways.net\/wp-content\/uploads\/2019\/05\/ADF-Flight-School-positive.png\" class=\"attachment-large size-large wp-image-12996\" alt=\"ADF Flight School\" srcset=\"https:\/\/adfairways.net\/wp-content\/uploads\/2019\/05\/ADF-Flight-School-positive.png 863w, https:\/\/adfairways.net\/wp-content\/uploads\/2019\/05\/ADF-Flight-School-positive-768x392.png 768w, https:\/\/adfairways.net\/wp-content\/uploads\/2019\/05\/ADF-Flight-School-positive-600x307.png 600w\" sizes=\"(max-width: 863px) 100vw, 863px\" \/>\t\t\t\t\t\t\t\t\t\t\t\t\t\t\t<\/div>\n\t\t\t\t<\/div>\n\t\t\t\t<div class=\"elementor-element elementor-element-b14df0c elementor-invisible elementor-widget elementor-widget-image\" data-id=\"b14df0c\" data-element_type=\"widget\" data-e-type=\"widget\" data-settings=\"{&quot;_animation&quot;:&quot;fadeInUp&quot;}\" data-widget_type=\"image.default\">\n\t\t\t\t<div class=\"elementor-widget-container\">\n\t\t\t\t\t\t\t\t\t\t\t\t\t\t\t<img decoding=\"async\" width=\"900\" height=\"432\" src=\"https:\/\/adfairways.net\/wp-content\/uploads\/2021\/08\/its-time-to-take-off-1024x491.png\" class=\"attachment-large size-large wp-image-15699\" alt=\"\" srcset=\"https:\/\/adfairways.net\/wp-content\/uploads\/2021\/08\/its-time-to-take-off-1024x491.png 1024w, https:\/\/adfairways.net\/wp-content\/uploads\/2021\/08\/its-time-to-take-off-768x368.png 768w, https:\/\/adfairways.net\/wp-content\/uploads\/2021\/08\/its-time-to-take-off-600x288.png 600w, https:\/\/adfairways.net\/wp-content\/uploads\/2021\/08\/its-time-to-take-off.png 1122w\" sizes=\"(max-width: 900px) 100vw, 900px\" \/>\t\t\t\t\t\t\t\t\t\t\t\t\t\t\t<\/div>\n\t\t\t\t<\/div>\n\t\t\t\t\t<\/div>\n\t\t<\/div>\n\t\t\t\t\t<\/div>\n\t\t<\/section>\n\t\t\t\t<\/div>\n\t\t","protected":false},"excerpt":{"rendered":"<p>Recuerde que el Ingl\u00e9s es el idioma universal de la aviaci\u00f3n. No importa en qu\u00e9 pa\u00eds vuele o se entrene, para obtener trabajo en una l\u00ednea a\u00e9rea se\u00a0 debe tener dominio del idioma\u00a0 Ingl\u00e9s.\u00a0 Nos superamos a diario para que nuestros egresados est\u00e9n por encima del promedio. Por ello es indispensable que los nuevos estudiantes [&hellip;]<\/p>\n","protected":false},"author":1,"featured_media":0,"parent":0,"menu_order":0,"comment_status":"closed","ping_status":"closed","template":"","meta":{"footnotes":""},"class_list":["post-13635","page","type-page","status-publish","hentry"],"jetpack-related-posts":[{"id":43507,"url":"https:\/\/adfairways.net\/es\/preguntas-frecuentes\/","url_meta":{"origin":13635,"position":0},"title":"Preguntas Frecuentes","author":"adfschool","date":"febrero 10, 2026","format":false,"excerpt":"\u2708\ufe0f Preguntas Frecuentes ADF Flight School En ADF Flight School nos importa que nuestros estudiantes y egresados cumplan su sueno y realmente alcancen las metas que proyectaron. Para esto contamos con el mejor equipo humano, las mas innovadoras tecnolog\u00edas y equipos y una espectacular metodolog\u00eda de estudio dise\u00f1ada para alcanzar\u2026","rel":"","context":"Entrada similar","block_context":{"text":"Entrada similar","link":""},"img":{"alt_text":"","src":"https:\/\/i0.wp.com\/adfairways.net\/wp-content\/uploads\/2024\/01\/LogotipoADF.png?resize=350%2C200&ssl=1","width":350,"height":200},"classes":[]},{"id":43784,"url":"https:\/\/adfairways.net\/es\/futuros-pilotos-de-panama\/","url_meta":{"origin":13635,"position":1},"title":"Charla Virtual para Futuros Pilotos de Panam\u00e1","author":"adfschool","date":"marzo 16, 2026","format":false,"excerpt":"\u00danete a la Charla Virtual de ADF Flight School este 26 de Marzo \u00bfSue\u00f1as con ser piloto? Conoce c\u00f3mo obtener tu licencia FAA y estudiar aviaci\u00f3n en Miami.\u00a0 Charla Virtual GRATIS: C\u00f3mo Ser Piloto en Estados Unidos. Conoce costos, requisitos y oportunidades laborales. \u00a1Cupos limitados \u00bfPor qu\u00e9 obtener una Licencia\u2026","rel":"","context":"Entrada similar","block_context":{"text":"Entrada similar","link":""},"img":{"alt_text":"","src":"https:\/\/i0.wp.com\/adfairways.net\/wp-content\/uploads\/2026\/03\/Ciudad-de-Panama-1080x1080-1.jpg?resize=350%2C200&ssl=1","width":350,"height":200,"srcset":"https:\/\/i0.wp.com\/adfairways.net\/wp-content\/uploads\/2026\/03\/Ciudad-de-Panama-1080x1080-1.jpg?resize=350%2C200&ssl=1 1x, https:\/\/i0.wp.com\/adfairways.net\/wp-content\/uploads\/2026\/03\/Ciudad-de-Panama-1080x1080-1.jpg?resize=525%2C300&ssl=1 1.5x, https:\/\/i0.wp.com\/adfairways.net\/wp-content\/uploads\/2026\/03\/Ciudad-de-Panama-1080x1080-1.jpg?resize=700%2C400&ssl=1 2x, https:\/\/i0.wp.com\/adfairways.net\/wp-content\/uploads\/2026\/03\/Ciudad-de-Panama-1080x1080-1.jpg?resize=1050%2C600&ssl=1 3x"},"classes":[]},{"id":43452,"url":"https:\/\/adfairways.net\/es\/costa-rica-piloto-comercial\/","url_meta":{"origin":13635,"position":2},"title":"\u00bfVives en Costa Rica y sue\u00f1as con ser Piloto?","author":"adfschool","date":"enero 26, 2026","format":false,"excerpt":"Tu Licencia FAA en Estados Unidos \u00bfBuscas la mejor opci\u00f3n entre las escuelas de aviaci\u00f3n en San Jos\u00e9? Elevamos tus est\u00e1ndares. ADF Flight School te ofrece la oportunidad de formarte en Miami bajo la certificaci\u00f3n m\u00e1s respetada del mundo. \u00danete a nuestra charla exclusiva para Costa Rica y descubre c\u00f3mo\u2026","rel":"","context":"Entrada similar","block_context":{"text":"Entrada similar","link":""},"img":{"alt_text":"","src":"https:\/\/i0.wp.com\/adfairways.net\/wp-content\/uploads\/2026\/01\/San-Jose-Costa-Rica-1080x1080-1.jpg?resize=350%2C200&ssl=1","width":350,"height":200,"srcset":"https:\/\/i0.wp.com\/adfairways.net\/wp-content\/uploads\/2026\/01\/San-Jose-Costa-Rica-1080x1080-1.jpg?resize=350%2C200&ssl=1 1x, https:\/\/i0.wp.com\/adfairways.net\/wp-content\/uploads\/2026\/01\/San-Jose-Costa-Rica-1080x1080-1.jpg?resize=525%2C300&ssl=1 1.5x, https:\/\/i0.wp.com\/adfairways.net\/wp-content\/uploads\/2026\/01\/San-Jose-Costa-Rica-1080x1080-1.jpg?resize=700%2C400&ssl=1 2x, https:\/\/i0.wp.com\/adfairways.net\/wp-content\/uploads\/2026\/01\/San-Jose-Costa-Rica-1080x1080-1.jpg?resize=1050%2C600&ssl=1 3x"},"classes":[]},{"id":43398,"url":"https:\/\/adfairways.net\/es\/vives-en-bogota-y-quieres-ser-piloto\/","url_meta":{"origin":13635,"position":3},"title":"\u00bfVives en Bogot\u00e1 y quieres ser Piloto?","author":"adfschool","date":"enero 19, 2026","format":false,"excerpt":"Estudia en Miami con ADF Flight School \u00a1El cielo de tus sue\u00f1os comienza en Bogot\u00e1 y aterriza en Miami! \ud83c\udde8\ud83c\uddf4\u2708\ufe0f Sabemos que en Colombia la pasi\u00f3n por la aviaci\u00f3n es inmensa. Si buscas una formaci\u00f3n con est\u00e1ndares internacionales, ADF Flight School te invita a una charla virtual exclusiva para Bogotanos.\u2026","rel":"","context":"Entrada similar","block_context":{"text":"Entrada similar","link":""},"img":{"alt_text":"","src":"https:\/\/i0.wp.com\/adfairways.net\/wp-content\/uploads\/2026\/01\/Colombia-1080x1080-1.jpg?resize=350%2C200&ssl=1","width":350,"height":200,"srcset":"https:\/\/i0.wp.com\/adfairways.net\/wp-content\/uploads\/2026\/01\/Colombia-1080x1080-1.jpg?resize=350%2C200&ssl=1 1x, https:\/\/i0.wp.com\/adfairways.net\/wp-content\/uploads\/2026\/01\/Colombia-1080x1080-1.jpg?resize=525%2C300&ssl=1 1.5x, https:\/\/i0.wp.com\/adfairways.net\/wp-content\/uploads\/2026\/01\/Colombia-1080x1080-1.jpg?resize=700%2C400&ssl=1 2x, https:\/\/i0.wp.com\/adfairways.net\/wp-content\/uploads\/2026\/01\/Colombia-1080x1080-1.jpg?resize=1050%2C600&ssl=1 3x"},"classes":[]},{"id":43935,"url":"https:\/\/adfairways.net\/es\/charla-virtual-piloto-madrid-espana\/","url_meta":{"origin":13635,"position":4},"title":"Convi\u00e9rtete en Piloto Comercial en EE.UU.: Charla Informativa para Espa\u00f1a","author":"adfschool","date":"abril 1, 2026","format":false,"excerpt":"\u00bfResides en Espa\u00f1a y sue\u00f1as con una carrera en la aviaci\u00f3n internacional? \u00bfSue\u00f1as con ser piloto? No pierdas la oportunidad de formarte bajo los est\u00e1ndares m\u00e1s exigentes del mundo. \u00danete a nuestra sesi\u00f3n informativa virtual con ADF Flight School y descubre c\u00f3mo obtener tu licencia FAA en Miami, la certificaci\u00f3n\u2026","rel":"","context":"Entrada similar","block_context":{"text":"Entrada similar","link":""},"img":{"alt_text":"","src":"https:\/\/i0.wp.com\/adfairways.net\/wp-content\/uploads\/2026\/04\/Madrid-Espana-1080x1080-1.jpg?resize=350%2C200&ssl=1","width":350,"height":200,"srcset":"https:\/\/i0.wp.com\/adfairways.net\/wp-content\/uploads\/2026\/04\/Madrid-Espana-1080x1080-1.jpg?resize=350%2C200&ssl=1 1x, https:\/\/i0.wp.com\/adfairways.net\/wp-content\/uploads\/2026\/04\/Madrid-Espana-1080x1080-1.jpg?resize=525%2C300&ssl=1 1.5x, https:\/\/i0.wp.com\/adfairways.net\/wp-content\/uploads\/2026\/04\/Madrid-Espana-1080x1080-1.jpg?resize=700%2C400&ssl=1 2x, https:\/\/i0.wp.com\/adfairways.net\/wp-content\/uploads\/2026\/04\/Madrid-Espana-1080x1080-1.jpg?resize=1050%2C600&ssl=1 3x"},"classes":[]},{"id":43379,"url":"https:\/\/adfairways.net\/es\/vives-en-lima-y-suenas-con-ser-piloto\/","url_meta":{"origin":13635,"position":5},"title":"\u00bfVives en Lima y sue\u00f1as con ser Piloto?","author":"adfschool","date":"enero 19, 2026","format":false,"excerpt":"Estudia en EE. UU. con ADF Flight School Convierte tu pasi\u00f3n por los cielos en una carrera global. \ud83c\uddf5\ud83c\uddea\u2708\ufe0f Si te encuentras en Lima y buscas una formaci\u00f3n de \u00e9lite, el sue\u00f1o de ser piloto profesional est\u00e1 m\u00e1s cerca de lo que imaginas. ADF Flight School te invita a una\u2026","rel":"","context":"Entrada similar","block_context":{"text":"Entrada similar","link":""},"img":{"alt_text":"","src":"https:\/\/i0.wp.com\/adfairways.net\/wp-content\/uploads\/2026\/01\/Lima-Peru-1080x1080-1.jpg?resize=350%2C200&ssl=1","width":350,"height":200,"srcset":"https:\/\/i0.wp.com\/adfairways.net\/wp-content\/uploads\/2026\/01\/Lima-Peru-1080x1080-1.jpg?resize=350%2C200&ssl=1 1x, https:\/\/i0.wp.com\/adfairways.net\/wp-content\/uploads\/2026\/01\/Lima-Peru-1080x1080-1.jpg?resize=525%2C300&ssl=1 1.5x, https:\/\/i0.wp.com\/adfairways.net\/wp-content\/uploads\/2026\/01\/Lima-Peru-1080x1080-1.jpg?resize=700%2C400&ssl=1 2x, https:\/\/i0.wp.com\/adfairways.net\/wp-content\/uploads\/2026\/01\/Lima-Peru-1080x1080-1.jpg?resize=1050%2C600&ssl=1 3x"},"classes":[]}],"jetpack_sharing_enabled":true,"_links":{"self":[{"href":"https:\/\/adfairways.net\/es\/wp-json\/wp\/v2\/pages\/13635","targetHints":{"allow":["GET"]}}],"collection":[{"href":"https:\/\/adfairways.net\/es\/wp-json\/wp\/v2\/pages"}],"about":[{"href":"https:\/\/adfairways.net\/es\/wp-json\/wp\/v2\/types\/page"}],"author":[{"embeddable":true,"href":"https:\/\/adfairways.net\/es\/wp-json\/wp\/v2\/users\/1"}],"replies":[{"embeddable":true,"href":"https:\/\/adfairways.net\/es\/wp-json\/wp\/v2\/comments?post=13635"}],"version-history":[{"count":0,"href":"https:\/\/adfairways.net\/es\/wp-json\/wp\/v2\/pages\/13635\/revisions"}],"wp:attachment":[{"href":"https:\/\/adfairways.net\/es\/wp-json\/wp\/v2\/media?parent=13635"}],"curies":[{"name":"wp","href":"https:\/\/api.w.org\/{rel}","templated":true}]}}